{"id":1283,"date":"2016-09-02T15:15:12","date_gmt":"2016-09-02T14:15:12","guid":{"rendered":"http:\/\/www.tendm.net\/?page_id=1283"},"modified":"2018-09-25T15:25:23","modified_gmt":"2018-09-25T14:25:23","slug":"samson-3","status":"publish","type":"page","link":"http:\/\/www.tendm.net\/index.php\/samson-3\/","title":{"rendered":"SAMSON SUR MESURE"},"content":{"rendered":"<h1 style=\"text-align: center;\"><span style=\"color: #808080;\"><b>\u00ab\u00a0Votre costume de mari\u00e9 r\u00e9alis\u00e9 selon vos go\u00fbts et vos mesures\u00a0\u00bb<\/b><\/span><\/h1>\n<p>&nbsp;<\/p>\n<p style=\"text-align: justify;\">Forts de nos six boutiques, quatre \u00e0 Paris, une \u00e0 Lyon et notre derni\u00e8re \u00e0 Bordeaux, Samson d\u00e9poussi\u00e8re l\u2019image du tailleur pour l\u2019inscrire dans la modernit\u00e9.<\/p>\n<p style=\"text-align: justify;\">En choisissant de ma\u00eetriser enti\u00e8rement la coupe et la cha\u00eene de fabrication de ses costumes et chemises sur mesure, Samson offre un rapport qualit\u00e9\/prix in\u00e9gal\u00e9, pour un produit 100% europ\u00e9en.<\/p>\n<p style=\"text-align: justify;\"><strong>Services propos\u00e9s\u00a0: <\/strong><\/p>\n<p style=\"text-align: justify;\">Imaginons ensemble votre tenue de mari\u00e9, r\u00e9alis\u00e9e exclusivement sur mesure.<br \/>\nChoisissez le tissu de votre costume, la couleur de votre doublure; optez pour une cravate ou un n\u0153ud papillon. Puis, laissez vous guider dans le choix des mod\u00e8les, des types de revers et de poches&#8230; pour une silhouette unique qui ne ressemble qu&rsquo;\u00e0 vous-m\u00eame.<br \/>\nEntrez dans l&rsquo;univers de l&rsquo;\u00e9l\u00e9gance sur mesure, qui allie justesse et fluidit\u00e9 de la coupe, et soigne autant l&rsquo;\u00e9quilibre des volumes (cintrage, \u00e9paules naturelles), que le raffinement des d\u00e9tails (boutonni\u00e8res de manches ouvertes, finitions main).<\/p>\n<p style=\"text-align: center;\"><span style=\"color: #808080;\"><strong>SAMSON SUR MESURE<br \/>\n<\/strong>29 Cours Georges Clemenceau<\/span><br \/>\n<span style=\"color: #808080;\"> 33000 Bordeaux<\/span><br \/>\n<span style=\"color: #808080;\"> Tel:\u00a005 57 30 24 11<\/span><br \/>\n<a href=\"https:\/\/samsonsurmesure.fr\/\"><span style=\"color: #808080;\"> www.samsonsurmesure.com<\/span><\/a><br \/>\n<span style=\"color: #808080;\"> <a style=\"color: #808080;\" href=\"mailto:bordeaux@samson-paris.com\">bordeaux@samson-paris.com<\/a><\/span><br \/>\n<a href=\"https:\/\/www.facebook.com\/samsonsurmesure\/?hc_ref=ARRaIQU8wB-kzCt-bn3H4MEdiptAdSSvS_lSqUcxaV-CjEyOIYGOHcS_Di-_WpEH1ZM&amp;fref=nf&amp;__xts__[0]=68.ARD2MOTFhNl3P0oOdPR-HF0wsRjmOB1Yc3hZg9h5r7wa_oSA_o43SIwja0sM-NQef_c2ONbU-GeMtnUNpF044Ew7hLrKJUdifAoNbu9kPVd4pNgk3HH14g2C5u_zBz1F0EV7wLlEQuV0CdfbKk-0eG_ALfwHY0rKeap1LCfNxKQcBC76iiWyqA&amp;__tn__=kC-R\"><span style=\"color: #808080;\">Facebook<\/span><\/a><\/p>\n<p class=\"jetpack-slideshow-noscript robots-nocontent\">Ce diaporama n\u00e9cessite JavaScript.<\/p><div id=\"gallery-1283-1-slideshow\" class=\"jetpack-slideshow-window jetpack-slideshow jetpack-slideshow-black\" data-trans=\"fade\" data-autostart=\"1\" data-gallery=\"[{&quot;src&quot;:&quot;https:\\\/\\\/i0.wp.com\\\/www.tendm.net\\\/wp-content\\\/uploads\\\/2018\\\/09\\\/samson-sur-mesure-Mariage-Costume-sur-mesure-3-pi\\u00e8ces-en-toile-Bergame-1.jpg?fit=867%2C1000&quot;,&quot;id&quot;:&quot;6403&quot;,&quot;title&quot;:&quot;samson sur mesure \\u0026#8211; Mariage \\u0026#8211; Costume sur mesure 3 pi\\u00e8ces en toile Bergame \\u0026#8211; 1&quot;,&quot;alt&quot;:&quot;&quot;,&quot;caption&quot;:&quot;&quot;,&quot;itemprop&quot;:&quot;image&quot;},{&quot;src&quot;:&quot;https:\\\/\\\/i0.wp.com\\\/www.tendm.net\\\/wp-content\\\/uploads\\\/2018\\\/09\\\/samson-sur-mesure-Mariage-Costume-sur-mesure-3-pi\\u00e8ces-prince-de-galles-Sienne-1.jpg?fit=867%2C1000&quot;,&quot;id&quot;:&quot;6404&quot;,&quot;title&quot;:&quot;samson sur mesure \\u0026#8211; Mariage \\u0026#8211; Costume sur mesure 3 pi\\u00e8ces prince de galles Sienne \\u0026#8211; 1&quot;,&quot;alt&quot;:&quot;&quot;,&quot;caption&quot;:&quot;&quot;,&quot;itemprop&quot;:&quot;image&quot;},{&quot;src&quot;:&quot;https:\\\/\\\/i0.wp.com\\\/www.tendm.net\\\/wp-content\\\/uploads\\\/2018\\\/09\\\/samson-sur-mesure-Mariage-Costume-sur-mesure-en-gabardine-de-coton-ciel-Palerme-1.jpg?fit=867%2C1000&quot;,&quot;id&quot;:&quot;6405&quot;,&quot;title&quot;:&quot;samson sur mesure \\u0026#8211; Mariage \\u0026#8211; Costume sur mesure en gabardine de coton ciel Palerme \\u0026#8211; 1&quot;,&quot;alt&quot;:&quot;&quot;,&quot;caption&quot;:&quot;&quot;,&quot;itemprop&quot;:&quot;image&quot;},{&quot;src&quot;:&quot;https:\\\/\\\/i0.wp.com\\\/www.tendm.net\\\/wp-content\\\/uploads\\\/2018\\\/09\\\/samson-sur-mesure-Mariage-Costume-sur-mesure-en-toile-de-laine-et-kid-mohair-bleu-canard-Trieste-1-1.jpg?fit=867%2C1000&quot;,&quot;id&quot;:&quot;6406&quot;,&quot;title&quot;:&quot;samson sur mesure \\u0026#8211; Mariage \\u0026#8211; Costume sur mesure en toile de laine et kid mohair bleu canard Trieste \\u0026#8211; 1&quot;,&quot;alt&quot;:&quot;&quot;,&quot;caption&quot;:&quot;&quot;,&quot;itemprop&quot;:&quot;image&quot;},{&quot;src&quot;:&quot;https:\\\/\\\/i0.wp.com\\\/www.tendm.net\\\/wp-content\\\/uploads\\\/2018\\\/09\\\/samson-sur-mesure-Mariage-Smoking-sur-mesure-en-serge-noire-fa\\u00e7onn\\u00e9e-Ravenne-1.jpg?fit=867%2C1000&quot;,&quot;id&quot;:&quot;6407&quot;,&quot;title&quot;:&quot;samson sur mesure \\u0026#8211; Mariage \\u0026#8211; Smoking sur mesure en serge noire fa\\u00e7onn\\u00e9e Ravenne \\u0026#8211; 1&quot;,&quot;alt&quot;:&quot;&quot;,&quot;caption&quot;:&quot;&quot;,&quot;itemprop&quot;:&quot;image&quot;},{&quot;src&quot;:&quot;https:\\\/\\\/i0.wp.com\\\/www.tendm.net\\\/wp-content\\\/uploads\\\/2018\\\/09\\\/samson-sur-mesure-Mariage-Smoking-sur-mesure-en-toile-bleu-ciel-Syracuse-1.jpg?fit=867%2C1000&quot;,&quot;id&quot;:&quot;6408&quot;,&quot;title&quot;:&quot;samson sur mesure \\u0026#8211; Mariage \\u0026#8211; Smoking sur mesure en toile bleu ciel Syracuse \\u0026#8211; 1&quot;,&quot;alt&quot;:&quot;&quot;,&quot;caption&quot;:&quot;&quot;,&quot;itemprop&quot;:&quot;image&quot;},{&quot;src&quot;:&quot;https:\\\/\\\/i0.wp.com\\\/www.tendm.net\\\/wp-content\\\/uploads\\\/2018\\\/09\\\/samson-sur-mesure-Mariage-Smoking-sur-mesure-en-toile-de-laine-et-kid-mohair-bleu-intense-Messine-1.jpg?fit=867%2C1000&quot;,&quot;id&quot;:&quot;6409&quot;,&quot;title&quot;:&quot;samson sur mesure \\u0026#8211; Mariage \\u0026#8211; Smoking sur mesure en toile de laine et kid mohair bleu intense Messine \\u0026#8211; 1&quot;,&quot;alt&quot;:&quot;&quot;,&quot;caption&quot;:&quot;&quot;,&quot;itemprop&quot;:&quot;image&quot;},{&quot;src&quot;:&quot;https:\\\/\\\/i0.wp.com\\\/www.tendm.net\\\/wp-content\\\/uploads\\\/2018\\\/09\\\/samson-sur-mesure-mariage-Costume-3-pi\\u00e8ces-vert-sapin-Trevise-1.jpg?fit=867%2C1000&quot;,&quot;id&quot;:&quot;6410&quot;,&quot;title&quot;:&quot;samson sur mesure mariage \\u0026#8211; Costume 3 pi\\u00e8ces vert sapin \\u0026#8211; Trevise \\u0026#8211; 1&quot;,&quot;alt&quot;:&quot;&quot;,&quot;caption&quot;:&quot;&quot;,&quot;itemprop&quot;:&quot;image&quot;},{&quot;src&quot;:&quot;https:\\\/\\\/i0.wp.com\\\/www.tendm.net\\\/wp-content\\\/uploads\\\/2018\\\/09\\\/samson-sur-mesure-mariage-Veste-crois\\u00e9e-bleu-sur-pantalon-grenat-Fiumicino-1.jpg?fit=867%2C1000&quot;,&quot;id&quot;:&quot;6411&quot;,&quot;title&quot;:&quot;samson sur mesure mariage \\u0026#8211; Veste crois\\u00e9e bleu sur pantalon grenat\\u00a0\\u0026#8211; Fiumicino \\u0026#8211; 1&quot;,&quot;alt&quot;:&quot;&quot;,&quot;caption&quot;:&quot;&quot;,&quot;itemprop&quot;:&quot;image&quot;},{&quot;src&quot;:&quot;https:\\\/\\\/i0.wp.com\\\/www.tendm.net\\\/wp-content\\\/uploads\\\/2018\\\/09\\\/smoking-sur-mesure-en-toile-super-120s-bleu-ciel.jpeg?fit=2000%2C3000&quot;,&quot;id&quot;:&quot;6412&quot;,&quot;title&quot;:&quot;smoking-sur-mesure-en-toile-super-120s-bleu-ciel&quot;,&quot;alt&quot;:&quot;&quot;,&quot;caption&quot;:&quot;&quot;,&quot;itemprop&quot;:&quot;image&quot;}]\" itemscope itemtype=\"https:\/\/schema.org\/ImageGallery\"><\/div>\n<p>&nbsp;<\/p>\n","protected":false},"excerpt":{"rendered":"<p>\u00ab\u00a0Votre costume de mari\u00e9 r\u00e9alis\u00e9 selon vos go\u00fbts et vos mesures\u00a0\u00bb &nbsp; Forts de nos six boutiques, quatre \u00e0 Paris, une \u00e0 Lyon et notre derni\u00e8re \u00e0 Bordeaux, Samson d\u00e9poussi\u00e8re l\u2019image du tailleur pour l\u2019inscrire dans la modernit\u00e9. En choisissant de ma\u00eetriser enti\u00e8rement la coupe et la cha\u00eene de fabrication de ses costumes et chemises [&hellip;]<\/p>\n","protected":false},"author":1,"featured_media":6453,"parent":0,"menu_order":0,"comment_status":"closed","ping_status":"closed","template":"","meta":{"footnotes":""},"jetpack_sharing_enabled":true,"jetpack_shortlink":"https:\/\/wp.me\/P70bXT-kH","jetpack-related-posts":[],"_links":{"self":[{"href":"http:\/\/www.tendm.net\/index.php\/wp-json\/wp\/v2\/pages\/1283"}],"collection":[{"href":"http:\/\/www.tendm.net\/index.php\/wp-json\/wp\/v2\/pages"}],"about":[{"href":"http:\/\/www.tendm.net\/index.php\/wp-json\/wp\/v2\/types\/page"}],"author":[{"embeddable":true,"href":"http:\/\/www.tendm.net\/index.php\/wp-json\/wp\/v2\/users\/1"}],"replies":[{"embeddable":true,"href":"http:\/\/www.tendm.net\/index.php\/wp-json\/wp\/v2\/comments?post=1283"}],"version-history":[{"count":18,"href":"http:\/\/www.tendm.net\/index.php\/wp-json\/wp\/v2\/pages\/1283\/revisions"}],"predecessor-version":[{"id":6416,"href":"http:\/\/www.tendm.net\/index.php\/wp-json\/wp\/v2\/pages\/1283\/revisions\/6416"}],"wp:featuredmedia":[{"embeddable":true,"href":"http:\/\/www.tendm.net\/index.php\/wp-json\/wp\/v2\/media\/6453"}],"wp:attachment":[{"href":"http:\/\/www.tendm.net\/index.php\/wp-json\/wp\/v2\/media?parent=1283"}],"curies":[{"name":"wp","href":"https:\/\/api.w.org\/{rel}","templated":true}]}}