{"id":1289,"date":"2016-09-02T16:26:39","date_gmt":"2016-09-02T15:26:39","guid":{"rendered":"http:\/\/www.tendm.net\/?page_id=1289"},"modified":"2018-04-04T15:14:49","modified_gmt":"2018-04-04T14:14:49","slug":"bouches-b","status":"publish","type":"page","link":"http:\/\/www.tendm.net\/index.php\/bouches-b\/","title":{"rendered":"Bouches B."},"content":{"rendered":"<h1 style=\"text-align: center;\"><span style=\"color: #808080;\">\u00ab\u00a0Les g\u00e2teaux uniques de Bouches B\u00a0\u00bb<\/span><\/h1>\n<p style=\"text-align: justify;\">\n<p style=\"text-align: justify;\"><span style=\"font-size: 12pt;\">Bouches B. est une activit\u00e9 Traiteur sur mesure avec des\u00a0produis frais, 100% fait-maison, situ\u00e9e \u00e0 Bordeaux, pour rendre votre \u00e9v\u00e9nement magique : mariage, anniversaire, bapt\u00eame, baby shower, etc.<\/span><br \/>\n<span style=\"font-size: 12pt;\"> Pour votre mariage, Bouches B. s&rsquo;occupe de votre g\u00e2teau des mari\u00e9s (Wedding Cake), le Go\u00fbter d&rsquo;honneur et le Brunch du lendemain.<\/span><\/p>\n<p style=\"text-align: justify;\"><span style=\"font-size: 12pt;\"><strong>Services propos\u00e9s\u00a0:<br \/>\n<\/strong><\/span><\/p>\n<p style=\"text-align: justify;\"><span style=\"font-size: 12pt;\">\u2022 G\u00e2teaux 100% personnalis\u00e9s sur-mesure.<\/span><br \/>\n<span style=\"font-size: 12pt;\"> \u2022 Votre Wedding Cake sera r\u00e9alis\u00e9 selon vos envies, avec vos saveurs pr\u00e9f\u00e9r\u00e9es et le d\u00e9cor dont vous r\u00eavez.\u00a0 Cr\u00e9ez votre g\u00e2teau unique !<br \/>\n\u2022 Bar \u00e0 Go\u00fbter\u00a0pour un Go\u00fbter d\u2019Honneur ou Buffet de desserts : tartes, mignardises, cupcakes, cookies, banoffee, carrot cake, etc., pour rendre votre \u00e9v\u00e9nement encore plus gourmand\u00a0et festif : le Go\u00fbter d\u2019Honneur \u00e0 organiser entre deux c\u00e9r\u00e9monies ou avant le vin d&rsquo;honneur, ou pour le dessert.<\/span><br \/>\n<span style=\"font-size: 12pt;\"> \u2022 Brunch pour le lendemain : avec un Buffet Champ\u00eatre, vous pourrez prolonger la f\u00eate avec votre entourage.<\/span><\/p>\n<p style=\"text-align: justify;\"><span style=\"font-size: 12pt;\">Devis sur mesure<\/span><br \/>\n<span style=\"font-size: 12pt;\"> Commande au minimum 72h \u00e0 l\u2019avance sous r\u00e9serve de disponibilit\u00e9<\/span><\/p>\n<p style=\"text-align: center;\"><span style=\"color: #808080;\"><strong><span style=\"font-size: 12pt;\">Contact :<\/span><br \/>\n<\/strong>B\u00e9r\u00e9nice <strong>HAUVESPRE<\/strong><\/span><br \/>\n<span style=\"color: #808080;\"> Notre atelier se trouve chez chez Cook&amp;Go<\/span><br \/>\n<span style=\"color: #808080;\"> H18\u00a0(quais des marques)<\/span><br \/>\n<span style=\"color: #808080;\"> 33000 BORDEAUX<\/span><br \/>\n<span style=\"color: #808080;\"> 06.86.50.81.50<\/span><br \/>\n<a href=\"mailto:contact.bouchesb@gmail.com\"><span style=\"color: #808080;\"> contact.bouchesb@gmail.com<\/span><\/a><br \/>\n<span style=\"color: #808080;\"> <a style=\"color: #808080;\" href=\"http:\/\/www.bouches-b.com\">www.bouches-b.com<\/a><\/span><br \/>\n<span style=\"color: #808080;\"> <a style=\"color: #808080;\" href=\"https:\/\/fr-fr.facebook.com\/BouchesB\/\">Facebook<\/a><\/span><\/p>\n<p class=\"jetpack-slideshow-noscript robots-nocontent\">Ce diaporama n\u00e9cessite JavaScript.<\/p><div id=\"gallery-1289-1-slideshow\" class=\"jetpack-slideshow-window jetpack-slideshow jetpack-slideshow-black\" data-trans=\"fade\" data-autostart=\"1\" data-gallery=\"[{&quot;src&quot;:&quot;https:\\\/\\\/i0.wp.com\\\/www.tendm.net\\\/wp-content\\\/uploads\\\/2016\\\/09\\\/Wedding-Floral-Cake.jpg?fit=1024%2C683&quot;,&quot;id&quot;:&quot;1294&quot;,&quot;title&quot;:&quot;Wedding Floral Cake&quot;,&quot;alt&quot;:&quot;&quot;,&quot;caption&quot;:&quot;P\\u00e2tisserie&quot;,&quot;itemprop&quot;:&quot;image&quot;},{&quot;src&quot;:&quot;https:\\\/\\\/i0.wp.com\\\/www.tendm.net\\\/wp-content\\\/uploads\\\/2016\\\/09\\\/Wedding-Cake.jpg?fit=740%2C1024&quot;,&quot;id&quot;:&quot;1293&quot;,&quot;title&quot;:&quot;Wedding Cake&quot;,&quot;alt&quot;:&quot;&quot;,&quot;caption&quot;:&quot;&quot;,&quot;itemprop&quot;:&quot;image&quot;},{&quot;src&quot;:&quot;https:\\\/\\\/i0.wp.com\\\/www.tendm.net\\\/wp-content\\\/uploads\\\/2016\\\/09\\\/Minion-Birthday-Cake.jpg?fit=1024%2C736&quot;,&quot;id&quot;:&quot;1292&quot;,&quot;title&quot;:&quot;Minion Birthday Cake&quot;,&quot;alt&quot;:&quot;&quot;,&quot;caption&quot;:&quot;&quot;,&quot;itemprop&quot;:&quot;image&quot;},{&quot;src&quot;:&quot;https:\\\/\\\/i0.wp.com\\\/www.tendm.net\\\/wp-content\\\/uploads\\\/2016\\\/09\\\/Jungle-Birthday-Cake.jpeg?fit=1000%2C662&quot;,&quot;id&quot;:&quot;1291&quot;,&quot;title&quot;:&quot;Jungle Birthday Cake&quot;,&quot;alt&quot;:&quot;&quot;,&quot;caption&quot;:&quot;&quot;,&quot;itemprop&quot;:&quot;image&quot;},{&quot;src&quot;:&quot;https:\\\/\\\/i0.wp.com\\\/www.tendm.net\\\/wp-content\\\/uploads\\\/2016\\\/09\\\/20161001_102146.jpg?fit=665%2C1024&quot;,&quot;id&quot;:&quot;4574&quot;,&quot;title&quot;:&quot;20161001_102146&quot;,&quot;alt&quot;:&quot;&quot;,&quot;caption&quot;:&quot;&quot;,&quot;itemprop&quot;:&quot;image&quot;},{&quot;src&quot;:&quot;https:\\\/\\\/i0.wp.com\\\/www.tendm.net\\\/wp-content\\\/uploads\\\/2016\\\/09\\\/IMG_5102.jpg?fit=1024%2C683&quot;,&quot;id&quot;:&quot;4575&quot;,&quot;title&quot;:&quot;IMG_5102&quot;,&quot;alt&quot;:&quot;&quot;,&quot;caption&quot;:&quot;&quot;,&quot;itemprop&quot;:&quot;image&quot;},{&quot;src&quot;:&quot;https:\\\/\\\/i0.wp.com\\\/www.tendm.net\\\/wp-content\\\/uploads\\\/2016\\\/09\\\/IMG-20170827-WA0036.jpg?fit=900%2C879&quot;,&quot;id&quot;:&quot;4576&quot;,&quot;title&quot;:&quot;IMG-20170827-WA0036&quot;,&quot;alt&quot;:&quot;&quot;,&quot;caption&quot;:&quot;&quot;,&quot;itemprop&quot;:&quot;image&quot;},{&quot;src&quot;:&quot;https:\\\/\\\/i0.wp.com\\\/www.tendm.net\\\/wp-content\\\/uploads\\\/2016\\\/09\\\/IMG-20170903-WA0011.jpg?fit=576%2C1024&quot;,&quot;id&quot;:&quot;4577&quot;,&quot;title&quot;:&quot;IMG-20170903-WA0011&quot;,&quot;alt&quot;:&quot;&quot;,&quot;caption&quot;:&quot;&quot;,&quot;itemprop&quot;:&quot;image&quot;},{&quot;src&quot;:&quot;https:\\\/\\\/i0.wp.com\\\/www.tendm.net\\\/wp-content\\\/uploads\\\/2016\\\/09\\\/Pie\\u0300ce-Monte\\u0301e-Verrines-Mariage-CX.jpg?fit=507%2C405&quot;,&quot;id&quot;:&quot;4578&quot;,&quot;title&quot;:&quot;Pie\\u0300ce Monte\\u0301e Verrines Mariage C\\u0026#038;X&quot;,&quot;alt&quot;:&quot;&quot;,&quot;caption&quot;:&quot;&quot;,&quot;itemprop&quot;:&quot;image&quot;}]\" itemscope itemtype=\"https:\/\/schema.org\/ImageGallery\"><\/div>\n","protected":false},"excerpt":{"rendered":"<p>\u00ab\u00a0Les g\u00e2teaux uniques de Bouches B\u00a0\u00bb Bouches B. est une activit\u00e9 Traiteur sur mesure avec des\u00a0produis frais, 100% fait-maison, situ\u00e9e \u00e0 Bordeaux, pour rendre votre \u00e9v\u00e9nement magique : mariage, anniversaire, bapt\u00eame, baby shower, etc. Pour votre mariage, Bouches B. s&rsquo;occupe de votre g\u00e2teau des mari\u00e9s (Wedding Cake), le Go\u00fbter d&rsquo;honneur et le Brunch du lendemain. [&hellip;]<\/p>\n","protected":false},"author":1,"featured_media":1291,"parent":0,"menu_order":0,"comment_status":"closed","ping_status":"closed","template":"","meta":{"footnotes":""},"jetpack_sharing_enabled":true,"jetpack_shortlink":"https:\/\/wp.me\/P70bXT-kN","jetpack-related-posts":[],"_links":{"self":[{"href":"http:\/\/www.tendm.net\/index.php\/wp-json\/wp\/v2\/pages\/1289"}],"collection":[{"href":"http:\/\/www.tendm.net\/index.php\/wp-json\/wp\/v2\/pages"}],"about":[{"href":"http:\/\/www.tendm.net\/index.php\/wp-json\/wp\/v2\/types\/page"}],"author":[{"embeddable":true,"href":"http:\/\/www.tendm.net\/index.php\/wp-json\/wp\/v2\/users\/1"}],"replies":[{"embeddable":true,"href":"http:\/\/www.tendm.net\/index.php\/wp-json\/wp\/v2\/comments?post=1289"}],"version-history":[{"count":9,"href":"http:\/\/www.tendm.net\/index.php\/wp-json\/wp\/v2\/pages\/1289\/revisions"}],"predecessor-version":[{"id":5991,"href":"http:\/\/www.tendm.net\/index.php\/wp-json\/wp\/v2\/pages\/1289\/revisions\/5991"}],"wp:featuredmedia":[{"embeddable":true,"href":"http:\/\/www.tendm.net\/index.php\/wp-json\/wp\/v2\/media\/1291"}],"wp:attachment":[{"href":"http:\/\/www.tendm.net\/index.php\/wp-json\/wp\/v2\/media?parent=1289"}],"curies":[{"name":"wp","href":"https:\/\/api.w.org\/{rel}","templated":true}]}}