{"id":1299,"date":"2016-09-02T16:48:39","date_gmt":"2016-09-02T15:48:39","guid":{"rendered":"http:\/\/www.tendm.net\/?page_id=1299"},"modified":"2018-04-04T15:10:51","modified_gmt":"2018-04-04T14:10:51","slug":"alix-h-gateaux-dexception","status":"publish","type":"page","link":"http:\/\/www.tendm.net\/index.php\/alix-h-gateaux-dexception\/","title":{"rendered":"Alix.H \u2013G\u00e2teaux d\u2019exception"},"content":{"rendered":"<h1 class=\"chapo\" style=\"text-align: center;\"><span style=\"color: #808080;\">\u00a0\u00ab\u00a0Un cake-designer\u00a0pour votre mariage\u00a0\u00bb<\/span><\/h1>\n<p>&nbsp;<\/p>\n<div class=\"liste onglet onglet-4\">\n<div class=\"chapo\" style=\"text-align: justify;\">\n<p style=\"text-align: justify;\">Alix.H est sp\u00e9cialis\u00e9 dans les wedding cakes, mini cupcakes et cake design en tous genres pour chaque \u00e9v\u00e9nement.<\/p>\n<\/div>\n<div class=\"chapo\" style=\"text-align: justify;\"><span style=\"font-size: 12pt;\"><strong>Services propos\u00e9s<\/strong><\/span><\/div>\n<div class=\"textarea\" style=\"text-align: justify;\">Alix.H propose des prestations pour une grande vari\u00e9t\u00e9 d&rsquo;\u00e9v\u00e9nements tels que Mariages, Bapt\u00eames, Anniversaires, Baby Shower, Inaugurations, Enterrement de vie de jeunes filles\u2026<\/div>\n<\/div>\n<div class=\"liste onglet onglet-4\">\n<div class=\"textarea\" style=\"text-align: justify;\"><span style=\"font-size: 12pt;\"><b>Sp\u00e9cificit\u00e9s :<\/b><\/span>\u00a0Alix .H utilise des produits de qualit\u00e9, de saison ainsi que gluten et\/ou lactose free \u00e0 la demande<\/div>\n<div class=\"textarea\" style=\"text-align: justify;\"><span style=\"font-size: 12pt;\"><b>Moyens :<\/b>\u00a0Alix.H vous propose la l<\/span>ivraison et l&rsquo;installation sur place.<\/div>\n<div><\/div>\n<blockquote>\n<div class=\"textarea\" style=\"text-align: justify;\"><span style=\"font-size: 12pt;\">\u00a0<\/span>Passion, saveurs, l\u00e9g\u00e8ret\u00e9, plaisirs et originalit\u00e9, voici les ma\u00eetres-mots d\u2019Alix.H.<\/div>\n<\/blockquote>\n<div class=\"textarea\"><\/div>\n<\/div>\n<div class=\"textarea\" style=\"text-align: left;\"><\/div>\n<div class=\"textarea\">\n<p style=\"text-align: center;\"><span style=\"color: #808080;\"><span style=\"font-size: 12pt;\">Contact:<\/span><strong><span style=\"font-size: 12pt;\"><br \/>\n<\/span><\/strong><\/span><span style=\"color: #808080;\"><strong><span style=\"font-size: 12pt;\">Alix.H \u2013G\u00e2teaux d\u2019exception\u00a0<\/span><br \/>\n<\/strong>Rue Jardel<\/span><br \/>\n<span style=\"color: #808080;\"> 33100 Bordeaux<\/span><br \/>\n<span style=\"color: #808080;\"> Tel:07 70 15 84 28<\/span><br \/>\n<span style=\"color: #808080;\"><a style=\"color: #808080;\" href=\"http:\/\/www.alixhgateauxdexception.com\">www.alixhgateauxdexception.com<\/a><\/span><br \/>\n<a href=\"mailto:alixhgateauxdexception@gmail.com\"><span style=\"color: #808080;\">alixhgateauxdexception@gmail.com<\/span><\/a><\/p>\n<p class=\"jetpack-slideshow-noscript robots-nocontent\">Ce diaporama n\u00e9cessite JavaScript.<\/p><div id=\"gallery-1299-1-slideshow\" class=\"jetpack-slideshow-window jetpack-slideshow jetpack-slideshow-black\" data-trans=\"fade\" data-autostart=\"1\" data-gallery=\"[{&quot;src&quot;:&quot;https:\\\/\\\/i0.wp.com\\\/www.tendm.net\\\/wp-content\\\/uploads\\\/2016\\\/09\\\/5.jpg?fit=1080%2C771&quot;,&quot;id&quot;:&quot;1305&quot;,&quot;title&quot;:&quot;5&quot;,&quot;alt&quot;:&quot;&quot;,&quot;caption&quot;:&quot;&quot;,&quot;itemprop&quot;:&quot;image&quot;},{&quot;src&quot;:&quot;https:\\\/\\\/i0.wp.com\\\/www.tendm.net\\\/wp-content\\\/uploads\\\/2016\\\/09\\\/2.jpg?fit=1271%2C848&quot;,&quot;id&quot;:&quot;1302&quot;,&quot;title&quot;:&quot;2&quot;,&quot;alt&quot;:&quot;&quot;,&quot;caption&quot;:&quot;&quot;,&quot;itemprop&quot;:&quot;image&quot;},{&quot;src&quot;:&quot;https:\\\/\\\/i0.wp.com\\\/www.tendm.net\\\/wp-content\\\/uploads\\\/2016\\\/09\\\/7.jpg?fit=960%2C960&quot;,&quot;id&quot;:&quot;1307&quot;,&quot;title&quot;:&quot;7&quot;,&quot;alt&quot;:&quot;&quot;,&quot;caption&quot;:&quot;&quot;,&quot;itemprop&quot;:&quot;image&quot;},{&quot;src&quot;:&quot;https:\\\/\\\/i0.wp.com\\\/www.tendm.net\\\/wp-content\\\/uploads\\\/2016\\\/09\\\/9.jpg?fit=1280%2C854&quot;,&quot;id&quot;:&quot;1309&quot;,&quot;title&quot;:&quot;9&quot;,&quot;alt&quot;:&quot;&quot;,&quot;caption&quot;:&quot;&quot;,&quot;itemprop&quot;:&quot;image&quot;},{&quot;src&quot;:&quot;https:\\\/\\\/i0.wp.com\\\/www.tendm.net\\\/wp-content\\\/uploads\\\/2016\\\/09\\\/6.jpg?fit=1080%2C797&quot;,&quot;id&quot;:&quot;1306&quot;,&quot;title&quot;:&quot;6&quot;,&quot;alt&quot;:&quot;&quot;,&quot;caption&quot;:&quot;&quot;,&quot;itemprop&quot;:&quot;image&quot;},{&quot;src&quot;:&quot;https:\\\/\\\/i0.wp.com\\\/www.tendm.net\\\/wp-content\\\/uploads\\\/2016\\\/09\\\/1.jpg?fit=853%2C1280&quot;,&quot;id&quot;:&quot;1301&quot;,&quot;title&quot;:&quot;1&quot;,&quot;alt&quot;:&quot;&quot;,&quot;caption&quot;:&quot;&quot;,&quot;itemprop&quot;:&quot;image&quot;},{&quot;src&quot;:&quot;https:\\\/\\\/i0.wp.com\\\/www.tendm.net\\\/wp-content\\\/uploads\\\/2016\\\/09\\\/3.jpg?fit=979%2C960&quot;,&quot;id&quot;:&quot;1303&quot;,&quot;title&quot;:&quot;3&quot;,&quot;alt&quot;:&quot;&quot;,&quot;caption&quot;:&quot;&quot;,&quot;itemprop&quot;:&quot;image&quot;},{&quot;src&quot;:&quot;https:\\\/\\\/i0.wp.com\\\/www.tendm.net\\\/wp-content\\\/uploads\\\/2016\\\/09\\\/8.jpg?fit=854%2C1280&quot;,&quot;id&quot;:&quot;1308&quot;,&quot;title&quot;:&quot;8&quot;,&quot;alt&quot;:&quot;&quot;,&quot;caption&quot;:&quot;&quot;,&quot;itemprop&quot;:&quot;image&quot;},{&quot;src&quot;:&quot;https:\\\/\\\/i0.wp.com\\\/www.tendm.net\\\/wp-content\\\/uploads\\\/2016\\\/09\\\/4.jpg?fit=979%2C960&quot;,&quot;id&quot;:&quot;1304&quot;,&quot;title&quot;:&quot;4&quot;,&quot;alt&quot;:&quot;&quot;,&quot;caption&quot;:&quot;P\\u00e2tisserie&quot;,&quot;itemprop&quot;:&quot;image&quot;}]\" itemscope itemtype=\"https:\/\/schema.org\/ImageGallery\"><\/div>\n<p>&nbsp;<\/p>\n<\/div>\n<div class=\"comments\"><\/div>\n","protected":false},"excerpt":{"rendered":"<p>\u00a0\u00ab\u00a0Un cake-designer\u00a0pour votre mariage\u00a0\u00bb &nbsp; Alix.H est sp\u00e9cialis\u00e9 dans les wedding cakes, mini cupcakes et cake design en tous genres pour chaque \u00e9v\u00e9nement. Services propos\u00e9s Alix.H propose des prestations pour une grande vari\u00e9t\u00e9 d&rsquo;\u00e9v\u00e9nements tels que Mariages, Bapt\u00eames, Anniversaires, Baby Shower, Inaugurations, Enterrement de vie de jeunes filles\u2026 Sp\u00e9cificit\u00e9s :\u00a0Alix .H utilise des produits de [&hellip;]<\/p>\n","protected":false},"author":1,"featured_media":1302,"parent":0,"menu_order":0,"comment_status":"closed","ping_status":"closed","template":"","meta":{"footnotes":""},"jetpack_sharing_enabled":true,"jetpack_shortlink":"https:\/\/wp.me\/P70bXT-kX","jetpack-related-posts":[],"_links":{"self":[{"href":"http:\/\/www.tendm.net\/index.php\/wp-json\/wp\/v2\/pages\/1299"}],"collection":[{"href":"http:\/\/www.tendm.net\/index.php\/wp-json\/wp\/v2\/pages"}],"about":[{"href":"http:\/\/www.tendm.net\/index.php\/wp-json\/wp\/v2\/types\/page"}],"author":[{"embeddable":true,"href":"http:\/\/www.tendm.net\/index.php\/wp-json\/wp\/v2\/users\/1"}],"replies":[{"embeddable":true,"href":"http:\/\/www.tendm.net\/index.php\/wp-json\/wp\/v2\/comments?post=1299"}],"version-history":[{"count":10,"href":"http:\/\/www.tendm.net\/index.php\/wp-json\/wp\/v2\/pages\/1299\/revisions"}],"predecessor-version":[{"id":5986,"href":"http:\/\/www.tendm.net\/index.php\/wp-json\/wp\/v2\/pages\/1299\/revisions\/5986"}],"wp:featuredmedia":[{"embeddable":true,"href":"http:\/\/www.tendm.net\/index.php\/wp-json\/wp\/v2\/media\/1302"}],"wp:attachment":[{"href":"http:\/\/www.tendm.net\/index.php\/wp-json\/wp\/v2\/media?parent=1299"}],"curies":[{"name":"wp","href":"https:\/\/api.w.org\/{rel}","templated":true}]}}