{"id":1501,"date":"2016-09-15T10:33:08","date_gmt":"2016-09-15T09:33:08","guid":{"rendered":"http:\/\/www.tendm.net\/?page_id=1501"},"modified":"2018-04-03T15:43:33","modified_gmt":"2018-04-03T14:43:33","slug":"atelier-manon-pascual","status":"publish","type":"page","link":"http:\/\/www.tendm.net\/index.php\/atelier-manon-pascual\/","title":{"rendered":"Atelier Manon Pascual"},"content":{"rendered":"<h1 style=\"text-align: center;\"><span style=\"color: #808080;\">\u00ab\u00a0Cr\u00e9ations de robes de mari\u00e9e sur-mesure\u00a0\u00bb<\/span><\/h1>\n<p>&nbsp;<\/p>\n<p>Manon Pascual, cr\u00e9atrice de mode\u00a0sp\u00e9cialis\u00e9e dans le mariage, vous accueille sur rendez vous dans son atelier pour vous d\u00e9voiler ses cr\u00e9ations po\u00e9tiques, et imaginer la robe de vos r\u00eaves : robes de cocktail, robes de mari\u00e9e, robes de soir\u00e9e&#8230; toutes ses cr\u00e9ations sont faites sur-mesure.<\/p>\n<p>Anim\u00e9e par la passion de la cr\u00e9ation unique, Manon Pascual r\u00e9alise elle-m\u00eame ses mod\u00e8les\u00a0du dessin \u00e0 la coupe, en puisant son inspiration dans chacune de ses rencontres avec les futures mari\u00e9es.<\/p>\n<blockquote>\n<div><span style=\"font-family: tahoma, arial, helvetica, sans-serif;\"><em>\u00ab\u00a0Une robe doit \u00eatre magique et surprenante, un doux m\u00e9lange d&rsquo;audace et de d\u00e9licatesse, pour un moment unique.\u00a0\u00bb<\/em><\/span><\/div>\n<\/blockquote>\n<div><span style=\"font-family: tahoma, arial, helvetica, sans-serif;\">\u00a0<\/span><\/div>\n<div style=\"text-align: center;\"><\/div>\n<div>\n<div style=\"text-align: center;\"><span style=\"color: #808080;\"><strong>Contact :<br \/>\n<\/strong><\/span><span style=\"color: #808080;\">Atelier Manon Pascual<br \/>\n<\/span><span style=\"color: #808080;\">06 63 00 69 85<br \/>\n<\/span><a href=\"http:\/\/www.ateliermanonpascual.com\"><span style=\"color: #808080;\">www.ateliermanonpascual.com<\/span><\/a><span style=\"color: #808080;\"><br \/>\n<a href=\"mailto:manon.pascual@wanadoo.fr\">manon.pascual@wanadoo.fr<\/a><\/span><\/div>\n<\/div>\n<div><\/div>\n<p class=\"jetpack-slideshow-noscript robots-nocontent\">Ce diaporama n\u00e9cessite JavaScript.<\/p><div id=\"gallery-1501-1-slideshow\" class=\"jetpack-slideshow-window jetpack-slideshow jetpack-slideshow-black\" data-trans=\"fade\" data-autostart=\"1\" data-gallery=\"[{&quot;src&quot;:&quot;https:\\\/\\\/i0.wp.com\\\/www.tendm.net\\\/wp-content\\\/uploads\\\/2016\\\/09\\\/Paulina-collection-2018-5.jpg?fit=683%2C1024&quot;,&quot;id&quot;:&quot;4756&quot;,&quot;title&quot;:&quot;Paulina collection 2018 5&quot;,&quot;alt&quot;:&quot;&quot;,&quot;caption&quot;:&quot;&quot;,&quot;itemprop&quot;:&quot;image&quot;},{&quot;src&quot;:&quot;https:\\\/\\\/i0.wp.com\\\/www.tendm.net\\\/wp-content\\\/uploads\\\/2016\\\/09\\\/Rebecca-et-Angelina.jpg?fit=683%2C1024&quot;,&quot;id&quot;:&quot;4764&quot;,&quot;title&quot;:&quot;Rebecca et Angelina&quot;,&quot;alt&quot;:&quot;&quot;,&quot;caption&quot;:&quot;&quot;,&quot;itemprop&quot;:&quot;image&quot;},{&quot;src&quot;:&quot;https:\\\/\\\/i0.wp.com\\\/www.tendm.net\\\/wp-content\\\/uploads\\\/2016\\\/09\\\/Valentina.jpg?fit=683%2C1024&quot;,&quot;id&quot;:&quot;4775&quot;,&quot;title&quot;:&quot;Valentina&quot;,&quot;alt&quot;:&quot;&quot;,&quot;caption&quot;:&quot;&quot;,&quot;itemprop&quot;:&quot;image&quot;},{&quot;src&quot;:&quot;https:\\\/\\\/i0.wp.com\\\/www.tendm.net\\\/wp-content\\\/uploads\\\/2016\\\/09\\\/Rebecca-et-Angelina-5.jpg?fit=1024%2C683&quot;,&quot;id&quot;:&quot;4762&quot;,&quot;title&quot;:&quot;Rebecca et Angelina 5&quot;,&quot;alt&quot;:&quot;&quot;,&quot;caption&quot;:&quot;&quot;,&quot;itemprop&quot;:&quot;image&quot;},{&quot;src&quot;:&quot;https:\\\/\\\/i0.wp.com\\\/www.tendm.net\\\/wp-content\\\/uploads\\\/2016\\\/09\\\/Guilia-et-Sarah-collection-2018.jpg?fit=683%2C1024&quot;,&quot;id&quot;:&quot;4742&quot;,&quot;title&quot;:&quot;Guilia et Sarah collection 2018&quot;,&quot;alt&quot;:&quot;&quot;,&quot;caption&quot;:&quot;&quot;,&quot;itemprop&quot;:&quot;image&quot;},{&quot;src&quot;:&quot;https:\\\/\\\/i0.wp.com\\\/www.tendm.net\\\/wp-content\\\/uploads\\\/2016\\\/09\\\/Aurora-collection-2018.jpg?fit=683%2C1024&quot;,&quot;id&quot;:&quot;4712&quot;,&quot;title&quot;:&quot;Aurora collection 2018&quot;,&quot;alt&quot;:&quot;&quot;,&quot;caption&quot;:&quot;&quot;,&quot;itemprop&quot;:&quot;image&quot;},{&quot;src&quot;:&quot;https:\\\/\\\/i0.wp.com\\\/www.tendm.net\\\/wp-content\\\/uploads\\\/2016\\\/09\\\/Marta-collection-2018-3.jpg?fit=683%2C1024&quot;,&quot;id&quot;:&quot;4746&quot;,&quot;title&quot;:&quot;Marta collection 2018 3&quot;,&quot;alt&quot;:&quot;&quot;,&quot;caption&quot;:&quot;&quot;,&quot;itemprop&quot;:&quot;image&quot;},{&quot;src&quot;:&quot;https:\\\/\\\/i0.wp.com\\\/www.tendm.net\\\/wp-content\\\/uploads\\\/2016\\\/09\\\/Guilia-2018-2.jpg?fit=683%2C1024&quot;,&quot;id&quot;:&quot;4735&quot;,&quot;title&quot;:&quot;Guilia 2018 2&quot;,&quot;alt&quot;:&quot;&quot;,&quot;caption&quot;:&quot;&quot;,&quot;itemprop&quot;:&quot;image&quot;},{&quot;src&quot;:&quot;https:\\\/\\\/i0.wp.com\\\/www.tendm.net\\\/wp-content\\\/uploads\\\/2016\\\/09\\\/Giulia-2018.jpg?fit=683%2C1024&quot;,&quot;id&quot;:&quot;4728&quot;,&quot;title&quot;:&quot;Giulia 2018&quot;,&quot;alt&quot;:&quot;&quot;,&quot;caption&quot;:&quot;&quot;,&quot;itemprop&quot;:&quot;image&quot;},{&quot;src&quot;:&quot;https:\\\/\\\/i0.wp.com\\\/www.tendm.net\\\/wp-content\\\/uploads\\\/2016\\\/09\\\/Rebecca-collection-2018-2-1.jpg?fit=683%2C1024&quot;,&quot;id&quot;:&quot;4758&quot;,&quot;title&quot;:&quot;Rebecca collection 2018 2&quot;,&quot;alt&quot;:&quot;&quot;,&quot;caption&quot;:&quot;&quot;,&quot;itemprop&quot;:&quot;image&quot;},{&quot;src&quot;:&quot;https:\\\/\\\/i0.wp.com\\\/www.tendm.net\\\/wp-content\\\/uploads\\\/2016\\\/09\\\/Paulina-collection-2018-3.jpg?fit=683%2C1024&quot;,&quot;id&quot;:&quot;4754&quot;,&quot;title&quot;:&quot;Paulina collection 2018 3&quot;,&quot;alt&quot;:&quot;&quot;,&quot;caption&quot;:&quot;&quot;,&quot;itemprop&quot;:&quot;image&quot;},{&quot;src&quot;:&quot;https:\\\/\\\/i0.wp.com\\\/www.tendm.net\\\/wp-content\\\/uploads\\\/2016\\\/09\\\/Gorgia-et-Aurora-collection-2018-1.jpg?fit=1024%2C683&quot;,&quot;id&quot;:&quot;4733&quot;,&quot;title&quot;:&quot;Gorgia et Aurora collection 2018 1&quot;,&quot;alt&quot;:&quot;&quot;,&quot;caption&quot;:&quot;&quot;,&quot;itemprop&quot;:&quot;image&quot;},{&quot;src&quot;:&quot;https:\\\/\\\/i0.wp.com\\\/www.tendm.net\\\/wp-content\\\/uploads\\\/2016\\\/09\\\/collection-2017-manon-pascual-couture-30.jpg?fit=683%2C1024&quot;,&quot;id&quot;:&quot;4713&quot;,&quot;title&quot;:&quot;collection-2017-manon-pascual-couture-30&quot;,&quot;alt&quot;:&quot;&quot;,&quot;caption&quot;:&quot;&quot;,&quot;itemprop&quot;:&quot;image&quot;},{&quot;src&quot;:&quot;https:\\\/\\\/i0.wp.com\\\/www.tendm.net\\\/wp-content\\\/uploads\\\/2016\\\/09\\\/Guilia-collection-2018-3.jpg?fit=683%2C1024&quot;,&quot;id&quot;:&quot;4739&quot;,&quot;title&quot;:&quot;Guilia collection 2018 3&quot;,&quot;alt&quot;:&quot;&quot;,&quot;caption&quot;:&quot;&quot;,&quot;itemprop&quot;:&quot;image&quot;},{&quot;src&quot;:&quot;https:\\\/\\\/i0.wp.com\\\/www.tendm.net\\\/wp-content\\\/uploads\\\/2016\\\/09\\\/Rebecca-et-Angelina-collection-2018.jpg?fit=1024%2C683&quot;,&quot;id&quot;:&quot;4763&quot;,&quot;title&quot;:&quot;Rebecca et Angelina collection 2018&quot;,&quot;alt&quot;:&quot;&quot;,&quot;caption&quot;:&quot;&quot;,&quot;itemprop&quot;:&quot;image&quot;},{&quot;src&quot;:&quot;https:\\\/\\\/i0.wp.com\\\/www.tendm.net\\\/wp-content\\\/uploads\\\/2016\\\/09\\\/2018.jpg?fit=683%2C1024&quot;,&quot;id&quot;:&quot;4708&quot;,&quot;title&quot;:&quot;2018&quot;,&quot;alt&quot;:&quot;&quot;,&quot;caption&quot;:&quot;&quot;,&quot;itemprop&quot;:&quot;image&quot;},{&quot;src&quot;:&quot;https:\\\/\\\/i0.wp.com\\\/www.tendm.net\\\/wp-content\\\/uploads\\\/2016\\\/09\\\/rosali-collection-2018.jpg?fit=683%2C1024&quot;,&quot;id&quot;:&quot;4765&quot;,&quot;title&quot;:&quot;rosali collection 2018&quot;,&quot;alt&quot;:&quot;&quot;,&quot;caption&quot;:&quot;&quot;,&quot;itemprop&quot;:&quot;image&quot;},{&quot;src&quot;:&quot;https:\\\/\\\/i0.wp.com\\\/www.tendm.net\\\/wp-content\\\/uploads\\\/2016\\\/09\\\/Francesca-collection-2018-3.jpg?fit=683%2C1024&quot;,&quot;id&quot;:&quot;4717&quot;,&quot;title&quot;:&quot;Francesca collection 2018 3&quot;,&quot;alt&quot;:&quot;&quot;,&quot;caption&quot;:&quot;&quot;,&quot;itemprop&quot;:&quot;image&quot;},{&quot;src&quot;:&quot;https:\\\/\\\/i0.wp.com\\\/www.tendm.net\\\/wp-content\\\/uploads\\\/2016\\\/09\\\/Alessia-collection-2018-2.jpg?fit=683%2C1024&quot;,&quot;id&quot;:&quot;4709&quot;,&quot;title&quot;:&quot;Alessia collection 2018 2&quot;,&quot;alt&quot;:&quot;&quot;,&quot;caption&quot;:&quot;&quot;,&quot;itemprop&quot;:&quot;image&quot;},{&quot;src&quot;:&quot;https:\\\/\\\/i0.wp.com\\\/www.tendm.net\\\/wp-content\\\/uploads\\\/2016\\\/09\\\/Rebecca-et-Angelica-collection-2018.jpg?fit=683%2C1024&quot;,&quot;id&quot;:&quot;4761&quot;,&quot;title&quot;:&quot;Rebecca et Angelica collection 2018&quot;,&quot;alt&quot;:&quot;&quot;,&quot;caption&quot;:&quot;Robe de Mari\\u00e9e (cr\\u00e9atrice)&quot;,&quot;itemprop&quot;:&quot;image&quot;},{&quot;src&quot;:&quot;https:\\\/\\\/i0.wp.com\\\/www.tendm.net\\\/wp-content\\\/uploads\\\/2016\\\/09\\\/Marta-collection-2018.jpg?fit=683%2C1024&quot;,&quot;id&quot;:&quot;4747&quot;,&quot;title&quot;:&quot;Marta collection 2018&quot;,&quot;alt&quot;:&quot;&quot;,&quot;caption&quot;:&quot;&quot;,&quot;itemprop&quot;:&quot;image&quot;},{&quot;src&quot;:&quot;https:\\\/\\\/i0.wp.com\\\/www.tendm.net\\\/wp-content\\\/uploads\\\/2016\\\/09\\\/Martina-collection-2018-2.jpg?fit=683%2C1024&quot;,&quot;id&quot;:&quot;4748&quot;,&quot;title&quot;:&quot;Martina collection 2018 2&quot;,&quot;alt&quot;:&quot;&quot;,&quot;caption&quot;:&quot;&quot;,&quot;itemprop&quot;:&quot;image&quot;},{&quot;src&quot;:&quot;https:\\\/\\\/i0.wp.com\\\/www.tendm.net\\\/wp-content\\\/uploads\\\/2016\\\/09\\\/Francesca-collection-2018-4.jpg?fit=683%2C1024&quot;,&quot;id&quot;:&quot;4718&quot;,&quot;title&quot;:&quot;Francesca collection 2018 4&quot;,&quot;alt&quot;:&quot;&quot;,&quot;caption&quot;:&quot;&quot;,&quot;itemprop&quot;:&quot;image&quot;},{&quot;src&quot;:&quot;https:\\\/\\\/i0.wp.com\\\/www.tendm.net\\\/wp-content\\\/uploads\\\/2016\\\/09\\\/Guilia-collection-2018-2.jpg?fit=683%2C1024&quot;,&quot;id&quot;:&quot;4738&quot;,&quot;title&quot;:&quot;Guilia collection 2018 2&quot;,&quot;alt&quot;:&quot;&quot;,&quot;caption&quot;:&quot;&quot;,&quot;itemprop&quot;:&quot;image&quot;},{&quot;src&quot;:&quot;https:\\\/\\\/i0.wp.com\\\/www.tendm.net\\\/wp-content\\\/uploads\\\/2016\\\/09\\\/Francesca-collection-2018-2.jpg?fit=683%2C1024&quot;,&quot;id&quot;:&quot;4716&quot;,&quot;title&quot;:&quot;Francesca collection 2018 2&quot;,&quot;alt&quot;:&quot;&quot;,&quot;caption&quot;:&quot;&quot;,&quot;itemprop&quot;:&quot;image&quot;},{&quot;src&quot;:&quot;https:\\\/\\\/i0.wp.com\\\/www.tendm.net\\\/wp-content\\\/uploads\\\/2016\\\/09\\\/Martina-collection-2018.jpg?fit=1024%2C683&quot;,&quot;id&quot;:&quot;4752&quot;,&quot;title&quot;:&quot;Martina collection 2018&quot;,&quot;alt&quot;:&quot;&quot;,&quot;caption&quot;:&quot;&quot;,&quot;itemprop&quot;:&quot;image&quot;},{&quot;src&quot;:&quot;https:\\\/\\\/i0.wp.com\\\/www.tendm.net\\\/wp-content\\\/uploads\\\/2016\\\/09\\\/Rebecca-collection-2018-2.jpg?fit=683%2C1024&quot;,&quot;id&quot;:&quot;4757&quot;,&quot;title&quot;:&quot;Rebecca collection 2018 (2)&quot;,&quot;alt&quot;:&quot;&quot;,&quot;caption&quot;:&quot;&quot;,&quot;itemprop&quot;:&quot;image&quot;},{&quot;src&quot;:&quot;https:\\\/\\\/i0.wp.com\\\/www.tendm.net\\\/wp-content\\\/uploads\\\/2016\\\/09\\\/Gorgia-collection-2018.jpg?fit=683%2C1024&quot;,&quot;id&quot;:&quot;4731&quot;,&quot;title&quot;:&quot;Gorgia collection 2018&quot;,&quot;alt&quot;:&quot;&quot;,&quot;caption&quot;:&quot;&quot;,&quot;itemprop&quot;:&quot;image&quot;},{&quot;src&quot;:&quot;https:\\\/\\\/i0.wp.com\\\/www.tendm.net\\\/wp-content\\\/uploads\\\/2016\\\/09\\\/Valentina-collection-2018.jpg?fit=683%2C1024&quot;,&quot;id&quot;:&quot;4773&quot;,&quot;title&quot;:&quot;Valentina collection 2018&quot;,&quot;alt&quot;:&quot;&quot;,&quot;caption&quot;:&quot;&quot;,&quot;itemprop&quot;:&quot;image&quot;},{&quot;src&quot;:&quot;https:\\\/\\\/i0.wp.com\\\/www.tendm.net\\\/wp-content\\\/uploads\\\/2016\\\/09\\\/Marta-collection-2018-2.jpg?fit=683%2C1024&quot;,&quot;id&quot;:&quot;4743&quot;,&quot;title&quot;:&quot;Marta collection 2018 2&quot;,&quot;alt&quot;:&quot;&quot;,&quot;caption&quot;:&quot;&quot;,&quot;itemprop&quot;:&quot;image&quot;},{&quot;src&quot;:&quot;https:\\\/\\\/i0.wp.com\\\/www.tendm.net\\\/wp-content\\\/uploads\\\/2016\\\/09\\\/Valentina-dos-collection-2018.jpg?fit=683%2C1024&quot;,&quot;id&quot;:&quot;4774&quot;,&quot;title&quot;:&quot;Valentina dos collection 2018&quot;,&quot;alt&quot;:&quot;&quot;,&quot;caption&quot;:&quot;&quot;,&quot;itemprop&quot;:&quot;image&quot;},{&quot;src&quot;:&quot;https:\\\/\\\/i0.wp.com\\\/www.tendm.net\\\/wp-content\\\/uploads\\\/2016\\\/09\\\/Paulina-collection-2018-2.jpg?fit=683%2C1024&quot;,&quot;id&quot;:&quot;4753&quot;,&quot;title&quot;:&quot;Paulina collection 2018 2&quot;,&quot;alt&quot;:&quot;&quot;,&quot;caption&quot;:&quot;&quot;,&quot;itemprop&quot;:&quot;image&quot;},{&quot;src&quot;:&quot;https:\\\/\\\/i0.wp.com\\\/www.tendm.net\\\/wp-content\\\/uploads\\\/2016\\\/09\\\/Paulina-collection-2018-4.jpg?fit=683%2C1024&quot;,&quot;id&quot;:&quot;4755&quot;,&quot;title&quot;:&quot;Paulina collection 2018 4&quot;,&quot;alt&quot;:&quot;&quot;,&quot;caption&quot;:&quot;&quot;,&quot;itemprop&quot;:&quot;image&quot;},{&quot;src&quot;:&quot;https:\\\/\\\/i0.wp.com\\\/www.tendm.net\\\/wp-content\\\/uploads\\\/2016\\\/09\\\/Martina-collection-2018-dos.jpg?fit=683%2C1024&quot;,&quot;id&quot;:&quot;4751&quot;,&quot;title&quot;:&quot;Martina collection 2018 dos&quot;,&quot;alt&quot;:&quot;&quot;,&quot;caption&quot;:&quot;&quot;,&quot;itemprop&quot;:&quot;image&quot;},{&quot;src&quot;:&quot;https:\\\/\\\/i0.wp.com\\\/www.tendm.net\\\/wp-content\\\/uploads\\\/2016\\\/09\\\/rosalie-dos.jpg?fit=683%2C1024&quot;,&quot;id&quot;:&quot;4766&quot;,&quot;title&quot;:&quot;rosalie dos&quot;,&quot;alt&quot;:&quot;&quot;,&quot;caption&quot;:&quot;&quot;,&quot;itemprop&quot;:&quot;image&quot;},{&quot;src&quot;:&quot;https:\\\/\\\/i0.wp.com\\\/www.tendm.net\\\/wp-content\\\/uploads\\\/2016\\\/09\\\/Rebecca-collection-2018-3.jpg?fit=683%2C1024&quot;,&quot;id&quot;:&quot;4760&quot;,&quot;title&quot;:&quot;Rebecca collection 2018 3&quot;,&quot;alt&quot;:&quot;&quot;,&quot;caption&quot;:&quot;&quot;,&quot;itemprop&quot;:&quot;image&quot;},{&quot;src&quot;:&quot;https:\\\/\\\/i0.wp.com\\\/www.tendm.net\\\/wp-content\\\/uploads\\\/2016\\\/09\\\/Guilia-collection-2018-1.jpg?fit=683%2C1024&quot;,&quot;id&quot;:&quot;4736&quot;,&quot;title&quot;:&quot;Guilia collection 2018 1&quot;,&quot;alt&quot;:&quot;&quot;,&quot;caption&quot;:&quot;&quot;,&quot;itemprop&quot;:&quot;image&quot;},{&quot;src&quot;:&quot;https:\\\/\\\/i0.wp.com\\\/www.tendm.net\\\/wp-content\\\/uploads\\\/2016\\\/09\\\/Sara-et-Guilia-Collection-2018-1.jpg?fit=683%2C1024&quot;,&quot;id&quot;:&quot;4770&quot;,&quot;title&quot;:&quot;Sara et Guilia Collection 2018 1&quot;,&quot;alt&quot;:&quot;&quot;,&quot;caption&quot;:&quot;&quot;,&quot;itemprop&quot;:&quot;image&quot;},{&quot;src&quot;:&quot;https:\\\/\\\/i0.wp.com\\\/www.tendm.net\\\/wp-content\\\/uploads\\\/2016\\\/09\\\/Sophia-collection-208.jpg?fit=683%2C1024&quot;,&quot;id&quot;:&quot;4772&quot;,&quot;title&quot;:&quot;Sophia collection 208&quot;,&quot;alt&quot;:&quot;&quot;,&quot;caption&quot;:&quot;&quot;,&quot;itemprop&quot;:&quot;image&quot;},{&quot;src&quot;:&quot;https:\\\/\\\/i0.wp.com\\\/www.tendm.net\\\/wp-content\\\/uploads\\\/2016\\\/09\\\/Gaia-collection-2018-dos-1.jpg?fit=683%2C1024&quot;,&quot;id&quot;:&quot;4722&quot;,&quot;title&quot;:&quot;Gaia collection 2018 dos 1&quot;,&quot;alt&quot;:&quot;&quot;,&quot;caption&quot;:&quot;&quot;,&quot;itemprop&quot;:&quot;image&quot;},{&quot;src&quot;:&quot;https:\\\/\\\/i0.wp.com\\\/www.tendm.net\\\/wp-content\\\/uploads\\\/2016\\\/09\\\/rosalie-et-Sofia-Collection-2018.jpg?fit=683%2C1024&quot;,&quot;id&quot;:&quot;4768&quot;,&quot;title&quot;:&quot;rosalie et Sofia Collection 2018&quot;,&quot;alt&quot;:&quot;&quot;,&quot;caption&quot;:&quot;&quot;,&quot;itemprop&quot;:&quot;image&quot;},{&quot;src&quot;:&quot;https:\\\/\\\/i0.wp.com\\\/www.tendm.net\\\/wp-content\\\/uploads\\\/2016\\\/09\\\/Federica-et-Ariana-collection-2018-2.jpg?fit=683%2C1024&quot;,&quot;id&quot;:&quot;4714&quot;,&quot;title&quot;:&quot;Federica et Ariana collection 2018 2&quot;,&quot;alt&quot;:&quot;&quot;,&quot;caption&quot;:&quot;&quot;,&quot;itemprop&quot;:&quot;image&quot;},{&quot;src&quot;:&quot;https:\\\/\\\/i0.wp.com\\\/www.tendm.net\\\/wp-content\\\/uploads\\\/2016\\\/09\\\/Rosalie-et-Sophia-collection-2018-2.jpg?fit=1024%2C683&quot;,&quot;id&quot;:&quot;4769&quot;,&quot;title&quot;:&quot;Rosalie et Sophia collection 2018 2&quot;,&quot;alt&quot;:&quot;&quot;,&quot;caption&quot;:&quot;&quot;,&quot;itemprop&quot;:&quot;image&quot;},{&quot;src&quot;:&quot;https:\\\/\\\/i0.wp.com\\\/www.tendm.net\\\/wp-content\\\/uploads\\\/2016\\\/09\\\/Gaia-collection-2018.jpg?fit=683%2C1024&quot;,&quot;id&quot;:&quot;4724&quot;,&quot;title&quot;:&quot;Gaia collection 2018&quot;,&quot;alt&quot;:&quot;&quot;,&quot;caption&quot;:&quot;&quot;,&quot;itemprop&quot;:&quot;image&quot;},{&quot;src&quot;:&quot;https:\\\/\\\/i0.wp.com\\\/www.tendm.net\\\/wp-content\\\/uploads\\\/2016\\\/09\\\/Francesca.jpg?fit=683%2C1024&quot;,&quot;id&quot;:&quot;4720&quot;,&quot;title&quot;:&quot;Francesca&quot;,&quot;alt&quot;:&quot;&quot;,&quot;caption&quot;:&quot;&quot;,&quot;itemprop&quot;:&quot;image&quot;},{&quot;src&quot;:&quot;https:\\\/\\\/i0.wp.com\\\/www.tendm.net\\\/wp-content\\\/uploads\\\/2016\\\/09\\\/Gorgia-et-Aurora-collection-2018.jpg?fit=1024%2C683&quot;,&quot;id&quot;:&quot;4734&quot;,&quot;title&quot;:&quot;Gorgia et Aurora collection 2018&quot;,&quot;alt&quot;:&quot;&quot;,&quot;caption&quot;:&quot;&quot;,&quot;itemprop&quot;:&quot;image&quot;},{&quot;src&quot;:&quot;https:\\\/\\\/i0.wp.com\\\/www.tendm.net\\\/wp-content\\\/uploads\\\/2016\\\/09\\\/Gaia-collection-2018-d\\u00e9tail.jpg?fit=683%2C1024&quot;,&quot;id&quot;:&quot;4721&quot;,&quot;title&quot;:&quot;Gaia collection 2018 d\\u00e9tail&quot;,&quot;alt&quot;:&quot;&quot;,&quot;caption&quot;:&quot;&quot;,&quot;itemprop&quot;:&quot;image&quot;},{&quot;src&quot;:&quot;https:\\\/\\\/i0.wp.com\\\/www.tendm.net\\\/wp-content\\\/uploads\\\/2016\\\/09\\\/Martina-Collection-2018-4.jpg?fit=683%2C1024&quot;,&quot;id&quot;:&quot;4750&quot;,&quot;title&quot;:&quot;Martina Collection 2018 4&quot;,&quot;alt&quot;:&quot;&quot;,&quot;caption&quot;:&quot;&quot;,&quot;itemprop&quot;:&quot;image&quot;},{&quot;src&quot;:&quot;https:\\\/\\\/i0.wp.com\\\/www.tendm.net\\\/wp-content\\\/uploads\\\/2016\\\/09\\\/martina-collection-2018-3.jpg?fit=683%2C1024&quot;,&quot;id&quot;:&quot;4749&quot;,&quot;title&quot;:&quot;martina collection 2018 3&quot;,&quot;alt&quot;:&quot;&quot;,&quot;caption&quot;:&quot;&quot;,&quot;itemprop&quot;:&quot;image&quot;},{&quot;src&quot;:&quot;https:\\\/\\\/i0.wp.com\\\/www.tendm.net\\\/wp-content\\\/uploads\\\/2016\\\/09\\\/Aurora-collection-2018-2.jpg?fit=683%2C1024&quot;,&quot;id&quot;:&quot;4711&quot;,&quot;title&quot;:&quot;Aurora collection 2018 2&quot;,&quot;alt&quot;:&quot;&quot;,&quot;caption&quot;:&quot;&quot;,&quot;itemprop&quot;:&quot;image&quot;},{&quot;src&quot;:&quot;https:\\\/\\\/i0.wp.com\\\/www.tendm.net\\\/wp-content\\\/uploads\\\/2016\\\/09\\\/Giada-collction-2018.jpg?fit=685%2C1024&quot;,&quot;id&quot;:&quot;4725&quot;,&quot;title&quot;:&quot;Giada collction 2018&quot;,&quot;alt&quot;:&quot;&quot;,&quot;caption&quot;:&quot;&quot;,&quot;itemprop&quot;:&quot;image&quot;},{&quot;src&quot;:&quot;https:\\\/\\\/i0.wp.com\\\/www.tendm.net\\\/wp-content\\\/uploads\\\/2016\\\/09\\\/Rosalie-et-sofia-5.jpg?fit=683%2C1024&quot;,&quot;id&quot;:&quot;4767&quot;,&quot;title&quot;:&quot;Rosalie et sofia 5&quot;,&quot;alt&quot;:&quot;&quot;,&quot;caption&quot;:&quot;&quot;,&quot;itemprop&quot;:&quot;image&quot;},{&quot;src&quot;:&quot;https:\\\/\\\/i0.wp.com\\\/www.tendm.net\\\/wp-content\\\/uploads\\\/2016\\\/09\\\/Giula-2018.jpg?fit=683%2C1024&quot;,&quot;id&quot;:&quot;4726&quot;,&quot;title&quot;:&quot;Giula 2018&quot;,&quot;alt&quot;:&quot;&quot;,&quot;caption&quot;:&quot;&quot;,&quot;itemprop&quot;:&quot;image&quot;},{&quot;src&quot;:&quot;https:\\\/\\\/i0.wp.com\\\/www.tendm.net\\\/wp-content\\\/uploads\\\/2016\\\/09\\\/Sarah-2018-collection.jpg?fit=683%2C1024&quot;,&quot;id&quot;:&quot;4771&quot;,&quot;title&quot;:&quot;Sarah 2018 collection&quot;,&quot;alt&quot;:&quot;&quot;,&quot;caption&quot;:&quot;&quot;,&quot;itemprop&quot;:&quot;image&quot;},{&quot;src&quot;:&quot;https:\\\/\\\/i0.wp.com\\\/www.tendm.net\\\/wp-content\\\/uploads\\\/2016\\\/09\\\/Federica-et-ariana-collection-2018.jpg?fit=683%2C1024&quot;,&quot;id&quot;:&quot;4715&quot;,&quot;title&quot;:&quot;Federica et ariana collection 2018&quot;,&quot;alt&quot;:&quot;&quot;,&quot;caption&quot;:&quot;&quot;,&quot;itemprop&quot;:&quot;image&quot;},{&quot;src&quot;:&quot;https:\\\/\\\/i0.wp.com\\\/www.tendm.net\\\/wp-content\\\/uploads\\\/2016\\\/09\\\/Guilia-et-Sarah-collection-2018-4.jpg?fit=1024%2C683&quot;,&quot;id&quot;:&quot;4740&quot;,&quot;title&quot;:&quot;Guilia et Sarah collection 2018 4&quot;,&quot;alt&quot;:&quot;&quot;,&quot;caption&quot;:&quot;&quot;,&quot;itemprop&quot;:&quot;image&quot;},{&quot;src&quot;:&quot;https:\\\/\\\/i0.wp.com\\\/www.tendm.net\\\/wp-content\\\/uploads\\\/2016\\\/09\\\/Gaia-collection-2018-dos.jpg?fit=683%2C1024&quot;,&quot;id&quot;:&quot;4723&quot;,&quot;title&quot;:&quot;Gaia collection 2018 dos&quot;,&quot;alt&quot;:&quot;&quot;,&quot;caption&quot;:&quot;&quot;,&quot;itemprop&quot;:&quot;image&quot;},{&quot;src&quot;:&quot;https:\\\/\\\/i0.wp.com\\\/www.tendm.net\\\/wp-content\\\/uploads\\\/2016\\\/09\\\/Giulia-2018-2.jpg?fit=683%2C1024&quot;,&quot;id&quot;:&quot;4727&quot;,&quot;title&quot;:&quot;Giulia 2018 2&quot;,&quot;alt&quot;:&quot;&quot;,&quot;caption&quot;:&quot;&quot;,&quot;itemprop&quot;:&quot;image&quot;},{&quot;src&quot;:&quot;https:\\\/\\\/i0.wp.com\\\/www.tendm.net\\\/wp-content\\\/uploads\\\/2016\\\/09\\\/Alessia-collection-2018-3.jpg?fit=683%2C1024&quot;,&quot;id&quot;:&quot;4710&quot;,&quot;title&quot;:&quot;Alessia collection 2018 3&quot;,&quot;alt&quot;:&quot;&quot;,&quot;caption&quot;:&quot;&quot;,&quot;itemprop&quot;:&quot;image&quot;},{&quot;src&quot;:&quot;https:\\\/\\\/i0.wp.com\\\/www.tendm.net\\\/wp-content\\\/uploads\\\/2016\\\/09\\\/Guilia-et-Sarah-collection-2018-5.jpg?fit=683%2C1024&quot;,&quot;id&quot;:&quot;4741&quot;,&quot;title&quot;:&quot;Guilia et Sarah collection 2018 5&quot;,&quot;alt&quot;:&quot;&quot;,&quot;caption&quot;:&quot;&quot;,&quot;itemprop&quot;:&quot;image&quot;},{&quot;src&quot;:&quot;https:\\\/\\\/i0.wp.com\\\/www.tendm.net\\\/wp-content\\\/uploads\\\/2016\\\/09\\\/Francesca-collection-2018.jpg?fit=683%2C1024&quot;,&quot;id&quot;:&quot;4719&quot;,&quot;title&quot;:&quot;Francesca collection 2018&quot;,&quot;alt&quot;:&quot;&quot;,&quot;caption&quot;:&quot;&quot;,&quot;itemprop&quot;:&quot;image&quot;},{&quot;src&quot;:&quot;https:\\\/\\\/i0.wp.com\\\/www.tendm.net\\\/wp-content\\\/uploads\\\/2016\\\/09\\\/Gorgia-collection-2018-2.jpg?fit=683%2C1024&quot;,&quot;id&quot;:&quot;4730&quot;,&quot;title&quot;:&quot;Gorgia collection 2018 2&quot;,&quot;alt&quot;:&quot;&quot;,&quot;caption&quot;:&quot;&quot;,&quot;itemprop&quot;:&quot;image&quot;}]\" itemscope itemtype=\"https:\/\/schema.org\/ImageGallery\"><\/div>\n","protected":false},"excerpt":{"rendered":"<p>\u00ab\u00a0Cr\u00e9ations de robes de mari\u00e9e sur-mesure\u00a0\u00bb &nbsp; Manon Pascual, cr\u00e9atrice de mode\u00a0sp\u00e9cialis\u00e9e dans le mariage, vous accueille sur rendez vous dans son atelier pour vous d\u00e9voiler ses cr\u00e9ations po\u00e9tiques, et imaginer la robe de vos r\u00eaves : robes de cocktail, robes de mari\u00e9e, robes de soir\u00e9e&#8230; toutes ses cr\u00e9ations sont faites sur-mesure. Anim\u00e9e par la [&hellip;]<\/p>\n","protected":false},"author":1,"featured_media":4769,"parent":0,"menu_order":0,"comment_status":"closed","ping_status":"closed","template":"","meta":{"footnotes":""},"jetpack_sharing_enabled":true,"jetpack_shortlink":"https:\/\/wp.me\/P70bXT-od","jetpack-related-posts":[],"_links":{"self":[{"href":"http:\/\/www.tendm.net\/index.php\/wp-json\/wp\/v2\/pages\/1501"}],"collection":[{"href":"http:\/\/www.tendm.net\/index.php\/wp-json\/wp\/v2\/pages"}],"about":[{"href":"http:\/\/www.tendm.net\/index.php\/wp-json\/wp\/v2\/types\/page"}],"author":[{"embeddable":true,"href":"http:\/\/www.tendm.net\/index.php\/wp-json\/wp\/v2\/users\/1"}],"replies":[{"embeddable":true,"href":"http:\/\/www.tendm.net\/index.php\/wp-json\/wp\/v2\/comments?post=1501"}],"version-history":[{"count":13,"href":"http:\/\/www.tendm.net\/index.php\/wp-json\/wp\/v2\/pages\/1501\/revisions"}],"predecessor-version":[{"id":5778,"href":"http:\/\/www.tendm.net\/index.php\/wp-json\/wp\/v2\/pages\/1501\/revisions\/5778"}],"wp:featuredmedia":[{"embeddable":true,"href":"http:\/\/www.tendm.net\/index.php\/wp-json\/wp\/v2\/media\/4769"}],"wp:attachment":[{"href":"http:\/\/www.tendm.net\/index.php\/wp-json\/wp\/v2\/media?parent=1501"}],"curies":[{"name":"wp","href":"https:\/\/api.w.org\/{rel}","templated":true}]}}