{"id":1544,"date":"2016-09-15T10:59:02","date_gmt":"2016-09-15T09:59:02","guid":{"rendered":"http:\/\/www.tendm.net\/?page_id=1544"},"modified":"2018-04-04T14:15:28","modified_gmt":"2018-04-04T13:15:28","slug":"rembo-styling-by-manon-pascual","status":"publish","type":"page","link":"http:\/\/www.tendm.net\/index.php\/rembo-styling-by-manon-pascual\/","title":{"rendered":"Rembo Styling by Manon Pascual"},"content":{"rendered":"<h1 class=\"chapo\" style=\"text-align: center;\"><span style=\"color: #808080;\">\u00ab\u00a0Des robes de mari\u00e9e au style unique et magique\u00a0\u00bb<\/p>\n<p><\/span><\/h1>\n<div class=\"chapo\" style=\"text-align: justify;\"><\/div>\n<div class=\"chapo\" style=\"text-align: justify;\">Au del\u00e0 de cr\u00e9er ses propres robes couture, Manon Pascual \u00a0c\u00e9l\u00e8bre \u00a0\u00e9galement le mariage chic et romantique \u00e0 travers la marque <strong>Rembo Styling<\/strong>, pour laquelle elle cr\u00e9\u00e9 depuis quelques ann\u00e9es une collection pr\u00eat-\u00e0-porter.<\/div>\n<div class=\"chapo\" style=\"text-align: justify;\">Parce que le r\u00f4le d&rsquo;un cr\u00e9ateur est d&rsquo;aller toujours au-del\u00e0 des tendances, Manon Pascual laisse peu \u00e0 peu derri\u00e8re elle la tendance vintage et boh\u00e8me qui s\u2019\u00e9tiolent, pour donner plus de magie \u00e0 sa collection, dont les principaux ingr\u00e9dients se composent de paillettes scintillantes et de fleurs d\u00e9licates, sans faire l&rsquo;impasse pour autant \u00e0 la dentelle Fran\u00e7aise et aux couleurs pastels.<\/div>\n<div class=\"chapo\" style=\"text-align: justify;\"><\/div>\n<div class=\"chapo\" style=\"text-align: justify;\">Pour sa\u00a0nouvelle collection 2017, Manon Pascual l\u00e8ve le voile sur\u00a0dix robes de mari\u00e9e\u00a0au\u00a0style unique et magique&#8230;<\/div>\n<div class=\"chapo\"><span style=\"color: #ffffff;\">.<\/span><\/div>\n<div class=\"chapo\"><span style=\"color: #ffffff;\">.<\/span><\/div>\n<div class=\"chapo\" style=\"text-align: center;\"><span style=\"color: #808080;\"><strong>Contact :<\/strong><\/span><\/div>\n<div class=\"chapo\" style=\"text-align: center;\"><span style=\"color: #808080;\">Atelier Manon Pascual<\/span><br \/>\n<span style=\"color: #808080;\"> <span style=\"font-size: 12pt;\">06 63 00 69 85<br \/>\n<\/span><span style=\"font-size: 12pt;\"><a style=\"color: #808080;\" href=\"mailto:manon.pascual@wanadoo.fr\">manon.pascual@wanadoo.fr<\/a><br \/>\n<\/span><\/span><span style=\"font-size: 12pt;\"><span style=\"color: #808080;\"><a style=\"color: #808080;\" href=\"http:\/\/www.ateliermanonpascual.com\">www.ateliermanonpascual.com<\/a><\/span><br \/>\n<\/span><\/div>\n<p class=\"jetpack-slideshow-noscript robots-nocontent\">Ce diaporama n\u00e9cessite JavaScript.<\/p><div id=\"gallery-1544-1-slideshow\" class=\"jetpack-slideshow-window jetpack-slideshow jetpack-slideshow-black\" data-trans=\"fade\" data-autostart=\"1\" data-gallery=\"[{&quot;src&quot;:&quot;https:\\\/\\\/i0.wp.com\\\/www.tendm.net\\\/wp-content\\\/uploads\\\/2016\\\/09\\\/Rembo-styling-2018-Otilia-1-C-close-up-back-HR.jpg?fit=1135%2C1701&quot;,&quot;id&quot;:&quot;4360&quot;,&quot;title&quot;:&quot;Rembo-styling-2018-Otilia-1-C-close-up-back-HR&quot;,&quot;alt&quot;:&quot;&quot;,&quot;caption&quot;:&quot;&quot;,&quot;itemprop&quot;:&quot;image&quot;},{&quot;src&quot;:&quot;https:\\\/\\\/i0.wp.com\\\/www.tendm.net\\\/wp-content\\\/uploads\\\/2016\\\/09\\\/Rembo-styling-2018-Madalena-1-C-front-HR.jpg?fit=1701%2C1135&quot;,&quot;id&quot;:&quot;4359&quot;,&quot;title&quot;:&quot;Rembo-styling-2018-Madalena-1-C-front-HR&quot;,&quot;alt&quot;:&quot;&quot;,&quot;caption&quot;:&quot;&quot;,&quot;itemprop&quot;:&quot;image&quot;},{&quot;src&quot;:&quot;https:\\\/\\\/i0.wp.com\\\/www.tendm.net\\\/wp-content\\\/uploads\\\/2016\\\/09\\\/Marylise-2018-Rafaela-1-C-front-Color-HR.jpg?fit=1135%2C1701&quot;,&quot;id&quot;:&quot;4352&quot;,&quot;title&quot;:&quot;Marylise-2018-Rafaela-1-C-front-Color-HR&quot;,&quot;alt&quot;:&quot;&quot;,&quot;caption&quot;:&quot;&quot;,&quot;itemprop&quot;:&quot;image&quot;},{&quot;src&quot;:&quot;https:\\\/\\\/i0.wp.com\\\/www.tendm.net\\\/wp-content\\\/uploads\\\/2016\\\/09\\\/Marylise-2018-Rosa-1-C-back-2-Color-HR.jpg?fit=1701%2C1135&quot;,&quot;id&quot;:&quot;4353&quot;,&quot;title&quot;:&quot;Marylise-2018-Rosa-1-C-back-2-Color-HR&quot;,&quot;alt&quot;:&quot;&quot;,&quot;caption&quot;:&quot;&quot;,&quot;itemprop&quot;:&quot;image&quot;},{&quot;src&quot;:&quot;https:\\\/\\\/i0.wp.com\\\/www.tendm.net\\\/wp-content\\\/uploads\\\/2016\\\/09\\\/Marylise-2018-Rosa-2-C-front-two-girls-1-Color-HR.jpg?fit=1701%2C1135&quot;,&quot;id&quot;:&quot;4354&quot;,&quot;title&quot;:&quot;Marylise-2018-Rosa-2-C-front-two-girls-1-Color-HR&quot;,&quot;alt&quot;:&quot;&quot;,&quot;caption&quot;:&quot;&quot;,&quot;itemprop&quot;:&quot;image&quot;},{&quot;src&quot;:&quot;https:\\\/\\\/i0.wp.com\\\/www.tendm.net\\\/wp-content\\\/uploads\\\/2016\\\/09\\\/Marylise-2018-Rosie-1-C-front-Color-HR.jpg?fit=1701%2C1135&quot;,&quot;id&quot;:&quot;4355&quot;,&quot;title&quot;:&quot;Marylise-2018-Rosie-1-C-front-Color-HR&quot;,&quot;alt&quot;:&quot;&quot;,&quot;caption&quot;:&quot;&quot;,&quot;itemprop&quot;:&quot;image&quot;},{&quot;src&quot;:&quot;https:\\\/\\\/i0.wp.com\\\/www.tendm.net\\\/wp-content\\\/uploads\\\/2016\\\/09\\\/Marylise-2018-Teresa-1-C-back-Color-HR.jpg?fit=1701%2C1135&quot;,&quot;id&quot;:&quot;4356&quot;,&quot;title&quot;:&quot;Marylise-2018-Teresa-1-C-back-Color-HR&quot;,&quot;alt&quot;:&quot;&quot;,&quot;caption&quot;:&quot;&quot;,&quot;itemprop&quot;:&quot;image&quot;},{&quot;src&quot;:&quot;https:\\\/\\\/i0.wp.com\\\/www.tendm.net\\\/wp-content\\\/uploads\\\/2016\\\/09\\\/me\\u0301lodia.jpg?fit=1135%2C1701&quot;,&quot;id&quot;:&quot;4357&quot;,&quot;title&quot;:&quot;me\\u0301lodia&quot;,&quot;alt&quot;:&quot;&quot;,&quot;caption&quot;:&quot;&quot;,&quot;itemprop&quot;:&quot;image&quot;},{&quot;src&quot;:&quot;https:\\\/\\\/i0.wp.com\\\/www.tendm.net\\\/wp-content\\\/uploads\\\/2016\\\/09\\\/Rembo-styling-2018-Madalena-1-C-close-up-back-HR.jpg?fit=1135%2C1701&quot;,&quot;id&quot;:&quot;4358&quot;,&quot;title&quot;:&quot;Rembo-styling-2018-Madalena-1-C-close-up-back-HR&quot;,&quot;alt&quot;:&quot;&quot;,&quot;caption&quot;:&quot;&quot;,&quot;itemprop&quot;:&quot;image&quot;},{&quot;src&quot;:&quot;https:\\\/\\\/i0.wp.com\\\/www.tendm.net\\\/wp-content\\\/uploads\\\/2016\\\/09\\\/Marylise-2018-Rafaela-1-C-back-Color-HR.jpg?fit=1135%2C1701&quot;,&quot;id&quot;:&quot;4351&quot;,&quot;title&quot;:&quot;Marylise-2018-Rafaela-1-C-back-Color-HR&quot;,&quot;alt&quot;:&quot;&quot;,&quot;caption&quot;:&quot;Robe de Mari\\u00e9e&quot;,&quot;itemprop&quot;:&quot;image&quot;},{&quot;src&quot;:&quot;https:\\\/\\\/i0.wp.com\\\/www.tendm.net\\\/wp-content\\\/uploads\\\/2016\\\/09\\\/catarina.jpg?fit=1701%2C1135&quot;,&quot;id&quot;:&quot;4350&quot;,&quot;title&quot;:&quot;catarina&quot;,&quot;alt&quot;:&quot;&quot;,&quot;caption&quot;:&quot;&quot;,&quot;itemprop&quot;:&quot;image&quot;}]\" itemscope itemtype=\"https:\/\/schema.org\/ImageGallery\"><\/div>\n","protected":false},"excerpt":{"rendered":"<p>\u00ab\u00a0Des robes de mari\u00e9e au style unique et magique\u00a0\u00bb Au del\u00e0 de cr\u00e9er ses propres robes couture, Manon Pascual \u00a0c\u00e9l\u00e8bre \u00a0\u00e9galement le mariage chic et romantique \u00e0 travers la marque Rembo Styling, pour laquelle elle cr\u00e9\u00e9 depuis quelques ann\u00e9es une collection pr\u00eat-\u00e0-porter. Parce que le r\u00f4le d&rsquo;un cr\u00e9ateur est d&rsquo;aller toujours au-del\u00e0 des tendances, Manon [&hellip;]<\/p>\n","protected":false},"author":1,"featured_media":1552,"parent":0,"menu_order":0,"comment_status":"closed","ping_status":"closed","template":"","meta":{"footnotes":""},"jetpack_sharing_enabled":true,"jetpack_shortlink":"https:\/\/wp.me\/P70bXT-oU","jetpack-related-posts":[],"_links":{"self":[{"href":"http:\/\/www.tendm.net\/index.php\/wp-json\/wp\/v2\/pages\/1544"}],"collection":[{"href":"http:\/\/www.tendm.net\/index.php\/wp-json\/wp\/v2\/pages"}],"about":[{"href":"http:\/\/www.tendm.net\/index.php\/wp-json\/wp\/v2\/types\/page"}],"author":[{"embeddable":true,"href":"http:\/\/www.tendm.net\/index.php\/wp-json\/wp\/v2\/users\/1"}],"replies":[{"embeddable":true,"href":"http:\/\/www.tendm.net\/index.php\/wp-json\/wp\/v2\/comments?post=1544"}],"version-history":[{"count":10,"href":"http:\/\/www.tendm.net\/index.php\/wp-json\/wp\/v2\/pages\/1544\/revisions"}],"predecessor-version":[{"id":5942,"href":"http:\/\/www.tendm.net\/index.php\/wp-json\/wp\/v2\/pages\/1544\/revisions\/5942"}],"wp:featuredmedia":[{"embeddable":true,"href":"http:\/\/www.tendm.net\/index.php\/wp-json\/wp\/v2\/media\/1552"}],"wp:attachment":[{"href":"http:\/\/www.tendm.net\/index.php\/wp-json\/wp\/v2\/media?parent=1544"}],"curies":[{"name":"wp","href":"https:\/\/api.w.org\/{rel}","templated":true}]}}