{"id":1801,"date":"2016-09-19T10:00:14","date_gmt":"2016-09-19T09:00:14","guid":{"rendered":"http:\/\/www.tendm.net\/?page_id=1801"},"modified":"2018-04-04T14:19:22","modified_gmt":"2018-04-04T13:19:22","slug":"happiness-factory","status":"publish","type":"page","link":"http:\/\/www.tendm.net\/index.php\/happiness-factory\/","title":{"rendered":"Happiness Factory"},"content":{"rendered":"<div class=\"chapo\">\n<h1 style=\"text-align: center;\"><span style=\"color: #808080;\">\u00ab\u00a0Au programme de votre mariage :\u00a0Happiness !\u00a0\u00bb<\/span><\/h1>\n<p>&nbsp;<\/p>\n<p style=\"text-align: justify;\"><strong>Happiness Factory<\/strong>, c&rsquo;est un doux m\u00e9lange de po\u00e9sie et de cr\u00e9ativit\u00e9, saupoudr\u00e9es de beaucoup de joie et d&rsquo;une grande dose d&rsquo;amour !<\/p>\n<p style=\"text-align: justify;\">Cr\u00e9atrice de moments uniques &amp; magiques, Myriam se d\u00e9place dans le Grand Sud-Ouest et vous accompagne dans l&rsquo;organisation de vos plus belles f\u00eates\u00a0afin que vous puissiez profiter pleinement de chaque minute de bonheur.<\/p>\n<p style=\"text-align: justify;\">Organisation totale ou \u00e0 la carte, Happiness Factory propose \u00e9galement la coordination du jour J, et intervient aussi\u00a0dans la\u00a0d\u00e9coration de votre mariage\u00a0pour construire jour apr\u00e8s jour cet instant magique\u2026\u00a0parce que chaque histoire d&rsquo;amour est unique !<\/p>\n<p><strong><span style=\"color: #ffffff;\">+<\/span><\/strong><\/p>\n<p style=\"text-align: center;\"><span style=\"color: #808080;\">Contact :<strong><br \/>\n<\/strong><\/span><strong><span style=\"color: #808080;\">Myriam OTAYEK<\/span><\/strong><br \/>\n<span style=\"color: #808080;\"> <a class=\"fl r-iBKvvfR46oCs\" style=\"color: #808080;\" title=\"Appeller avec Hangouts\" data-number=\"+33658492771\" data-pstn-out-call-url=\"\" data-rtid=\"iBKvvfR46oCs\" data-ved=\"0ahUKEwiD5YmrhZvPAhUBJcAKHX9iBK0QkAgIjQEwEw\">06 58 49 27 71<br \/>\n<\/a><a style=\"color: #808080;\" href=\"mailto:contact@happiness-factory.fr\">contact@happiness-factory.fr<br \/>\n<\/a><a style=\"color: #808080;\" href=\"http:\/\/www.happiness-factory.fr\">www.happiness-factory.fr<\/a><\/span><\/p>\n<p class=\"jetpack-slideshow-noscript robots-nocontent\">Ce diaporama n\u00e9cessite JavaScript.<\/p><div id=\"gallery-1801-1-slideshow\" class=\"jetpack-slideshow-window jetpack-slideshow jetpack-slideshow-black\" data-trans=\"fade\" data-autostart=\"1\" data-gallery=\"[{&quot;src&quot;:&quot;https:\\\/\\\/i0.wp.com\\\/www.tendm.net\\\/wp-content\\\/uploads\\\/2016\\\/09\\\/IMG_0564.jpg?fit=400%2C600&quot;,&quot;id&quot;:&quot;1803&quot;,&quot;title&quot;:&quot;img_0564&quot;,&quot;alt&quot;:&quot;&quot;,&quot;caption&quot;:&quot;&quot;,&quot;itemprop&quot;:&quot;image&quot;},{&quot;src&quot;:&quot;https:\\\/\\\/i0.wp.com\\\/www.tendm.net\\\/wp-content\\\/uploads\\\/2016\\\/09\\\/IMG_0893.jpg?fit=400%2C600&quot;,&quot;id&quot;:&quot;1804&quot;,&quot;title&quot;:&quot;img_0893&quot;,&quot;alt&quot;:&quot;&quot;,&quot;caption&quot;:&quot;&quot;,&quot;itemprop&quot;:&quot;image&quot;},{&quot;src&quot;:&quot;https:\\\/\\\/i0.wp.com\\\/www.tendm.net\\\/wp-content\\\/uploads\\\/2016\\\/09\\\/IMG_1192.jpg?fit=900%2C600&quot;,&quot;id&quot;:&quot;1805&quot;,&quot;title&quot;:&quot;img_1192&quot;,&quot;alt&quot;:&quot;&quot;,&quot;caption&quot;:&quot;&quot;,&quot;itemprop&quot;:&quot;image&quot;},{&quot;src&quot;:&quot;https:\\\/\\\/i0.wp.com\\\/www.tendm.net\\\/wp-content\\\/uploads\\\/2016\\\/09\\\/IMG_1447.jpg?fit=831%2C554&quot;,&quot;id&quot;:&quot;1806&quot;,&quot;title&quot;:&quot;img_1447&quot;,&quot;alt&quot;:&quot;&quot;,&quot;caption&quot;:&quot;Sc\\u00e9nographie&quot;,&quot;itemprop&quot;:&quot;image&quot;},{&quot;src&quot;:&quot;https:\\\/\\\/i0.wp.com\\\/www.tendm.net\\\/wp-content\\\/uploads\\\/2016\\\/09\\\/IMG_3227.jpg?fit=900%2C600&quot;,&quot;id&quot;:&quot;1807&quot;,&quot;title&quot;:&quot;img_3227&quot;,&quot;alt&quot;:&quot;&quot;,&quot;caption&quot;:&quot;&quot;,&quot;itemprop&quot;:&quot;image&quot;},{&quot;src&quot;:&quot;https:\\\/\\\/i0.wp.com\\\/www.tendm.net\\\/wp-content\\\/uploads\\\/2016\\\/09\\\/marionh34.jpg?fit=900%2C599&quot;,&quot;id&quot;:&quot;1808&quot;,&quot;title&quot;:&quot;marionh34&quot;,&quot;alt&quot;:&quot;&quot;,&quot;caption&quot;:&quot;&quot;,&quot;itemprop&quot;:&quot;image&quot;},{&quot;src&quot;:&quot;https:\\\/\\\/i0.wp.com\\\/www.tendm.net\\\/wp-content\\\/uploads\\\/2016\\\/09\\\/Renesme-030.jpg?fit=400%2C600&quot;,&quot;id&quot;:&quot;1809&quot;,&quot;title&quot;:&quot;renesme-030&quot;,&quot;alt&quot;:&quot;&quot;,&quot;caption&quot;:&quot;&quot;,&quot;itemprop&quot;:&quot;image&quot;},{&quot;src&quot;:&quot;https:\\\/\\\/i0.wp.com\\\/www.tendm.net\\\/wp-content\\\/uploads\\\/2016\\\/09\\\/Renesme-224.jpg?fit=400%2C600&quot;,&quot;id&quot;:&quot;1810&quot;,&quot;title&quot;:&quot;renesme-224&quot;,&quot;alt&quot;:&quot;&quot;,&quot;caption&quot;:&quot;Organisation de Mariage&quot;,&quot;itemprop&quot;:&quot;image&quot;},{&quot;src&quot;:&quot;https:\\\/\\\/i0.wp.com\\\/www.tendm.net\\\/wp-content\\\/uploads\\\/2016\\\/09\\\/0003-Fanny-et-Guillaume.jpg?fit=899%2C600&quot;,&quot;id&quot;:&quot;1811&quot;,&quot;title&quot;:&quot;0003-fanny-et-guillaume&quot;,&quot;alt&quot;:&quot;&quot;,&quot;caption&quot;:&quot;&quot;,&quot;itemprop&quot;:&quot;image&quot;}]\" itemscope itemtype=\"https:\/\/schema.org\/ImageGallery\"><\/div>\n<p>&nbsp;<\/p>\n<\/div>\n<div class=\"textarea\"><\/div>\n","protected":false},"excerpt":{"rendered":"<p>\u00ab\u00a0Au programme de votre mariage :\u00a0Happiness !\u00a0\u00bb &nbsp; Happiness Factory, c&rsquo;est un doux m\u00e9lange de po\u00e9sie et de cr\u00e9ativit\u00e9, saupoudr\u00e9es de beaucoup de joie et d&rsquo;une grande dose d&rsquo;amour ! Cr\u00e9atrice de moments uniques &amp; magiques, Myriam se d\u00e9place dans le Grand Sud-Ouest et vous accompagne dans l&rsquo;organisation de vos plus belles f\u00eates\u00a0afin que vous [&hellip;]<\/p>\n","protected":false},"author":1,"featured_media":1808,"parent":0,"menu_order":0,"comment_status":"closed","ping_status":"closed","template":"","meta":{"footnotes":""},"jetpack_sharing_enabled":true,"jetpack_shortlink":"https:\/\/wp.me\/P70bXT-t3","jetpack-related-posts":[],"_links":{"self":[{"href":"http:\/\/www.tendm.net\/index.php\/wp-json\/wp\/v2\/pages\/1801"}],"collection":[{"href":"http:\/\/www.tendm.net\/index.php\/wp-json\/wp\/v2\/pages"}],"about":[{"href":"http:\/\/www.tendm.net\/index.php\/wp-json\/wp\/v2\/types\/page"}],"author":[{"embeddable":true,"href":"http:\/\/www.tendm.net\/index.php\/wp-json\/wp\/v2\/users\/1"}],"replies":[{"embeddable":true,"href":"http:\/\/www.tendm.net\/index.php\/wp-json\/wp\/v2\/comments?post=1801"}],"version-history":[{"count":8,"href":"http:\/\/www.tendm.net\/index.php\/wp-json\/wp\/v2\/pages\/1801\/revisions"}],"predecessor-version":[{"id":5947,"href":"http:\/\/www.tendm.net\/index.php\/wp-json\/wp\/v2\/pages\/1801\/revisions\/5947"}],"wp:featuredmedia":[{"embeddable":true,"href":"http:\/\/www.tendm.net\/index.php\/wp-json\/wp\/v2\/media\/1808"}],"wp:attachment":[{"href":"http:\/\/www.tendm.net\/index.php\/wp-json\/wp\/v2\/media?parent=1801"}],"curies":[{"name":"wp","href":"https:\/\/api.w.org\/{rel}","templated":true}]}}