{"id":1837,"date":"2016-09-19T12:03:14","date_gmt":"2016-09-19T11:03:14","guid":{"rendered":"http:\/\/www.tendm.net\/?page_id=1837"},"modified":"2018-04-04T14:27:30","modified_gmt":"2018-04-04T13:27:30","slug":"fleurs-de-mars-2","status":"publish","type":"page","link":"http:\/\/www.tendm.net\/index.php\/fleurs-de-mars-2\/","title":{"rendered":"Fleurs de Mars"},"content":{"rendered":"<div class=\"chapo\">\n<h1 style=\"text-align: center;\"><span style=\"color: #808080;\">\u00ab\u00a0Votre atelier sp\u00e9cialis\u00e9 en d\u00e9coration v\u00e9g\u00e9tale\u00a0\u00bb<\/span><\/h1>\n<p>&nbsp;<\/p>\n<p style=\"text-align: justify;\">Fleurs de mars n&rsquo;est pas qu&rsquo;une simple boutique de fleurs et\u00a0de\u00a0d\u00e9coration. C&rsquo;est aussi un atelier sp\u00e9cialis\u00e9 en \u00e9v\u00e9nementiel et mariage, tenu par deux passionn\u00e9es de d\u00e9coration v\u00e9g\u00e9tale : St\u00e9phanie et Marcelline.<br \/>\nAu c\u0153ur de Bordeaux, elles vous\u00a0accueillent au beau milieu des fleurs et v\u00e9g\u00e9taux pour imaginer la d\u00e9coration de votre mariage :\u00a0tendance, originale, et \u00e9co-responsable !<br \/>\nLes filles de Fleurs de Mars compostent, recyclent, d\u00e9tournent les objets anciens, cueillent au fil des saisons&#8230; des gestes du quotidien qui leur sont chers.<\/p>\n<\/div>\n<h2 class=\"picto-service prestataires\" style=\"text-align: justify;\"><strong><span style=\"font-size: 12pt;\">Services propos\u00e9s :<\/span><\/strong><\/h2>\n<div class=\"textarea\">\n<p style=\"text-align: justify;\">Location de\u00a0toute sorte de contenants, vases, d\u00e9corations, petit mobilier&#8230; pour des mises en sc\u00e8ne compl\u00e8tes (photo Booth, sweet table&#8230;)<\/p>\n<p><span style=\"color: #ffffff;\">+<\/span><\/p>\n<p style=\"text-align: center;\"><span style=\"color: #808080;\"><strong>Contact :<br \/>\n<\/strong><\/span><span style=\"color: #808080;\">40 bis rue de la course<br \/>\n33000 Bordeaux<br \/>\n09 84 29 52 06\u00a0<\/span><br \/>\n<span style=\"color: #808080;\"><a style=\"color: #808080;\" href=\"mailto:contact@fleursdemars.fr\">contact@fleursdemars.fr<br \/>\n<\/a><a style=\"color: #808080;\" href=\"http:\/\/fleursdemars.fr\/\">www.fleursdemars.fr<\/a><\/span><\/p>\n<p class=\"jetpack-slideshow-noscript robots-nocontent\">Ce diaporama n\u00e9cessite JavaScript.<\/p><div id=\"gallery-1837-1-slideshow\" class=\"jetpack-slideshow-window jetpack-slideshow jetpack-slideshow-black\" data-trans=\"fade\" data-autostart=\"1\" data-gallery=\"[{&quot;src&quot;:&quot;https:\\\/\\\/i0.wp.com\\\/www.tendm.net\\\/wp-content\\\/uploads\\\/2016\\\/09\\\/fleurs-de-mars_fleuriste_bordeaux_mariage_plage_france-nature121.jpg?fit=900%2C600&quot;,&quot;id&quot;:&quot;1843&quot;,&quot;title&quot;:&quot;fleurs-de-mars_fleuriste_bordeaux_mariage_plage_france-nature121&quot;,&quot;alt&quot;:&quot;&quot;,&quot;caption&quot;:&quot;&quot;,&quot;itemprop&quot;:&quot;image&quot;},{&quot;src&quot;:&quot;https:\\\/\\\/i0.wp.com\\\/www.tendm.net\\\/wp-content\\\/uploads\\\/2016\\\/09\\\/fleurs-de-mars_fleuriste_bordeaux_mariage_france_plage_rose_boheme_chic-Stephen-Liberge-22.jpg?fit=900%2C600&quot;,&quot;id&quot;:&quot;1842&quot;,&quot;title&quot;:&quot;fleurs-de-mars_fleuriste_bordeaux_mariage_france_plage_rose_boheme_chic-stephen-liberge-22&quot;,&quot;alt&quot;:&quot;&quot;,&quot;caption&quot;:&quot;&quot;,&quot;itemprop&quot;:&quot;image&quot;},{&quot;src&quot;:&quot;https:\\\/\\\/i0.wp.com\\\/www.tendm.net\\\/wp-content\\\/uploads\\\/2016\\\/09\\\/fleurs-de-mars_fleuriste_bordeaux_mariage_france_boheme-chic_pastel_rose_creme_chateau-de-la-ligne6.jpg?fit=900%2C600&quot;,&quot;id&quot;:&quot;1841&quot;,&quot;title&quot;:&quot;fleurs-de-mars_fleuriste_bordeaux_mariage_france_boheme-chic_pastel_rose_creme_chateau-de-la-ligne6&quot;,&quot;alt&quot;:&quot;&quot;,&quot;caption&quot;:&quot;Fleurs&quot;,&quot;itemprop&quot;:&quot;image&quot;}]\" itemscope itemtype=\"https:\/\/schema.org\/ImageGallery\"><\/div>\n<\/div>\n","protected":false},"excerpt":{"rendered":"<p>\u00ab\u00a0Votre atelier sp\u00e9cialis\u00e9 en d\u00e9coration v\u00e9g\u00e9tale\u00a0\u00bb &nbsp; Fleurs de mars n&rsquo;est pas qu&rsquo;une simple boutique de fleurs et\u00a0de\u00a0d\u00e9coration. C&rsquo;est aussi un atelier sp\u00e9cialis\u00e9 en \u00e9v\u00e9nementiel et mariage, tenu par deux passionn\u00e9es de d\u00e9coration v\u00e9g\u00e9tale : St\u00e9phanie et Marcelline. Au c\u0153ur de Bordeaux, elles vous\u00a0accueillent au beau milieu des fleurs et v\u00e9g\u00e9taux pour imaginer la d\u00e9coration [&hellip;]<\/p>\n","protected":false},"author":1,"featured_media":1843,"parent":0,"menu_order":0,"comment_status":"closed","ping_status":"closed","template":"","meta":{"footnotes":""},"jetpack_sharing_enabled":true,"jetpack_shortlink":"https:\/\/wp.me\/P70bXT-tD","jetpack-related-posts":[],"_links":{"self":[{"href":"http:\/\/www.tendm.net\/index.php\/wp-json\/wp\/v2\/pages\/1837"}],"collection":[{"href":"http:\/\/www.tendm.net\/index.php\/wp-json\/wp\/v2\/pages"}],"about":[{"href":"http:\/\/www.tendm.net\/index.php\/wp-json\/wp\/v2\/types\/page"}],"author":[{"embeddable":true,"href":"http:\/\/www.tendm.net\/index.php\/wp-json\/wp\/v2\/users\/1"}],"replies":[{"embeddable":true,"href":"http:\/\/www.tendm.net\/index.php\/wp-json\/wp\/v2\/comments?post=1837"}],"version-history":[{"count":8,"href":"http:\/\/www.tendm.net\/index.php\/wp-json\/wp\/v2\/pages\/1837\/revisions"}],"predecessor-version":[{"id":5953,"href":"http:\/\/www.tendm.net\/index.php\/wp-json\/wp\/v2\/pages\/1837\/revisions\/5953"}],"wp:featuredmedia":[{"embeddable":true,"href":"http:\/\/www.tendm.net\/index.php\/wp-json\/wp\/v2\/media\/1843"}],"wp:attachment":[{"href":"http:\/\/www.tendm.net\/index.php\/wp-json\/wp\/v2\/media?parent=1837"}],"curies":[{"name":"wp","href":"https:\/\/api.w.org\/{rel}","templated":true}]}}