{"id":1867,"date":"2016-09-20T12:40:48","date_gmt":"2016-09-20T11:40:48","guid":{"rendered":"http:\/\/www.tendm.net\/?page_id=1867"},"modified":"2018-04-18T13:28:27","modified_gmt":"2018-04-18T12:28:27","slug":"ice-roll","status":"publish","type":"page","link":"http:\/\/www.tendm.net\/index.php\/ice-roll\/","title":{"rendered":"Ice Roll"},"content":{"rendered":"<h1 style=\"text-align: center;\"><span style=\"color: #808080;\"><img fetchpriority=\"high\" decoding=\"async\" data-attachment-id=\"6152\" data-permalink=\"http:\/\/www.tendm.net\/index.php\/ice-roll\/logo-30\/\" data-orig-file=\"https:\/\/i0.wp.com\/www.tendm.net\/wp-content\/uploads\/2018\/04\/LOGO.png?fit=2000%2C538\" data-orig-size=\"2000,538\" data-comments-opened=\"1\" data-image-meta=\"{&quot;aperture&quot;:&quot;0&quot;,&quot;credit&quot;:&quot;&quot;,&quot;camera&quot;:&quot;&quot;,&quot;caption&quot;:&quot;&quot;,&quot;created_timestamp&quot;:&quot;0&quot;,&quot;copyright&quot;:&quot;&quot;,&quot;focal_length&quot;:&quot;0&quot;,&quot;iso&quot;:&quot;0&quot;,&quot;shutter_speed&quot;:&quot;0&quot;,&quot;title&quot;:&quot;&quot;,&quot;orientation&quot;:&quot;0&quot;}\" data-image-title=\"LOGO\" data-image-description=\"\" data-image-caption=\"\" data-medium-file=\"https:\/\/i0.wp.com\/www.tendm.net\/wp-content\/uploads\/2018\/04\/LOGO.png?fit=300%2C81\" data-large-file=\"https:\/\/i0.wp.com\/www.tendm.net\/wp-content\/uploads\/2018\/04\/LOGO.png?fit=1024%2C275\" class=\"aligncenter wp-image-6152 \" src=\"https:\/\/i0.wp.com\/www.tendm.net\/wp-content\/uploads\/2018\/04\/LOGO.png?resize=505%2C136\" alt=\"\" width=\"505\" height=\"136\" srcset=\"https:\/\/i0.wp.com\/www.tendm.net\/wp-content\/uploads\/2018\/04\/LOGO.png?w=2000 2000w, https:\/\/i0.wp.com\/www.tendm.net\/wp-content\/uploads\/2018\/04\/LOGO.png?resize=300%2C81 300w, https:\/\/i0.wp.com\/www.tendm.net\/wp-content\/uploads\/2018\/04\/LOGO.png?resize=768%2C207 768w, https:\/\/i0.wp.com\/www.tendm.net\/wp-content\/uploads\/2018\/04\/LOGO.png?resize=1024%2C275 1024w\" sizes=\"(max-width: 505px) 100vw, 505px\" data-recalc-dims=\"1\" \/><\/span><\/h1>\n<h1><\/h1>\n<h1 style=\"text-align: center;\"><span style=\"color: #808080;\">\u00ab\u00a0Un moment gourmand, une animation pour votre\u00a0cocktail de mariage !\u00a0\u00bb<\/span><\/h1>\n<p>&nbsp;<\/p>\n<p style=\"text-align: justify;\"><strong>IceRoll est un nouveau concept de fabrication de cr\u00e8me glac\u00e9e r\u00e9alis\u00e9e sous les yeux des consommateurs.<\/strong><br \/>\nPr\u00e9par\u00e9e \u00e0 la demande, sa fabrication est unique et originale. En un instant, fruits, chocolat et autres gourmandises sont transform\u00e9s en Rolls personnalis\u00e9s. Il ne s\u2019agit plus d\u2019une simple glace mais de vivre un moment gourmand autour de sa conception.<\/p>\n<p style=\"text-align: justify;\"><strong>Pour votre mariage et tout autre \u00e9v\u00e9nement festif<\/strong><\/p>\n<p style=\"text-align: justify;\">Surprenez vos invit\u00e9s ! IceRoll s\u2019adapte \u00e0 vos th\u00e8mes et couleurs lors de journ\u00e9es et soir\u00e9es festives.<\/p>\n<p style=\"text-align: center;\"><span style=\"color: #808080;\"><strong>Contact :<br \/>\n<\/strong><\/span><span style=\"color: #808080;\">Freddy Bourdal\u00e9-Dufau<\/span><br \/>\n<span style=\"color: #808080;\"> 06 48 37 03 77<\/span><br \/>\n<span style=\"color: #808080;\"> freddy@iceroll.fr<\/span><br \/>\n<span style=\"color: #808080;\"> http:\/\/www.iceroll.fr<\/span><\/p>\n<div class=\"tiled-gallery type-rectangular tiled-gallery-unresized\" data-original-width=\"1140\" data-carousel-extra='{&quot;blog_id&quot;:1,&quot;permalink&quot;:&quot;http:\\\/\\\/www.tendm.net\\\/index.php\\\/ice-roll\\\/&quot;,&quot;likes_blog_id&quot;:103480349}' itemscope itemtype=\"http:\/\/schema.org\/ImageGallery\" > <div class=\"gallery-row\" style=\"width: 1140px; height: 244px;\" data-original-width=\"1140\" data-original-height=\"244\" > <div class=\"gallery-group images-1\" style=\"width: 365px; height: 244px;\" data-original-width=\"365\" data-original-height=\"244\" > <div class=\"tiled-gallery-item tiled-gallery-item-large\" itemprop=\"associatedMedia\" itemscope itemtype=\"http:\/\/schema.org\/ImageObject\"> <a href=\"http:\/\/www.tendm.net\/index.php\/ice-roll\/1-3\/\" border=\"0\" itemprop=\"url\"> <meta itemprop=\"width\" content=\"361\"> <meta itemprop=\"height\" content=\"240\"> <img loading=\"lazy\" decoding=\"async\" class=\"\" data-attachment-id=\"1868\" data-orig-file=\"http:\/\/www.tendm.net\/wp-content\/uploads\/2016\/09\/1-1.jpg\" data-orig-size=\"595,397\" data-comments-opened=\"1\" data-image-meta=\"{&quot;aperture&quot;:&quot;4&quot;,&quot;credit&quot;:&quot;&quot;,&quot;camera&quot;:&quot;Canon EOS 5D Mark II&quot;,&quot;caption&quot;:&quot;&quot;,&quot;created_timestamp&quot;:&quot;1413906098&quot;,&quot;copyright&quot;:&quot;&quot;,&quot;focal_length&quot;:&quot;100&quot;,&quot;iso&quot;:&quot;400&quot;,&quot;shutter_speed&quot;:&quot;0.033333333333333&quot;,&quot;title&quot;:&quot;&quot;,&quot;orientation&quot;:&quot;0&quot;}\" data-image-title=\"1\" data-image-description=\"\" data-medium-file=\"https:\/\/i0.wp.com\/www.tendm.net\/wp-content\/uploads\/2016\/09\/1-1.jpg?fit=300%2C200\" data-large-file=\"https:\/\/i0.wp.com\/www.tendm.net\/wp-content\/uploads\/2016\/09\/1-1.jpg?fit=595%2C397\" src=\"https:\/\/i0.wp.com\/www.tendm.net\/wp-content\/uploads\/2016\/09\/1-1.jpg?w=361&#038;h=240\" srcset=\"https:\/\/i0.wp.com\/www.tendm.net\/wp-content\/uploads\/2016\/09\/1-1.jpg?w=595 595w, https:\/\/i0.wp.com\/www.tendm.net\/wp-content\/uploads\/2016\/09\/1-1.jpg?resize=300%2C200 300w\" width=\"361\" height=\"240\" loading=\"lazy\" data-original-width=\"361\" data-original-height=\"240\" itemprop=\"http:\/\/schema.org\/image\" title=\"1\" alt=\"1\" style=\"width: 361px; height: 240px;\" \/> <\/a> <\/div> <\/div> <!-- close group --> <div class=\"gallery-group images-1\" style=\"width: 203px; height: 244px;\" data-original-width=\"203\" data-original-height=\"244\" > <div class=\"tiled-gallery-item tiled-gallery-item-small\" itemprop=\"associatedMedia\" itemscope itemtype=\"http:\/\/schema.org\/ImageObject\"> <a href=\"http:\/\/www.tendm.net\/index.php\/ice-roll\/5-2\/\" border=\"0\" itemprop=\"url\"> <meta itemprop=\"width\" content=\"199\"> <meta itemprop=\"height\" content=\"240\"> <img loading=\"lazy\" decoding=\"async\" class=\"\" data-attachment-id=\"1871\" data-orig-file=\"http:\/\/www.tendm.net\/wp-content\/uploads\/2016\/09\/5-1.jpg\" data-orig-size=\"1417,1712\" data-comments-opened=\"1\" data-image-meta=\"{&quot;aperture&quot;:&quot;3.5&quot;,&quot;credit&quot;:&quot;&quot;,&quot;camera&quot;:&quot;Canon EOS 5D Mark III&quot;,&quot;caption&quot;:&quot;&quot;,&quot;created_timestamp&quot;:&quot;1396716793&quot;,&quot;copyright&quot;:&quot;&quot;,&quot;focal_length&quot;:&quot;50&quot;,&quot;iso&quot;:&quot;400&quot;,&quot;shutter_speed&quot;:&quot;0.04&quot;,&quot;title&quot;:&quot;&quot;,&quot;orientation&quot;:&quot;1&quot;}\" data-image-title=\"5\" data-image-description=\"\" data-medium-file=\"https:\/\/i0.wp.com\/www.tendm.net\/wp-content\/uploads\/2016\/09\/5-1.jpg?fit=248%2C300\" data-large-file=\"https:\/\/i0.wp.com\/www.tendm.net\/wp-content\/uploads\/2016\/09\/5-1.jpg?fit=848%2C1024\" src=\"https:\/\/i0.wp.com\/www.tendm.net\/wp-content\/uploads\/2016\/09\/5-1.jpg?w=199&#038;h=240\" srcset=\"https:\/\/i0.wp.com\/www.tendm.net\/wp-content\/uploads\/2016\/09\/5-1.jpg?w=1417 1417w, https:\/\/i0.wp.com\/www.tendm.net\/wp-content\/uploads\/2016\/09\/5-1.jpg?resize=248%2C300 248w, https:\/\/i0.wp.com\/www.tendm.net\/wp-content\/uploads\/2016\/09\/5-1.jpg?resize=768%2C928 768w, https:\/\/i0.wp.com\/www.tendm.net\/wp-content\/uploads\/2016\/09\/5-1.jpg?resize=848%2C1024 848w\" width=\"199\" height=\"240\" loading=\"lazy\" data-original-width=\"199\" data-original-height=\"240\" itemprop=\"http:\/\/schema.org\/image\" title=\"5\" alt=\"5\" style=\"width: 199px; height: 240px;\" \/> <\/a> <\/div> <\/div> <!-- close group --> <div class=\"gallery-group images-1\" style=\"width: 164px; height: 244px;\" data-original-width=\"164\" data-original-height=\"244\" > <div class=\"tiled-gallery-item tiled-gallery-item-small\" itemprop=\"associatedMedia\" itemscope itemtype=\"http:\/\/schema.org\/ImageObject\"> <a href=\"http:\/\/www.tendm.net\/index.php\/ice-roll\/ludivine_b_photographe_140\/\" border=\"0\" itemprop=\"url\"> <meta itemprop=\"width\" content=\"160\"> <meta itemprop=\"height\" content=\"240\"> <img loading=\"lazy\" decoding=\"async\" class=\"\" data-attachment-id=\"6165\" data-orig-file=\"http:\/\/www.tendm.net\/wp-content\/uploads\/2018\/04\/ludivine_b_photographe_140.jpg\" data-orig-size=\"1333,2000\" data-comments-opened=\"1\" data-image-meta=\"{&quot;aperture&quot;:&quot;1.8&quot;,&quot;credit&quot;:&quot;&quot;,&quot;camera&quot;:&quot;Canon EOS 5D Mark III&quot;,&quot;caption&quot;:&quot;&quot;,&quot;created_timestamp&quot;:&quot;1475422561&quot;,&quot;copyright&quot;:&quot;&quot;,&quot;focal_length&quot;:&quot;35&quot;,&quot;iso&quot;:&quot;500&quot;,&quot;shutter_speed&quot;:&quot;0.005&quot;,&quot;title&quot;:&quot;&quot;,&quot;orientation&quot;:&quot;0&quot;}\" data-image-title=\"ludivine_b_photographe_140\" data-image-description=\"\" data-medium-file=\"https:\/\/i0.wp.com\/www.tendm.net\/wp-content\/uploads\/2018\/04\/ludivine_b_photographe_140.jpg?fit=200%2C300\" data-large-file=\"https:\/\/i0.wp.com\/www.tendm.net\/wp-content\/uploads\/2018\/04\/ludivine_b_photographe_140.jpg?fit=682%2C1024\" src=\"https:\/\/i0.wp.com\/www.tendm.net\/wp-content\/uploads\/2018\/04\/ludivine_b_photographe_140.jpg?w=160&#038;h=240\" srcset=\"https:\/\/i0.wp.com\/www.tendm.net\/wp-content\/uploads\/2018\/04\/ludivine_b_photographe_140.jpg?w=1333 1333w, https:\/\/i0.wp.com\/www.tendm.net\/wp-content\/uploads\/2018\/04\/ludivine_b_photographe_140.jpg?resize=200%2C300 200w, https:\/\/i0.wp.com\/www.tendm.net\/wp-content\/uploads\/2018\/04\/ludivine_b_photographe_140.jpg?resize=768%2C1152 768w, https:\/\/i0.wp.com\/www.tendm.net\/wp-content\/uploads\/2018\/04\/ludivine_b_photographe_140.jpg?resize=682%2C1024 682w\" width=\"160\" height=\"240\" loading=\"lazy\" data-original-width=\"160\" data-original-height=\"240\" itemprop=\"http:\/\/schema.org\/image\" title=\"ludivine_b_photographe_140\" alt=\"ludivine_b_photographe_140\" style=\"width: 160px; height: 240px;\" \/> <\/a> <\/div> <\/div> <!-- close group --> <div class=\"gallery-group images-1\" style=\"width: 244px; height: 244px;\" data-original-width=\"244\" data-original-height=\"244\" > <div class=\"tiled-gallery-item tiled-gallery-item-small\" itemprop=\"associatedMedia\" itemscope itemtype=\"http:\/\/schema.org\/ImageObject\"> <a href=\"http:\/\/www.tendm.net\/index.php\/ice-roll\/2-2\/\" border=\"0\" itemprop=\"url\"> <meta itemprop=\"width\" content=\"240\"> <meta itemprop=\"height\" content=\"240\"> <img loading=\"lazy\" decoding=\"async\" class=\"\" data-attachment-id=\"1869\" data-orig-file=\"http:\/\/www.tendm.net\/wp-content\/uploads\/2016\/09\/2-1.jpg\" data-orig-size=\"1152,1153\" data-comments-opened=\"1\" data-image-meta=\"{&quot;aperture&quot;:&quot;3.5&quot;,&quot;credit&quot;:&quot;&quot;,&quot;camera&quot;:&quot;Canon EOS 5D Mark III&quot;,&quot;caption&quot;:&quot;&quot;,&quot;created_timestamp&quot;:&quot;1396790534&quot;,&quot;copyright&quot;:&quot;&quot;,&quot;focal_length&quot;:&quot;50&quot;,&quot;iso&quot;:&quot;400&quot;,&quot;shutter_speed&quot;:&quot;0.04&quot;,&quot;title&quot;:&quot;&quot;,&quot;orientation&quot;:&quot;1&quot;}\" data-image-title=\"2\" data-image-description=\"&lt;p&gt;Ice Roll&lt;\/p&gt; \" data-medium-file=\"https:\/\/i0.wp.com\/www.tendm.net\/wp-content\/uploads\/2016\/09\/2-1.jpg?fit=300%2C300\" data-large-file=\"https:\/\/i0.wp.com\/www.tendm.net\/wp-content\/uploads\/2016\/09\/2-1.jpg?fit=1024%2C1024\" src=\"https:\/\/i0.wp.com\/www.tendm.net\/wp-content\/uploads\/2016\/09\/2-1.jpg?w=240&#038;h=240&#038;crop=1\" srcset=\"https:\/\/i0.wp.com\/www.tendm.net\/wp-content\/uploads\/2016\/09\/2-1.jpg?w=1152 1152w, https:\/\/i0.wp.com\/www.tendm.net\/wp-content\/uploads\/2016\/09\/2-1.jpg?resize=150%2C150 150w, https:\/\/i0.wp.com\/www.tendm.net\/wp-content\/uploads\/2016\/09\/2-1.jpg?resize=300%2C300 300w, https:\/\/i0.wp.com\/www.tendm.net\/wp-content\/uploads\/2016\/09\/2-1.jpg?resize=768%2C769 768w, https:\/\/i0.wp.com\/www.tendm.net\/wp-content\/uploads\/2016\/09\/2-1.jpg?resize=1024%2C1024 1024w, https:\/\/i0.wp.com\/www.tendm.net\/wp-content\/uploads\/2016\/09\/2-1.jpg?resize=320%2C320 320w, https:\/\/i0.wp.com\/www.tendm.net\/wp-content\/uploads\/2016\/09\/2-1.jpg?resize=190%2C190 190w, https:\/\/i0.wp.com\/www.tendm.net\/wp-content\/uploads\/2016\/09\/2-1.jpg?resize=50%2C50 50w\" width=\"240\" height=\"240\" loading=\"lazy\" data-original-width=\"240\" data-original-height=\"240\" itemprop=\"http:\/\/schema.org\/image\" title=\"2\" alt=\"2\" style=\"width: 240px; height: 240px;\" \/> <\/a> <\/div> <\/div> <!-- close group --> <div class=\"gallery-group images-1\" style=\"width: 164px; height: 244px;\" data-original-width=\"164\" data-original-height=\"244\" > <div class=\"tiled-gallery-item tiled-gallery-item-small\" itemprop=\"associatedMedia\" itemscope itemtype=\"http:\/\/schema.org\/ImageObject\"> <a href=\"http:\/\/www.tendm.net\/index.php\/ice-roll\/ludivine_b_photographe_136-copie\/\" border=\"0\" itemprop=\"url\"> <meta itemprop=\"width\" content=\"160\"> <meta itemprop=\"height\" content=\"240\"> <img loading=\"lazy\" decoding=\"async\" class=\"\" data-attachment-id=\"6163\" data-orig-file=\"http:\/\/www.tendm.net\/wp-content\/uploads\/2018\/04\/ludivine_b_photographe_136-Copie.jpg\" data-orig-size=\"1333,2000\" data-comments-opened=\"1\" data-image-meta=\"{&quot;aperture&quot;:&quot;1.8&quot;,&quot;credit&quot;:&quot;&quot;,&quot;camera&quot;:&quot;Canon EOS 5D Mark III&quot;,&quot;caption&quot;:&quot;&quot;,&quot;created_timestamp&quot;:&quot;1475422389&quot;,&quot;copyright&quot;:&quot;&quot;,&quot;focal_length&quot;:&quot;35&quot;,&quot;iso&quot;:&quot;500&quot;,&quot;shutter_speed&quot;:&quot;0.005&quot;,&quot;title&quot;:&quot;&quot;,&quot;orientation&quot;:&quot;0&quot;}\" data-image-title=\"ludivine_b_photographe_136 &#8211; Copie\" data-image-description=\"\" data-medium-file=\"https:\/\/i0.wp.com\/www.tendm.net\/wp-content\/uploads\/2018\/04\/ludivine_b_photographe_136-Copie.jpg?fit=200%2C300\" data-large-file=\"https:\/\/i0.wp.com\/www.tendm.net\/wp-content\/uploads\/2018\/04\/ludivine_b_photographe_136-Copie.jpg?fit=682%2C1024\" src=\"https:\/\/i0.wp.com\/www.tendm.net\/wp-content\/uploads\/2018\/04\/ludivine_b_photographe_136-Copie.jpg?w=160&#038;h=240\" srcset=\"https:\/\/i0.wp.com\/www.tendm.net\/wp-content\/uploads\/2018\/04\/ludivine_b_photographe_136-Copie.jpg?w=1333 1333w, https:\/\/i0.wp.com\/www.tendm.net\/wp-content\/uploads\/2018\/04\/ludivine_b_photographe_136-Copie.jpg?resize=200%2C300 200w, https:\/\/i0.wp.com\/www.tendm.net\/wp-content\/uploads\/2018\/04\/ludivine_b_photographe_136-Copie.jpg?resize=768%2C1152 768w, https:\/\/i0.wp.com\/www.tendm.net\/wp-content\/uploads\/2018\/04\/ludivine_b_photographe_136-Copie.jpg?resize=682%2C1024 682w\" width=\"160\" height=\"240\" loading=\"lazy\" data-original-width=\"160\" data-original-height=\"240\" itemprop=\"http:\/\/schema.org\/image\" title=\"ludivine_b_photographe_136 - Copie\" alt=\"ludivine_b_photographe_136 - Copie\" style=\"width: 160px; height: 240px;\" \/> <\/a> <\/div> <\/div> <!-- close group --> <\/div> <!-- close row --> <div class=\"gallery-row\" style=\"width: 1140px; height: 263px;\" data-original-width=\"1140\" data-original-height=\"263\" > <div class=\"gallery-group images-1\" style=\"width: 307px; height: 263px;\" data-original-width=\"307\" data-original-height=\"263\" > <div class=\"tiled-gallery-item tiled-gallery-item-large\" itemprop=\"associatedMedia\" itemscope itemtype=\"http:\/\/schema.org\/ImageObject\"> <a href=\"http:\/\/www.tendm.net\/index.php\/ice-roll\/3-2\/\" border=\"0\" itemprop=\"url\"> <meta itemprop=\"width\" content=\"303\"> <meta itemprop=\"height\" content=\"259\"> <img loading=\"lazy\" decoding=\"async\" class=\"\" data-attachment-id=\"1870\" data-orig-file=\"http:\/\/www.tendm.net\/wp-content\/uploads\/2016\/09\/3.png\" data-orig-size=\"412,352\" data-comments-opened=\"1\" data-image-meta=\"{&quot;aperture&quot;:&quot;0&quot;,&quot;credit&quot;:&quot;&quot;,&quot;camera&quot;:&quot;&quot;,&quot;caption&quot;:&quot;&quot;,&quot;created_timestamp&quot;:&quot;0&quot;,&quot;copyright&quot;:&quot;&quot;,&quot;focal_length&quot;:&quot;0&quot;,&quot;iso&quot;:&quot;0&quot;,&quot;shutter_speed&quot;:&quot;0&quot;,&quot;title&quot;:&quot;&quot;,&quot;orientation&quot;:&quot;0&quot;}\" data-image-title=\"3\" data-image-description=\"\" data-medium-file=\"https:\/\/i0.wp.com\/www.tendm.net\/wp-content\/uploads\/2016\/09\/3.png?fit=300%2C256\" data-large-file=\"https:\/\/i0.wp.com\/www.tendm.net\/wp-content\/uploads\/2016\/09\/3.png?fit=412%2C352\" src=\"https:\/\/i0.wp.com\/www.tendm.net\/wp-content\/uploads\/2016\/09\/3.png?w=303&#038;h=259\" srcset=\"https:\/\/i0.wp.com\/www.tendm.net\/wp-content\/uploads\/2016\/09\/3.png?w=412 412w, https:\/\/i0.wp.com\/www.tendm.net\/wp-content\/uploads\/2016\/09\/3.png?resize=300%2C256 300w\" width=\"303\" height=\"259\" loading=\"lazy\" data-original-width=\"303\" data-original-height=\"259\" itemprop=\"http:\/\/schema.org\/image\" title=\"3\" alt=\"3\" style=\"width: 303px; height: 259px;\" \/> <\/a> <\/div> <\/div> <!-- close group --> <div class=\"gallery-group images-1\" style=\"width: 263px; height: 263px;\" data-original-width=\"263\" data-original-height=\"263\" > <div class=\"tiled-gallery-item tiled-gallery-item-large\" itemprop=\"associatedMedia\" itemscope itemtype=\"http:\/\/schema.org\/ImageObject\"> <a href=\"http:\/\/www.tendm.net\/index.php\/ice-roll\/6-2\/\" border=\"0\" itemprop=\"url\"> <meta itemprop=\"width\" content=\"259\"> <meta itemprop=\"height\" content=\"259\"> <img loading=\"lazy\" decoding=\"async\" class=\"\" data-attachment-id=\"1872\" data-orig-file=\"http:\/\/www.tendm.net\/wp-content\/uploads\/2016\/09\/6-1.jpg\" data-orig-size=\"808,808\" data-comments-opened=\"1\" data-image-meta=\"{&quot;aperture&quot;:&quot;3.5&quot;,&quot;credit&quot;:&quot;&quot;,&quot;camera&quot;:&quot;Canon EOS 5D Mark III&quot;,&quot;caption&quot;:&quot;&quot;,&quot;created_timestamp&quot;:&quot;1396792205&quot;,&quot;copyright&quot;:&quot;&quot;,&quot;focal_length&quot;:&quot;50&quot;,&quot;iso&quot;:&quot;400&quot;,&quot;shutter_speed&quot;:&quot;0.04&quot;,&quot;title&quot;:&quot;&quot;,&quot;orientation&quot;:&quot;1&quot;}\" data-image-title=\"6\" data-image-description=\"\" data-medium-file=\"https:\/\/i0.wp.com\/www.tendm.net\/wp-content\/uploads\/2016\/09\/6-1.jpg?fit=300%2C300\" data-large-file=\"https:\/\/i0.wp.com\/www.tendm.net\/wp-content\/uploads\/2016\/09\/6-1.jpg?fit=808%2C808\" src=\"https:\/\/i0.wp.com\/www.tendm.net\/wp-content\/uploads\/2016\/09\/6-1.jpg?w=259&#038;h=259&#038;crop=1\" srcset=\"https:\/\/i0.wp.com\/www.tendm.net\/wp-content\/uploads\/2016\/09\/6-1.jpg?w=808 808w, https:\/\/i0.wp.com\/www.tendm.net\/wp-content\/uploads\/2016\/09\/6-1.jpg?resize=150%2C150 150w, https:\/\/i0.wp.com\/www.tendm.net\/wp-content\/uploads\/2016\/09\/6-1.jpg?resize=300%2C300 300w, https:\/\/i0.wp.com\/www.tendm.net\/wp-content\/uploads\/2016\/09\/6-1.jpg?resize=768%2C768 768w, https:\/\/i0.wp.com\/www.tendm.net\/wp-content\/uploads\/2016\/09\/6-1.jpg?resize=320%2C320 320w, https:\/\/i0.wp.com\/www.tendm.net\/wp-content\/uploads\/2016\/09\/6-1.jpg?resize=190%2C190 190w, https:\/\/i0.wp.com\/www.tendm.net\/wp-content\/uploads\/2016\/09\/6-1.jpg?resize=50%2C50 50w\" width=\"259\" height=\"259\" loading=\"lazy\" data-original-width=\"259\" data-original-height=\"259\" itemprop=\"http:\/\/schema.org\/image\" title=\"6\" alt=\"6\" style=\"width: 259px; height: 259px;\" \/> <\/a> <\/div> <\/div> <!-- close group --> <div class=\"gallery-group images-1\" style=\"width: 177px; height: 263px;\" data-original-width=\"177\" data-original-height=\"263\" > <div class=\"tiled-gallery-item tiled-gallery-item-small\" itemprop=\"associatedMedia\" itemscope itemtype=\"http:\/\/schema.org\/ImageObject\"> <a href=\"http:\/\/www.tendm.net\/index.php\/ice-roll\/ludivine_b_photographe_137-copie\/\" border=\"0\" itemprop=\"url\"> <meta itemprop=\"width\" content=\"173\"> <meta itemprop=\"height\" content=\"259\"> <img loading=\"lazy\" decoding=\"async\" class=\"\" data-attachment-id=\"6164\" data-orig-file=\"http:\/\/www.tendm.net\/wp-content\/uploads\/2018\/04\/ludivine_b_photographe_137-Copie.jpg\" data-orig-size=\"1333,2000\" data-comments-opened=\"1\" data-image-meta=\"{&quot;aperture&quot;:&quot;1.8&quot;,&quot;credit&quot;:&quot;&quot;,&quot;camera&quot;:&quot;Canon EOS 5D Mark III&quot;,&quot;caption&quot;:&quot;&quot;,&quot;created_timestamp&quot;:&quot;1475422401&quot;,&quot;copyright&quot;:&quot;&quot;,&quot;focal_length&quot;:&quot;35&quot;,&quot;iso&quot;:&quot;500&quot;,&quot;shutter_speed&quot;:&quot;0.005&quot;,&quot;title&quot;:&quot;&quot;,&quot;orientation&quot;:&quot;0&quot;}\" data-image-title=\"ludivine_b_photographe_137 &#8211; Copie\" data-image-description=\"\" data-medium-file=\"https:\/\/i0.wp.com\/www.tendm.net\/wp-content\/uploads\/2018\/04\/ludivine_b_photographe_137-Copie.jpg?fit=200%2C300\" data-large-file=\"https:\/\/i0.wp.com\/www.tendm.net\/wp-content\/uploads\/2018\/04\/ludivine_b_photographe_137-Copie.jpg?fit=682%2C1024\" src=\"https:\/\/i0.wp.com\/www.tendm.net\/wp-content\/uploads\/2018\/04\/ludivine_b_photographe_137-Copie.jpg?w=173&#038;h=259\" srcset=\"https:\/\/i0.wp.com\/www.tendm.net\/wp-content\/uploads\/2018\/04\/ludivine_b_photographe_137-Copie.jpg?w=1333 1333w, https:\/\/i0.wp.com\/www.tendm.net\/wp-content\/uploads\/2018\/04\/ludivine_b_photographe_137-Copie.jpg?resize=200%2C300 200w, https:\/\/i0.wp.com\/www.tendm.net\/wp-content\/uploads\/2018\/04\/ludivine_b_photographe_137-Copie.jpg?resize=768%2C1152 768w, https:\/\/i0.wp.com\/www.tendm.net\/wp-content\/uploads\/2018\/04\/ludivine_b_photographe_137-Copie.jpg?resize=682%2C1024 682w\" width=\"173\" height=\"259\" loading=\"lazy\" data-original-width=\"173\" data-original-height=\"259\" itemprop=\"http:\/\/schema.org\/image\" title=\"ludivine_b_photographe_137 - Copie\" alt=\"ludivine_b_photographe_137 - Copie\" style=\"width: 173px; height: 259px;\" \/> <\/a> <\/div> <\/div> <!-- close group --> <div class=\"gallery-group images-1\" style=\"width: 393px; height: 263px;\" data-original-width=\"393\" data-original-height=\"263\" > <div class=\"tiled-gallery-item tiled-gallery-item-large\" itemprop=\"associatedMedia\" itemscope itemtype=\"http:\/\/schema.org\/ImageObject\"> <a href=\"http:\/\/www.tendm.net\/index.php\/ice-roll\/image2-1\/\" border=\"0\" itemprop=\"url\"> <meta itemprop=\"width\" content=\"389\"> <meta itemprop=\"height\" content=\"259\"> <img loading=\"lazy\" decoding=\"async\" class=\"\" data-attachment-id=\"6162\" data-orig-file=\"http:\/\/www.tendm.net\/wp-content\/uploads\/2018\/04\/image2-1.jpg\" data-orig-size=\"750,500\" data-comments-opened=\"1\" data-image-meta=\"{&quot;aperture&quot;:&quot;0&quot;,&quot;credit&quot;:&quot;&quot;,&quot;camera&quot;:&quot;&quot;,&quot;caption&quot;:&quot;&quot;,&quot;created_timestamp&quot;:&quot;0&quot;,&quot;copyright&quot;:&quot;&quot;,&quot;focal_length&quot;:&quot;0&quot;,&quot;iso&quot;:&quot;0&quot;,&quot;shutter_speed&quot;:&quot;0&quot;,&quot;title&quot;:&quot;&quot;,&quot;orientation&quot;:&quot;0&quot;}\" data-image-title=\"image2 (1)\" data-image-description=\"\" data-medium-file=\"https:\/\/i0.wp.com\/www.tendm.net\/wp-content\/uploads\/2018\/04\/image2-1.jpg?fit=300%2C200\" data-large-file=\"https:\/\/i0.wp.com\/www.tendm.net\/wp-content\/uploads\/2018\/04\/image2-1.jpg?fit=750%2C500\" src=\"https:\/\/i0.wp.com\/www.tendm.net\/wp-content\/uploads\/2018\/04\/image2-1.jpg?w=389&#038;h=259\" srcset=\"https:\/\/i0.wp.com\/www.tendm.net\/wp-content\/uploads\/2018\/04\/image2-1.jpg?w=750 750w, https:\/\/i0.wp.com\/www.tendm.net\/wp-content\/uploads\/2018\/04\/image2-1.jpg?resize=300%2C200 300w\" width=\"389\" height=\"259\" loading=\"lazy\" data-original-width=\"389\" data-original-height=\"259\" itemprop=\"http:\/\/schema.org\/image\" title=\"image2 (1)\" alt=\"image2 (1)\" style=\"width: 389px; height: 259px;\" \/> <\/a> <\/div> <\/div> <!-- close group --> <\/div> <!-- close row --> <\/div>\n","protected":false},"excerpt":{"rendered":"<p>\u00ab\u00a0Un moment gourmand, une animation pour votre\u00a0cocktail de mariage !\u00a0\u00bb &nbsp; IceRoll est un nouveau concept de fabrication de cr\u00e8me glac\u00e9e r\u00e9alis\u00e9e sous les yeux des consommateurs. Pr\u00e9par\u00e9e \u00e0 la demande, sa fabrication est unique et originale. En un instant, fruits, chocolat et autres gourmandises sont transform\u00e9s en Rolls personnalis\u00e9s. Il ne s\u2019agit plus d\u2019une [&hellip;]<\/p>\n","protected":false},"author":1,"featured_media":0,"parent":0,"menu_order":0,"comment_status":"closed","ping_status":"closed","template":"","meta":{"footnotes":""},"jetpack_sharing_enabled":true,"jetpack_shortlink":"https:\/\/wp.me\/P70bXT-u7","jetpack-related-posts":[],"_links":{"self":[{"href":"http:\/\/www.tendm.net\/index.php\/wp-json\/wp\/v2\/pages\/1867"}],"collection":[{"href":"http:\/\/www.tendm.net\/index.php\/wp-json\/wp\/v2\/pages"}],"about":[{"href":"http:\/\/www.tendm.net\/index.php\/wp-json\/wp\/v2\/types\/page"}],"author":[{"embeddable":true,"href":"http:\/\/www.tendm.net\/index.php\/wp-json\/wp\/v2\/users\/1"}],"replies":[{"embeddable":true,"href":"http:\/\/www.tendm.net\/index.php\/wp-json\/wp\/v2\/comments?post=1867"}],"version-history":[{"count":8,"href":"http:\/\/www.tendm.net\/index.php\/wp-json\/wp\/v2\/pages\/1867\/revisions"}],"predecessor-version":[{"id":6166,"href":"http:\/\/www.tendm.net\/index.php\/wp-json\/wp\/v2\/pages\/1867\/revisions\/6166"}],"wp:attachment":[{"href":"http:\/\/www.tendm.net\/index.php\/wp-json\/wp\/v2\/media?parent=1867"}],"curies":[{"name":"wp","href":"https:\/\/api.w.org\/{rel}","templated":true}]}}