{"id":2074,"date":"2016-09-26T13:03:06","date_gmt":"2016-09-26T12:03:06","guid":{"rendered":"http:\/\/www.tendm.net\/?page_id=2074"},"modified":"2018-04-04T15:00:40","modified_gmt":"2018-04-04T14:00:40","slug":"paul-and-zo","status":"publish","type":"page","link":"http:\/\/www.tendm.net\/index.php\/paul-and-zo\/","title":{"rendered":"Paul and Zo"},"content":{"rendered":"<h1 style=\"text-align: center;\"><span style=\"color: #808080;\">\u00ab\u00a0Pour garder en m\u00e9moire chaque d\u00e9tail de son mariage\u00a0\u00bb<\/span><\/h1>\n<p style=\"text-align: justify;\">Paul and Zo, c&rsquo;est l&rsquo;immortalisation des souvenirs qui interviennent apr\u00e8s la 1ere rencontre, le 1er baiser, le 1er nid douillet, parfois le 1er b\u00e9b\u00e9&#8230; autrement dit,\u00a0le mariage !<\/p>\n<p style=\"text-align: justify;\">Parce que vous devez garder en m\u00e9moire chaque d\u00e9tail et chaque instant de cette journ\u00e9e magique, le choix du photographe est\u00a0crucial&#8230;<\/p>\n<p style=\"text-align: justify;\">Pour cela, Paul and Zo\u00a0rencontre ses futurs mari\u00e9s autour d&rsquo;un bon caf\u00e9 et d&rsquo;un petit g\u00e2teau, pour apprendre \u00e0 se conna\u00eetre et se d\u00e9voiler, ou commencer par une s\u00e9ance d&rsquo;engagement devant l&rsquo;objectif.<\/p>\n<p style=\"text-align: justify;\">Autant d\u2019\u00e9changes et de bons moments durant lesquels vous pourrez\u00a0pr\u00e9parer, ensemble,\u00a0votre jour J !<\/p>\n<p style=\"text-align: justify;\">Disponible, discr\u00e8te, souriante, parfois m\u00eame confidente , Candice de Paul and Zo aime cette relation de confiance qui se tisse entre elle et ses futurs mari\u00e9s. Son objectif \u00a0est de vivre leur\u00a0mariage aussi intens\u00e9ment qu&rsquo;eux, \u00e0 travers une grosse dose d\u2019amour, d\u2019\u00e9motion, de rire et parfois quelques larmes de bonheur !<\/p>\n<p style=\"text-align: justify;\"><span style=\"color: #808080;\"><strong>Contact :<\/strong><\/span><br \/>\n<span style=\"color: #808080;\"> 06.48.37.10.88<\/span><br \/>\n<span style=\"color: #808080;\"> <a style=\"color: #808080;\" href=\"https:\/\/paulandzo.com\">www.paulandzo.com<\/a><\/span><\/p>\n<p class=\"jetpack-slideshow-noscript robots-nocontent\">Ce diaporama n\u00e9cessite JavaScript.<\/p><div id=\"gallery-2074-1-slideshow\" class=\"jetpack-slideshow-window jetpack-slideshow jetpack-slideshow-black\" data-trans=\"fade\" data-autostart=\"1\" data-gallery=\"[{&quot;src&quot;:&quot;https:\\\/\\\/i0.wp.com\\\/www.tendm.net\\\/wp-content\\\/uploads\\\/2016\\\/09\\\/MELODY-CLEMENT-145.jpg?fit=1024%2C683&quot;,&quot;id&quot;:&quot;4600&quot;,&quot;title&quot;:&quot;MELODY \\u0026#038; CLEMENT (145)&quot;,&quot;alt&quot;:&quot;&quot;,&quot;caption&quot;:&quot;&quot;,&quot;itemprop&quot;:&quot;image&quot;},{&quot;src&quot;:&quot;https:\\\/\\\/i0.wp.com\\\/www.tendm.net\\\/wp-content\\\/uploads\\\/2016\\\/09\\\/MELODY-CLEMENT-329.jpg?fit=1024%2C683&quot;,&quot;id&quot;:&quot;4602&quot;,&quot;title&quot;:&quot;MELODY \\u0026#038; CLEMENT (329)&quot;,&quot;alt&quot;:&quot;&quot;,&quot;caption&quot;:&quot;&quot;,&quot;itemprop&quot;:&quot;image&quot;},{&quot;src&quot;:&quot;https:\\\/\\\/i0.wp.com\\\/www.tendm.net\\\/wp-content\\\/uploads\\\/2016\\\/09\\\/VIRGINIE-EMILIEN-67.jpg?fit=1024%2C683&quot;,&quot;id&quot;:&quot;4604&quot;,&quot;title&quot;:&quot;VIRGINIE \\u0026#038; EMILIEN (67)&quot;,&quot;alt&quot;:&quot;&quot;,&quot;caption&quot;:&quot;&quot;,&quot;itemprop&quot;:&quot;image&quot;},{&quot;src&quot;:&quot;https:\\\/\\\/i0.wp.com\\\/www.tendm.net\\\/wp-content\\\/uploads\\\/2016\\\/09\\\/AUDREY-REMI-313.jpg?fit=1024%2C683&quot;,&quot;id&quot;:&quot;4596&quot;,&quot;title&quot;:&quot;AUDREY \\u0026#038; REMI (313)&quot;,&quot;alt&quot;:&quot;&quot;,&quot;caption&quot;:&quot;&quot;,&quot;itemprop&quot;:&quot;image&quot;},{&quot;src&quot;:&quot;https:\\\/\\\/i0.wp.com\\\/www.tendm.net\\\/wp-content\\\/uploads\\\/2016\\\/09\\\/VIRGINIE-EMILIEN-276.jpg?fit=1024%2C683&quot;,&quot;id&quot;:&quot;4606&quot;,&quot;title&quot;:&quot;VIRGINIE \\u0026#038; EMILIEN (276)&quot;,&quot;alt&quot;:&quot;&quot;,&quot;caption&quot;:&quot;&quot;,&quot;itemprop&quot;:&quot;image&quot;},{&quot;src&quot;:&quot;https:\\\/\\\/i0.wp.com\\\/www.tendm.net\\\/wp-content\\\/uploads\\\/2016\\\/09\\\/VIRGINIE-EMILIEN-440.jpg?fit=1024%2C683&quot;,&quot;id&quot;:&quot;4607&quot;,&quot;title&quot;:&quot;VIRGINIE \\u0026#038; EMILIEN (440)&quot;,&quot;alt&quot;:&quot;&quot;,&quot;caption&quot;:&quot;&quot;,&quot;itemprop&quot;:&quot;image&quot;},{&quot;src&quot;:&quot;https:\\\/\\\/i0.wp.com\\\/www.tendm.net\\\/wp-content\\\/uploads\\\/2016\\\/09\\\/CELINE-THOMAS-318.jpg?fit=1024%2C683&quot;,&quot;id&quot;:&quot;4597&quot;,&quot;title&quot;:&quot;CELINE \\u0026#038; THOMAS (318)&quot;,&quot;alt&quot;:&quot;&quot;,&quot;caption&quot;:&quot;&quot;,&quot;itemprop&quot;:&quot;image&quot;},{&quot;src&quot;:&quot;https:\\\/\\\/i0.wp.com\\\/www.tendm.net\\\/wp-content\\\/uploads\\\/2016\\\/09\\\/CELINE-THOMAS-332.jpg?fit=683%2C1024&quot;,&quot;id&quot;:&quot;4599&quot;,&quot;title&quot;:&quot;CELINE \\u0026#038; THOMAS (332)&quot;,&quot;alt&quot;:&quot;&quot;,&quot;caption&quot;:&quot;&quot;,&quot;itemprop&quot;:&quot;image&quot;},{&quot;src&quot;:&quot;https:\\\/\\\/i0.wp.com\\\/www.tendm.net\\\/wp-content\\\/uploads\\\/2016\\\/09\\\/MELODY-CLEMENT-252.jpg?fit=1024%2C683&quot;,&quot;id&quot;:&quot;4601&quot;,&quot;title&quot;:&quot;MELODY \\u0026#038; CLEMENT (252)&quot;,&quot;alt&quot;:&quot;&quot;,&quot;caption&quot;:&quot;&quot;,&quot;itemprop&quot;:&quot;image&quot;},{&quot;src&quot;:&quot;https:\\\/\\\/i0.wp.com\\\/www.tendm.net\\\/wp-content\\\/uploads\\\/2016\\\/09\\\/VIOLETTE-EPHREM-271.jpg?fit=1024%2C683&quot;,&quot;id&quot;:&quot;4603&quot;,&quot;title&quot;:&quot;VIOLETTE \\u0026#038; EPHREM (271)&quot;,&quot;alt&quot;:&quot;&quot;,&quot;caption&quot;:&quot;&quot;,&quot;itemprop&quot;:&quot;image&quot;},{&quot;src&quot;:&quot;https:\\\/\\\/i0.wp.com\\\/www.tendm.net\\\/wp-content\\\/uploads\\\/2016\\\/09\\\/VIRGINIE-EMILIEN-251.jpg?fit=1024%2C683&quot;,&quot;id&quot;:&quot;4605&quot;,&quot;title&quot;:&quot;VIRGINIE \\u0026#038; EMILIEN (251)&quot;,&quot;alt&quot;:&quot;&quot;,&quot;caption&quot;:&quot;&quot;,&quot;itemprop&quot;:&quot;image&quot;},{&quot;src&quot;:&quot;https:\\\/\\\/i0.wp.com\\\/www.tendm.net\\\/wp-content\\\/uploads\\\/2016\\\/09\\\/CELINE-THOMAS-330.jpg?fit=1024%2C683&quot;,&quot;id&quot;:&quot;4598&quot;,&quot;title&quot;:&quot;CELINE \\u0026#038; THOMAS (330)&quot;,&quot;alt&quot;:&quot;&quot;,&quot;caption&quot;:&quot;&quot;,&quot;itemprop&quot;:&quot;image&quot;}]\" itemscope itemtype=\"https:\/\/schema.org\/ImageGallery\"><\/div>\n<p>&nbsp;<\/p>\n","protected":false},"excerpt":{"rendered":"<p>\u00ab\u00a0Pour garder en m\u00e9moire chaque d\u00e9tail de son mariage\u00a0\u00bb Paul and Zo, c&rsquo;est l&rsquo;immortalisation des souvenirs qui interviennent apr\u00e8s la 1ere rencontre, le 1er baiser, le 1er nid douillet, parfois le 1er b\u00e9b\u00e9&#8230; autrement dit,\u00a0le mariage ! Parce que vous devez garder en m\u00e9moire chaque d\u00e9tail et chaque instant de cette journ\u00e9e magique, le choix [&hellip;]<\/p>\n","protected":false},"author":1,"featured_media":2077,"parent":0,"menu_order":0,"comment_status":"closed","ping_status":"closed","template":"","meta":{"footnotes":""},"jetpack_sharing_enabled":true,"jetpack_shortlink":"https:\/\/wp.me\/P70bXT-xs","jetpack-related-posts":[],"_links":{"self":[{"href":"http:\/\/www.tendm.net\/index.php\/wp-json\/wp\/v2\/pages\/2074"}],"collection":[{"href":"http:\/\/www.tendm.net\/index.php\/wp-json\/wp\/v2\/pages"}],"about":[{"href":"http:\/\/www.tendm.net\/index.php\/wp-json\/wp\/v2\/types\/page"}],"author":[{"embeddable":true,"href":"http:\/\/www.tendm.net\/index.php\/wp-json\/wp\/v2\/users\/1"}],"replies":[{"embeddable":true,"href":"http:\/\/www.tendm.net\/index.php\/wp-json\/wp\/v2\/comments?post=2074"}],"version-history":[{"count":6,"href":"http:\/\/www.tendm.net\/index.php\/wp-json\/wp\/v2\/pages\/2074\/revisions"}],"predecessor-version":[{"id":5977,"href":"http:\/\/www.tendm.net\/index.php\/wp-json\/wp\/v2\/pages\/2074\/revisions\/5977"}],"wp:featuredmedia":[{"embeddable":true,"href":"http:\/\/www.tendm.net\/index.php\/wp-json\/wp\/v2\/media\/2077"}],"wp:attachment":[{"href":"http:\/\/www.tendm.net\/index.php\/wp-json\/wp\/v2\/media?parent=2074"}],"curies":[{"name":"wp","href":"https:\/\/api.w.org\/{rel}","templated":true}]}}