{"id":2266,"date":"2016-10-07T15:58:55","date_gmt":"2016-10-07T14:58:55","guid":{"rendered":"http:\/\/www.tendm.net\/?page_id=2266"},"modified":"2018-10-31T19:03:23","modified_gmt":"2018-10-31T18:03:23","slug":"les-disquaires-weddings","status":"publish","type":"page","link":"http:\/\/www.tendm.net\/index.php\/les-disquaires-weddings\/","title":{"rendered":"Les Disquaires Weddings"},"content":{"rendered":"<h1 style=\"text-align: center;\"><span style=\"color: #808080;\">\u00ab\u00a0Une animation de mariage qualitative\u00a0\u00bb<\/span><\/h1>\n<p>&nbsp;<\/p>\n<p><strong>C\u2019est quoi une Vinyl Party des Disquaires Weddings ?<\/strong><br \/>\nUne \u00ab\u00a0vinyl party\u00a0\u00bb (made in\u00a0\u00ab\u00a0Les Disquaires Weddings\u00a0\u00bb)\u00a0est un mix musical r\u00e9alis\u00e9 en direct,\u00a0<strong>100% avec\u00a0des disques vinyles, du cocktail au bout de la nuit<\/strong>, avec pour chaque \u00e9v\u00e8nement, plus\u00a0de 800 vinyles s\u00e9lectionn\u00e9s dans mes collections, \u00e0 la suite de nos rendez vous\u00a0(et bien s\u00fbr un ordi est l\u00e0 pour tout ce qui ne serait pas \u00e9dit\u00e9 sur ce format, pour se donner aucune limite !).<\/p>\n<p>Mixer avec des vinyles ne veut pas dire pour autant se restreindre\u00a0qu\u2019au r\u00e9tro, m\u00eame si j\u2019aime les vieux objets (radio, gramophone, guirlandes,\u00a0les vieilles lampes vintage\u2026). Ce n\u2019est pas non plus un effet de mode (6\u00e8me saison \u00e0 venir, et une centaine de mariages d\u00e9j\u00e0 r\u00e9alis\u00e9s) ou qu\u2019un seul objet de d\u00e9coration\u2026 mais la passion d\u2019un Dj collectionneur,\u00a0qui joue \u00e9galement dans des clubs, festivals, salles de concerts depuis presque 20 ans.<\/p>\n<p>C\u2019est dynamique (le son), c\u2019est visuel (l\u2019esth\u00e9tique d\u2019un disque sur une platine,\u00a0leur pochette unique sur notre pupitre et dans nos bacs) et cela cr\u00e9e une r\u00e9elle communication en revenant simplement \u00e0 l\u2019objet\u00a0et \u00e0 la musique qui tourne en direct (Out MP3, CD, USB, YouTube,T\u00e9l\u00e9phone portable\u2026).<\/p>\n<p>La \u00ab\u00a0Vinyl Party\u00a0\u00bb est destin\u00e9e aux amoureux de musiques (et aussi pour\u00a0les d\u00e9sabus\u00e9s de l\u2019animation classique), une alternative existe\u00a0o\u00f9 mes\u00a0disques vinyles (et leurs pochettes) viennent raconter votre histoire et leurs souvenirs avec vos invit\u00e9s (du disque\u00a0que vous ne pouviez pas atteindre chez vos parents, \u00e0 votre film pr\u00e9f\u00e9r\u00e9, \u00e0 l\u2019artiste du moment ou celui de votre rencontre\u2026).<\/p>\n<p>Bien s\u00fbr, pas de Dj, qui se met en avant au micro, faisant danser les sardines et les serviettes\u2026 on laisse cela aux autres, comme ceux qui se lancent dans la mode du vinyle,\u00a0avec quelques disques ray\u00e9s\u00a0dans une petite caisse en bois (au moment du cocktail) ou un serato reli\u00e9 \u00e0 un ordinateur pour faire semblant de mixer avec des disques vinyles\u2026<\/p>\n<p>Travaillant exclusivement sur platines et disques vinyles, notre collection de 33t et 45t s\u2019\u00e9tend des ann\u00e9es quarante jusqu\u2019aux musiques actuelles : 40\u2019s-50\u2019s-60\u2019s-70\u2019s-80\u2019s-90\u2019s\/bossa-latino\/rap\/hip hop\/ reggae\/easy listening\/jazz\/pop-rock\/indie &amp; brit pop\/surf\/soul-funk-groove\/electro\u2026<strong>Mix vinyle mais jamais r\u00e9tro !<\/strong>\u00a0On marie tous les styles, toutes les \u00e9poques\u2026 pour vous et vos invit\u00e9s de tout \u00e2ge.<\/p>\n<h5>Services propos\u00e9s :<\/h5>\n<p>Nous mixons essentiellement avec des disques vinyles issues de nos collections :<br \/>\njazz, easy listening, soul, funk, bossa nova, rock 60\/70\/80\/90\u2019s et actuel, pop, brit pop, indie pop, electro, reggae, rap, hip hop, afro jazz, latin jazz, grunge, garage, surf rock\u2026<strong><br \/>\n<\/strong>Nous nous d\u00e9pla\u00e7ons 1 ou 2 djs en fonction des besoins et des th\u00e9matiques, toute l\u2019ann\u00e9e, partout en France, et m\u00eame exceptionnellement \u00e0 l\u2019\u00e9tranger.<\/p>\n<p>Ma passion m\u2019anime chaque jour pour partager avec vous de nouvelles belles histoires musicales, avec mes\u00a0plus beaux vinyles, issues de mes collections. C\u2019est aussi tous les mois des nouvelles\u00a0<a href=\"https:\/\/www.mixcloud.com\/lesdisquairesweddings\/\" data-saferedirecturl=\"https:\/\/www.google.com\/url?hl=fr&amp;q=https:\/\/www.mixcloud.com\/lesdisquairesweddings\/&amp;source=gmail&amp;ust=1508320838798000&amp;usg=AFQjCNEtUjP5UH_Cjzefpe0JfnUZ_jGP9g\">playlistes<\/a>\u00a0en \u00e9coute, afin d\u2019\u00e9changer avec vous sur la musique (une mini communaut\u00e9 du vinyle via nos r\u00e9seaux sociaux),\u00a0chiner pour vous des perles rares (chez les disquaires du monde entier), vous ouvrir mes collections,\u00a0d\u00e9couvrir de nouveaux sons (\u00e0 travers vos histoires et nos rencontres) et simplement \u00eatre original pour rendre votre \u00e9v\u00e9nement unique !<\/p>\n<p>Pour continuer \u00e0 faire connaissance, une nouvelle page vous renseigne \u00e9galement sur notre site :\u00a0<a href=\"https:\/\/lesdisquairesweddings.wordpress.com\/vos-questions-les-plus-frequentes\/\" data-saferedirecturl=\"https:\/\/www.google.com\/url?hl=fr&amp;q=https:\/\/lesdisquairesweddings.wordpress.com\/vos-questions-les-plus-frequentes\/&amp;source=gmail&amp;ust=1508320838798000&amp;usg=AFQjCNGQ5jVN6uIpXBvqiXwK1EMm0iC5Rw\">Questions Fr\u00e9quentes<\/a><\/p>\n<p>Sur demande, nous proposons \u00e9galement des\u00a0<strong>ateliers autour du vinyle !<br \/>\n<\/strong>\u2022 Blind Test Musical (par \u00e9quipe)<br \/>\n\u2022 Jukebox dans nos caisses \u00e0 vinyles (DIG VINYL)<\/p>\n<p>\u2022 Warm Up du Vendredi ou Chill du Dimanche avec un deuxi\u00e8me Dj<br \/>\n\u2022 Atelier Gramophone (id\u00e9al pour les enfants, mais pas que\u2026)<\/p>\n<p><em><a href=\"http:\/\/www.lesdisquairesweddings.com\/\" data-saferedirecturl=\"https:\/\/www.google.com\/url?hl=fr&amp;q=http:\/\/www.lesdisquairesweddings.com\/&amp;source=gmail&amp;ust=1508320838798000&amp;usg=AFQjCNE1Qv_YkrHY5LV1dbTUQsU1Z_fMyw\">Les Disquaires Weddings<\/a>, au pluriel, pour marier tous les styles, toutes les \u00e9poques\u2026 fun et toujours de bon go\u00fbt, mais aussi pour des mariages diff\u00e9rents, avec une\u00a0approche pour que\u00a0votre \u00e9v\u00e9nement soit unique, f\u00e9d\u00e9rateur\u00a0pour tous vos\u00a0invit\u00e9s\u00a0et \u00e0 votre image.<\/em><\/p>\n<p>&nbsp;<\/p>\n<p style=\"text-align: center;\"><strong>LES DISQUAIRES WEDDINGS<\/strong><br \/>\n<a href=\"https:\/\/lesdisquairesweddings.wordpress.com\/\">\u00a0www.lesdisquairesweddings.com\u00a0<\/a><br \/>\n<a href=\"mailto:lesdisquairesweddings@gmail.com\">lesdisquairesweddings@gmail.com<\/a><br \/>\n<a href=\"http:\/\/www.facebook.com\/Les-Disquaires-Weddings-747936038550782\/\">Facebook<br \/>\n<\/a><a href=\"https:\/\/www.instagram.com\/lesdisquairesweddings\/?hl=fr\">Instagram<\/a><br \/>\n<a href=\"https:\/\/www.mixcloud.com\/LesDisquairesWeddings\/\">Mixcloud<\/a><\/p>\n<p>&nbsp;<\/p>\n<p class=\"jetpack-slideshow-noscript robots-nocontent\">Ce diaporama n\u00e9cessite JavaScript.<\/p><div id=\"gallery-2266-1-slideshow\" class=\"jetpack-slideshow-window jetpack-slideshow jetpack-slideshow-black\" data-trans=\"fade\" data-autostart=\"1\" data-gallery=\"[{&quot;src&quot;:&quot;https:\\\/\\\/i0.wp.com\\\/www.tendm.net\\\/wp-content\\\/uploads\\\/2018\\\/10\\\/1-celinezed.jpg?fit=1024%2C681&quot;,&quot;id&quot;:&quot;6877&quot;,&quot;title&quot;:&quot;1-celinezed&quot;,&quot;alt&quot;:&quot;&quot;,&quot;caption&quot;:&quot;&quot;,&quot;itemprop&quot;:&quot;image&quot;},{&quot;src&quot;:&quot;https:\\\/\\\/i0.wp.com\\\/www.tendm.net\\\/wp-content\\\/uploads\\\/2018\\\/10\\\/2-celinezed033_33591966553_o.jpg?fit=1024%2C681&quot;,&quot;id&quot;:&quot;6878&quot;,&quot;title&quot;:&quot;2-celinezed033_33591966553_o&quot;,&quot;alt&quot;:&quot;&quot;,&quot;caption&quot;:&quot;&quot;,&quot;itemprop&quot;:&quot;image&quot;},{&quot;src&quot;:&quot;https:\\\/\\\/i0.wp.com\\\/www.tendm.net\\\/wp-content\\\/uploads\\\/2018\\\/10\\\/3-CM-Studiohuit-922.jpg?fit=1024%2C683&quot;,&quot;id&quot;:&quot;6879&quot;,&quot;title&quot;:&quot;3-CM-Studiohuit-922&quot;,&quot;alt&quot;:&quot;&quot;,&quot;caption&quot;:&quot;&quot;,&quot;itemprop&quot;:&quot;image&quot;},{&quot;src&quot;:&quot;https:\\\/\\\/i0.wp.com\\\/www.tendm.net\\\/wp-content\\\/uploads\\\/2018\\\/10\\\/4-celinezed218_34017341470_o.jpg?fit=1024%2C681&quot;,&quot;id&quot;:&quot;6880&quot;,&quot;title&quot;:&quot;4-celinezed218_34017341470_o&quot;,&quot;alt&quot;:&quot;&quot;,&quot;caption&quot;:&quot;&quot;,&quot;itemprop&quot;:&quot;image&quot;},{&quot;src&quot;:&quot;https:\\\/\\\/i0.wp.com\\\/www.tendm.net\\\/wp-content\\\/uploads\\\/2018\\\/10\\\/5-Chloe-Antoine-Studiohuit-683.jpg?fit=1024%2C683&quot;,&quot;id&quot;:&quot;6881&quot;,&quot;title&quot;:&quot;5-Chloe-Antoine-Studiohuit-683&quot;,&quot;alt&quot;:&quot;&quot;,&quot;caption&quot;:&quot;&quot;,&quot;itemprop&quot;:&quot;image&quot;},{&quot;src&quot;:&quot;https:\\\/\\\/i0.wp.com\\\/www.tendm.net\\\/wp-content\\\/uploads\\\/2018\\\/10\\\/7-AN663-YorisPhotographe.jpg?fit=1024%2C683&quot;,&quot;id&quot;:&quot;6882&quot;,&quot;title&quot;:&quot;7-A\\u0026#038;N663-YorisPhotographe&quot;,&quot;alt&quot;:&quot;&quot;,&quot;caption&quot;:&quot;&quot;,&quot;itemprop&quot;:&quot;image&quot;},{&quot;src&quot;:&quot;https:\\\/\\\/i0.wp.com\\\/www.tendm.net\\\/wp-content\\\/uploads\\\/2018\\\/10\\\/9-czed.jpg?fit=1024%2C681&quot;,&quot;id&quot;:&quot;6883&quot;,&quot;title&quot;:&quot;9-czed&quot;,&quot;alt&quot;:&quot;&quot;,&quot;caption&quot;:&quot;&quot;,&quot;itemprop&quot;:&quot;image&quot;},{&quot;src&quot;:&quot;https:\\\/\\\/i0.wp.com\\\/www.tendm.net\\\/wp-content\\\/uploads\\\/2018\\\/10\\\/10-czed205_34243014542_o.jpg?fit=1024%2C681&quot;,&quot;id&quot;:&quot;6884&quot;,&quot;title&quot;:&quot;10-czed205_34243014542_o&quot;,&quot;alt&quot;:&quot;&quot;,&quot;caption&quot;:&quot;&quot;,&quot;itemprop&quot;:&quot;image&quot;},{&quot;src&quot;:&quot;https:\\\/\\\/i0.wp.com\\\/www.tendm.net\\\/wp-content\\\/uploads\\\/2018\\\/10\\\/12-Wedding-2447-PereandMarga-WEB.jpg?fit=1024%2C681&quot;,&quot;id&quot;:&quot;6885&quot;,&quot;title&quot;:&quot;12-Wedding-2447-PereandMarga-WEB&quot;,&quot;alt&quot;:&quot;&quot;,&quot;caption&quot;:&quot;&quot;,&quot;itemprop&quot;:&quot;image&quot;},{&quot;src&quot;:&quot;https:\\\/\\\/i0.wp.com\\\/www.tendm.net\\\/wp-content\\\/uploads\\\/2018\\\/10\\\/13-LDW-PROMISE.jpg?fit=1024%2C726&quot;,&quot;id&quot;:&quot;6886&quot;,&quot;title&quot;:&quot;13-LDW-PROMISE&quot;,&quot;alt&quot;:&quot;&quot;,&quot;caption&quot;:&quot;&quot;,&quot;itemprop&quot;:&quot;image&quot;},{&quot;src&quot;:&quot;https:\\\/\\\/i0.wp.com\\\/www.tendm.net\\\/wp-content\\\/uploads\\\/2018\\\/10\\\/44581834_1877706495617502_7243447368153038848_n.jpg?fit=960%2C639&quot;,&quot;id&quot;:&quot;6887&quot;,&quot;title&quot;:&quot;44581834_1877706495617502_7243447368153038848_n&quot;,&quot;alt&quot;:&quot;&quot;,&quot;caption&quot;:&quot;&quot;,&quot;itemprop&quot;:&quot;image&quot;},{&quot;src&quot;:&quot;https:\\\/\\\/i0.wp.com\\\/www.tendm.net\\\/wp-content\\\/uploads\\\/2018\\\/10\\\/baptistehauville-photographe-mariage-stephanie-nicolas-250818-563.jpg?fit=1024%2C683&quot;,&quot;id&quot;:&quot;6888&quot;,&quot;title&quot;:&quot;baptistehauville-photographe-mariage-stephanie-nicolas-250818-563&quot;,&quot;alt&quot;:&quot;&quot;,&quot;caption&quot;:&quot;&quot;,&quot;itemprop&quot;:&quot;image&quot;},{&quot;src&quot;:&quot;https:\\\/\\\/i0.wp.com\\\/www.tendm.net\\\/wp-content\\\/uploads\\\/2018\\\/10\\\/CH-Cocktail-F.CAUX183.jpg?fit=1024%2C682&quot;,&quot;id&quot;:&quot;6889&quot;,&quot;title&quot;:&quot;C+H-Cocktail-F.CAUX(183)&quot;,&quot;alt&quot;:&quot;&quot;,&quot;caption&quot;:&quot;&quot;,&quot;itemprop&quot;:&quot;image&quot;},{&quot;src&quot;:&quot;https:\\\/\\\/i0.wp.com\\\/www.tendm.net\\\/wp-content\\\/uploads\\\/2018\\\/10\\\/LDW-FLORIANECAUX.jpg?fit=682%2C1024&quot;,&quot;id&quot;:&quot;6890&quot;,&quot;title&quot;:&quot;LDW-FLORIANECAUX&quot;,&quot;alt&quot;:&quot;&quot;,&quot;caption&quot;:&quot;&quot;,&quot;itemprop&quot;:&quot;image&quot;}]\" itemscope itemtype=\"https:\/\/schema.org\/ImageGallery\"><\/div>\n","protected":false},"excerpt":{"rendered":"<p>\u00ab\u00a0Une animation de mariage qualitative\u00a0\u00bb &nbsp; C\u2019est quoi une Vinyl Party des Disquaires Weddings ? Une \u00ab\u00a0vinyl party\u00a0\u00bb (made in\u00a0\u00ab\u00a0Les Disquaires Weddings\u00a0\u00bb)\u00a0est un mix musical r\u00e9alis\u00e9 en direct,\u00a0100% avec\u00a0des disques vinyles, du cocktail au bout de la nuit, avec pour chaque \u00e9v\u00e8nement, plus\u00a0de 800 vinyles s\u00e9lectionn\u00e9s dans mes collections, \u00e0 la suite de nos rendez [&hellip;]<\/p>\n","protected":false},"author":1,"featured_media":2268,"parent":0,"menu_order":0,"comment_status":"closed","ping_status":"closed","template":"","meta":{"footnotes":""},"jetpack_sharing_enabled":true,"jetpack_shortlink":"https:\/\/wp.me\/P70bXT-Ay","jetpack-related-posts":[],"_links":{"self":[{"href":"http:\/\/www.tendm.net\/index.php\/wp-json\/wp\/v2\/pages\/2266"}],"collection":[{"href":"http:\/\/www.tendm.net\/index.php\/wp-json\/wp\/v2\/pages"}],"about":[{"href":"http:\/\/www.tendm.net\/index.php\/wp-json\/wp\/v2\/types\/page"}],"author":[{"embeddable":true,"href":"http:\/\/www.tendm.net\/index.php\/wp-json\/wp\/v2\/users\/1"}],"replies":[{"embeddable":true,"href":"http:\/\/www.tendm.net\/index.php\/wp-json\/wp\/v2\/comments?post=2266"}],"version-history":[{"count":20,"href":"http:\/\/www.tendm.net\/index.php\/wp-json\/wp\/v2\/pages\/2266\/revisions"}],"predecessor-version":[{"id":6891,"href":"http:\/\/www.tendm.net\/index.php\/wp-json\/wp\/v2\/pages\/2266\/revisions\/6891"}],"wp:featuredmedia":[{"embeddable":true,"href":"http:\/\/www.tendm.net\/index.php\/wp-json\/wp\/v2\/media\/2268"}],"wp:attachment":[{"href":"http:\/\/www.tendm.net\/index.php\/wp-json\/wp\/v2\/media?parent=2266"}],"curies":[{"name":"wp","href":"https:\/\/api.w.org\/{rel}","templated":true}]}}