{"id":2523,"date":"2016-10-28T16:01:15","date_gmt":"2016-10-28T15:01:15","guid":{"rendered":"http:\/\/www.tendm.net\/?page_id=2523"},"modified":"2018-04-04T11:33:38","modified_gmt":"2018-04-04T10:33:38","slug":"grenier-de-pauline","status":"publish","type":"page","link":"http:\/\/www.tendm.net\/index.php\/grenier-de-pauline\/","title":{"rendered":"Le Grenier de Pauline"},"content":{"rendered":"<h1 style=\"text-align: center;\"><\/h1>\n<h1 style=\"text-align: center;\"><span style=\"color: #808080;\">\u00ab\u00a0Chef d\u2019orchestre de l\u2019ensemble de la d\u00e9coration de votre mariage\u00a0\u00bb<\/span><\/h1>\n<p>&nbsp;<\/p>\n<p style=\"text-align: justify;\"><span style=\"color: #000000;\"><strong>Qui sommes nous?<\/strong><\/span><span style=\"color: #cc8366;\"><strong><br \/>\n<\/strong><\/span>Pauline, directrice artistique, passionn\u00e9e de jolis papiers et de petits d\u00e9tails, elle est \u00e0 l\u2019origine du studio graphique.<br \/>\nProfessionnelle dans l\u2019\u00e9v\u00e8nementiel pendant 6 ans, elle s\u2019adonne aujourd\u2019hui \u00e0 annoncer ou d\u00e9corer les f\u00eates de famille, et les r\u00e9ceptions profesionnelles.<br \/>\nAddict aux vide-greniers, passionn\u00e9e de brocante, elle imagine des univers personnalis\u00e9s selon ses trouvailles. Accompagn\u00e9e dans la vie par Monsieur B, ils vivent entre Toulouse et N\u00eemes, motiv\u00e9s par leurs passions, amoureux d\u2019ap\u00e9ros en terrasse, et de petits d\u00e9j au lit, de moments de partages, et des plaisirs simples de la vie&#8230;<\/p>\n<p style=\"text-align: justify;\">Situ\u00e9 pr\u00e8s de Toulouse, l\u2019Atelier est le lieu de cr\u00e9ation o\u00f9 se m\u00e9langent le studio graphique et l\u2019atelier de confection.<br \/>\nA travers les collections de papeteries, le Grenier de Pauline propose des faire-part cr\u00e9atifs, en imaginant chaque d\u00e9tail pour qu\u2019il soit le reflet de votre personnalit\u00e9 : le studio du Grenier vous accompagne pour \u00e9crire et transmettre vos plus beaux messages \u00e0 vos proches.<br \/>\nLe Grenier r\u00e9alise le montage de vos commandes avec amour du d\u00e9tail : Pauline fait appel \u00e0 des artisans pour des mati\u00e8res premi\u00e8res de qualit\u00e9 et a, notamment, rencontr\u00e9 son imprimeur \u00e0 deux pas de l\u2019Atelier ! Amoureux du papier, il imprimera le bonheur que vous souhaitez partager !<\/p>\n<p style=\"text-align: justify;\"><span style=\"color: #000000;\"><strong>Services propos\u00e9s:<\/strong><\/span><br \/>\n-Wedding designer\u00a0: Design artistique de l\u2019ensemble de votre \u00e9v\u00e9nement\u00a0(fleurs, accessoires d\u00e9coratif, papeterie jour J, mise en lumi\u00e8re\u2026)<br \/>\n&#8211; Location d\u2019articles de d\u00e9coration (mobilier, accessoires\u2026)<br \/>\n-Papeterie\u00a0: save the date, faire part, Tampons, menu, marque place, nom de table : Tote bag, badges, cadeaux d\u2019invit\u00e9s\u2026<br \/>\n&#8211; Signal\u00e9tique\u00a0: panneaux en bois, s\u00e9rigraph\u00e9s sur mesure<br \/>\n-Disponibilit\u00e9s\u00a0: toute l\u2019ann\u00e9e<br \/>\n-Fourchette de prix\u00a0: sur devis<br \/>\n-Modes de r\u00e8glement\u00a0: cheque, virement, esp\u00e8ces<\/p>\n<blockquote>\n<p style=\"text-align: justify;\">Chef d\u2019orchestre de l\u2019ensemble de la d\u00e9coration de votre mariage, je propose plusieurs formules adapt\u00e9es \u00e0 votre budget.<\/p>\n<\/blockquote>\n<p style=\"text-align: center;\"><span style=\"color: #808080;\"><strong>Le Grenier de Pauline<br \/>\n<\/strong>4 impasse de la mouyssaguese<\/span><br \/>\n<span style=\"color: #808080;\"> 31130 pin balma<\/span><br \/>\n<span style=\"color: #808080;\">06 63 37 86 38<\/span><br \/>\n<span style=\"color: #808080;\"><a style=\"color: #808080;\" href=\"http:\/\/www.legrenierdepauline.fr\">www.legrenierdepauline.fr<br \/>\n<\/a><strong>\u00a0<\/strong><a style=\"color: #808080;\" href=\"mailto:contact@legrenierdepauline.fr\">contact@legrenierdepauline.fr<\/a><\/span><br \/>\n<span style=\"color: #808080;\"> <strong><a style=\"color: #808080;\" href=\"https:\/\/www.facebook.com\/legrenierdepauline\">Facebook<\/a><a style=\"color: #808080;\" href=\"https:\/\/www.facebook.com\/legrenierdepauline\">\u00a0<\/a><\/strong><\/span><br \/>\n<span style=\"color: #808080;\"> <a style=\"color: #808080;\" href=\"https:\/\/www.instagram.com\/le_grenier_de_pauline\/?hl=fr\"><b>Instagram<\/b><\/a><\/span><\/p>\n<p>&nbsp;<\/p>\n<p class=\"jetpack-slideshow-noscript robots-nocontent\">Ce diaporama n\u00e9cessite JavaScript.<\/p><div id=\"gallery-2523-1-slideshow\" class=\"jetpack-slideshow-window jetpack-slideshow jetpack-slideshow-black\" data-trans=\"fade\" data-autostart=\"1\" data-gallery=\"[{&quot;src&quot;:&quot;https:\\\/\\\/i0.wp.com\\\/www.tendm.net\\\/wp-content\\\/uploads\\\/2016\\\/10\\\/czed120_37241095005_o.jpg?fit=1024%2C681&quot;,&quot;id&quot;:&quot;4680&quot;,&quot;title&quot;:&quot;czed120_37241095005_o&quot;,&quot;alt&quot;:&quot;&quot;,&quot;caption&quot;:&quot;&quot;,&quot;itemprop&quot;:&quot;image&quot;},{&quot;src&quot;:&quot;https:\\\/\\\/i0.wp.com\\\/www.tendm.net\\\/wp-content\\\/uploads\\\/2016\\\/10\\\/czed510_36426239483_o.jpg?fit=1024%2C681&quot;,&quot;id&quot;:&quot;4681&quot;,&quot;title&quot;:&quot;czed510_36426239483_o&quot;,&quot;alt&quot;:&quot;&quot;,&quot;caption&quot;:&quot;&quot;,&quot;itemprop&quot;:&quot;image&quot;},{&quot;src&quot;:&quot;https:\\\/\\\/i0.wp.com\\\/www.tendm.net\\\/wp-content\\\/uploads\\\/2016\\\/10\\\/czed522_37050236816_o.jpg?fit=1024%2C681&quot;,&quot;id&quot;:&quot;4682&quot;,&quot;title&quot;:&quot;czed522_37050236816_o&quot;,&quot;alt&quot;:&quot;&quot;,&quot;caption&quot;:&quot;&quot;,&quot;itemprop&quot;:&quot;image&quot;},{&quot;src&quot;:&quot;https:\\\/\\\/i0.wp.com\\\/www.tendm.net\\\/wp-content\\\/uploads\\\/2016\\\/10\\\/czed539_37097784731_o.jpg?fit=1024%2C681&quot;,&quot;id&quot;:&quot;4683&quot;,&quot;title&quot;:&quot;czed539_37097784731_o&quot;,&quot;alt&quot;:&quot;&quot;,&quot;caption&quot;:&quot;&quot;,&quot;itemprop&quot;:&quot;image&quot;},{&quot;src&quot;:&quot;https:\\\/\\\/i0.wp.com\\\/www.tendm.net\\\/wp-content\\\/uploads\\\/2016\\\/10\\\/FannyCOMBESPhotographieDSC_5728InspirationFRENCHIC.jpg?fit=681%2C1024&quot;,&quot;id&quot;:&quot;4684&quot;,&quot;title&quot;:&quot;FannyCOMBESPhotographieDSC_5728InspirationFRENCHIC&quot;,&quot;alt&quot;:&quot;&quot;,&quot;caption&quot;:&quot;&quot;,&quot;itemprop&quot;:&quot;image&quot;},{&quot;src&quot;:&quot;https:\\\/\\\/i0.wp.com\\\/www.tendm.net\\\/wp-content\\\/uploads\\\/2016\\\/10\\\/FannyCOMBESPhotographieDSC_5755InspirationFRENCHIC.jpg?fit=1000%2C665&quot;,&quot;id&quot;:&quot;4685&quot;,&quot;title&quot;:&quot;Le Grenier de Pauline&quot;,&quot;alt&quot;:&quot;&quot;,&quot;caption&quot;:&quot;Sc\\u00e9nographie \\u0026#038; Faire-part&quot;,&quot;itemprop&quot;:&quot;image&quot;},{&quot;src&quot;:&quot;https:\\\/\\\/i0.wp.com\\\/www.tendm.net\\\/wp-content\\\/uploads\\\/2016\\\/10\\\/legrenierdepauline_collection_aquarelle.jpg?fit=1024%2C585&quot;,&quot;id&quot;:&quot;4686&quot;,&quot;title&quot;:&quot;legrenierdepauline_collection_aquarelle&quot;,&quot;alt&quot;:&quot;&quot;,&quot;caption&quot;:&quot;&quot;,&quot;itemprop&quot;:&quot;image&quot;},{&quot;src&quot;:&quot;https:\\\/\\\/i0.wp.com\\\/www.tendm.net\\\/wp-content\\\/uploads\\\/2016\\\/10\\\/legrenierdepauline_collection_aquarelle2.jpg?fit=600%2C600&quot;,&quot;id&quot;:&quot;4687&quot;,&quot;title&quot;:&quot;legrenierdepauline_collection_aquarelle2&quot;,&quot;alt&quot;:&quot;&quot;,&quot;caption&quot;:&quot;&quot;,&quot;itemprop&quot;:&quot;image&quot;},{&quot;src&quot;:&quot;https:\\\/\\\/i0.wp.com\\\/www.tendm.net\\\/wp-content\\\/uploads\\\/2016\\\/10\\\/legrenierdepauline_collection_justlove.jpg?fit=1024%2C585&quot;,&quot;id&quot;:&quot;4688&quot;,&quot;title&quot;:&quot;legrenierdepauline_collection_justlove&quot;,&quot;alt&quot;:&quot;&quot;,&quot;caption&quot;:&quot;&quot;,&quot;itemprop&quot;:&quot;image&quot;},{&quot;src&quot;:&quot;https:\\\/\\\/i0.wp.com\\\/www.tendm.net\\\/wp-content\\\/uploads\\\/2016\\\/10\\\/legrenierdepauline_collection_manufacture.jpg?fit=600%2C300&quot;,&quot;id&quot;:&quot;4689&quot;,&quot;title&quot;:&quot;legrenierdepauline_collection_manufacture&quot;,&quot;alt&quot;:&quot;&quot;,&quot;caption&quot;:&quot;&quot;,&quot;itemprop&quot;:&quot;image&quot;},{&quot;src&quot;:&quot;https:\\\/\\\/i0.wp.com\\\/www.tendm.net\\\/wp-content\\\/uploads\\\/2016\\\/10\\\/legrenierdepauline_collection_origami.jpg?fit=1024%2C585&quot;,&quot;id&quot;:&quot;4690&quot;,&quot;title&quot;:&quot;legrenierdepauline_collection_origami&quot;,&quot;alt&quot;:&quot;&quot;,&quot;caption&quot;:&quot;&quot;,&quot;itemprop&quot;:&quot;image&quot;},{&quot;src&quot;:&quot;https:\\\/\\\/i0.wp.com\\\/www.tendm.net\\\/wp-content\\\/uploads\\\/2016\\\/10\\\/legrenierdepauline_commander.jpg?fit=1024%2C585&quot;,&quot;id&quot;:&quot;4691&quot;,&quot;title&quot;:&quot;legrenierdepauline_commander&quot;,&quot;alt&quot;:&quot;&quot;,&quot;caption&quot;:&quot;&quot;,&quot;itemprop&quot;:&quot;image&quot;},{&quot;src&quot;:&quot;https:\\\/\\\/i0.wp.com\\\/www.tendm.net\\\/wp-content\\\/uploads\\\/2016\\\/10\\\/legrenierdepauline_decoration_geometrique.jpg?fit=1024%2C585&quot;,&quot;id&quot;:&quot;4692&quot;,&quot;title&quot;:&quot;legrenierdepauline_decoration_geometrique&quot;,&quot;alt&quot;:&quot;&quot;,&quot;caption&quot;:&quot;&quot;,&quot;itemprop&quot;:&quot;image&quot;},{&quot;src&quot;:&quot;https:\\\/\\\/i0.wp.com\\\/www.tendm.net\\\/wp-content\\\/uploads\\\/2016\\\/10\\\/legrenierdepauline_decoration_mariage_gerometrique.jpg?fit=1024%2C585&quot;,&quot;id&quot;:&quot;4693&quot;,&quot;title&quot;:&quot;legrenierdepauline_decoration_mariage_gerometrique&quot;,&quot;alt&quot;:&quot;&quot;,&quot;caption&quot;:&quot;&quot;,&quot;itemprop&quot;:&quot;image&quot;},{&quot;src&quot;:&quot;https:\\\/\\\/i0.wp.com\\\/www.tendm.net\\\/wp-content\\\/uploads\\\/2016\\\/10\\\/legrenierdepauline_decoration_mariage_plage.jpg?fit=1024%2C585&quot;,&quot;id&quot;:&quot;4694&quot;,&quot;title&quot;:&quot;legrenierdepauline_decoration_mariage_plage&quot;,&quot;alt&quot;:&quot;&quot;,&quot;caption&quot;:&quot;&quot;,&quot;itemprop&quot;:&quot;image&quot;},{&quot;src&quot;:&quot;https:\\\/\\\/i0.wp.com\\\/www.tendm.net\\\/wp-content\\\/uploads\\\/2016\\\/10\\\/legrenierdepauline_location_baralimonade.jpg?fit=1024%2C585&quot;,&quot;id&quot;:&quot;4695&quot;,&quot;title&quot;:&quot;legrenierdepauline_location_baralimonade&quot;,&quot;alt&quot;:&quot;&quot;,&quot;caption&quot;:&quot;&quot;,&quot;itemprop&quot;:&quot;image&quot;},{&quot;src&quot;:&quot;https:\\\/\\\/i0.wp.com\\\/www.tendm.net\\\/wp-content\\\/uploads\\\/2016\\\/10\\\/legrenierdepauline_location_fauteuilemmanuelle.jpg?fit=600%2C600&quot;,&quot;id&quot;:&quot;4696&quot;,&quot;title&quot;:&quot;legrenierdepauline_location_fauteuilemmanuelle&quot;,&quot;alt&quot;:&quot;&quot;,&quot;caption&quot;:&quot;Sc\\u00e9nographie&quot;,&quot;itemprop&quot;:&quot;image&quot;},{&quot;src&quot;:&quot;https:\\\/\\\/i0.wp.com\\\/www.tendm.net\\\/wp-content\\\/uploads\\\/2016\\\/10\\\/legrenierdepauline_mariage_cool.jpg?fit=1024%2C585&quot;,&quot;id&quot;:&quot;4697&quot;,&quot;title&quot;:&quot;legrenierdepauline_mariage_cool&quot;,&quot;alt&quot;:&quot;&quot;,&quot;caption&quot;:&quot;&quot;,&quot;itemprop&quot;:&quot;image&quot;},{&quot;src&quot;:&quot;https:\\\/\\\/i0.wp.com\\\/www.tendm.net\\\/wp-content\\\/uploads\\\/2016\\\/10\\\/legrenierdepauline_tampon_gateaux.jpg?fit=600%2C600&quot;,&quot;id&quot;:&quot;4698&quot;,&quot;title&quot;:&quot;legrenierdepauline_tampon_gateaux&quot;,&quot;alt&quot;:&quot;&quot;,&quot;caption&quot;:&quot;&quot;,&quot;itemprop&quot;:&quot;image&quot;},{&quot;src&quot;:&quot;https:\\\/\\\/i0.wp.com\\\/www.tendm.net\\\/wp-content\\\/uploads\\\/2016\\\/10\\\/legrenierdepauline_tampon_gateaux2.jpg?fit=600%2C600&quot;,&quot;id&quot;:&quot;4699&quot;,&quot;title&quot;:&quot;legrenierdepauline_tampon_gateaux2&quot;,&quot;alt&quot;:&quot;&quot;,&quot;caption&quot;:&quot;&quot;,&quot;itemprop&quot;:&quot;image&quot;},{&quot;src&quot;:&quot;https:\\\/\\\/i0.wp.com\\\/www.tendm.net\\\/wp-content\\\/uploads\\\/2016\\\/10\\\/legrenierdepauline_tampon_gateaux3.jpg?fit=600%2C600&quot;,&quot;id&quot;:&quot;4700&quot;,&quot;title&quot;:&quot;legrenierdepauline_tampon_gateaux3&quot;,&quot;alt&quot;:&quot;&quot;,&quot;caption&quot;:&quot;&quot;,&quot;itemprop&quot;:&quot;image&quot;},{&quot;src&quot;:&quot;https:\\\/\\\/i0.wp.com\\\/www.tendm.net\\\/wp-content\\\/uploads\\\/2016\\\/10\\\/legrenierdepauline_tampon_gateaux4.jpg?fit=600%2C600&quot;,&quot;id&quot;:&quot;4701&quot;,&quot;title&quot;:&quot;legrenierdepauline_tampon_gateaux4&quot;,&quot;alt&quot;:&quot;&quot;,&quot;caption&quot;:&quot;&quot;,&quot;itemprop&quot;:&quot;image&quot;},{&quot;src&quot;:&quot;https:\\\/\\\/i0.wp.com\\\/www.tendm.net\\\/wp-content\\\/uploads\\\/2016\\\/10\\\/legrenierdepauline_tampon_gateaux5.jpg?fit=600%2C600&quot;,&quot;id&quot;:&quot;4702&quot;,&quot;title&quot;:&quot;legrenierdepauline_tampon_gateaux5&quot;,&quot;alt&quot;:&quot;&quot;,&quot;caption&quot;:&quot;&quot;,&quot;itemprop&quot;:&quot;image&quot;}]\" itemscope itemtype=\"https:\/\/schema.org\/ImageGallery\"><\/div>\n","protected":false},"excerpt":{"rendered":"<p>\u00ab\u00a0Chef d\u2019orchestre de l\u2019ensemble de la d\u00e9coration de votre mariage\u00a0\u00bb &nbsp; Qui sommes nous? Pauline, directrice artistique, passionn\u00e9e de jolis papiers et de petits d\u00e9tails, elle est \u00e0 l\u2019origine du studio graphique. Professionnelle dans l\u2019\u00e9v\u00e8nementiel pendant 6 ans, elle s\u2019adonne aujourd\u2019hui \u00e0 annoncer ou d\u00e9corer les f\u00eates de famille, et les r\u00e9ceptions profesionnelles. Addict aux [&hellip;]<\/p>\n","protected":false},"author":1,"featured_media":4688,"parent":0,"menu_order":0,"comment_status":"closed","ping_status":"closed","template":"","meta":{"footnotes":""},"jetpack_sharing_enabled":true,"jetpack_shortlink":"https:\/\/wp.me\/P70bXT-EH","jetpack-related-posts":[],"_links":{"self":[{"href":"http:\/\/www.tendm.net\/index.php\/wp-json\/wp\/v2\/pages\/2523"}],"collection":[{"href":"http:\/\/www.tendm.net\/index.php\/wp-json\/wp\/v2\/pages"}],"about":[{"href":"http:\/\/www.tendm.net\/index.php\/wp-json\/wp\/v2\/types\/page"}],"author":[{"embeddable":true,"href":"http:\/\/www.tendm.net\/index.php\/wp-json\/wp\/v2\/users\/1"}],"replies":[{"embeddable":true,"href":"http:\/\/www.tendm.net\/index.php\/wp-json\/wp\/v2\/comments?post=2523"}],"version-history":[{"count":7,"href":"http:\/\/www.tendm.net\/index.php\/wp-json\/wp\/v2\/pages\/2523\/revisions"}],"predecessor-version":[{"id":5857,"href":"http:\/\/www.tendm.net\/index.php\/wp-json\/wp\/v2\/pages\/2523\/revisions\/5857"}],"wp:featuredmedia":[{"embeddable":true,"href":"http:\/\/www.tendm.net\/index.php\/wp-json\/wp\/v2\/media\/4688"}],"wp:attachment":[{"href":"http:\/\/www.tendm.net\/index.php\/wp-json\/wp\/v2\/media?parent=2523"}],"curies":[{"name":"wp","href":"https:\/\/api.w.org\/{rel}","templated":true}]}}