{"id":2577,"date":"2016-10-28T16:51:48","date_gmt":"2016-10-28T15:51:48","guid":{"rendered":"http:\/\/www.tendm.net\/?page_id=2577"},"modified":"2018-04-04T12:08:47","modified_gmt":"2018-04-04T11:08:47","slug":"lart-de-faire-rever","status":"publish","type":"page","link":"http:\/\/www.tendm.net\/index.php\/lart-de-faire-rever\/","title":{"rendered":"L\u2019art de vous faire r\u00eaver"},"content":{"rendered":"<p>&nbsp;<\/p>\n<h1 style=\"text-align: center;\"><span style=\"color: #808080;\">\u00a0\u00ab\u00a0Des animations personnalis\u00e9es pour votre mariage !\u00a0\u00bb<\/span><\/h1>\n<p>&nbsp;<\/p>\n<p style=\"text-align: justify;\"><strong>Qui sommes nous?<\/strong><br \/>\nVotre mariage \u00e0 votre image<\/p>\n<p style=\"text-align: justify;\">Animation sur mesure\u00a0pour une journ\u00e9e ou rien ne doit \u00eatre laisser au hasard !<br \/>\nIssus du th\u00e9\u00e2tre du Capitole apr\u00e8s une carri\u00e8re au sein du ballet, Pascale et Fabien Cicoletta vous proposent de vous accompagner tout au long de votre mariage en vous pr\u00e9sentant des animations personnalis\u00e9es.<\/p>\n<p style=\"text-align: justify;\">De votre c\u00e9r\u00e9monie (religieuse ou la\u00efque) jusqu\u2019au bout de la nuit, ils vous accompagneront selon vos souhaits.<br \/>\nUne pr\u00e9paration suivie de votre mariage avec plusieurs rencontres pour ne rien laisser au hasard et permettre de bien connaitre nos futurs mari\u00e9s le jour \u00ab\u00a0J\u00a0\u00bb<\/p>\n<p style=\"text-align: justify;\">De belles rencontres pour une journ\u00e9e grav\u00e9e \u00e0 vie dans vos c\u0153urs et vos m\u00e9moires\u00a0!!!<\/p>\n<p style=\"text-align: justify;\"><strong>Services propos\u00e9s:<\/strong><br \/>\n-Chant (airs sacr\u00e9s, vari\u00e9t\u00e9 fran\u00e7aise et internationale, gospel&#8230;)<br \/>\n-Danse (classique, cabaret, charleston, Zumba)<br \/>\n-Mise en musique c\u00e9r\u00e9monie religieuse ou la\u00efque<br \/>\n-Officiante de c\u00e9r\u00e9monie la\u00efque<strong><br \/>\n<\/strong>-Animation chant\u00e9e pour le vin d\u2019honneur<br \/>\n-Animations et surprises pendant le repas<br \/>\n-Cr\u00e9ation d\u2019ouverture de bal,<br \/>\n-Animation Dj\u2019s<strong><br \/>\n<\/strong><br \/>\n<strong>Informations suppl\u00e9mentaires:<\/strong><br \/>\nUn vaste choix \u00e0 votre disposition avec des formules diff\u00e9rentes\u2026<\/p>\n<blockquote>\n<p style=\"text-align: justify;\">Mat\u00e9riel de qualit\u00e9, artistes dipl\u00f4m\u00e9s, tout est r\u00e9uni pour que votre animation soit de qualit\u00e9, hors du commun et \u00e0 votre image.<\/p>\n<\/blockquote>\n<p style=\"text-align: center;\"><span style=\"color: #808080;\"><strong>L\u2019art de vous faire r\u00eaver<\/strong><\/span><br \/>\n<span style=\"color: #808080;\"> 435 chemin de Laurentie<\/span><br \/>\n<span style=\"color: #808080;\"> 31660 Buzet sur Tarn<\/span><br \/>\n<span style=\"color: #808080;\">06 14 90 77 15<\/span><br \/>\n<span style=\"color: #808080;\"><a style=\"color: #808080;\" href=\"http:\/\/www.lartdevousfairerever.fr\/\">http:\/\/www.lartdevousfairerever.fr\/<\/a><\/span><br \/>\n<span style=\"color: #808080;\"><a style=\"color: #808080;\" href=\"mailto:fabien.cicoletta@sfr.fr\">fabien.cicoletta@sfr.fr<\/a><\/span><\/p>\n<p class=\"jetpack-slideshow-noscript robots-nocontent\">Ce diaporama n\u00e9cessite JavaScript.<\/p><div id=\"gallery-2577-1-slideshow\" class=\"jetpack-slideshow-window jetpack-slideshow jetpack-slideshow-black\" data-trans=\"fade\" data-autostart=\"1\" data-gallery=\"[{&quot;src&quot;:&quot;https:\\\/\\\/i0.wp.com\\\/www.tendm.net\\\/wp-content\\\/uploads\\\/2016\\\/10\\\/PHOTO-DACCUEIL.jpg?fit=1024%2C563&quot;,&quot;id&quot;:&quot;2585&quot;,&quot;title&quot;:&quot;photo-daccueil&quot;,&quot;alt&quot;:&quot;&quot;,&quot;caption&quot;:&quot;&quot;,&quot;itemprop&quot;:&quot;image&quot;},{&quot;src&quot;:&quot;https:\\\/\\\/i0.wp.com\\\/www.tendm.net\\\/wp-content\\\/uploads\\\/2016\\\/10\\\/IMG_2087-e1477670358815.jpg?fit=683%2C1024&quot;,&quot;id&quot;:&quot;2584&quot;,&quot;title&quot;:&quot;img_2087&quot;,&quot;alt&quot;:&quot;&quot;,&quot;caption&quot;:&quot;&quot;,&quot;itemprop&quot;:&quot;image&quot;},{&quot;src&quot;:&quot;https:\\\/\\\/i0.wp.com\\\/www.tendm.net\\\/wp-content\\\/uploads\\\/2016\\\/10\\\/Animation-Djs.jpg?fit=640%2C960&quot;,&quot;id&quot;:&quot;2583&quot;,&quot;title&quot;:&quot;animation-djs&quot;,&quot;alt&quot;:&quot;&quot;,&quot;caption&quot;:&quot;&quot;,&quot;itemprop&quot;:&quot;image&quot;},{&quot;src&quot;:&quot;https:\\\/\\\/i0.wp.com\\\/www.tendm.net\\\/wp-content\\\/uploads\\\/2016\\\/10\\\/14053763_1104581439621097_3113135773807790683_o.jpg?fit=1024%2C684&quot;,&quot;id&quot;:&quot;2582&quot;,&quot;title&quot;:&quot;14053763_1104581439621097_3113135773807790683_o&quot;,&quot;alt&quot;:&quot;&quot;,&quot;caption&quot;:&quot;Animation musicale&quot;,&quot;itemprop&quot;:&quot;image&quot;},{&quot;src&quot;:&quot;https:\\\/\\\/i0.wp.com\\\/www.tendm.net\\\/wp-content\\\/uploads\\\/2016\\\/10\\\/LOGO.jpg?fit=1024%2C522&quot;,&quot;id&quot;:&quot;2580&quot;,&quot;title&quot;:&quot;logo&quot;,&quot;alt&quot;:&quot;&quot;,&quot;caption&quot;:&quot;&quot;,&quot;itemprop&quot;:&quot;image&quot;}]\" itemscope itemtype=\"https:\/\/schema.org\/ImageGallery\"><\/div>\n","protected":false},"excerpt":{"rendered":"<p>&nbsp; \u00a0\u00ab\u00a0Des animations personnalis\u00e9es pour votre mariage !\u00a0\u00bb &nbsp; Qui sommes nous? Votre mariage \u00e0 votre image Animation sur mesure\u00a0pour une journ\u00e9e ou rien ne doit \u00eatre laisser au hasard ! Issus du th\u00e9\u00e2tre du Capitole apr\u00e8s une carri\u00e8re au sein du ballet, Pascale et Fabien Cicoletta vous proposent de vous accompagner tout au long [&hellip;]<\/p>\n","protected":false},"author":1,"featured_media":2582,"parent":0,"menu_order":0,"comment_status":"closed","ping_status":"closed","template":"","meta":{"footnotes":""},"jetpack_sharing_enabled":true,"jetpack_shortlink":"https:\/\/wp.me\/P70bXT-Fz","jetpack-related-posts":[],"_links":{"self":[{"href":"http:\/\/www.tendm.net\/index.php\/wp-json\/wp\/v2\/pages\/2577"}],"collection":[{"href":"http:\/\/www.tendm.net\/index.php\/wp-json\/wp\/v2\/pages"}],"about":[{"href":"http:\/\/www.tendm.net\/index.php\/wp-json\/wp\/v2\/types\/page"}],"author":[{"embeddable":true,"href":"http:\/\/www.tendm.net\/index.php\/wp-json\/wp\/v2\/users\/1"}],"replies":[{"embeddable":true,"href":"http:\/\/www.tendm.net\/index.php\/wp-json\/wp\/v2\/comments?post=2577"}],"version-history":[{"count":12,"href":"http:\/\/www.tendm.net\/index.php\/wp-json\/wp\/v2\/pages\/2577\/revisions"}],"predecessor-version":[{"id":5895,"href":"http:\/\/www.tendm.net\/index.php\/wp-json\/wp\/v2\/pages\/2577\/revisions\/5895"}],"wp:featuredmedia":[{"embeddable":true,"href":"http:\/\/www.tendm.net\/index.php\/wp-json\/wp\/v2\/media\/2582"}],"wp:attachment":[{"href":"http:\/\/www.tendm.net\/index.php\/wp-json\/wp\/v2\/media?parent=2577"}],"curies":[{"name":"wp","href":"https:\/\/api.w.org\/{rel}","templated":true}]}}