{"id":2596,"date":"2016-10-28T17:25:58","date_gmt":"2016-10-28T16:25:58","guid":{"rendered":"http:\/\/www.tendm.net\/?page_id=2596"},"modified":"2018-10-03T14:26:41","modified_gmt":"2018-10-03T13:26:41","slug":"atelier-swan","status":"publish","type":"page","link":"http:\/\/www.tendm.net\/index.php\/atelier-swan\/","title":{"rendered":"Atelier Swan"},"content":{"rendered":"<h1 style=\"text-align: center;\"><span style=\"color: #808080;\">\u00ab\u00a0L&rsquo;Atelier Swan cr\u00e9e votre robe de mari\u00e9e sur-mesure !\u00a0\u00bb<\/span><\/h1>\n<p style=\"text-align: justify;\">L\u2019Atelier Swan c\u2019est d\u2019abord la rencontre de deux jeunes cr\u00e9atrices.<\/p>\n<p style=\"text-align: justify;\">L\u2019id\u00e9e de collaborer et d\u2019associer leur savoir faire devient au fil du temps une \u00e9vidence.<\/p>\n<p style=\"text-align: justify;\">Mariana, ancienne chef d\u2019Atelier pour une cr\u00e9atrice de robes de mari\u00e9e, est sp\u00e9cialis\u00e9e dans ce domaine depuis maintenant plus de 10 ans .<\/p>\n<p style=\"text-align: justify;\">Sophie, styliste mod\u00e9liste sp\u00e9cialis\u00e9e en lingerie et plumasserie, a travaill\u00e9 pour diff\u00e9rentes maisons en Haute couture et robes de mari\u00e9e.<\/p>\n<p style=\"text-align: justify;\"><strong>Services propos\u00e9s :<\/strong><\/p>\n<p style=\"text-align: justify;\">Mariana et Sophie\u00a0vous accueillent au sein de leur atelier parisien et d\u00e9sormais toulousain pour un v\u00e9ritable sur mesure. Elles n\u2019utilisent que des mati\u00e8res nobles\u00a0: soie , tulle de soie , dentelle de chantilly et Calais. Les deux cr\u00e9atrices\u00a0vous proposeront\u00a0 leurs collections ( modifiables \u00e0 souhait) mais pourront \u00e9galement r\u00e9aliser la robe de vos r\u00eaves en partant de vos inspirations et envies.<br \/>\nL&rsquo;Atelier Swan\u00a0vous accueille du jeudi au samedi de 10H \u00e0 19H uniquement sur rdv\u00a0.<\/p>\n<p style=\"text-align: justify;\"><strong>Tarifs\u00a0:<\/strong><\/p>\n<p style=\"text-align: justify;\">A partir de 1300 euros pour une robe courte et 2800 euros pour une robe longue.<\/p>\n<blockquote>\n<p style=\"text-align: justify;\">Le petit plus&#8230; Elles vous pr\u00e9parent une nouvelle robe sp\u00e9cialement pour le festival Tend\u2019M&#8230;.<\/p>\n<\/blockquote>\n<p style=\"text-align: center;\"><strong><span style=\"color: #808080;\">Contact :<br \/>\n<\/span><\/strong><strong><span style=\"color: #808080;\">ATELIER SWAN<\/span><\/strong><br \/>\n<span style=\"color: #808080;\"> 10 RUE DU LIBRE ECHANGE<br \/>\n31000 TOULOUSE<\/span><br \/>\n<span style=\"color: #808080;\"> 07 82 53 36 60<\/span><br \/>\n<span style=\"color: #808080;\"><a style=\"color: #808080;\" href=\"http:\/\/www.atelier-swan.com\">www.atelier-swan.com<\/a><\/span><br \/>\n<span style=\"color: #808080;\"><a style=\"color: #808080;\" href=\"contact@atelier-swan.com\">contact@atelier-swan.com<\/a><\/span><br \/>\n<span style=\"color: #808080;\"> Sophie Boissinot\u00a0\/ Mariana Molentsa<\/span><br \/>\n<span style=\"color: #808080;\"><a style=\"color: #808080;\" href=\"https:\/\/www.facebook.com\/Atelier-Swan-911485145609015\/ Instagram : https:\/\/www.instagram.com\/atelier.swan\/\">Facebook<\/a> <\/span><br \/>\n<span style=\"color: #808080;\"> <a style=\"color: #808080;\" href=\"https:\/\/www.instagram.com\/atelier.swan\/\"> Instagram<\/a><\/span><br \/>\n<span style=\"color: #808080;\"> <a style=\"color: #808080;\" href=\"https:\/\/fr.pinterest.com\/atelierswan\/\"> Pinterest<\/a><\/span><\/p>\n<p class=\"jetpack-slideshow-noscript robots-nocontent\">Ce diaporama n\u00e9cessite JavaScript.<\/p><div id=\"gallery-2596-1-slideshow\" class=\"jetpack-slideshow-window jetpack-slideshow jetpack-slideshow-black\" data-trans=\"fade\" data-autostart=\"1\" data-gallery=\"[{&quot;src&quot;:&quot;https:\\\/\\\/i0.wp.com\\\/www.tendm.net\\\/wp-content\\\/uploads\\\/2016\\\/10\\\/AtelierSwan_Julietta-59.jpg?fit=1969%2C2953&quot;,&quot;id&quot;:&quot;2620&quot;,&quot;title&quot;:&quot;atelierswan_julietta-59&quot;,&quot;alt&quot;:&quot;&quot;,&quot;caption&quot;:&quot;&quot;,&quot;itemprop&quot;:&quot;image&quot;},{&quot;src&quot;:&quot;https:\\\/\\\/i0.wp.com\\\/www.tendm.net\\\/wp-content\\\/uploads\\\/2016\\\/10\\\/AtelierSwan_Julietta_retouche-1.jpg?fit=4907%2C3271&quot;,&quot;id&quot;:&quot;2597&quot;,&quot;title&quot;:&quot;atelierswan_julietta_retouche-1&quot;,&quot;alt&quot;:&quot;&quot;,&quot;caption&quot;:&quot;&quot;,&quot;itemprop&quot;:&quot;image&quot;},{&quot;src&quot;:&quot;https:\\\/\\\/i0.wp.com\\\/www.tendm.net\\\/wp-content\\\/uploads\\\/2016\\\/10\\\/AtelierSwan_Julietta-34.jpg?fit=2953%2C1969&quot;,&quot;id&quot;:&quot;2607&quot;,&quot;title&quot;:&quot;atelierswan_julietta-34&quot;,&quot;alt&quot;:&quot;&quot;,&quot;caption&quot;:&quot;&quot;,&quot;itemprop&quot;:&quot;image&quot;},{&quot;src&quot;:&quot;https:\\\/\\\/i0.wp.com\\\/www.tendm.net\\\/wp-content\\\/uploads\\\/2016\\\/10\\\/AtelierSwan_Julietta-14.jpg?fit=2953%2C1968&quot;,&quot;id&quot;:&quot;2604&quot;,&quot;title&quot;:&quot;atelierswan_julietta-14&quot;,&quot;alt&quot;:&quot;&quot;,&quot;caption&quot;:&quot;Robes de Mari\\u00e9e (cr\\u00e9atrice)&quot;,&quot;itemprop&quot;:&quot;image&quot;},{&quot;src&quot;:&quot;https:\\\/\\\/i0.wp.com\\\/www.tendm.net\\\/wp-content\\\/uploads\\\/2016\\\/10\\\/AtelierSwan_Julietta-48.jpg?fit=1968%2C2953&quot;,&quot;id&quot;:&quot;2611&quot;,&quot;title&quot;:&quot;atelierswan_julietta-48&quot;,&quot;alt&quot;:&quot;&quot;,&quot;caption&quot;:&quot;&quot;,&quot;itemprop&quot;:&quot;image&quot;},{&quot;src&quot;:&quot;https:\\\/\\\/i0.wp.com\\\/www.tendm.net\\\/wp-content\\\/uploads\\\/2016\\\/10\\\/logo-paris-toulouse.jpg?fit=2008%2C2008&quot;,&quot;id&quot;:&quot;2626&quot;,&quot;title&quot;:&quot;logo-paris-toulouse&quot;,&quot;alt&quot;:&quot;&quot;,&quot;caption&quot;:&quot;&quot;,&quot;itemprop&quot;:&quot;image&quot;},{&quot;src&quot;:&quot;https:\\\/\\\/i0.wp.com\\\/www.tendm.net\\\/wp-content\\\/uploads\\\/2016\\\/10\\\/AtelierSwan_Julietta_retouche-1-3.jpg?fit=5472%2C3648&quot;,&quot;id&quot;:&quot;2599&quot;,&quot;title&quot;:&quot;atelierswan_julietta_retouche-1-3&quot;,&quot;alt&quot;:&quot;&quot;,&quot;caption&quot;:&quot;&quot;,&quot;itemprop&quot;:&quot;image&quot;},{&quot;src&quot;:&quot;https:\\\/\\\/i0.wp.com\\\/www.tendm.net\\\/wp-content\\\/uploads\\\/2016\\\/10\\\/AtelierSwan_Julietta-23.jpg?fit=2953%2C1969&quot;,&quot;id&quot;:&quot;2605&quot;,&quot;title&quot;:&quot;atelierswan_julietta-23&quot;,&quot;alt&quot;:&quot;&quot;,&quot;caption&quot;:&quot;&quot;,&quot;itemprop&quot;:&quot;image&quot;},{&quot;src&quot;:&quot;https:\\\/\\\/i0.wp.com\\\/www.tendm.net\\\/wp-content\\\/uploads\\\/2016\\\/10\\\/AtelierSwan_Julietta_retouche-6-copie.jpg?fit=2362%2C3543&quot;,&quot;id&quot;:&quot;2601&quot;,&quot;title&quot;:&quot;atelierswan_julietta_retouche-6-copie&quot;,&quot;alt&quot;:&quot;&quot;,&quot;caption&quot;:&quot;&quot;,&quot;itemprop&quot;:&quot;image&quot;},{&quot;src&quot;:&quot;https:\\\/\\\/i0.wp.com\\\/www.tendm.net\\\/wp-content\\\/uploads\\\/2016\\\/10\\\/AtelierSwan_Julietta-27.jpg?fit=2953%2C1969&quot;,&quot;id&quot;:&quot;2606&quot;,&quot;title&quot;:&quot;atelierswan_julietta-27&quot;,&quot;alt&quot;:&quot;&quot;,&quot;caption&quot;:&quot;&quot;,&quot;itemprop&quot;:&quot;image&quot;},{&quot;src&quot;:&quot;https:\\\/\\\/i0.wp.com\\\/www.tendm.net\\\/wp-content\\\/uploads\\\/2016\\\/10\\\/AtelierSwan_Julietta-8.jpg?fit=2953%2C1969&quot;,&quot;id&quot;:&quot;2602&quot;,&quot;title&quot;:&quot;atelierswan_julietta-8&quot;,&quot;alt&quot;:&quot;&quot;,&quot;caption&quot;:&quot;&quot;,&quot;itemprop&quot;:&quot;image&quot;},{&quot;src&quot;:&quot;https:\\\/\\\/i0.wp.com\\\/www.tendm.net\\\/wp-content\\\/uploads\\\/2016\\\/10\\\/AtelierSwan_Julietta-53.jpg?fit=1969%2C2953&quot;,&quot;id&quot;:&quot;2617&quot;,&quot;title&quot;:&quot;atelierswan_julietta-53&quot;,&quot;alt&quot;:&quot;&quot;,&quot;caption&quot;:&quot;&quot;,&quot;itemprop&quot;:&quot;image&quot;},{&quot;src&quot;:&quot;https:\\\/\\\/i0.wp.com\\\/www.tendm.net\\\/wp-content\\\/uploads\\\/2016\\\/10\\\/AtelierSwan_Julietta_retouche-4.jpg?fit=2362%2C3543&quot;,&quot;id&quot;:&quot;2600&quot;,&quot;title&quot;:&quot;atelierswan_julietta_retouche-4&quot;,&quot;alt&quot;:&quot;&quot;,&quot;caption&quot;:&quot;&quot;,&quot;itemprop&quot;:&quot;image&quot;},{&quot;src&quot;:&quot;https:\\\/\\\/i0.wp.com\\\/www.tendm.net\\\/wp-content\\\/uploads\\\/2016\\\/10\\\/AtelierSwan_Julietta-35.jpg?fit=1969%2C2953&quot;,&quot;id&quot;:&quot;2609&quot;,&quot;title&quot;:&quot;atelierswan_julietta-35&quot;,&quot;alt&quot;:&quot;&quot;,&quot;caption&quot;:&quot;&quot;,&quot;itemprop&quot;:&quot;image&quot;},{&quot;src&quot;:&quot;https:\\\/\\\/i0.wp.com\\\/www.tendm.net\\\/wp-content\\\/uploads\\\/2016\\\/10\\\/Com17b.jpg?fit=2480%2C1748&quot;,&quot;id&quot;:&quot;2621&quot;,&quot;title&quot;:&quot;com17b&quot;,&quot;alt&quot;:&quot;&quot;,&quot;caption&quot;:&quot;&quot;,&quot;itemprop&quot;:&quot;image&quot;},{&quot;src&quot;:&quot;https:\\\/\\\/i0.wp.com\\\/www.tendm.net\\\/wp-content\\\/uploads\\\/2016\\\/10\\\/AtelierSwan_Julietta-10.jpg?fit=2953%2C1969&quot;,&quot;id&quot;:&quot;2603&quot;,&quot;title&quot;:&quot;atelierswan_julietta-10&quot;,&quot;alt&quot;:&quot;&quot;,&quot;caption&quot;:&quot;&quot;,&quot;itemprop&quot;:&quot;image&quot;},{&quot;src&quot;:&quot;https:\\\/\\\/i0.wp.com\\\/www.tendm.net\\\/wp-content\\\/uploads\\\/2016\\\/10\\\/AtelierSwan_Julietta-49.jpg?fit=2953%2C1969&quot;,&quot;id&quot;:&quot;2615&quot;,&quot;title&quot;:&quot;atelierswan_julietta-49&quot;,&quot;alt&quot;:&quot;&quot;,&quot;caption&quot;:&quot;&quot;,&quot;itemprop&quot;:&quot;image&quot;}]\" itemscope itemtype=\"https:\/\/schema.org\/ImageGallery\"><\/div>\n<p>&nbsp;<\/p>\n","protected":false},"excerpt":{"rendered":"<p>\u00ab\u00a0L&rsquo;Atelier Swan cr\u00e9e votre robe de mari\u00e9e sur-mesure !\u00a0\u00bb L\u2019Atelier Swan c\u2019est d\u2019abord la rencontre de deux jeunes cr\u00e9atrices. L\u2019id\u00e9e de collaborer et d\u2019associer leur savoir faire devient au fil du temps une \u00e9vidence. Mariana, ancienne chef d\u2019Atelier pour une cr\u00e9atrice de robes de mari\u00e9e, est sp\u00e9cialis\u00e9e dans ce domaine depuis maintenant plus de 10 [&hellip;]<\/p>\n","protected":false},"author":1,"featured_media":2607,"parent":0,"menu_order":0,"comment_status":"closed","ping_status":"closed","template":"","meta":{"footnotes":""},"jetpack_sharing_enabled":true,"jetpack_shortlink":"https:\/\/wp.me\/P70bXT-FS","jetpack-related-posts":[],"_links":{"self":[{"href":"http:\/\/www.tendm.net\/index.php\/wp-json\/wp\/v2\/pages\/2596"}],"collection":[{"href":"http:\/\/www.tendm.net\/index.php\/wp-json\/wp\/v2\/pages"}],"about":[{"href":"http:\/\/www.tendm.net\/index.php\/wp-json\/wp\/v2\/types\/page"}],"author":[{"embeddable":true,"href":"http:\/\/www.tendm.net\/index.php\/wp-json\/wp\/v2\/users\/1"}],"replies":[{"embeddable":true,"href":"http:\/\/www.tendm.net\/index.php\/wp-json\/wp\/v2\/comments?post=2596"}],"version-history":[{"count":8,"href":"http:\/\/www.tendm.net\/index.php\/wp-json\/wp\/v2\/pages\/2596\/revisions"}],"predecessor-version":[{"id":6533,"href":"http:\/\/www.tendm.net\/index.php\/wp-json\/wp\/v2\/pages\/2596\/revisions\/6533"}],"wp:featuredmedia":[{"embeddable":true,"href":"http:\/\/www.tendm.net\/index.php\/wp-json\/wp\/v2\/media\/2607"}],"wp:attachment":[{"href":"http:\/\/www.tendm.net\/index.php\/wp-json\/wp\/v2\/media?parent=2596"}],"curies":[{"name":"wp","href":"https:\/\/api.w.org\/{rel}","templated":true}]}}