{"id":2598,"date":"2016-10-28T17:26:30","date_gmt":"2016-10-28T16:26:30","guid":{"rendered":"http:\/\/www.tendm.net\/?page_id=2598"},"modified":"2018-04-03T16:22:10","modified_gmt":"2018-04-03T15:22:10","slug":"naomies-closet","status":"publish","type":"page","link":"http:\/\/www.tendm.net\/index.php\/naomies-closet\/","title":{"rendered":"Naomie&rsquo;s Closet"},"content":{"rendered":"<h1 style=\"text-align: center;\"><span style=\"color: #808080;\">\u00ab\u00a0Des robes de mari\u00e9es\u00a0de styles diff\u00e9rents\u00a0\u00bb<\/span><\/h1>\n<p style=\"text-align: justify;\">Implant\u00e9 \u00e0 Revel, le showroom Naomie&rsquo;s Closet vous propose plus de quarante mod\u00e8les de robes de mari\u00e9e, \u00e0 essayer sans mod\u00e9ration jusqu&rsquo;\u00e0 ce que vous trouviez la robe de vos r\u00eaves. Le choix de votre robe \u00e9tant de la plus haute importance, Camille, votre conseill\u00e8re personnelle vous guidera suivant votre style, votre morphologie et votre budget.<\/p>\n<p style=\"text-align: justify;\"><strong>Le Concept :<br \/>\n<\/strong><span style=\"font-size: 12pt;\">Naomie&rsquo;s Closet habille les femmes, jeunes femmes, et enfants au moyen de tenues tendances et \u00e9l\u00e9gantes. Gr\u00e2ce au nuancier de diff\u00e9rents tissus et de plus de 70 teintes, chaque robe peut \u00eatre r\u00e9alis\u00e9e en accord avec le th\u00e8me de votre mariage ou de votre \u00e9v\u00e8nement particulier.<\/span><br \/>\n<span style=\"font-size: 12pt;\"> La boutique offre un service de sur-mesure et de personnalisation des robes de mari\u00e9e, de cocktail et de c\u00e9r\u00e9monie.<\/span><br \/>\n<span style=\"font-size: 12pt;\"> Le choix des mod\u00e8les est large. La gamme Naomie&rsquo;s Closet s&rsquo;\u00e9tend \u00e0 des styles diff\u00e9rents : robe de mari\u00e9e de princesse, de diva, romantique, rock&rsquo;n roll, o\u00f9 boh\u00e8me, Naomie&rsquo;s Closet proposent des styles diff\u00e9rents qui vous raviront.<\/span><\/p>\n<p style=\"text-align: justify;\"><strong>Accessoires propos\u00e9s :<br \/>\n<\/strong>La boutique est \u00e9galement sp\u00e9cialis\u00e9e dans la vente d&rsquo;accessoires (voiles, bol\u00e9ros, jupons, bijoux, bijoux de t\u00eate, pochettes et clutch) et de robes de cocktail, de soir\u00e9e et de c\u00e9r\u00e9monie pour vos t\u00e9moins, mamans et demoiselles d&rsquo;honneur.<\/p>\n<p style=\"text-align: justify;\"><strong>Autres services :<br \/>\n<\/strong>La boutique est \u00e9galement sp\u00e9cialis\u00e9e dans la confection de minis robes de mari\u00e9e pour les petites filles; en effet, Naomie&rsquo;s Closet vous propose de r\u00e9aliser votre robe de mari\u00e9e ou une robe de bal en taille enfant pour ravir vos petites princesses ! Vous pouvez toutes \u00eatre assorties gr\u00e2ce \u00e0 Naomie&rsquo;s Closet !<br \/>\nNaomie\u2019s Closet propose aussi des goodies pour vos EVJF !<br \/>\nDans la mesure du possible, et afin que Camille pr\u00e9pare votre venue et privatise le showroom, prenez un rendez-vous pour vos essayages. Tout est pr\u00e9vu pour que vous veniez seule ou accompagn\u00e9e pour le choix de votre robe.<br \/>\nLe showroom est situ\u00e9 \u00e0 Revel entre Toulouse et Castres.<\/p>\n<p style=\"text-align: justify;\">Pour toute demande de rendez-vous, les horaires sont flexibles.<\/p>\n<p style=\"text-align: justify;\"><strong>Le Showroom :<\/strong><br \/>\n21, Rue Victor Hugo, 31250 Revel<strong><br \/>\n<\/strong>Une permanence y est assur\u00e9e aux horaires indiqu\u00e9s ci-dessous.<br \/>\nLundi : Uniquement sur RDV<br \/>\nDu Mardi au vendredi : 09:30 \u2013 12:00 \/ 14:30 \u2013 19:00<br \/>\nLe Samedi : 09:30 \u2013 12:00 \/ 14:30 \u2013 17:00<\/p>\n<p style=\"text-align: justify;\">N\u2019h\u00e9sitez pas \u00e0 nous contacter pour prendre rendez-vous afin que Camille puisse organiser votre venue.<\/p>\n<p style=\"text-align: justify;\"><strong>En r\u00e9sum\u00e9 :<br \/>\n<\/strong>Robes de mari\u00e9e, de cocktail, de c\u00e9r\u00e9monie, de soir\u00e9e personnalisable dans plus de 70 couleurs et sur-mesure<br \/>\nAccessoires (voile, jupons, ceintures,\u00a0 bijoux de t\u00eate, \u00e9toles, bol\u00e9ro, lingerie\u2026)<br \/>\nAccessoires pour enterrement de jeune fille<br \/>\nFemme, jeune femme et enfant<br \/>\nD\u00e9lais de confection pouvant aller de 1 \u00e0 6 mois<\/p>\n<p style=\"text-align: center;\"><strong><span style=\"color: #808080;\">\u00a0Naomie&rsquo;s Closet<\/span><\/strong><br \/>\n<span style=\"color: #808080;\"> 21, rue Victor Hugo<br \/>\n31250 REVEL<\/span><br \/>\n<span style=\"color: #808080;\"> 06 70 45 83 69 \u2013 05 67 00 45 92<\/span><br \/>\n<span style=\"color: #808080;\"><a style=\"color: #808080;\" href=\"http:\/\/www.naomiescloset.fr\">www.naomiescloset.fr<\/a><\/span><br \/>\n<span style=\"color: #808080;\"><a style=\"color: #808080;\" href=\"contact@naomiescloset.fr\">contact@naomiescloset.fr<\/a><\/span><br \/>\n<span style=\"color: #808080;\"><a style=\"color: #808080;\" href=\"https:\/\/www.facebook.com\/naomiesclosetrevel\/\">Facebook\u00a0<\/a><\/span><br \/>\n<span style=\"color: #808080;\"> <a style=\"color: #808080;\" href=\"https:\/\/fr.pinterest.com\/naomiescloset\/\"> Pinterest\u00a0<\/a><\/span><br \/>\n<span style=\"color: #808080;\"> <a style=\"color: #808080;\" href=\"https:\/\/www.instagram.com\/naomiescloset\/\"> Instagram<\/a>\u00a0<\/span><br \/>\n<span style=\"color: #808080;\"> Snapchat\u00a0: naomiescloset<\/span><\/p>\n<p class=\"jetpack-slideshow-noscript robots-nocontent\">Ce diaporama n\u00e9cessite JavaScript.<\/p><div id=\"gallery-2598-1-slideshow\" class=\"jetpack-slideshow-window jetpack-slideshow jetpack-slideshow-black\" data-trans=\"fade\" data-autostart=\"1\" data-gallery=\"[{&quot;src&quot;:&quot;https:\\\/\\\/i0.wp.com\\\/www.tendm.net\\\/wp-content\\\/uploads\\\/2016\\\/10\\\/Photo-acceuil.jpg?fit=2048%2C1365&quot;,&quot;id&quot;:&quot;2612&quot;,&quot;title&quot;:&quot;photo-acceuil&quot;,&quot;alt&quot;:&quot;&quot;,&quot;caption&quot;:&quot;&quot;,&quot;itemprop&quot;:&quot;image&quot;},{&quot;src&quot;:&quot;https:\\\/\\\/i0.wp.com\\\/www.tendm.net\\\/wp-content\\\/uploads\\\/2016\\\/10\\\/Robe-de-t\\u00e9moin-Naomies-Closet.jpg?fit=1365%2C2048&quot;,&quot;id&quot;:&quot;2616&quot;,&quot;title&quot;:&quot;robe-de-temoin-naomies-closet&quot;,&quot;alt&quot;:&quot;&quot;,&quot;caption&quot;:&quot;&quot;,&quot;itemprop&quot;:&quot;image&quot;},{&quot;src&quot;:&quot;https:\\\/\\\/i0.wp.com\\\/www.tendm.net\\\/wp-content\\\/uploads\\\/2016\\\/10\\\/Robe-demoiselle-dhonneur-Naomies-Closet.jpg?fit=1365%2C2048&quot;,&quot;id&quot;:&quot;2618&quot;,&quot;title&quot;:&quot;robe-demoiselle-dhonneur-naomies-closet&quot;,&quot;alt&quot;:&quot;&quot;,&quot;caption&quot;:&quot;&quot;,&quot;itemprop&quot;:&quot;image&quot;},{&quot;src&quot;:&quot;https:\\\/\\\/i0.wp.com\\\/www.tendm.net\\\/wp-content\\\/uploads\\\/2016\\\/10\\\/Robe-enfant-Naomies-Closet2.jpg?fit=2048%2C1365&quot;,&quot;id&quot;:&quot;2622&quot;,&quot;title&quot;:&quot;robe-enfant-naomies-closet2&quot;,&quot;alt&quot;:&quot;&quot;,&quot;caption&quot;:&quot;&quot;,&quot;itemprop&quot;:&quot;image&quot;},{&quot;src&quot;:&quot;https:\\\/\\\/i0.wp.com\\\/www.tendm.net\\\/wp-content\\\/uploads\\\/2016\\\/10\\\/Robe-mariage-Naomiescloset.jpg?fit=2048%2C1365&quot;,&quot;id&quot;:&quot;2624&quot;,&quot;title&quot;:&quot;robe-mariage-naomiescloset&quot;,&quot;alt&quot;:&quot;&quot;,&quot;caption&quot;:&quot;&quot;,&quot;itemprop&quot;:&quot;image&quot;},{&quot;src&quot;:&quot;https:\\\/\\\/i0.wp.com\\\/www.tendm.net\\\/wp-content\\\/uploads\\\/2016\\\/10\\\/Robe-P\\u00e9tunia-Naomies-Closet.jpg?fit=2048%2C1365&quot;,&quot;id&quot;:&quot;2627&quot;,&quot;title&quot;:&quot;robe-petunia-naomies-closet&quot;,&quot;alt&quot;:&quot;&quot;,&quot;caption&quot;:&quot;&quot;,&quot;itemprop&quot;:&quot;image&quot;},{&quot;src&quot;:&quot;https:\\\/\\\/i0.wp.com\\\/www.tendm.net\\\/wp-content\\\/uploads\\\/2016\\\/10\\\/ShootingEvenementscielNaomiesclosetMarlyMeghelliDomainedeFloreCyriellec...2.jpg?fit=1365%2C2048&quot;,&quot;id&quot;:&quot;2630&quot;,&quot;title&quot;:&quot;shootingevenementscielnaomiesclosetmarlymeghellidomainedeflorecyriellec-2&quot;,&quot;alt&quot;:&quot;&quot;,&quot;caption&quot;:&quot;&quot;,&quot;itemprop&quot;:&quot;image&quot;}]\" itemscope itemtype=\"https:\/\/schema.org\/ImageGallery\"><\/div>\n","protected":false},"excerpt":{"rendered":"<p>\u00ab\u00a0Des robes de mari\u00e9es\u00a0de styles diff\u00e9rents\u00a0\u00bb Implant\u00e9 \u00e0 Revel, le showroom Naomie&rsquo;s Closet vous propose plus de quarante mod\u00e8les de robes de mari\u00e9e, \u00e0 essayer sans mod\u00e9ration jusqu&rsquo;\u00e0 ce que vous trouviez la robe de vos r\u00eaves. Le choix de votre robe \u00e9tant de la plus haute importance, Camille, votre conseill\u00e8re personnelle vous guidera suivant [&hellip;]<\/p>\n","protected":false},"author":1,"featured_media":2610,"parent":0,"menu_order":0,"comment_status":"closed","ping_status":"closed","template":"","meta":{"footnotes":""},"jetpack_sharing_enabled":true,"jetpack_shortlink":"https:\/\/wp.me\/P70bXT-FU","jetpack-related-posts":[],"_links":{"self":[{"href":"http:\/\/www.tendm.net\/index.php\/wp-json\/wp\/v2\/pages\/2598"}],"collection":[{"href":"http:\/\/www.tendm.net\/index.php\/wp-json\/wp\/v2\/pages"}],"about":[{"href":"http:\/\/www.tendm.net\/index.php\/wp-json\/wp\/v2\/types\/page"}],"author":[{"embeddable":true,"href":"http:\/\/www.tendm.net\/index.php\/wp-json\/wp\/v2\/users\/1"}],"replies":[{"embeddable":true,"href":"http:\/\/www.tendm.net\/index.php\/wp-json\/wp\/v2\/comments?post=2598"}],"version-history":[{"count":12,"href":"http:\/\/www.tendm.net\/index.php\/wp-json\/wp\/v2\/pages\/2598\/revisions"}],"predecessor-version":[{"id":5812,"href":"http:\/\/www.tendm.net\/index.php\/wp-json\/wp\/v2\/pages\/2598\/revisions\/5812"}],"wp:featuredmedia":[{"embeddable":true,"href":"http:\/\/www.tendm.net\/index.php\/wp-json\/wp\/v2\/media\/2610"}],"wp:attachment":[{"href":"http:\/\/www.tendm.net\/index.php\/wp-json\/wp\/v2\/media?parent=2598"}],"curies":[{"name":"wp","href":"https:\/\/api.w.org\/{rel}","templated":true}]}}