{"id":2678,"date":"2016-11-02T18:39:36","date_gmt":"2016-11-02T17:39:36","guid":{"rendered":"http:\/\/www.tendm.net\/?page_id=2678"},"modified":"2018-04-04T12:28:20","modified_gmt":"2018-04-04T11:28:20","slug":"paul-daniel","status":"publish","type":"page","link":"http:\/\/www.tendm.net\/index.php\/paul-daniel\/","title":{"rendered":"PAUL DANIEL"},"content":{"rendered":"<p>&nbsp;<\/p>\n<h1 style=\"text-align: center;\"><span style=\"color: #808080;\">\u00a0\u00ab\u00a0Un repas de mariage raffin\u00e9 et authentique\u00a0\u00bb<\/span><\/h1>\n<p>&nbsp;<\/p>\n<p style=\"text-align: justify;\"><strong>Qui sommes nous?<br \/>\n<\/strong><strong>Paul Daniel Traiteur<\/strong> a \u00e9t\u00e9 cr\u00e9\u00e9 en 1999. Bas\u00e9e \u00e0 Garidech, une commune situ\u00e9e \u00e0 20mn de Toulouse, nous offrons une large gamme de prestations culinaires pour satisfaire tant une client\u00e8le de professionnels que priv\u00e9s.<\/p>\n<p style=\"text-align: justify;\">Nous garantissons un service de qualit\u00e9, bas\u00e9 sur des produits frais et r\u00e9pondant aux exigences du d\u00e9veloppement durable.<\/p>\n<p style=\"text-align: justify;\"><strong>Services propos\u00e9s:<br \/>\n<\/strong>Paul Daniel traiteur est compos\u00e9 de 4 p\u00f4les diff\u00e9rents\u00a0:<\/p>\n<p style=\"text-align: justify;\"><u>Plateaux repas<\/u>\u00a0: Livr\u00e9s sur le lieu de travail, ils agr\u00e9mentant vos journ\u00e9es et vos r\u00e9unions.<\/p>\n<p style=\"text-align: justify;\"><u>Traiteur\u00a0<\/u>: Nous mettons toute notre expertise et ing\u00e9niosit\u00e9 au service de nos clients afin de garantir un service de qualit\u00e9 pour des buffets, cocktails, d\u00eeners de gala, soir\u00e9e \u00e9v\u00e8nementielles et r\u00e9ceptions.<\/p>\n<p style=\"text-align: justify;\"><u>Snacking<\/u>\u00a0: Repartie sur les diff\u00e9rents secteurs de Toulouse et ses environs, notre flotte de v\u00e9hicules frigorifiques propose un large choix de plats savoureux, sandwiches et salades fraiches.<\/p>\n<p style=\"text-align: justify;\"><u>Mariage<\/u>\u00a0: L\u2019\u00e9quipe Paul Daniel se fait le partenaire id\u00e9al pour vous accompagner tout au long de cet \u00e9v\u00e8nement unique et c\u00e9l\u00e9brer avec vous des instants magiques.<\/p>\n<blockquote><p>En s\u2019adaptant \u00e0 tout type de prestations, notre \u00e9quipe cr\u00e9e votre bonheur en offrant des saveurs originales m\u00ealant le raffinement \u00e0 l\u2019authenticit\u00e9.<\/p><\/blockquote>\n<p style=\"text-align: center;\"><span style=\"color: #808080;\"><strong>PAUL DANIEL<\/strong><\/span><br \/>\n<span style=\"color: #808080;\"> Adresse:\u00a09, route de Bazus<\/span><br \/>\n<span style=\"color: #808080;\"> 31380 Garidech<\/span><br \/>\n<span style=\"color: #808080;\">05 34\u00a0260 290<\/span><br \/>\n<span style=\"color: #808080;\"><a style=\"color: #808080;\" href=\"http:\/\/www.pauldaniel.fr\">www.pauldaniel.fr<br \/>\n<\/a><a style=\"color: #808080;\" href=\"mailto:contact@pauldaniel.fr\">contact@pauldaniel.fr<br \/>\n<\/a><a style=\"color: #808080;\" href=\"https:\/\/www.facebook.com\/pauldanieltoulouse\/\">Facebook<\/a><\/span><\/p>\n<p class=\"jetpack-slideshow-noscript robots-nocontent\">Ce diaporama n\u00e9cessite JavaScript.<\/p><div id=\"gallery-2678-1-slideshow\" class=\"jetpack-slideshow-window jetpack-slideshow jetpack-slideshow-black\" data-trans=\"fade\" data-autostart=\"1\" data-gallery=\"[{&quot;src&quot;:&quot;https:\\\/\\\/i0.wp.com\\\/www.tendm.net\\\/wp-content\\\/uploads\\\/2016\\\/11\\\/photo1.jpg?fit=712%2C534&quot;,&quot;id&quot;:&quot;2680&quot;,&quot;title&quot;:&quot;photo1&quot;,&quot;alt&quot;:&quot;&quot;,&quot;caption&quot;:&quot;&quot;,&quot;itemprop&quot;:&quot;image&quot;},{&quot;src&quot;:&quot;https:\\\/\\\/i0.wp.com\\\/www.tendm.net\\\/wp-content\\\/uploads\\\/2016\\\/11\\\/photo3.jpg?fit=686%2C514&quot;,&quot;id&quot;:&quot;2681&quot;,&quot;title&quot;:&quot;photo3&quot;,&quot;alt&quot;:&quot;&quot;,&quot;caption&quot;:&quot;&quot;,&quot;itemprop&quot;:&quot;image&quot;},{&quot;src&quot;:&quot;https:\\\/\\\/i0.wp.com\\\/www.tendm.net\\\/wp-content\\\/uploads\\\/2016\\\/11\\\/photo4.jpg?fit=717%2C456&quot;,&quot;id&quot;:&quot;2682&quot;,&quot;title&quot;:&quot;photo4&quot;,&quot;alt&quot;:&quot;&quot;,&quot;caption&quot;:&quot;&quot;,&quot;itemprop&quot;:&quot;image&quot;},{&quot;src&quot;:&quot;https:\\\/\\\/i0.wp.com\\\/www.tendm.net\\\/wp-content\\\/uploads\\\/2016\\\/11\\\/photo5.jpg?fit=684%2C513&quot;,&quot;id&quot;:&quot;2683&quot;,&quot;title&quot;:&quot;photo5&quot;,&quot;alt&quot;:&quot;&quot;,&quot;caption&quot;:&quot;&quot;,&quot;itemprop&quot;:&quot;image&quot;},{&quot;src&quot;:&quot;https:\\\/\\\/i0.wp.com\\\/www.tendm.net\\\/wp-content\\\/uploads\\\/2016\\\/11\\\/photo6.jpg?fit=714%2C476&quot;,&quot;id&quot;:&quot;2684&quot;,&quot;title&quot;:&quot;photo6&quot;,&quot;alt&quot;:&quot;&quot;,&quot;caption&quot;:&quot;Traiteur&quot;,&quot;itemprop&quot;:&quot;image&quot;}]\" itemscope itemtype=\"https:\/\/schema.org\/ImageGallery\"><\/div>\n","protected":false},"excerpt":{"rendered":"<p>&nbsp; \u00a0\u00ab\u00a0Un repas de mariage raffin\u00e9 et authentique\u00a0\u00bb &nbsp; Qui sommes nous? Paul Daniel Traiteur a \u00e9t\u00e9 cr\u00e9\u00e9 en 1999. Bas\u00e9e \u00e0 Garidech, une commune situ\u00e9e \u00e0 20mn de Toulouse, nous offrons une large gamme de prestations culinaires pour satisfaire tant une client\u00e8le de professionnels que priv\u00e9s. Nous garantissons un service de qualit\u00e9, bas\u00e9 sur [&hellip;]<\/p>\n","protected":false},"author":1,"featured_media":2682,"parent":0,"menu_order":0,"comment_status":"closed","ping_status":"closed","template":"","meta":{"footnotes":""},"jetpack_sharing_enabled":true,"jetpack_shortlink":"https:\/\/wp.me\/P70bXT-Hc","jetpack-related-posts":[],"_links":{"self":[{"href":"http:\/\/www.tendm.net\/index.php\/wp-json\/wp\/v2\/pages\/2678"}],"collection":[{"href":"http:\/\/www.tendm.net\/index.php\/wp-json\/wp\/v2\/pages"}],"about":[{"href":"http:\/\/www.tendm.net\/index.php\/wp-json\/wp\/v2\/types\/page"}],"author":[{"embeddable":true,"href":"http:\/\/www.tendm.net\/index.php\/wp-json\/wp\/v2\/users\/1"}],"replies":[{"embeddable":true,"href":"http:\/\/www.tendm.net\/index.php\/wp-json\/wp\/v2\/comments?post=2678"}],"version-history":[{"count":6,"href":"http:\/\/www.tendm.net\/index.php\/wp-json\/wp\/v2\/pages\/2678\/revisions"}],"predecessor-version":[{"id":5913,"href":"http:\/\/www.tendm.net\/index.php\/wp-json\/wp\/v2\/pages\/2678\/revisions\/5913"}],"wp:featuredmedia":[{"embeddable":true,"href":"http:\/\/www.tendm.net\/index.php\/wp-json\/wp\/v2\/media\/2682"}],"wp:attachment":[{"href":"http:\/\/www.tendm.net\/index.php\/wp-json\/wp\/v2\/media?parent=2678"}],"curies":[{"name":"wp","href":"https:\/\/api.w.org\/{rel}","templated":true}]}}