{"id":2922,"date":"2016-11-10T13:11:07","date_gmt":"2016-11-10T12:11:07","guid":{"rendered":"http:\/\/www.tendm.net\/?page_id=2922"},"modified":"2018-04-04T11:29:29","modified_gmt":"2018-04-04T10:29:29","slug":"cymbeline","status":"publish","type":"page","link":"http:\/\/www.tendm.net\/index.php\/cymbeline\/","title":{"rendered":"CYMBELINE"},"content":{"rendered":"<h1 style=\"text-align: center;\"><span style=\"color: #808080;\">\u00ab\u00a0L&rsquo;expert fran\u00e7ais de la robe de mari\u00e9e\u00a0\u00bb<\/span><\/h1>\n<p>&nbsp;<\/p>\n<p style=\"text-align: justify;\"><strong>Qui sommes nous?<br \/>\n<\/strong>Plus de 40 ans d\u2019histoire, histoire d\u2019amour et passion des m\u00e9tiers d\u2019art orchestr\u00e9 par nos couturi\u00e8res, toilistes, mod\u00e9listes, patronni\u00e8res, dentelli\u00e8res\u2026 Les ateliers de Cymbeline sont reconnus pour leur savoir-faire exceptionnel et une cr\u00e9ativit\u00e9 sans cesse renouvel\u00e9e.<\/p>\n<p style=\"text-align: justify;\">Un enracinement fran\u00e7ais qui n\u2019emp\u00eache pas un positionnement international, et une pr\u00e9sence sur les podiums de la couture du monde entier.<br \/>\nCymbeline est sans conteste l\u2019un des leaders de la robe de mari\u00e9e en Europe, et la griffe r\u00e9f\u00e9rente en termes d\u2019image de l\u2019excellence fran\u00e7aise et d\u2019une expertise incomparable.<\/p>\n<p style=\"text-align: justify;\">Grande maison de robes de mari\u00e9e fran\u00e7aise, Cymbeline pr\u00e9sente ses nouvelles collections dans les c\u00e9l\u00e8bres salons internationaux de Paris, Barcelone, Londres, Milan, Essen et D\u00fcsseldorf, et d\u00e9file au prestigieux d\u00e9fil\u00e9 de la Fashion Show, lors de la Barcelona Bridal Week.<\/p>\n<p style=\"text-align: justify;\">Cymbeline\u2026 Symphonie de savoir-faire et \u00e9l\u00e9gance \u00e0 la fran\u00e7aise, vibrato de dentelles, bruissements de taffetas et de passementeries, soie captivante et enivrante qui capture nos \u00e9motions. Le fil de soie, les fils de dentelles, le fil de la broderie et au fil du soir, ont \u00e9t\u00e9 d\u00e9clin\u00e9s pour cette nouvelle collection pleine de ma\u00eetrise.<\/p>\n<blockquote>\n<p style=\"text-align: justify;\">Choisir sa robe de mari\u00e9e n\u2019est pas chose facile, nous souhaitons partager avec vous notre savoir-faire afin de vous aider dans cette exp\u00e9rience unique qu\u2019est le choix de votre robe de mari\u00e9e.<\/p>\n<p style=\"text-align: center;\"><span style=\"color: #808080;\"><strong>CYMBELINE<\/strong><\/span><br \/>\n<span style=\"color: #808080;\">3 rue de la Charit\u00e9 <strong><br \/>\n<\/strong>31000 Toulouse<\/span><br \/>\n<span style=\"color: #808080;\"><strong>\u00a0<\/strong>05 61 62 65 38<\/span><br \/>\n<span style=\"color: #808080;\"><a style=\"color: #808080;\" href=\"http:\/\/www.cymbeline.com\">\u00a0<strong>www.cymbeline.com<\/strong><\/a><\/span><br \/>\n<span style=\"color: #808080;\"><a style=\"color: #808080;\" href=\"mailto:toulouse@cymbelineboutiques.com\">\u00a0<strong>toulouse@cymbelineboutiques.com<\/strong><\/a><\/span><br \/>\n<span style=\"color: #808080;\"><strong><a style=\"color: #808080;\" href=\"https:\/\/www.facebook.com\/cymbeline\">Facebook<\/a>\u00a0<\/strong><\/span><br \/>\n<span style=\"color: #808080;\"> <strong><a style=\"color: #808080;\" href=\"https:\/\/twitter.com\/CymbelineParis\"> Twitter<\/a>\u00a0<\/strong><\/span><br \/>\n<span style=\"color: #808080;\"> <strong><a style=\"color: #808080;\" href=\"https:\/\/www.instagram.com\/cymbelineparis\/\"> Instagram<\/a>\u00a0<\/strong><strong><br \/>\n<\/strong><strong><a style=\"color: #808080;\" href=\"https:\/\/fr.pinterest.com\/cymbelineparis\/\">Pinterest<\/a>\u00a0<\/strong><\/span><\/p>\n<\/blockquote>\n<p class=\"jetpack-slideshow-noscript robots-nocontent\">Ce diaporama n\u00e9cessite JavaScript.<\/p><div id=\"gallery-2922-1-slideshow\" class=\"jetpack-slideshow-window jetpack-slideshow jetpack-slideshow-black\" data-trans=\"fade\" data-autostart=\"1\" data-gallery=\"[{&quot;src&quot;:&quot;https:\\\/\\\/i0.wp.com\\\/www.tendm.net\\\/wp-content\\\/uploads\\\/2016\\\/11\\\/CAPUCINE-FACE-JPG.jpg?fit=850%2C567&quot;,&quot;id&quot;:&quot;4438&quot;,&quot;title&quot;:&quot;CAPUCINE FACE JPG&quot;,&quot;alt&quot;:&quot;&quot;,&quot;caption&quot;:&quot;&quot;,&quot;itemprop&quot;:&quot;image&quot;},{&quot;src&quot;:&quot;https:\\\/\\\/i0.wp.com\\\/www.tendm.net\\\/wp-content\\\/uploads\\\/2016\\\/11\\\/CHANTREA-1-JPG.jpg?fit=850%2C566&quot;,&quot;id&quot;:&quot;4439&quot;,&quot;title&quot;:&quot;CHANTREA (1) JPG&quot;,&quot;alt&quot;:&quot;&quot;,&quot;caption&quot;:&quot;&quot;,&quot;itemprop&quot;:&quot;image&quot;},{&quot;src&quot;:&quot;https:\\\/\\\/i0.wp.com\\\/www.tendm.net\\\/wp-content\\\/uploads\\\/2016\\\/11\\\/CORENTINE-1-JPG.jpg?fit=1024%2C683&quot;,&quot;id&quot;:&quot;4440&quot;,&quot;title&quot;:&quot;CORENTINE (1) JPG&quot;,&quot;alt&quot;:&quot;&quot;,&quot;caption&quot;:&quot;&quot;,&quot;itemprop&quot;:&quot;image&quot;},{&quot;src&quot;:&quot;https:\\\/\\\/i0.wp.com\\\/www.tendm.net\\\/wp-content\\\/uploads\\\/2016\\\/11\\\/CANELLE-3.jpg?fit=850%2C567&quot;,&quot;id&quot;:&quot;4436&quot;,&quot;title&quot;:&quot;CANELLE (3)&quot;,&quot;alt&quot;:&quot;&quot;,&quot;caption&quot;:&quot;&quot;,&quot;itemprop&quot;:&quot;image&quot;},{&quot;src&quot;:&quot;https:\\\/\\\/i0.wp.com\\\/www.tendm.net\\\/wp-content\\\/uploads\\\/2016\\\/11\\\/CALIOPE-JPG.jpg?fit=850%2C567&quot;,&quot;id&quot;:&quot;4434&quot;,&quot;title&quot;:&quot;CALIOPE JPG&quot;,&quot;alt&quot;:&quot;&quot;,&quot;caption&quot;:&quot;&quot;,&quot;itemprop&quot;:&quot;image&quot;},{&quot;src&quot;:&quot;https:\\\/\\\/i0.wp.com\\\/www.tendm.net\\\/wp-content\\\/uploads\\\/2016\\\/11\\\/CANDICE-1-JPG.jpg?fit=850%2C567&quot;,&quot;id&quot;:&quot;4435&quot;,&quot;title&quot;:&quot;CANDICE (1) JPG&quot;,&quot;alt&quot;:&quot;&quot;,&quot;caption&quot;:&quot;&quot;,&quot;itemprop&quot;:&quot;image&quot;},{&quot;src&quot;:&quot;https:\\\/\\\/i0.wp.com\\\/www.tendm.net\\\/wp-content\\\/uploads\\\/2016\\\/11\\\/CAPRICE-CAPRI-JPG.jpg?fit=850%2C566&quot;,&quot;id&quot;:&quot;4437&quot;,&quot;title&quot;:&quot;CAPRICE-CAPRI JPG&quot;,&quot;alt&quot;:&quot;&quot;,&quot;caption&quot;:&quot;&quot;,&quot;itemprop&quot;:&quot;image&quot;}]\" itemscope itemtype=\"https:\/\/schema.org\/ImageGallery\"><\/div>\n<p>&nbsp;<\/p>\n","protected":false},"excerpt":{"rendered":"<p>\u00ab\u00a0L&rsquo;expert fran\u00e7ais de la robe de mari\u00e9e\u00a0\u00bb &nbsp; Qui sommes nous? Plus de 40 ans d\u2019histoire, histoire d\u2019amour et passion des m\u00e9tiers d\u2019art orchestr\u00e9 par nos couturi\u00e8res, toilistes, mod\u00e9listes, patronni\u00e8res, dentelli\u00e8res\u2026 Les ateliers de Cymbeline sont reconnus pour leur savoir-faire exceptionnel et une cr\u00e9ativit\u00e9 sans cesse renouvel\u00e9e. Un enracinement fran\u00e7ais qui n\u2019emp\u00eache pas un positionnement [&hellip;]<\/p>\n","protected":false},"author":1,"featured_media":4436,"parent":0,"menu_order":0,"comment_status":"closed","ping_status":"closed","template":"","meta":{"footnotes":""},"jetpack_sharing_enabled":true,"jetpack_shortlink":"https:\/\/wp.me\/P70bXT-L8","jetpack-related-posts":[],"_links":{"self":[{"href":"http:\/\/www.tendm.net\/index.php\/wp-json\/wp\/v2\/pages\/2922"}],"collection":[{"href":"http:\/\/www.tendm.net\/index.php\/wp-json\/wp\/v2\/pages"}],"about":[{"href":"http:\/\/www.tendm.net\/index.php\/wp-json\/wp\/v2\/types\/page"}],"author":[{"embeddable":true,"href":"http:\/\/www.tendm.net\/index.php\/wp-json\/wp\/v2\/users\/1"}],"replies":[{"embeddable":true,"href":"http:\/\/www.tendm.net\/index.php\/wp-json\/wp\/v2\/comments?post=2922"}],"version-history":[{"count":8,"href":"http:\/\/www.tendm.net\/index.php\/wp-json\/wp\/v2\/pages\/2922\/revisions"}],"predecessor-version":[{"id":5850,"href":"http:\/\/www.tendm.net\/index.php\/wp-json\/wp\/v2\/pages\/2922\/revisions\/5850"}],"wp:featuredmedia":[{"embeddable":true,"href":"http:\/\/www.tendm.net\/index.php\/wp-json\/wp\/v2\/media\/4436"}],"wp:attachment":[{"href":"http:\/\/www.tendm.net\/index.php\/wp-json\/wp\/v2\/media?parent=2922"}],"curies":[{"name":"wp","href":"https:\/\/api.w.org\/{rel}","templated":true}]}}