{"id":3027,"date":"2016-11-16T11:32:20","date_gmt":"2016-11-16T10:32:20","guid":{"rendered":"http:\/\/www.tendm.net\/?page_id=3027"},"modified":"2018-04-04T11:34:33","modified_gmt":"2018-04-04T10:34:33","slug":"camomille-flowers","status":"publish","type":"page","link":"http:\/\/www.tendm.net\/index.php\/camomille-flowers\/","title":{"rendered":"Camomille Flowers"},"content":{"rendered":"<p>&nbsp;<\/p>\n<h1 style=\"text-align: center;\"><span style=\"color: #808080;\">\u00ab\u00a0Fleuriste curieuse et cr\u00e9ative !\u00a0\u00bb<\/span><\/h1>\n<p>&nbsp;<\/p>\n<p style=\"text-align: justify;\"><span style=\"color: #000000;\"><strong>Qui suis-je ?<\/strong><\/span><br \/>\nLa beaut\u00e9 d\u2019une rose ancienne, la g\u00e9n\u00e9rosit\u00e9 d\u2019une pivoine, la douceur d\u2019une an\u00e9mone et la l\u00e9g\u00e8ret\u00e9\u00a0des gramin\u00e9es n \u2018ont plus de secret pour Camille \u2026<br \/>\nCurieuse et cr\u00e9ative, \u00a0Camille sublimera votre jour J et vous accompagnera lors de vos pr\u00e9paratifs.<\/p>\n<p style=\"text-align: justify;\">Elle composera votre bouquet de mari\u00e9e, cr\u00e9era vos boutonni\u00e8res et vos couronnes de fleurs mais fleurira \u00e9galement votre c\u00e9r\u00e9monie, votre lieu de<br \/>\nr\u00e9ception.<\/p>\n<blockquote>\n<p style=\"text-align: justify;\">Avec Camomille Flowers, rien ne sera laiss\u00e9 de c\u00f4t\u00e9 \u2026.<\/p>\n<\/blockquote>\n<p style=\"text-align: center;\"><span style=\"color: #808080;\"><strong>CAMOMILLE FLOWERS<\/strong><\/span><br \/>\n<span style=\"color: #808080;\"> 77 Route des cr\u00eates<\/span><br \/>\n<span style=\"color: #808080;\"> 31380 PAULHAC<\/span><br \/>\n<span style=\"color: #808080;\"> 06 76 85 22 68<\/span><br \/>\n<span style=\"color: #808080;\"> <a style=\"color: #808080;\" href=\"mailto:camomilleflowers@gmail.com\">camomilleflowers@gmail.com<\/a><\/span><br \/>\n<span style=\"color: #808080;\"> <a style=\"color: #808080;\" href=\"https:\/\/www.facebook.com\/Camomille-Flowers-711606178915404\/\"><strong>Facebook<\/strong><\/a><\/span><br \/>\n<span style=\"color: #808080;\"> <a style=\"color: #808080;\" href=\"https:\/\/www.instagram.com\/camomille_flowers\/?hl=fr\"><strong>Instagram<\/strong><\/a><\/span><\/p>\n<p class=\"jetpack-slideshow-noscript robots-nocontent\">Ce diaporama n\u00e9cessite JavaScript.<\/p><div id=\"gallery-3027-1-slideshow\" class=\"jetpack-slideshow-window jetpack-slideshow jetpack-slideshow-black\" data-trans=\"fade\" data-autostart=\"1\" data-gallery=\"[{&quot;src&quot;:&quot;https:\\\/\\\/i0.wp.com\\\/www.tendm.net\\\/wp-content\\\/uploads\\\/2016\\\/11\\\/geometric-harmony-63.jpeg?fit=360%2C240&quot;,&quot;id&quot;:&quot;3028&quot;,&quot;title&quot;:&quot;geometric-harmony-63&quot;,&quot;alt&quot;:&quot;&quot;,&quot;caption&quot;:&quot;&quot;,&quot;itemprop&quot;:&quot;image&quot;},{&quot;src&quot;:&quot;https:\\\/\\\/i0.wp.com\\\/www.tendm.net\\\/wp-content\\\/uploads\\\/2016\\\/11\\\/geometric-harmony-67.jpeg?fit=240%2C360&quot;,&quot;id&quot;:&quot;3029&quot;,&quot;title&quot;:&quot;geometric-harmony-67&quot;,&quot;alt&quot;:&quot;&quot;,&quot;caption&quot;:&quot;Fleurs&quot;,&quot;itemprop&quot;:&quot;image&quot;},{&quot;src&quot;:&quot;https:\\\/\\\/i0.wp.com\\\/www.tendm.net\\\/wp-content\\\/uploads\\\/2016\\\/11\\\/liloumat_604.jpeg?fit=427%2C640&quot;,&quot;id&quot;:&quot;3030&quot;,&quot;title&quot;:&quot;liloumat_604&quot;,&quot;alt&quot;:&quot;&quot;,&quot;caption&quot;:&quot;&quot;,&quot;itemprop&quot;:&quot;image&quot;},{&quot;src&quot;:&quot;https:\\\/\\\/i0.wp.com\\\/www.tendm.net\\\/wp-content\\\/uploads\\\/2016\\\/11\\\/Mariage-Camille-Baptiste-St-Jean-et-Chateau-Loub\\u00e9jac-398.jpeg?fit=427%2C640&quot;,&quot;id&quot;:&quot;3031&quot;,&quot;title&quot;:&quot;mariage-camille-baptiste-st-jean-et-chateau-loubejac-398&quot;,&quot;alt&quot;:&quot;&quot;,&quot;caption&quot;:&quot;&quot;,&quot;itemprop&quot;:&quot;image&quot;},{&quot;src&quot;:&quot;https:\\\/\\\/i0.wp.com\\\/www.tendm.net\\\/wp-content\\\/uploads\\\/2016\\\/11\\\/MWP_4736.jpeg?fit=640%2C428&quot;,&quot;id&quot;:&quot;3032&quot;,&quot;title&quot;:&quot;mwp_4736&quot;,&quot;alt&quot;:&quot;&quot;,&quot;caption&quot;:&quot;&quot;,&quot;itemprop&quot;:&quot;image&quot;}]\" itemscope itemtype=\"https:\/\/schema.org\/ImageGallery\"><\/div>\n","protected":false},"excerpt":{"rendered":"<p>&nbsp; \u00ab\u00a0Fleuriste curieuse et cr\u00e9ative !\u00a0\u00bb &nbsp; Qui suis-je ? La beaut\u00e9 d\u2019une rose ancienne, la g\u00e9n\u00e9rosit\u00e9 d\u2019une pivoine, la douceur d\u2019une an\u00e9mone et la l\u00e9g\u00e8ret\u00e9\u00a0des gramin\u00e9es n \u2018ont plus de secret pour Camille \u2026 Curieuse et cr\u00e9ative, \u00a0Camille sublimera votre jour J et vous accompagnera lors de vos pr\u00e9paratifs. Elle composera votre bouquet de [&hellip;]<\/p>\n","protected":false},"author":1,"featured_media":3032,"parent":0,"menu_order":0,"comment_status":"closed","ping_status":"closed","template":"","meta":{"footnotes":""},"jetpack_sharing_enabled":true,"jetpack_shortlink":"https:\/\/wp.me\/P70bXT-MP","jetpack-related-posts":[],"_links":{"self":[{"href":"http:\/\/www.tendm.net\/index.php\/wp-json\/wp\/v2\/pages\/3027"}],"collection":[{"href":"http:\/\/www.tendm.net\/index.php\/wp-json\/wp\/v2\/pages"}],"about":[{"href":"http:\/\/www.tendm.net\/index.php\/wp-json\/wp\/v2\/types\/page"}],"author":[{"embeddable":true,"href":"http:\/\/www.tendm.net\/index.php\/wp-json\/wp\/v2\/users\/1"}],"replies":[{"embeddable":true,"href":"http:\/\/www.tendm.net\/index.php\/wp-json\/wp\/v2\/comments?post=3027"}],"version-history":[{"count":11,"href":"http:\/\/www.tendm.net\/index.php\/wp-json\/wp\/v2\/pages\/3027\/revisions"}],"predecessor-version":[{"id":5859,"href":"http:\/\/www.tendm.net\/index.php\/wp-json\/wp\/v2\/pages\/3027\/revisions\/5859"}],"wp:featuredmedia":[{"embeddable":true,"href":"http:\/\/www.tendm.net\/index.php\/wp-json\/wp\/v2\/media\/3032"}],"wp:attachment":[{"href":"http:\/\/www.tendm.net\/index.php\/wp-json\/wp\/v2\/media?parent=3027"}],"curies":[{"name":"wp","href":"https:\/\/api.w.org\/{rel}","templated":true}]}}