{"id":3355,"date":"2016-11-25T12:51:20","date_gmt":"2016-11-25T11:51:20","guid":{"rendered":"http:\/\/www.tendm.net\/?page_id=3355"},"modified":"2018-04-04T11:34:51","modified_gmt":"2018-04-04T10:34:51","slug":"vert-autrement","status":"publish","type":"page","link":"http:\/\/www.tendm.net\/index.php\/vert-autrement\/","title":{"rendered":"Vert autrement"},"content":{"rendered":"<p>&nbsp;<\/p>\n<h1 style=\"text-align: center;\"><span style=\"color: #808080;\">\u00ab\u00a0Vert Autrement, des fleurs \u00e9l\u00e9gantes pour votre mariage\u00a0\u00bb<\/span><\/h1>\n<p style=\"text-align: justify;\"><strong>Qui suis-je?<\/strong><\/p>\n<p style=\"text-align: justify;\">H\u00e9l\u00e8ne, \u00e0 l&rsquo;\u00e9coute de vos envies vous accueille dans son atelier et vous vous guidera dans le choix des fleurs et des compositions qui vous correspondent .<\/p>\n<p style=\"text-align: justify;\">R\u00e9aliser la d\u00e9coration florale de votre r\u00e9ception, arche fleurie, centres de table, couronnes de fleurs \u00e0 suspendre ou plus simplement quelques fleurs d\u00e9pos\u00e9es en toute \u00e9l\u00e9gance, \u00e0 vous de me dire.<\/p>\n<p style=\"text-align: justify;\">Vous aurez aussi le choix, pour compl\u00e9ter le th\u00e8me de votre mariage parmi de nombreux contenants, accessoires et petit mobilier pour parfaire vos mises en sc\u00e8ne (table remerciements, sweet table&#8230;).<\/p>\n<p style=\"text-align: center;\"><span style=\"color: #808080;\"><strong>Vert autrement<br \/>\n<\/strong><span style=\"font-size: 1.125em;\"><span style=\"font-size: 12pt;\">H\u00e9l\u00e8ne Tocanne<\/span><br \/>\n<\/span>20 rue des mines<br \/>\n31700 Blagnac<\/span><br \/>\n<span style=\"color: #808080;\"> 06 10 07 29 40<\/span><br \/>\n<span style=\"color: #808080;\"> <a style=\"color: #808080;\" href=\"mailto:contact@vertautrement.fr\">contact@vertautrement.fr<\/a><\/span><br \/>\n<span style=\"color: #808080;\"> <strong>\u00a0<\/strong><a style=\"color: #808080;\" href=\"http:\/\/www.vertautrement.fr\"><strong>www.vertautrement.fr<\/strong><br \/>\n<\/a><a style=\"color: #808080;\" href=\"http:\/\/instagram.com\/vertautrement\">Instagram<\/a><\/span><br \/>\n<span style=\"color: #808080;\"> <a style=\"color: #808080;\" href=\"https:\/\/www.facebook.com\/Vertautrement\/?fref=ts\">Facebook<\/a><\/span><\/p>\n<p class=\"jetpack-slideshow-noscript robots-nocontent\">Ce diaporama n\u00e9cessite JavaScript.<\/p><div id=\"gallery-3355-1-slideshow\" class=\"jetpack-slideshow-window jetpack-slideshow jetpack-slideshow-black\" data-trans=\"fade\" data-autostart=\"1\" data-gallery=\"[{&quot;src&quot;:&quot;https:\\\/\\\/i0.wp.com\\\/www.tendm.net\\\/wp-content\\\/uploads\\\/2016\\\/11\\\/116115980.jpg?fit=800%2C533&quot;,&quot;id&quot;:&quot;5151&quot;,&quot;title&quot;:&quot;116115980&quot;,&quot;alt&quot;:&quot;&quot;,&quot;caption&quot;:&quot;&quot;,&quot;itemprop&quot;:&quot;image&quot;},{&quot;src&quot;:&quot;https:\\\/\\\/i0.wp.com\\\/www.tendm.net\\\/wp-content\\\/uploads\\\/2016\\\/11\\\/3-1.jpg?fit=440%2C960&quot;,&quot;id&quot;:&quot;3358&quot;,&quot;title&quot;:&quot;3&quot;,&quot;alt&quot;:&quot;&quot;,&quot;caption&quot;:&quot;&quot;,&quot;itemprop&quot;:&quot;image&quot;},{&quot;src&quot;:&quot;https:\\\/\\\/i0.wp.com\\\/www.tendm.net\\\/wp-content\\\/uploads\\\/2016\\\/11\\\/IMG_3865.jpg?fit=750%2C390&quot;,&quot;id&quot;:&quot;5154&quot;,&quot;title&quot;:&quot;IMG_3865&quot;,&quot;alt&quot;:&quot;&quot;,&quot;caption&quot;:&quot;&quot;,&quot;itemprop&quot;:&quot;image&quot;},{&quot;src&quot;:&quot;https:\\\/\\\/i0.wp.com\\\/www.tendm.net\\\/wp-content\\\/uploads\\\/2016\\\/11\\\/FullSizeRender-1.jpg?fit=750%2C484&quot;,&quot;id&quot;:&quot;5249&quot;,&quot;title&quot;:&quot;FullSizeRender&quot;,&quot;alt&quot;:&quot;&quot;,&quot;caption&quot;:&quot;Fleurs&quot;,&quot;itemprop&quot;:&quot;image&quot;},{&quot;src&quot;:&quot;https:\\\/\\\/i0.wp.com\\\/www.tendm.net\\\/wp-content\\\/uploads\\\/2016\\\/11\\\/1-2.jpg?fit=240%2C360&quot;,&quot;id&quot;:&quot;3357&quot;,&quot;title&quot;:&quot;1&quot;,&quot;alt&quot;:&quot;&quot;,&quot;caption&quot;:&quot;Fleurs&quot;,&quot;itemprop&quot;:&quot;image&quot;},{&quot;src&quot;:&quot;https:\\\/\\\/i0.wp.com\\\/www.tendm.net\\\/wp-content\\\/uploads\\\/2016\\\/11\\\/Image.jpg?fit=480%2C720&quot;,&quot;id&quot;:&quot;5153&quot;,&quot;title&quot;:&quot;Image&quot;,&quot;alt&quot;:&quot;&quot;,&quot;caption&quot;:&quot;&quot;,&quot;itemprop&quot;:&quot;image&quot;},{&quot;src&quot;:&quot;https:\\\/\\\/i0.wp.com\\\/www.tendm.net\\\/wp-content\\\/uploads\\\/2016\\\/11\\\/13567022_10208112066932264_4233251107287355874_n.jpg?fit=960%2C960&quot;,&quot;id&quot;:&quot;3518&quot;,&quot;title&quot;:&quot;13567022_10208112066932264_4233251107287355874_n&quot;,&quot;alt&quot;:&quot;&quot;,&quot;caption&quot;:&quot;&quot;,&quot;itemprop&quot;:&quot;image&quot;},{&quot;src&quot;:&quot;https:\\\/\\\/i0.wp.com\\\/www.tendm.net\\\/wp-content\\\/uploads\\\/2016\\\/11\\\/13699988_1100376200055922_589464080079014445_n.jpg?fit=263%2C395&quot;,&quot;id&quot;:&quot;5149&quot;,&quot;title&quot;:&quot;13699988_1100376200055922_589464080079014445_n&quot;,&quot;alt&quot;:&quot;&quot;,&quot;caption&quot;:&quot;&quot;,&quot;itemprop&quot;:&quot;image&quot;},{&quot;src&quot;:&quot;https:\\\/\\\/i0.wp.com\\\/www.tendm.net\\\/wp-content\\\/uploads\\\/2016\\\/11\\\/6.jpg?fit=1024%2C684&quot;,&quot;id&quot;:&quot;3361&quot;,&quot;title&quot;:&quot;6&quot;,&quot;alt&quot;:&quot;&quot;,&quot;caption&quot;:&quot;Fleurs&quot;,&quot;itemprop&quot;:&quot;image&quot;},{&quot;src&quot;:&quot;https:\\\/\\\/i0.wp.com\\\/www.tendm.net\\\/wp-content\\\/uploads\\\/2016\\\/11\\\/DSC_3494.jpg?fit=1024%2C681&quot;,&quot;id&quot;:&quot;3524&quot;,&quot;title&quot;:&quot;dsc_3494&quot;,&quot;alt&quot;:&quot;&quot;,&quot;caption&quot;:&quot;&quot;,&quot;itemprop&quot;:&quot;image&quot;},{&quot;src&quot;:&quot;https:\\\/\\\/i0.wp.com\\\/www.tendm.net\\\/wp-content\\\/uploads\\\/2016\\\/11\\\/IMG_3863.jpg?fit=720%2C480&quot;,&quot;id&quot;:&quot;5250&quot;,&quot;title&quot;:&quot;IMG_3863&quot;,&quot;alt&quot;:&quot;&quot;,&quot;caption&quot;:&quot;&quot;,&quot;itemprop&quot;:&quot;image&quot;},{&quot;src&quot;:&quot;https:\\\/\\\/i0.wp.com\\\/www.tendm.net\\\/wp-content\\\/uploads\\\/2016\\\/11\\\/DSC_1159.jpg?fit=681%2C1024&quot;,&quot;id&quot;:&quot;3521&quot;,&quot;title&quot;:&quot;dsc_1159&quot;,&quot;alt&quot;:&quot;&quot;,&quot;caption&quot;:&quot;&quot;,&quot;itemprop&quot;:&quot;image&quot;},{&quot;src&quot;:&quot;https:\\\/\\\/i0.wp.com\\\/www.tendm.net\\\/wp-content\\\/uploads\\\/2016\\\/11\\\/photo.jpeg?fit=1024%2C683&quot;,&quot;id&quot;:&quot;5155&quot;,&quot;title&quot;:&quot;photo&quot;,&quot;alt&quot;:&quot;&quot;,&quot;caption&quot;:&quot;&quot;,&quot;itemprop&quot;:&quot;image&quot;},{&quot;src&quot;:&quot;https:\\\/\\\/i0.wp.com\\\/www.tendm.net\\\/wp-content\\\/uploads\\\/2016\\\/11\\\/22768210_1928370160761383_1054607598_o.jpeg?fit=1024%2C683&quot;,&quot;id&quot;:&quot;5150&quot;,&quot;title&quot;:&quot;22768210_1928370160761383_1054607598_o&quot;,&quot;alt&quot;:&quot;&quot;,&quot;caption&quot;:&quot;&quot;,&quot;itemprop&quot;:&quot;image&quot;},{&quot;src&quot;:&quot;https:\\\/\\\/i0.wp.com\\\/www.tendm.net\\\/wp-content\\\/uploads\\\/2016\\\/11\\\/5.jpg?fit=1024%2C681&quot;,&quot;id&quot;:&quot;3360&quot;,&quot;title&quot;:&quot;5&quot;,&quot;alt&quot;:&quot;&quot;,&quot;caption&quot;:&quot;&quot;,&quot;itemprop&quot;:&quot;image&quot;},{&quot;src&quot;:&quot;https:\\\/\\\/i0.wp.com\\\/www.tendm.net\\\/wp-content\\\/uploads\\\/2016\\\/11\\\/4-1.jpg?fit=1024%2C681&quot;,&quot;id&quot;:&quot;3359&quot;,&quot;title&quot;:&quot;4&quot;,&quot;alt&quot;:&quot;&quot;,&quot;caption&quot;:&quot;&quot;,&quot;itemprop&quot;:&quot;image&quot;},{&quot;src&quot;:&quot;https:\\\/\\\/i0.wp.com\\\/www.tendm.net\\\/wp-content\\\/uploads\\\/2016\\\/11\\\/DSC_0905.jpeg?fit=1024%2C681&quot;,&quot;id&quot;:&quot;5152&quot;,&quot;title&quot;:&quot;DSC_0905&quot;,&quot;alt&quot;:&quot;&quot;,&quot;caption&quot;:&quot;&quot;,&quot;itemprop&quot;:&quot;image&quot;},{&quot;src&quot;:&quot;https:\\\/\\\/i0.wp.com\\\/www.tendm.net\\\/wp-content\\\/uploads\\\/2016\\\/11\\\/DSC_0895.jpg?fit=1024%2C681&quot;,&quot;id&quot;:&quot;3520&quot;,&quot;title&quot;:&quot;dsc_0895&quot;,&quot;alt&quot;:&quot;&quot;,&quot;caption&quot;:&quot;&quot;,&quot;itemprop&quot;:&quot;image&quot;},{&quot;src&quot;:&quot;https:\\\/\\\/i0.wp.com\\\/www.tendm.net\\\/wp-content\\\/uploads\\\/2016\\\/11\\\/DSC_0408.jpg?fit=1024%2C848&quot;,&quot;id&quot;:&quot;3519&quot;,&quot;title&quot;:&quot;dsc_0408&quot;,&quot;alt&quot;:&quot;&quot;,&quot;caption&quot;:&quot;&quot;,&quot;itemprop&quot;:&quot;image&quot;},{&quot;src&quot;:&quot;https:\\\/\\\/i0.wp.com\\\/www.tendm.net\\\/wp-content\\\/uploads\\\/2016\\\/11\\\/DSC_1234.jpg?fit=1024%2C681&quot;,&quot;id&quot;:&quot;3522&quot;,&quot;title&quot;:&quot;dsc_1234&quot;,&quot;alt&quot;:&quot;&quot;,&quot;caption&quot;:&quot;&quot;,&quot;itemprop&quot;:&quot;image&quot;}]\" itemscope itemtype=\"https:\/\/schema.org\/ImageGallery\"><\/div>\n","protected":false},"excerpt":{"rendered":"<p>&nbsp; \u00ab\u00a0Vert Autrement, des fleurs \u00e9l\u00e9gantes pour votre mariage\u00a0\u00bb Qui suis-je? H\u00e9l\u00e8ne, \u00e0 l&rsquo;\u00e9coute de vos envies vous accueille dans son atelier et vous vous guidera dans le choix des fleurs et des compositions qui vous correspondent . R\u00e9aliser la d\u00e9coration florale de votre r\u00e9ception, arche fleurie, centres de table, couronnes de fleurs \u00e0 suspendre [&hellip;]<\/p>\n","protected":false},"author":1,"featured_media":3522,"parent":0,"menu_order":0,"comment_status":"closed","ping_status":"closed","template":"","meta":{"footnotes":""},"jetpack_sharing_enabled":true,"jetpack_shortlink":"https:\/\/wp.me\/P70bXT-S7","jetpack-related-posts":[],"_links":{"self":[{"href":"http:\/\/www.tendm.net\/index.php\/wp-json\/wp\/v2\/pages\/3355"}],"collection":[{"href":"http:\/\/www.tendm.net\/index.php\/wp-json\/wp\/v2\/pages"}],"about":[{"href":"http:\/\/www.tendm.net\/index.php\/wp-json\/wp\/v2\/types\/page"}],"author":[{"embeddable":true,"href":"http:\/\/www.tendm.net\/index.php\/wp-json\/wp\/v2\/users\/1"}],"replies":[{"embeddable":true,"href":"http:\/\/www.tendm.net\/index.php\/wp-json\/wp\/v2\/comments?post=3355"}],"version-history":[{"count":14,"href":"http:\/\/www.tendm.net\/index.php\/wp-json\/wp\/v2\/pages\/3355\/revisions"}],"predecessor-version":[{"id":5860,"href":"http:\/\/www.tendm.net\/index.php\/wp-json\/wp\/v2\/pages\/3355\/revisions\/5860"}],"wp:featuredmedia":[{"embeddable":true,"href":"http:\/\/www.tendm.net\/index.php\/wp-json\/wp\/v2\/media\/3522"}],"wp:attachment":[{"href":"http:\/\/www.tendm.net\/index.php\/wp-json\/wp\/v2\/media?parent=3355"}],"curies":[{"name":"wp","href":"https:\/\/api.w.org\/{rel}","templated":true}]}}