{"id":3616,"date":"2016-11-30T13:59:48","date_gmt":"2016-11-30T12:59:48","guid":{"rendered":"http:\/\/www.tendm.net\/?page_id=3616"},"modified":"2018-04-04T11:26:00","modified_gmt":"2018-04-04T10:26:00","slug":"julien-granier-films","status":"publish","type":"page","link":"http:\/\/www.tendm.net\/index.php\/julien-granier-films\/","title":{"rendered":"Julien Granier Films"},"content":{"rendered":"<h1><\/h1>\n<h1 style=\"text-align: center;\"><span style=\"color: #808080;\">\u00ab\u00a0Le film de mariage 100% \u00e9motions\u00a0\u00bb<\/span><\/h1>\n<p><strong>Ma philosophie<br \/>\n<\/strong>Le Mariage est un moment unique, plein d\u2019\u00e9motions, qui doit rester m\u00e9morable. Et la vid\u00e9o est le m\u00e9dia id\u00e9al pour en garder un souvenir vivant, authentique et imp\u00e9rissable.<br \/>\nMon but, en tant que vid\u00e9aste de mariage, est de raconter VOTRE histoire.<\/p>\n<p style=\"text-align: justify;\">Mon style est essentiellement bas\u00e9 sur la Narration et l\u2019\u00c9motion, \u00e0 travers la relation que vous avez avec votre bien-aim\u00e9(e), vos familles et amis. Les mots de chacun r\u00e9sonneront sur les images de cette fabuleuse journ\u00e9e pour ainsi conserver ce souvenir puissant, \u00e9mouvant et extraordinaire !<\/p>\n<p style=\"text-align: justify;\">Prenons le temps de faire connaissance. Nous parlerons de nous, de mariage, de voyage&#8230;<br \/>\nEnsemble, construisons VOTRE film de mariage. Et \u00e0 travers une direction narrative, esth\u00e9tique et moderne, soyez pr\u00eat \u00e0 revivre l\u2019\u00e9motion du plus beau jour de votre vie \u00e0 l\u2019infini.<\/p>\n<p style=\"text-align: justify;\"><strong>Qui est Julien Granier?<br \/>\n<\/strong>Passionn\u00e9 de musique et de cin\u00e9ma, c\u2019est gr\u00e2ce \u00e0 un voyage de 4 ans autour du monde que Julien Granier a pu d\u00e9velopper un regard neuf sur le monde. Il a ainsi eu la chance de travailler sur diff\u00e9rents projets vid\u00e9o dans divers pays : Australie, Nouvelle-Z\u00e9lande, Japon, Philippines.<\/p>\n<p style=\"text-align: justify;\">Sa passion pour les mariages, lui vient de cet amour pour les rencontres, les \u00e9changes et l\u2019authenticit\u00e9. Selon lui, le mariage est l\u2019une des rares occasions o\u00f9 familles et amis se retrouvent ensemble, pour cr\u00e9er d\u2019inestimables souvenirs et c\u2019est un privil\u00e8ge pour tout vid\u00e9aste de pouvoir capturer ces \u00e9motions et de permettre que ces moments perdurent dans le temps.<\/p>\n<p style=\"text-align: justify;\">Bas\u00e9 sur Toulouse mais disponible en France et \u00e0 l\u2019international (bilingue anglais), laissez vous s\u00e9duire par sa bonne humeur, ses bons conseils et la qualit\u00e9 de son travail (tous ses films de mariage sur <strong><a href=\"http:\/\/www.juliengranierfilms.com\/mariage\">www.juliengranierfilms.com<\/a><\/strong>).<\/p>\n<p style=\"text-align: justify;\"><strong>Services propos\u00e9s :<br \/>\n<\/strong>Diff\u00e9rentes formules sont propos\u00e9es pour correspondre \u00e0 vos envies et \u00e0 d\u00e9couvrir ensemble :<\/p>\n<ul style=\"text-align: justify;\">\n<li><span style=\"font-size: 12pt;\">Film Cin\u00e9matique de 3 \u00e0 10 minutes<\/span><\/li>\n<li><span style=\"font-size: 12pt;\">Film Documentaire de 20 \u00e0 60 minutes<\/span><\/li>\n<li><span style=\"font-size: 12pt;\">Film Teaser d&rsquo;une minute<\/span><\/li>\n<li><span style=\"font-size: 12pt;\">Enregistrement de votre histoire\u00a0et Prises de vues a\u00e9riennes avec un drone inclus dans chaque formule\u00a0<\/span><\/li>\n<\/ul>\n<p style=\"text-align: justify;\"><strong>Diff\u00e9rentes options sont aussi disponibles pour personnaliser votre exp\u00e9rience :<\/strong><\/p>\n<ul>\n<li><span style=\"font-size: 12pt;\">Fourniture de l&rsquo;int\u00e9gralit\u00e9 des vid\u00e9os r\u00e9alis\u00e9es\u00a0<\/span><\/li>\n<li><span style=\"font-size: 12pt;\">Cameraman suppl\u00e9mentaire <\/span><\/li>\n<li><span style=\"font-size: 12pt;\">Journ\u00e9e suppl\u00e9mentaire de tournage : (pr\u00e9paratifs des lieux, brunch du lendemain, s\u00e9ance lifestyle pr\u00e9\/post-mariage pour mieux raconter votre histoire)<\/span><\/li>\n<li><span style=\"font-size: 12pt;\">Vid\u00e9o \u00ab\u00a0Save the date\u00a0\u00bb de 1-2 minutes pour une invitation en vid\u00e9o<\/span><\/li>\n<li><span style=\"font-size: 12pt;\">Livraison de vos films en 1 mois (au lieu de 3 mois)<\/span><\/li>\n<li><span style=\"font-size: 12pt;\">Confidentialit\u00e9 maximum (pas de r\u00e9seaux sociaux)<\/span><\/li>\n<li><span style=\"font-size: 12pt;\">Si vous pr\u00e9voyez de vous marier \u00e0 l&rsquo;\u00e9tranger, demandez un tarif sp\u00e9cial **<\/span><\/li>\n<\/ul>\n<p><strong>Autres informations :<br \/>\n<\/strong><span style=\"font-family: Calibri, serif;\">Voici quelques exemples de \u00ab\u00a0Film Cin\u00e9matique\u00a0\u00bb qui seront diffus\u00e9s au salon :<br \/>\n<a href=\"https:\/\/vimeo.com\/235774736\">Escapade dans les bois<\/a>\u00a0(3 minutes)<br \/>\n<a href=\"https:\/\/vimeo.com\/226466729\">Mariage dans les vignes<\/a>\u00a0(5 minutes)<br \/>\n<a href=\"https:\/\/vimeo.com\/232835732\">Bouquet Final avec r\u00e9actions des mari\u00e9s\u00a0<\/a>(10 minutes)<\/span><\/p>\n<h4 style=\"text-align: center;\"><\/h4>\n<p style=\"text-align: center;\"><span style=\"color: #808080;\"><strong>JULIEN GRANIER FILMS<\/strong><\/span><br \/>\n<span style=\"color: #808080;\"> 07 83 30 87 17<\/span><br \/>\n<span style=\"color: #808080;\"><a style=\"color: #808080;\" href=\"mailto:juliengranierfilms@gmail.com\"> juliengranierfilms@gmail.com<\/a><\/span><br \/>\n<span style=\"color: #808080;\"> <a style=\"color: #808080;\" href=\"http:\/\/www.juliengranierfilms.com\/mariage\">www.juliengranierfilms.com<\/a><\/span><br \/>\n<span style=\"color: #808080;\"> <a style=\"color: #808080;\" href=\"http:\/\/www.facebook.com\/juliengranierfilms\">Facebook<\/a><\/span><br \/>\n<span style=\"color: #808080;\"> <a style=\"color: #808080;\" href=\"http:\/\/www.instagram.com\/juliengranierfilms\">Instagram<\/a><\/span><br \/>\n<span style=\"color: #808080;\"> <a style=\"color: #808080;\" href=\"http:\/\/www.vimeo.com\/juliengranierfilms\">Vimeo<\/a><\/span><\/p>\n<p class=\"jetpack-slideshow-noscript robots-nocontent\">Ce diaporama n\u00e9cessite JavaScript.<\/p><div id=\"gallery-3616-1-slideshow\" class=\"jetpack-slideshow-window jetpack-slideshow jetpack-slideshow-black\" data-trans=\"fade\" data-autostart=\"1\" data-gallery=\"[{&quot;src&quot;:&quot;https:\\\/\\\/i0.wp.com\\\/www.tendm.net\\\/wp-content\\\/uploads\\\/2016\\\/11\\\/101-2.jpg?fit=2000%2C1333&quot;,&quot;id&quot;:&quot;3620&quot;,&quot;title&quot;:&quot;101-2&quot;,&quot;alt&quot;:&quot;&quot;,&quot;caption&quot;:&quot;Vid\\u00e9os&quot;,&quot;itemprop&quot;:&quot;image&quot;},{&quot;src&quot;:&quot;https:\\\/\\\/i0.wp.com\\\/www.tendm.net\\\/wp-content\\\/uploads\\\/2016\\\/11\\\/wedden-weddin-toulouse-anais-bertrand-photographe-105-44.jpg?fit=2000%2C1125&quot;,&quot;id&quot;:&quot;3618&quot;,&quot;title&quot;:&quot;wedden-weddin-toulouse-anais-bertrand-photographe-105-44&quot;,&quot;alt&quot;:&quot;&quot;,&quot;caption&quot;:&quot;&quot;,&quot;itemprop&quot;:&quot;image&quot;},{&quot;src&quot;:&quot;https:\\\/\\\/i0.wp.com\\\/www.tendm.net\\\/wp-content\\\/uploads\\\/2016\\\/11\\\/18948751_1937088409899896_653393027_o.jpg?fit=1280%2C853&quot;,&quot;id&quot;:&quot;4319&quot;,&quot;title&quot;:&quot;18948751_1937088409899896_653393027_o&quot;,&quot;alt&quot;:&quot;&quot;,&quot;caption&quot;:&quot;&quot;,&quot;itemprop&quot;:&quot;image&quot;},{&quot;src&quot;:&quot;https:\\\/\\\/i0.wp.com\\\/www.tendm.net\\\/wp-content\\\/uploads\\\/2016\\\/11\\\/19073327_1937088406566563_305030360_o.jpg?fit=1280%2C853&quot;,&quot;id&quot;:&quot;4320&quot;,&quot;title&quot;:&quot;19073327_1937088406566563_305030360_o&quot;,&quot;alt&quot;:&quot;&quot;,&quot;caption&quot;:&quot;&quot;,&quot;itemprop&quot;:&quot;image&quot;},{&quot;src&quot;:&quot;https:\\\/\\\/i0.wp.com\\\/www.tendm.net\\\/wp-content\\\/uploads\\\/2016\\\/11\\\/21534601_10203682285294120_169878611_o.jpg?fit=1800%2C1200&quot;,&quot;id&quot;:&quot;4321&quot;,&quot;title&quot;:&quot;21534601_10203682285294120_169878611_o&quot;,&quot;alt&quot;:&quot;&quot;,&quot;caption&quot;:&quot;&quot;,&quot;itemprop&quot;:&quot;image&quot;},{&quot;src&quot;:&quot;https:\\\/\\\/i0.wp.com\\\/www.tendm.net\\\/wp-content\\\/uploads\\\/2016\\\/11\\\/21551820_750709321794488_5484056413122469154_o.jpg?fit=1083%2C720&quot;,&quot;id&quot;:&quot;4322&quot;,&quot;title&quot;:&quot;21551820_750709321794488_5484056413122469154_o&quot;,&quot;alt&quot;:&quot;&quot;,&quot;caption&quot;:&quot;&quot;,&quot;itemprop&quot;:&quot;image&quot;},{&quot;src&quot;:&quot;https:\\\/\\\/i0.wp.com\\\/www.tendm.net\\\/wp-content\\\/uploads\\\/2016\\\/11\\\/Discours_synced.00_16_33_21.Still004.jpg?fit=2000%2C1125&quot;,&quot;id&quot;:&quot;4323&quot;,&quot;title&quot;:&quot;Discours_synced.00_16_33_21.Still004&quot;,&quot;alt&quot;:&quot;&quot;,&quot;caption&quot;:&quot;&quot;,&quot;itemprop&quot;:&quot;image&quot;},{&quot;src&quot;:&quot;https:\\\/\\\/i0.wp.com\\\/www.tendm.net\\\/wp-content\\\/uploads\\\/2016\\\/11\\\/signature-background02.jpg?fit=1920%2C1280&quot;,&quot;id&quot;:&quot;4779&quot;,&quot;title&quot;:&quot;signature background02&quot;,&quot;alt&quot;:&quot;&quot;,&quot;caption&quot;:&quot;&quot;,&quot;itemprop&quot;:&quot;image&quot;}]\" itemscope itemtype=\"https:\/\/schema.org\/ImageGallery\"><\/div>\n","protected":false},"excerpt":{"rendered":"<p>\u00ab\u00a0Le film de mariage 100% \u00e9motions\u00a0\u00bb Ma philosophie Le Mariage est un moment unique, plein d\u2019\u00e9motions, qui doit rester m\u00e9morable. Et la vid\u00e9o est le m\u00e9dia id\u00e9al pour en garder un souvenir vivant, authentique et imp\u00e9rissable. Mon but, en tant que vid\u00e9aste de mariage, est de raconter VOTRE histoire. Mon style est essentiellement bas\u00e9 sur [&hellip;]<\/p>\n","protected":false},"author":1,"featured_media":3618,"parent":0,"menu_order":0,"comment_status":"closed","ping_status":"closed","template":"","meta":{"footnotes":""},"jetpack_sharing_enabled":true,"jetpack_shortlink":"https:\/\/wp.me\/P70bXT-Wk","jetpack-related-posts":[],"_links":{"self":[{"href":"http:\/\/www.tendm.net\/index.php\/wp-json\/wp\/v2\/pages\/3616"}],"collection":[{"href":"http:\/\/www.tendm.net\/index.php\/wp-json\/wp\/v2\/pages"}],"about":[{"href":"http:\/\/www.tendm.net\/index.php\/wp-json\/wp\/v2\/types\/page"}],"author":[{"embeddable":true,"href":"http:\/\/www.tendm.net\/index.php\/wp-json\/wp\/v2\/users\/1"}],"replies":[{"embeddable":true,"href":"http:\/\/www.tendm.net\/index.php\/wp-json\/wp\/v2\/comments?post=3616"}],"version-history":[{"count":14,"href":"http:\/\/www.tendm.net\/index.php\/wp-json\/wp\/v2\/pages\/3616\/revisions"}],"predecessor-version":[{"id":5848,"href":"http:\/\/www.tendm.net\/index.php\/wp-json\/wp\/v2\/pages\/3616\/revisions\/5848"}],"wp:featuredmedia":[{"embeddable":true,"href":"http:\/\/www.tendm.net\/index.php\/wp-json\/wp\/v2\/media\/3618"}],"wp:attachment":[{"href":"http:\/\/www.tendm.net\/index.php\/wp-json\/wp\/v2\/media?parent=3616"}],"curies":[{"name":"wp","href":"https:\/\/api.w.org\/{rel}","templated":true}]}}