{"id":3626,"date":"2016-11-30T14:19:33","date_gmt":"2016-11-30T13:19:33","guid":{"rendered":"http:\/\/www.tendm.net\/?page_id=3626"},"modified":"2018-04-04T11:46:16","modified_gmt":"2018-04-04T10:46:16","slug":"studio-happy-to-see","status":"publish","type":"page","link":"http:\/\/www.tendm.net\/index.php\/studio-happy-to-see\/","title":{"rendered":"Studio Happy To See"},"content":{"rendered":"<h1 style=\"text-align: center;\"><span style=\"color: #808080;\">\u00ab\u00a0Bienvenue dans l\u2019univers de <strong>Studio<\/strong> <strong>Happy to See by Amandine Pfaff &amp; Charly Caussanel !\u00a0\u00bb<\/strong><\/span><\/h1>\n<p>&nbsp;<\/p>\n<p style=\"text-align: justify;\">Bienvenue dans l\u2019univers de Studio Happy to See by Amandine Pfaff &amp; Charly Caussanel.<br \/>\nNous sommes un duo de photographes amoureux depuis 2010.<br \/>\nC\u2019est avec enthousiasme, passion et cr\u00e9ativit\u00e9 que nous vous proposons nos services dans toute la<br \/>\nFrance et \u00e0 l\u2019\u00e9tranger.<br \/>\nNous r\u00e9alisons des reportages de qualit\u00e9 dans un style spontan\u00e9 et \u00e0 touche artistique ainsi que des<br \/>\ns\u00e9ances engagements et des s\u00e9ances \u00abTrash the Dress\u00bb originales et Funky.<br \/>\nVous recherchez une animation sympa et d\u00e9cal\u00e9e pour votre \u00e9v\u00e9nement ?<br \/>\nNous vous proposons notre Studio Mobile, un v\u00e9ritable concept \u00abHappy to See\u00bb.<br \/>\nFort de son succ\u00e8s, notre Studio Mobile refl\u00e8te vraiment notre leitmotiv : innovation, cr\u00e9ativit\u00e9 et<br \/>\nFun !!! C\u2019est une v\u00e9ritable animation photographique que nous installons sur tous vos \u00e9v\u00e9nements.<br \/>\nSucc\u00e8s garanti !<\/p>\n<p style=\"text-align: justify;\"><strong>Services propos\u00e9s :<br \/>\n<\/strong><\/p>\n<ul>\n<li style=\"text-align: justify;\">Reportage Mariage \u00e0 partir de 1100\u20ac. (Prise de vue des c\u00e9r\u00e9monies au vin d\u2019honneur)<\/li>\n<li style=\"text-align: justify;\">Galerie Priv\u00e9e et carte mot de passe<\/li>\n<li style=\"text-align: justify;\">Remise des photos retouch\u00e9es en HD sur support num\u00e9rique dans un joli coffret.<\/li>\n<li style=\"text-align: justify;\">Options Reportage des Pr\u00e9paratifs et\/ou de la Soir\u00e9e<\/li>\n<li style=\"text-align: justify;\">Animation Studio Mobile \u00ab Happy to See \u00bb<\/li>\n<li style=\"text-align: justify;\">S\u00e9ance Engagement &amp; S\u00e9ance Trash The Dress<\/li>\n<li style=\"text-align: justify;\">Livre-Album<\/li>\n<\/ul>\n<p>&nbsp;<\/p>\n<p style=\"text-align: center;\"><span style=\"color: #808080;\"><strong>Contact :<br \/>\n<\/strong>29 Rue Jean Bart 81000 Albi<\/span><br \/>\n<span style=\"color: #808080;\"> Amandine Pfaff &amp; Charly Caussanel<\/span><br \/>\n<span style=\"color: #808080;\"> 06 80 22 20 40 (Charly) \/\/ 06 37 33 30 44 (Amandine)<\/span><br \/>\n<span style=\"color: #808080;\"> info@studio-ap2c.com<\/span><br \/>\n<span style=\"color: #808080;\"> <a style=\"color: #808080;\" href=\"http:\/\/www.studio-ap2c.com\">www.studio-ap2c.com<\/a><\/span><br \/>\n<span style=\"color: #808080;\"> <a style=\"color: #808080;\" href=\"https:\/\/www.facebook.com\/amandine.happytosee\">Facebook Amandine<br \/>\n<\/a><a style=\"color: #808080;\" href=\"https:\/\/www.facebook.com\/studio.happy.to.see\/\">Facebook Happy to See<br \/>\n<\/a><a style=\"color: #808080;\" href=\"https:\/\/www.instagram.com\/studiohappytosee\/\">Instagram<\/a><\/span><br \/>\n<span style=\"color: #808080;\"> <a style=\"color: #808080;\" href=\"https:\/\/fr.pinterest.com\/happytosee\/\">Pinterest<\/a><\/span><\/p>\n<p class=\"jetpack-slideshow-noscript robots-nocontent\">Ce diaporama n\u00e9cessite JavaScript.<\/p><div id=\"gallery-3626-1-slideshow\" class=\"jetpack-slideshow-window jetpack-slideshow jetpack-slideshow-black\" data-trans=\"fade\" data-autostart=\"1\" data-gallery=\"[{&quot;src&quot;:&quot;https:\\\/\\\/i0.wp.com\\\/www.tendm.net\\\/wp-content\\\/uploads\\\/2016\\\/11\\\/01-StudioHappytoSee.jpg?fit=1024%2C683&quot;,&quot;id&quot;:&quot;4580&quot;,&quot;title&quot;:&quot;01 StudioHappytoSee&quot;,&quot;alt&quot;:&quot;&quot;,&quot;caption&quot;:&quot;&quot;,&quot;itemprop&quot;:&quot;image&quot;},{&quot;src&quot;:&quot;https:\\\/\\\/i0.wp.com\\\/www.tendm.net\\\/wp-content\\\/uploads\\\/2016\\\/11\\\/02-StudioHappytoSee.jpg?fit=1024%2C683&quot;,&quot;id&quot;:&quot;4581&quot;,&quot;title&quot;:&quot;02 StudioHappytoSee&quot;,&quot;alt&quot;:&quot;&quot;,&quot;caption&quot;:&quot;&quot;,&quot;itemprop&quot;:&quot;image&quot;},{&quot;src&quot;:&quot;https:\\\/\\\/i0.wp.com\\\/www.tendm.net\\\/wp-content\\\/uploads\\\/2016\\\/11\\\/03-StudioHappytoSee.jpg?fit=1024%2C683&quot;,&quot;id&quot;:&quot;4582&quot;,&quot;title&quot;:&quot;03 StudioHappytoSee&quot;,&quot;alt&quot;:&quot;&quot;,&quot;caption&quot;:&quot;&quot;,&quot;itemprop&quot;:&quot;image&quot;},{&quot;src&quot;:&quot;https:\\\/\\\/i0.wp.com\\\/www.tendm.net\\\/wp-content\\\/uploads\\\/2016\\\/11\\\/04-StudioHappytoSee.jpg?fit=1024%2C683&quot;,&quot;id&quot;:&quot;4583&quot;,&quot;title&quot;:&quot;04 StudioHappytoSee&quot;,&quot;alt&quot;:&quot;&quot;,&quot;caption&quot;:&quot;&quot;,&quot;itemprop&quot;:&quot;image&quot;},{&quot;src&quot;:&quot;https:\\\/\\\/i0.wp.com\\\/www.tendm.net\\\/wp-content\\\/uploads\\\/2016\\\/11\\\/05-StudioHappytoSee.jpg?fit=1024%2C683&quot;,&quot;id&quot;:&quot;4584&quot;,&quot;title&quot;:&quot;05 StudioHappytoSee&quot;,&quot;alt&quot;:&quot;&quot;,&quot;caption&quot;:&quot;&quot;,&quot;itemprop&quot;:&quot;image&quot;},{&quot;src&quot;:&quot;https:\\\/\\\/i0.wp.com\\\/www.tendm.net\\\/wp-content\\\/uploads\\\/2016\\\/11\\\/06-StudioHappytoSee.jpg?fit=1024%2C683&quot;,&quot;id&quot;:&quot;4585&quot;,&quot;title&quot;:&quot;06 StudioHappytoSee&quot;,&quot;alt&quot;:&quot;&quot;,&quot;caption&quot;:&quot;&quot;,&quot;itemprop&quot;:&quot;image&quot;},{&quot;src&quot;:&quot;https:\\\/\\\/i0.wp.com\\\/www.tendm.net\\\/wp-content\\\/uploads\\\/2016\\\/11\\\/07-StudioHappytoSee.jpg?fit=1024%2C683&quot;,&quot;id&quot;:&quot;4586&quot;,&quot;title&quot;:&quot;07 StudioHappytoSee&quot;,&quot;alt&quot;:&quot;&quot;,&quot;caption&quot;:&quot;&quot;,&quot;itemprop&quot;:&quot;image&quot;},{&quot;src&quot;:&quot;https:\\\/\\\/i0.wp.com\\\/www.tendm.net\\\/wp-content\\\/uploads\\\/2016\\\/11\\\/08-StudioHappytoSee.jpg?fit=1024%2C683&quot;,&quot;id&quot;:&quot;4587&quot;,&quot;title&quot;:&quot;08 StudioHappytoSee&quot;,&quot;alt&quot;:&quot;&quot;,&quot;caption&quot;:&quot;&quot;,&quot;itemprop&quot;:&quot;image&quot;},{&quot;src&quot;:&quot;https:\\\/\\\/i0.wp.com\\\/www.tendm.net\\\/wp-content\\\/uploads\\\/2016\\\/11\\\/09-StudioHappytoSee.jpg?fit=1024%2C683&quot;,&quot;id&quot;:&quot;4588&quot;,&quot;title&quot;:&quot;09 StudioHappytoSee&quot;,&quot;alt&quot;:&quot;&quot;,&quot;caption&quot;:&quot;&quot;,&quot;itemprop&quot;:&quot;image&quot;},{&quot;src&quot;:&quot;https:\\\/\\\/i0.wp.com\\\/www.tendm.net\\\/wp-content\\\/uploads\\\/2016\\\/11\\\/10-StudioHappytoSee.jpg?fit=1024%2C683&quot;,&quot;id&quot;:&quot;4589&quot;,&quot;title&quot;:&quot;10 StudioHappytoSee&quot;,&quot;alt&quot;:&quot;&quot;,&quot;caption&quot;:&quot;&quot;,&quot;itemprop&quot;:&quot;image&quot;},{&quot;src&quot;:&quot;https:\\\/\\\/i0.wp.com\\\/www.tendm.net\\\/wp-content\\\/uploads\\\/2016\\\/11\\\/11-StudioHappytoSee.jpg?fit=1024%2C683&quot;,&quot;id&quot;:&quot;4590&quot;,&quot;title&quot;:&quot;11 StudioHappytoSee&quot;,&quot;alt&quot;:&quot;&quot;,&quot;caption&quot;:&quot;&quot;,&quot;itemprop&quot;:&quot;image&quot;},{&quot;src&quot;:&quot;https:\\\/\\\/i0.wp.com\\\/www.tendm.net\\\/wp-content\\\/uploads\\\/2016\\\/11\\\/12-StudioHappytoSee.jpg?fit=1024%2C683&quot;,&quot;id&quot;:&quot;4591&quot;,&quot;title&quot;:&quot;12 StudioHappytoSee&quot;,&quot;alt&quot;:&quot;&quot;,&quot;caption&quot;:&quot;&quot;,&quot;itemprop&quot;:&quot;image&quot;},{&quot;src&quot;:&quot;https:\\\/\\\/i0.wp.com\\\/www.tendm.net\\\/wp-content\\\/uploads\\\/2016\\\/11\\\/13-StudioHappytoSee.jpg?fit=1024%2C683&quot;,&quot;id&quot;:&quot;4592&quot;,&quot;title&quot;:&quot;13 StudioHappytoSee&quot;,&quot;alt&quot;:&quot;&quot;,&quot;caption&quot;:&quot;&quot;,&quot;itemprop&quot;:&quot;image&quot;},{&quot;src&quot;:&quot;https:\\\/\\\/i0.wp.com\\\/www.tendm.net\\\/wp-content\\\/uploads\\\/2016\\\/11\\\/14-StudioHappytoSee.jpg?fit=1024%2C683&quot;,&quot;id&quot;:&quot;4593&quot;,&quot;title&quot;:&quot;14 StudioHappytoSee&quot;,&quot;alt&quot;:&quot;&quot;,&quot;caption&quot;:&quot;&quot;,&quot;itemprop&quot;:&quot;image&quot;},{&quot;src&quot;:&quot;https:\\\/\\\/i0.wp.com\\\/www.tendm.net\\\/wp-content\\\/uploads\\\/2016\\\/11\\\/15-StudioHappytoSee.jpg?fit=1024%2C683&quot;,&quot;id&quot;:&quot;4594&quot;,&quot;title&quot;:&quot;15 StudioHappytoSee&quot;,&quot;alt&quot;:&quot;&quot;,&quot;caption&quot;:&quot;&quot;,&quot;itemprop&quot;:&quot;image&quot;}]\" itemscope itemtype=\"https:\/\/schema.org\/ImageGallery\"><\/div>\n<p>&nbsp;<\/p>\n","protected":false},"excerpt":{"rendered":"<p>\u00ab\u00a0Bienvenue dans l\u2019univers de Studio Happy to See by Amandine Pfaff &amp; Charly Caussanel !\u00a0\u00bb &nbsp; Bienvenue dans l\u2019univers de Studio Happy to See by Amandine Pfaff &amp; Charly Caussanel. Nous sommes un duo de photographes amoureux depuis 2010. C\u2019est avec enthousiasme, passion et cr\u00e9ativit\u00e9 que nous vous proposons nos services dans toute la France [&hellip;]<\/p>\n","protected":false},"author":1,"featured_media":4582,"parent":0,"menu_order":0,"comment_status":"closed","ping_status":"closed","template":"","meta":{"footnotes":""},"jetpack_sharing_enabled":true,"jetpack_shortlink":"https:\/\/wp.me\/P70bXT-Wu","jetpack-related-posts":[],"_links":{"self":[{"href":"http:\/\/www.tendm.net\/index.php\/wp-json\/wp\/v2\/pages\/3626"}],"collection":[{"href":"http:\/\/www.tendm.net\/index.php\/wp-json\/wp\/v2\/pages"}],"about":[{"href":"http:\/\/www.tendm.net\/index.php\/wp-json\/wp\/v2\/types\/page"}],"author":[{"embeddable":true,"href":"http:\/\/www.tendm.net\/index.php\/wp-json\/wp\/v2\/users\/1"}],"replies":[{"embeddable":true,"href":"http:\/\/www.tendm.net\/index.php\/wp-json\/wp\/v2\/comments?post=3626"}],"version-history":[{"count":10,"href":"http:\/\/www.tendm.net\/index.php\/wp-json\/wp\/v2\/pages\/3626\/revisions"}],"predecessor-version":[{"id":5868,"href":"http:\/\/www.tendm.net\/index.php\/wp-json\/wp\/v2\/pages\/3626\/revisions\/5868"}],"wp:featuredmedia":[{"embeddable":true,"href":"http:\/\/www.tendm.net\/index.php\/wp-json\/wp\/v2\/media\/4582"}],"wp:attachment":[{"href":"http:\/\/www.tendm.net\/index.php\/wp-json\/wp\/v2\/media?parent=3626"}],"curies":[{"name":"wp","href":"https:\/\/api.w.org\/{rel}","templated":true}]}}