{"id":3697,"date":"2016-11-30T18:06:51","date_gmt":"2016-11-30T17:06:51","guid":{"rendered":"http:\/\/www.tendm.net\/?page_id=3697"},"modified":"2018-04-04T11:44:20","modified_gmt":"2018-04-04T10:44:20","slug":"marly-meghelli-sas-meghelli-co","status":"publish","type":"page","link":"http:\/\/www.tendm.net\/index.php\/marly-meghelli-sas-meghelli-co\/","title":{"rendered":"Marly MEGHELLI"},"content":{"rendered":"<p>&nbsp;<\/p>\n<h1 style=\"text-align: center;\"><span style=\"color: #808080;\">\u00ab\u00a0Marly MEGHELLY, photographe de mariage\u00a0\u00bb<\/span><\/h1>\n<p>&nbsp;<\/p>\n<p style=\"text-align: justify;\"><strong>Qui suis je ?<\/strong><br \/>\nJ\u2019ai 37 ans, 3 enfants et je suis photographe. Avec mon mari, Yannis, nous formons \u00ab l\u2019\u00e9quipe souvenirs \u00bb<br \/>\nCertaines choses sont essentielles dans la vie : l\u2019amour, la famille, le souvenir, la passion. La photo, c\u2019est le moyen d\u2019expression artistique n\u00e9cessaire \u00e0 mon \u00e9quilibre.<br \/>\nLe symbole d\u2019un art de vivre majeur o\u00f9 la substance des \u00e9motions motive mon activit\u00e9.<\/p>\n<p style=\"text-align: justify;\">Photographier, c\u2019est poss\u00e9der un pouvoir extraordinaire : celui de suspendre le temps.<br \/>\nProfond\u00e9ment attach\u00e9e \u00e0 la nature humaine, je me consacre \u00e0 la spontan\u00e9it\u00e9 et \u00e0 la simplicit\u00e9 des \u00e9motions.<br \/>\nJe saisis la complicit\u00e9 des gens, leur connexion et connivences.<\/p>\n<p style=\"text-align: justify;\">Les mariages sont une source intarissable de mati\u00e8re \u00e0 photographier, de petites histoires se d\u00e9roulent tout autour de nous : les regards complices, l\u2019enthousiasme des t\u00e9moins, le sourire d\u2019un enfant, les larmes de joie, le trouble attendrissant du mari\u00e9e d\u00e9couvrant son \u00e9pouse, l\u2019amour timide d\u2019un p\u00e8re envers sa fille, l\u2019\u00e9moi de la mari\u00e9e dans l\u2019all\u00e9e d\u2019une \u00e9glise\u2026 Autant d\u2019instants de po\u00e9sie \u00e0 figer pour l\u2019\u00e9ternit\u00e9.<\/p>\n<p style=\"text-align: justify;\">J\u2019aime la lumi\u00e8re \u2013 Passionn\u00e9ment \u2013 ma premi\u00e8re source d\u2019inspiration est celle qui frise avec audace la cr\u00eate des bl\u00e9s, celle qui bleuie en fin de journ\u00e9e sur le bassin d\u2019Arcachon, celle qui transperce les buildings de Manhattan ou encore celle qui fait rougir le Lac Saint F\u00e9rr\u00e9ol. Je l\u2019apprivoise, je la sculpte pour dessiner avec \u00e9l\u00e9gance la silhouette de mes protagonistes.<\/p>\n<p style=\"text-align: justify;\"><strong>Services propos\u00e9s:<\/strong><br \/>\nPhotographie des pr\u00e9paratifs, c\u00e9r\u00e9monies, cocktail, soir\u00e9e, s\u00e9ances avant et apr\u00e8s mariage, albums, tirages, diaporama du jour m\u00eame (diaporama fait le jour m\u00eame avec une s\u00e9lection des photos prises dans la journ\u00e9e)<\/p>\n<p style=\"text-align: center;\"><span style=\"color: #808080;\"><strong>Marly MEGHELLI &#8211; SAS MEGHELLI &amp; Co<\/strong><\/span><br \/>\n<span style=\"color: #808080;\">17 rue du Laudot<\/span><br \/>\n<span style=\"color: #808080;\"> 81540 LES CAMMAZES<\/span><br \/>\n<span style=\"color: #808080;\">06.15.37.14.32<\/span><br \/>\n<span style=\"color: #808080;\"><a style=\"color: #808080;\" href=\"http:\/\/www.marlymeghelliphotography.com\">www.marlymeghelliphotography.com<\/a><\/span><br \/>\n<span style=\"color: #808080;\"><a style=\"color: #808080;\" href=\"mailto:info@mmphoto.fr\">info@mmphoto.fr<\/a><\/span><br \/>\n<span style=\"color: #808080;\"> <a style=\"color: #808080;\" href=\"https:\/\/www.facebook.com\/MarlyMeghelliPhotography\/\">Facebook<\/a><\/span><\/p>\n<p class=\"jetpack-slideshow-noscript robots-nocontent\">Ce diaporama n\u00e9cessite JavaScript.<\/p><div id=\"gallery-3697-1-slideshow\" class=\"jetpack-slideshow-window jetpack-slideshow jetpack-slideshow-black\" data-trans=\"fade\" data-autostart=\"1\" data-gallery=\"[{&quot;src&quot;:&quot;https:\\\/\\\/i0.wp.com\\\/www.tendm.net\\\/wp-content\\\/uploads\\\/2016\\\/11\\\/MariageAstridMathieulowres-85-400x600.jpg?fit=400%2C600&quot;,&quot;id&quot;:&quot;3700&quot;,&quot;title&quot;:&quot;mariageastridmathieulowres-85-400\\u0026#215;600&quot;,&quot;alt&quot;:&quot;&quot;,&quot;caption&quot;:&quot;&quot;,&quot;itemprop&quot;:&quot;image&quot;},{&quot;src&quot;:&quot;https:\\\/\\\/i0.wp.com\\\/www.tendm.net\\\/wp-content\\\/uploads\\\/2016\\\/11\\\/Marly-Meghelli-Photographe-mariage-Toulouse-71.jpg?fit=1024%2C683&quot;,&quot;id&quot;:&quot;3701&quot;,&quot;title&quot;:&quot;marly-meghelli-photographe-mariage-toulouse-71&quot;,&quot;alt&quot;:&quot;&quot;,&quot;caption&quot;:&quot;&quot;,&quot;itemprop&quot;:&quot;image&quot;},{&quot;src&quot;:&quot;https:\\\/\\\/i0.wp.com\\\/www.tendm.net\\\/wp-content\\\/uploads\\\/2016\\\/11\\\/Marly-Meghelli-Photographe-mariage-Toulouse-81.jpg?fit=1024%2C683&quot;,&quot;id&quot;:&quot;3702&quot;,&quot;title&quot;:&quot;marly-meghelli-photographe-mariage-toulouse-81&quot;,&quot;alt&quot;:&quot;&quot;,&quot;caption&quot;:&quot;&quot;,&quot;itemprop&quot;:&quot;image&quot;},{&quot;src&quot;:&quot;https:\\\/\\\/i0.wp.com\\\/www.tendm.net\\\/wp-content\\\/uploads\\\/2016\\\/11\\\/Marly-Meghelli-Photographe-mariage-Toulouse-91.jpg?fit=1024%2C683&quot;,&quot;id&quot;:&quot;3703&quot;,&quot;title&quot;:&quot;marly-meghelli-photographe-mariage-toulouse-91&quot;,&quot;alt&quot;:&quot;&quot;,&quot;caption&quot;:&quot;&quot;,&quot;itemprop&quot;:&quot;image&quot;},{&quot;src&quot;:&quot;https:\\\/\\\/i0.wp.com\\\/www.tendm.net\\\/wp-content\\\/uploads\\\/2016\\\/11\\\/Marly-Meghelli-Photographe-mariage-Toulouse-101.jpg?fit=1024%2C683&quot;,&quot;id&quot;:&quot;3704&quot;,&quot;title&quot;:&quot;marly-meghelli-photographe-mariage-toulouse-101&quot;,&quot;alt&quot;:&quot;&quot;,&quot;caption&quot;:&quot;&quot;,&quot;itemprop&quot;:&quot;image&quot;},{&quot;src&quot;:&quot;https:\\\/\\\/i0.wp.com\\\/www.tendm.net\\\/wp-content\\\/uploads\\\/2016\\\/11\\\/Marly-Meghelli-Photographe-mariage-Toulouse-151.jpg?fit=1024%2C683&quot;,&quot;id&quot;:&quot;3705&quot;,&quot;title&quot;:&quot;marly-meghelli-photographe-mariage-toulouse-151&quot;,&quot;alt&quot;:&quot;&quot;,&quot;caption&quot;:&quot;&quot;,&quot;itemprop&quot;:&quot;image&quot;},{&quot;src&quot;:&quot;https:\\\/\\\/i0.wp.com\\\/www.tendm.net\\\/wp-content\\\/uploads\\\/2016\\\/11\\\/Marly-Meghelli-Photographe-mariage-Toulouse-161.jpg?fit=1024%2C683&quot;,&quot;id&quot;:&quot;3707&quot;,&quot;title&quot;:&quot;marly-meghelli-photographe-mariage-toulouse-161&quot;,&quot;alt&quot;:&quot;&quot;,&quot;caption&quot;:&quot;&quot;,&quot;itemprop&quot;:&quot;image&quot;},{&quot;src&quot;:&quot;https:\\\/\\\/i0.wp.com\\\/www.tendm.net\\\/wp-content\\\/uploads\\\/2016\\\/11\\\/Marly-Meghelli-Photographe-mariage-Toulouse-171.jpg?fit=1024%2C683&quot;,&quot;id&quot;:&quot;3708&quot;,&quot;title&quot;:&quot;marly-meghelli-photographe-mariage-toulouse-171&quot;,&quot;alt&quot;:&quot;&quot;,&quot;caption&quot;:&quot;&quot;,&quot;itemprop&quot;:&quot;image&quot;},{&quot;src&quot;:&quot;https:\\\/\\\/i0.wp.com\\\/www.tendm.net\\\/wp-content\\\/uploads\\\/2016\\\/11\\\/Marly-Meghelli-Photographe-mariage-Toulouse-181.jpg?fit=1024%2C683&quot;,&quot;id&quot;:&quot;3709&quot;,&quot;title&quot;:&quot;marly-meghelli-photographe-mariage-toulouse-181&quot;,&quot;alt&quot;:&quot;&quot;,&quot;caption&quot;:&quot;&quot;,&quot;itemprop&quot;:&quot;image&quot;},{&quot;src&quot;:&quot;https:\\\/\\\/i0.wp.com\\\/www.tendm.net\\\/wp-content\\\/uploads\\\/2016\\\/11\\\/Marly-Meghelli-Photographe-mariage-Toulouse-201.jpg?fit=1024%2C683&quot;,&quot;id&quot;:&quot;3710&quot;,&quot;title&quot;:&quot;marly-meghelli-photographe-mariage-toulouse-201&quot;,&quot;alt&quot;:&quot;&quot;,&quot;caption&quot;:&quot;&quot;,&quot;itemprop&quot;:&quot;image&quot;},{&quot;src&quot;:&quot;https:\\\/\\\/i0.wp.com\\\/www.tendm.net\\\/wp-content\\\/uploads\\\/2016\\\/11\\\/Marly-Meghelli-Photographe-mariage-Toulouse-211.jpg?fit=1024%2C683&quot;,&quot;id&quot;:&quot;3711&quot;,&quot;title&quot;:&quot;marly-meghelli-photographe-mariage-toulouse-211&quot;,&quot;alt&quot;:&quot;&quot;,&quot;caption&quot;:&quot;&quot;,&quot;itemprop&quot;:&quot;image&quot;},{&quot;src&quot;:&quot;https:\\\/\\\/i0.wp.com\\\/www.tendm.net\\\/wp-content\\\/uploads\\\/2016\\\/11\\\/Marly-Meghelli-Photographe-mariage-Toulouse-221.jpg?fit=1024%2C683&quot;,&quot;id&quot;:&quot;3712&quot;,&quot;title&quot;:&quot;marly-meghelli-photographe-mariage-toulouse-221&quot;,&quot;alt&quot;:&quot;&quot;,&quot;caption&quot;:&quot;&quot;,&quot;itemprop&quot;:&quot;image&quot;},{&quot;src&quot;:&quot;https:\\\/\\\/i0.wp.com\\\/www.tendm.net\\\/wp-content\\\/uploads\\\/2016\\\/11\\\/Marly-Meghelli-Photographe-mariage-Toulouse-241.jpg?fit=1024%2C683&quot;,&quot;id&quot;:&quot;3713&quot;,&quot;title&quot;:&quot;marly-meghelli-photographe-mariage-toulouse-241&quot;,&quot;alt&quot;:&quot;&quot;,&quot;caption&quot;:&quot;&quot;,&quot;itemprop&quot;:&quot;image&quot;},{&quot;src&quot;:&quot;https:\\\/\\\/i0.wp.com\\\/www.tendm.net\\\/wp-content\\\/uploads\\\/2016\\\/11\\\/Marly-Meghelli-Photographe-mariage-Toulouse-251.jpg?fit=1024%2C683&quot;,&quot;id&quot;:&quot;3714&quot;,&quot;title&quot;:&quot;marly-meghelli-photographe-mariage-toulouse-251&quot;,&quot;alt&quot;:&quot;&quot;,&quot;caption&quot;:&quot;&quot;,&quot;itemprop&quot;:&quot;image&quot;},{&quot;src&quot;:&quot;https:\\\/\\\/i0.wp.com\\\/www.tendm.net\\\/wp-content\\\/uploads\\\/2016\\\/11\\\/Marly-Meghelli-Photographe-mariage-Toulouse-261.jpg?fit=1024%2C683&quot;,&quot;id&quot;:&quot;3715&quot;,&quot;title&quot;:&quot;marly-meghelli-photographe-mariage-toulouse-261&quot;,&quot;alt&quot;:&quot;&quot;,&quot;caption&quot;:&quot;&quot;,&quot;itemprop&quot;:&quot;image&quot;},{&quot;src&quot;:&quot;https:\\\/\\\/i0.wp.com\\\/www.tendm.net\\\/wp-content\\\/uploads\\\/2016\\\/11\\\/Marly-Meghelli-Photographe-mariage-Toulouse-291.jpg?fit=1024%2C683&quot;,&quot;id&quot;:&quot;3716&quot;,&quot;title&quot;:&quot;marly-meghelli-photographe-mariage-toulouse-291&quot;,&quot;alt&quot;:&quot;&quot;,&quot;caption&quot;:&quot;&quot;,&quot;itemprop&quot;:&quot;image&quot;},{&quot;src&quot;:&quot;https:\\\/\\\/i0.wp.com\\\/www.tendm.net\\\/wp-content\\\/uploads\\\/2016\\\/11\\\/Marly-Meghelli-Photographe-mariage-Toulouse-331.jpg?fit=1024%2C683&quot;,&quot;id&quot;:&quot;3717&quot;,&quot;title&quot;:&quot;marly-meghelli-photographe-mariage-toulouse-331&quot;,&quot;alt&quot;:&quot;&quot;,&quot;caption&quot;:&quot;&quot;,&quot;itemprop&quot;:&quot;image&quot;},{&quot;src&quot;:&quot;https:\\\/\\\/i0.wp.com\\\/www.tendm.net\\\/wp-content\\\/uploads\\\/2016\\\/11\\\/Marly-Meghelli-Photographe-mariage-Toulouse-391.jpg?fit=683%2C1024&quot;,&quot;id&quot;:&quot;3718&quot;,&quot;title&quot;:&quot;marly-meghelli-photographe-mariage-toulouse-391&quot;,&quot;alt&quot;:&quot;&quot;,&quot;caption&quot;:&quot;&quot;,&quot;itemprop&quot;:&quot;image&quot;},{&quot;src&quot;:&quot;https:\\\/\\\/i0.wp.com\\\/www.tendm.net\\\/wp-content\\\/uploads\\\/2016\\\/11\\\/Marly-Meghelli-Photographe-mariage-Toulouse-451.jpg?fit=683%2C1024&quot;,&quot;id&quot;:&quot;3719&quot;,&quot;title&quot;:&quot;marly-meghelli-photographe-mariage-toulouse-451&quot;,&quot;alt&quot;:&quot;&quot;,&quot;caption&quot;:&quot;&quot;,&quot;itemprop&quot;:&quot;image&quot;},{&quot;src&quot;:&quot;https:\\\/\\\/i0.wp.com\\\/www.tendm.net\\\/wp-content\\\/uploads\\\/2016\\\/11\\\/Marly-Meghelli-Photographe-mariage-Toulouse-471.jpg?fit=683%2C1024&quot;,&quot;id&quot;:&quot;3721&quot;,&quot;title&quot;:&quot;marly-meghelli-photographe-mariage-toulouse-471&quot;,&quot;alt&quot;:&quot;&quot;,&quot;caption&quot;:&quot;&quot;,&quot;itemprop&quot;:&quot;image&quot;},{&quot;src&quot;:&quot;https:\\\/\\\/i0.wp.com\\\/www.tendm.net\\\/wp-content\\\/uploads\\\/2016\\\/11\\\/Marly-Meghelli-Photographe-mariage-Toulouse-481.jpg?fit=683%2C1024&quot;,&quot;id&quot;:&quot;3722&quot;,&quot;title&quot;:&quot;marly-meghelli-photographe-mariage-toulouse-481&quot;,&quot;alt&quot;:&quot;&quot;,&quot;caption&quot;:&quot;&quot;,&quot;itemprop&quot;:&quot;image&quot;},{&quot;src&quot;:&quot;https:\\\/\\\/i0.wp.com\\\/www.tendm.net\\\/wp-content\\\/uploads\\\/2016\\\/11\\\/Marly-Meghelli-Photographe-mariage-Toulouse-491.jpg?fit=1024%2C683&quot;,&quot;id&quot;:&quot;3723&quot;,&quot;title&quot;:&quot;marly-meghelli-photographe-mariage-toulouse-491&quot;,&quot;alt&quot;:&quot;&quot;,&quot;caption&quot;:&quot;&quot;,&quot;itemprop&quot;:&quot;image&quot;},{&quot;src&quot;:&quot;https:\\\/\\\/i0.wp.com\\\/www.tendm.net\\\/wp-content\\\/uploads\\\/2016\\\/11\\\/Marly-Meghelli-Photographe-mariage-Toulouse-521.jpg?fit=1024%2C683&quot;,&quot;id&quot;:&quot;3724&quot;,&quot;title&quot;:&quot;marly-meghelli-photographe-mariage-toulouse-521&quot;,&quot;alt&quot;:&quot;&quot;,&quot;caption&quot;:&quot;&quot;,&quot;itemprop&quot;:&quot;image&quot;},{&quot;src&quot;:&quot;https:\\\/\\\/i0.wp.com\\\/www.tendm.net\\\/wp-content\\\/uploads\\\/2016\\\/11\\\/Marly-Meghelli-Photographe-mariage-Toulouse-531.jpg?fit=1024%2C683&quot;,&quot;id&quot;:&quot;3725&quot;,&quot;title&quot;:&quot;marly-meghelli-photographe-mariage-toulouse-531&quot;,&quot;alt&quot;:&quot;&quot;,&quot;caption&quot;:&quot;&quot;,&quot;itemprop&quot;:&quot;image&quot;},{&quot;src&quot;:&quot;https:\\\/\\\/i0.wp.com\\\/www.tendm.net\\\/wp-content\\\/uploads\\\/2016\\\/11\\\/Marly-Meghelli-Photographe-mariage-Toulouse-721.jpg?fit=1024%2C683&quot;,&quot;id&quot;:&quot;3726&quot;,&quot;title&quot;:&quot;marly-meghelli-photographe-mariage-toulouse-721&quot;,&quot;alt&quot;:&quot;&quot;,&quot;caption&quot;:&quot;&quot;,&quot;itemprop&quot;:&quot;image&quot;},{&quot;src&quot;:&quot;https:\\\/\\\/i0.wp.com\\\/www.tendm.net\\\/wp-content\\\/uploads\\\/2016\\\/11\\\/Marly-Meghelli-Photographe-mariage-Toulouse-731.jpg?fit=1024%2C683&quot;,&quot;id&quot;:&quot;3727&quot;,&quot;title&quot;:&quot;marly-meghelli-photographe-mariage-toulouse-731&quot;,&quot;alt&quot;:&quot;&quot;,&quot;caption&quot;:&quot;&quot;,&quot;itemprop&quot;:&quot;image&quot;},{&quot;src&quot;:&quot;https:\\\/\\\/i0.wp.com\\\/www.tendm.net\\\/wp-content\\\/uploads\\\/2016\\\/11\\\/Marly-Meghelli-Photographe-mariage-Toulouse-741.jpg?fit=1024%2C683&quot;,&quot;id&quot;:&quot;3728&quot;,&quot;title&quot;:&quot;marly-meghelli-photographe-mariage-toulouse-741&quot;,&quot;alt&quot;:&quot;&quot;,&quot;caption&quot;:&quot;&quot;,&quot;itemprop&quot;:&quot;image&quot;},{&quot;src&quot;:&quot;https:\\\/\\\/i0.wp.com\\\/www.tendm.net\\\/wp-content\\\/uploads\\\/2016\\\/11\\\/Marly-Meghelli-Photographe-mariage-Toulouse-Revel-Castres-Castelnaudary-1031.jpg?fit=683%2C1024&quot;,&quot;id&quot;:&quot;3729&quot;,&quot;title&quot;:&quot;marly-meghelli-photographe-mariage-toulouse-revel-castres-castelnaudary-1031&quot;,&quot;alt&quot;:&quot;&quot;,&quot;caption&quot;:&quot;&quot;,&quot;itemprop&quot;:&quot;image&quot;},{&quot;src&quot;:&quot;https:\\\/\\\/i0.wp.com\\\/www.tendm.net\\\/wp-content\\\/uploads\\\/2016\\\/11\\\/Marly-Meghelli-Photographe-mariage-Toulouse-Revel-Castres-Castelnaudary-1051.jpg?fit=1024%2C683&quot;,&quot;id&quot;:&quot;3730&quot;,&quot;title&quot;:&quot;marly-meghelli-photographe-mariage-toulouse-revel-castres-castelnaudary-1051&quot;,&quot;alt&quot;:&quot;&quot;,&quot;caption&quot;:&quot;&quot;,&quot;itemprop&quot;:&quot;image&quot;},{&quot;src&quot;:&quot;https:\\\/\\\/i0.wp.com\\\/www.tendm.net\\\/wp-content\\\/uploads\\\/2016\\\/11\\\/Marly-Meghelli-Photographe-mariage-Toulouse-Revel-Castres-Castelnaudary-1071.jpg?fit=1024%2C683&quot;,&quot;id&quot;:&quot;3731&quot;,&quot;title&quot;:&quot;marly-meghelli-photographe-mariage-toulouse-revel-castres-castelnaudary-1071&quot;,&quot;alt&quot;:&quot;&quot;,&quot;caption&quot;:&quot;&quot;,&quot;itemprop&quot;:&quot;image&quot;},{&quot;src&quot;:&quot;https:\\\/\\\/i0.wp.com\\\/www.tendm.net\\\/wp-content\\\/uploads\\\/2016\\\/11\\\/Marly-Meghelli-Photographe-mariage-Toulouse-Revel-Castres-Castelnaudary-1141.jpg?fit=1024%2C683&quot;,&quot;id&quot;:&quot;3732&quot;,&quot;title&quot;:&quot;marly-meghelli-photographe-mariage-toulouse-revel-castres-castelnaudary-1141&quot;,&quot;alt&quot;:&quot;&quot;,&quot;caption&quot;:&quot;&quot;,&quot;itemprop&quot;:&quot;image&quot;},{&quot;src&quot;:&quot;https:\\\/\\\/i0.wp.com\\\/www.tendm.net\\\/wp-content\\\/uploads\\\/2016\\\/11\\\/Marly-Meghelli-Photographe-mariage-Toulouse-Revel-Castres-Castelnaudary-1161.jpg?fit=1024%2C683&quot;,&quot;id&quot;:&quot;3733&quot;,&quot;title&quot;:&quot;marly-meghelli-photographe-mariage-toulouse-revel-castres-castelnaudary-1161&quot;,&quot;alt&quot;:&quot;&quot;,&quot;caption&quot;:&quot;&quot;,&quot;itemprop&quot;:&quot;image&quot;},{&quot;src&quot;:&quot;https:\\\/\\\/i0.wp.com\\\/www.tendm.net\\\/wp-content\\\/uploads\\\/2016\\\/11\\\/Marly-Meghelli-Photographe-mariage-Toulouse-Revel-Castres-Castelnaudary-1171.jpg?fit=1024%2C683&quot;,&quot;id&quot;:&quot;3734&quot;,&quot;title&quot;:&quot;marly-meghelli-photographe-mariage-toulouse-revel-castres-castelnaudary-1171&quot;,&quot;alt&quot;:&quot;&quot;,&quot;caption&quot;:&quot;&quot;,&quot;itemprop&quot;:&quot;image&quot;},{&quot;src&quot;:&quot;https:\\\/\\\/i0.wp.com\\\/www.tendm.net\\\/wp-content\\\/uploads\\\/2016\\\/11\\\/Marly-Meghelli-Photographe-mariage-Toulouse-Revel-Castres-Castelnaudary-1201.jpg?fit=1024%2C683&quot;,&quot;id&quot;:&quot;3735&quot;,&quot;title&quot;:&quot;marly-meghelli-photographe-mariage-toulouse-revel-castres-castelnaudary-1201&quot;,&quot;alt&quot;:&quot;&quot;,&quot;caption&quot;:&quot;&quot;,&quot;itemprop&quot;:&quot;image&quot;},{&quot;src&quot;:&quot;https:\\\/\\\/i0.wp.com\\\/www.tendm.net\\\/wp-content\\\/uploads\\\/2016\\\/11\\\/Marly-Meghelli-Photographe-mariage-Toulouse-Revel-Castres-Castelnaudary-1261.jpg?fit=1024%2C683&quot;,&quot;id&quot;:&quot;3736&quot;,&quot;title&quot;:&quot;marly-meghelli-photographe-mariage-toulouse-revel-castres-castelnaudary-1261&quot;,&quot;alt&quot;:&quot;&quot;,&quot;caption&quot;:&quot;&quot;,&quot;itemprop&quot;:&quot;image&quot;},{&quot;src&quot;:&quot;https:\\\/\\\/i0.wp.com\\\/www.tendm.net\\\/wp-content\\\/uploads\\\/2016\\\/11\\\/Marly-Meghelli-Photographe-mariage-Toulouse-Revel-Castres-Castelnaudary-1311.jpg?fit=1024%2C683&quot;,&quot;id&quot;:&quot;3737&quot;,&quot;title&quot;:&quot;marly-meghelli-photographe-mariage-toulouse-revel-castres-castelnaudary-1311&quot;,&quot;alt&quot;:&quot;&quot;,&quot;caption&quot;:&quot;Photos&quot;,&quot;itemprop&quot;:&quot;image&quot;},{&quot;src&quot;:&quot;https:\\\/\\\/i0.wp.com\\\/www.tendm.net\\\/wp-content\\\/uploads\\\/2016\\\/11\\\/Marly-Meghelli-Photographe-mariage-Toulouse-Revel-Castres-Castelnaudary-1321.jpg?fit=1024%2C683&quot;,&quot;id&quot;:&quot;3738&quot;,&quot;title&quot;:&quot;marly-meghelli-photographe-mariage-toulouse-revel-castres-castelnaudary-1321&quot;,&quot;alt&quot;:&quot;&quot;,&quot;caption&quot;:&quot;&quot;,&quot;itemprop&quot;:&quot;image&quot;},{&quot;src&quot;:&quot;https:\\\/\\\/i0.wp.com\\\/www.tendm.net\\\/wp-content\\\/uploads\\\/2016\\\/11\\\/Marly-Meghelli-Photographe-mariage-Toulouse-Revel-Castres-Castelnaudary-1341.jpg?fit=1024%2C683&quot;,&quot;id&quot;:&quot;3739&quot;,&quot;title&quot;:&quot;marly-meghelli-photographe-mariage-toulouse-revel-castres-castelnaudary-1341&quot;,&quot;alt&quot;:&quot;&quot;,&quot;caption&quot;:&quot;&quot;,&quot;itemprop&quot;:&quot;image&quot;},{&quot;src&quot;:&quot;https:\\\/\\\/i0.wp.com\\\/www.tendm.net\\\/wp-content\\\/uploads\\\/2016\\\/11\\\/Marly-Meghelli-Photographe-mariage-Toulouse-Revel-Castres-Castelnaudary-1381.jpg?fit=1024%2C683&quot;,&quot;id&quot;:&quot;3740&quot;,&quot;title&quot;:&quot;marly-meghelli-photographe-mariage-toulouse-revel-castres-castelnaudary-1381&quot;,&quot;alt&quot;:&quot;&quot;,&quot;caption&quot;:&quot;&quot;,&quot;itemprop&quot;:&quot;image&quot;},{&quot;src&quot;:&quot;https:\\\/\\\/i0.wp.com\\\/www.tendm.net\\\/wp-content\\\/uploads\\\/2016\\\/11\\\/Marly-Meghelli-Photographe-mariage-Toulouse-Revel-Castres-Castelnaudary-1411.jpg?fit=1024%2C683&quot;,&quot;id&quot;:&quot;3741&quot;,&quot;title&quot;:&quot;marly-meghelli-photographe-mariage-toulouse-revel-castres-castelnaudary-1411&quot;,&quot;alt&quot;:&quot;&quot;,&quot;caption&quot;:&quot;&quot;,&quot;itemprop&quot;:&quot;image&quot;},{&quot;src&quot;:&quot;https:\\\/\\\/i0.wp.com\\\/www.tendm.net\\\/wp-content\\\/uploads\\\/2016\\\/11\\\/Marly-Meghelli-Photographe-mariage-Toulouse-Revel-Castres-Castelnaudary-1531.jpg?fit=1024%2C683&quot;,&quot;id&quot;:&quot;3742&quot;,&quot;title&quot;:&quot;marly-meghelli-photographe-mariage-toulouse-revel-castres-castelnaudary-1531&quot;,&quot;alt&quot;:&quot;&quot;,&quot;caption&quot;:&quot;&quot;,&quot;itemprop&quot;:&quot;image&quot;},{&quot;src&quot;:&quot;https:\\\/\\\/i0.wp.com\\\/www.tendm.net\\\/wp-content\\\/uploads\\\/2016\\\/11\\\/Marly-Meghelli-Photographe-mariage-Toulouse-Revel-Castres-Castelnaudary-1651.jpg?fit=1024%2C683&quot;,&quot;id&quot;:&quot;3743&quot;,&quot;title&quot;:&quot;marly-meghelli-photographe-mariage-toulouse-revel-castres-castelnaudary-1651&quot;,&quot;alt&quot;:&quot;&quot;,&quot;caption&quot;:&quot;&quot;,&quot;itemprop&quot;:&quot;image&quot;},{&quot;src&quot;:&quot;https:\\\/\\\/i0.wp.com\\\/www.tendm.net\\\/wp-content\\\/uploads\\\/2016\\\/11\\\/Marly-Meghelli-Photographe-mariage-Toulouse-Revel-Castres-Castelnaudary-1951.jpg?fit=1024%2C683&quot;,&quot;id&quot;:&quot;3744&quot;,&quot;title&quot;:&quot;marly-meghelli-photographe-mariage-toulouse-revel-castres-castelnaudary-1951&quot;,&quot;alt&quot;:&quot;&quot;,&quot;caption&quot;:&quot;&quot;,&quot;itemprop&quot;:&quot;image&quot;},{&quot;src&quot;:&quot;https:\\\/\\\/i0.wp.com\\\/www.tendm.net\\\/wp-content\\\/uploads\\\/2016\\\/11\\\/Marly-Meghelli-Photographe-mariage-Toulouse-Revel-Castres-Castelnaudary-2021.jpg?fit=1024%2C683&quot;,&quot;id&quot;:&quot;3745&quot;,&quot;title&quot;:&quot;marly-meghelli-photographe-mariage-toulouse-revel-castres-castelnaudary-2021&quot;,&quot;alt&quot;:&quot;&quot;,&quot;caption&quot;:&quot;&quot;,&quot;itemprop&quot;:&quot;image&quot;},{&quot;src&quot;:&quot;https:\\\/\\\/i0.wp.com\\\/www.tendm.net\\\/wp-content\\\/uploads\\\/2016\\\/11\\\/NesrineAnthonylowres-575-900x600.jpg?fit=900%2C600&quot;,&quot;id&quot;:&quot;3746&quot;,&quot;title&quot;:&quot;nesrineanthonylowres-575-900\\u0026#215;600&quot;,&quot;alt&quot;:&quot;&quot;,&quot;caption&quot;:&quot;&quot;,&quot;itemprop&quot;:&quot;image&quot;}]\" itemscope itemtype=\"https:\/\/schema.org\/ImageGallery\"><\/div>\n","protected":false},"excerpt":{"rendered":"<p>&nbsp; \u00ab\u00a0Marly MEGHELLY, photographe de mariage\u00a0\u00bb &nbsp; Qui suis je ? J\u2019ai 37 ans, 3 enfants et je suis photographe. Avec mon mari, Yannis, nous formons \u00ab l\u2019\u00e9quipe souvenirs \u00bb Certaines choses sont essentielles dans la vie : l\u2019amour, la famille, le souvenir, la passion. La photo, c\u2019est le moyen d\u2019expression artistique n\u00e9cessaire \u00e0 mon [&hellip;]<\/p>\n","protected":false},"author":1,"featured_media":3708,"parent":0,"menu_order":0,"comment_status":"closed","ping_status":"closed","template":"","meta":{"footnotes":""},"jetpack_sharing_enabled":true,"jetpack_shortlink":"https:\/\/wp.me\/P70bXT-XD","jetpack-related-posts":[],"_links":{"self":[{"href":"http:\/\/www.tendm.net\/index.php\/wp-json\/wp\/v2\/pages\/3697"}],"collection":[{"href":"http:\/\/www.tendm.net\/index.php\/wp-json\/wp\/v2\/pages"}],"about":[{"href":"http:\/\/www.tendm.net\/index.php\/wp-json\/wp\/v2\/types\/page"}],"author":[{"embeddable":true,"href":"http:\/\/www.tendm.net\/index.php\/wp-json\/wp\/v2\/users\/1"}],"replies":[{"embeddable":true,"href":"http:\/\/www.tendm.net\/index.php\/wp-json\/wp\/v2\/comments?post=3697"}],"version-history":[{"count":6,"href":"http:\/\/www.tendm.net\/index.php\/wp-json\/wp\/v2\/pages\/3697\/revisions"}],"predecessor-version":[{"id":5864,"href":"http:\/\/www.tendm.net\/index.php\/wp-json\/wp\/v2\/pages\/3697\/revisions\/5864"}],"wp:featuredmedia":[{"embeddable":true,"href":"http:\/\/www.tendm.net\/index.php\/wp-json\/wp\/v2\/media\/3708"}],"wp:attachment":[{"href":"http:\/\/www.tendm.net\/index.php\/wp-json\/wp\/v2\/media?parent=3697"}],"curies":[{"name":"wp","href":"https:\/\/api.w.org\/{rel}","templated":true}]}}