{"id":4550,"date":"2017-10-18T16:17:14","date_gmt":"2017-10-18T15:17:14","guid":{"rendered":"http:\/\/www.tendm.net\/?page_id=4550"},"modified":"2018-04-16T10:31:26","modified_gmt":"2018-04-16T09:31:26","slug":"les-desserts-volants","status":"publish","type":"page","link":"http:\/\/www.tendm.net\/index.php\/les-desserts-volants\/","title":{"rendered":"Les Desserts Volants"},"content":{"rendered":"<h1><\/h1>\n<h1 style=\"text-align: center;\"><span style=\"color: #808080;\">\u00ab\u00a0L&rsquo;artisan traiteur desserts volants \u00e0 votre service\u00a0\u00bb<\/span><\/h1>\n<p>&nbsp;<\/p>\n<p style=\"text-align: justify;\"><strong>Qui sommes nous ?<br \/>\n<\/strong><span class=\"s1\">Traiteur pour tous types de r\u00e9ceptions, \u00e9v\u00e9nements professionnels <\/span>(s\u00e9minaires, brunchs, cocktails, r\u00e9unions, petits d\u00e9jeuner, repas, d\u00eeners d\u2019entreprise)<span class=\"s1\"> \u00e9v\u00e9nements particuliers <\/span>(mariages, brunchs, cocktails, anniversaires, bar mitsvah, henn\u00e9\u2026)<span class=\"s1\">.<\/span><\/p>\n<p style=\"text-align: justify;\"><strong>Services propos\u00e9s :<br \/>\n<\/strong><span style=\"font-size: 12pt;\">Nous ne travaillons qu\u2019\u00e0 base de produits frais et de saison.<\/span><br \/>\n<span style=\"font-size: 12pt;\"> Le cocktail est compos\u00e9 de pi\u00e8ces froides, chaudes, de verrines et d\u2019animations culinaires essentiellement cuisin\u00e9es \u00e0 partir de produits crus de saison. Ces pi\u00e8ces sont propos\u00e9es les unes apr\u00e8s les autres au passage.<br \/>\nLe menu de chacun de nos d\u00eeners est \u00e9labor\u00e9 \u00e0 partir des souhaits de chaque client. Nous pourrions qualifier notre cuisine de cuisine traditionnelle mais revisit\u00e9e.<\/span><\/p>\n<p>&nbsp;<\/p>\n<p style=\"text-align: center;\"><span style=\"color: #808080;\">Contact :<strong><br \/>\n<\/strong><b>Maxime<br \/>\n<\/b>31000 Toulouse<\/span><br \/>\n<span style=\"color: #808080;\"> 06 60 52 06 48<\/span><br \/>\n<span style=\"color: #808080;\"> dessertsvolants@gmail.com<\/span><br \/>\n<span style=\"color: #808080;\"> <a style=\"color: #808080;\" href=\"http:\/\/www.traiteur-reception-toulouse.fr\"><span class=\"s2\">www.traiteur-reception-toulouse.fr<\/span><\/a><\/span><\/p>\n<p>&nbsp;<\/p>\n<div class=\"tiled-gallery type-rectangular tiled-gallery-unresized\" data-original-width=\"1140\" data-carousel-extra='{&quot;blog_id&quot;:1,&quot;permalink&quot;:&quot;http:\\\/\\\/www.tendm.net\\\/index.php\\\/les-desserts-volants\\\/&quot;,&quot;likes_blog_id&quot;:103480349}' itemscope itemtype=\"http:\/\/schema.org\/ImageGallery\" > <div class=\"gallery-row\" style=\"width: 1140px; height: 569px;\" data-original-width=\"1140\" data-original-height=\"569\" > <div class=\"gallery-group images-1\" style=\"width: 761px; height: 569px;\" data-original-width=\"761\" data-original-height=\"569\" > <div class=\"tiled-gallery-item tiled-gallery-item-large\" itemprop=\"associatedMedia\" itemscope itemtype=\"http:\/\/schema.org\/ImageObject\"> <a href=\"http:\/\/www.tendm.net\/index.php\/les-desserts-volants\/img_1113\/\" border=\"0\" itemprop=\"url\"> <meta itemprop=\"width\" content=\"757\"> <meta itemprop=\"height\" content=\"565\"> <img loading=\"lazy\" decoding=\"async\" class=\"\" data-attachment-id=\"4553\" data-orig-file=\"http:\/\/www.tendm.net\/wp-content\/uploads\/2017\/10\/IMG_1113.jpg\" data-orig-size=\"1296,968\" data-comments-opened=\"1\" data-image-meta=\"{&quot;aperture&quot;:&quot;2.8&quot;,&quot;credit&quot;:&quot;&quot;,&quot;camera&quot;:&quot;iPhone 4&quot;,&quot;caption&quot;:&quot;&quot;,&quot;created_timestamp&quot;:&quot;1410692511&quot;,&quot;copyright&quot;:&quot;&quot;,&quot;focal_length&quot;:&quot;3.85&quot;,&quot;iso&quot;:&quot;80&quot;,&quot;shutter_speed&quot;:&quot;0.00049726504226753&quot;,&quot;title&quot;:&quot;&quot;,&quot;orientation&quot;:&quot;6&quot;}\" data-image-title=\"IMG_1113\" data-image-description=\"\" data-medium-file=\"https:\/\/i0.wp.com\/www.tendm.net\/wp-content\/uploads\/2017\/10\/IMG_1113.jpg?fit=300%2C224\" data-large-file=\"https:\/\/i0.wp.com\/www.tendm.net\/wp-content\/uploads\/2017\/10\/IMG_1113.jpg?fit=1024%2C765\" src=\"https:\/\/i0.wp.com\/www.tendm.net\/wp-content\/uploads\/2017\/10\/IMG_1113.jpg?w=757&#038;h=565\" srcset=\"https:\/\/i0.wp.com\/www.tendm.net\/wp-content\/uploads\/2017\/10\/IMG_1113.jpg?w=1296 1296w, https:\/\/i0.wp.com\/www.tendm.net\/wp-content\/uploads\/2017\/10\/IMG_1113.jpg?resize=300%2C224 300w, https:\/\/i0.wp.com\/www.tendm.net\/wp-content\/uploads\/2017\/10\/IMG_1113.jpg?resize=768%2C574 768w, https:\/\/i0.wp.com\/www.tendm.net\/wp-content\/uploads\/2017\/10\/IMG_1113.jpg?resize=1024%2C765 1024w\" width=\"757\" height=\"565\" loading=\"lazy\" data-original-width=\"757\" data-original-height=\"565\" itemprop=\"http:\/\/schema.org\/image\" title=\"IMG_1113\" alt=\"IMG_1113\" style=\"width: 757px; height: 565px;\" \/> <\/a> <\/div> <\/div> <!-- close group --> <div class=\"gallery-group images-2\" style=\"width: 379px; height: 569px;\" data-original-width=\"379\" data-original-height=\"569\" > <div class=\"tiled-gallery-item tiled-gallery-item-large\" itemprop=\"associatedMedia\" itemscope itemtype=\"http:\/\/schema.org\/ImageObject\"> <a href=\"http:\/\/www.tendm.net\/index.php\/les-desserts-volants\/img_1118\/\" border=\"0\" itemprop=\"url\"> <meta itemprop=\"width\" content=\"375\"> <meta itemprop=\"height\" content=\"280\"> <img loading=\"lazy\" decoding=\"async\" class=\"\" data-attachment-id=\"4554\" data-orig-file=\"http:\/\/www.tendm.net\/wp-content\/uploads\/2017\/10\/IMG_1118.jpg\" data-orig-size=\"1296,968\" data-comments-opened=\"1\" data-image-meta=\"{&quot;aperture&quot;:&quot;2.8&quot;,&quot;credit&quot;:&quot;&quot;,&quot;camera&quot;:&quot;iPhone 4&quot;,&quot;caption&quot;:&quot;&quot;,&quot;created_timestamp&quot;:&quot;1410692566&quot;,&quot;copyright&quot;:&quot;&quot;,&quot;focal_length&quot;:&quot;3.85&quot;,&quot;iso&quot;:&quot;80&quot;,&quot;shutter_speed&quot;:&quot;0.016666666666667&quot;,&quot;title&quot;:&quot;&quot;,&quot;orientation&quot;:&quot;1&quot;}\" data-image-title=\"IMG_1118\" data-image-description=\"\" data-medium-file=\"https:\/\/i0.wp.com\/www.tendm.net\/wp-content\/uploads\/2017\/10\/IMG_1118.jpg?fit=300%2C224\" data-large-file=\"https:\/\/i0.wp.com\/www.tendm.net\/wp-content\/uploads\/2017\/10\/IMG_1118.jpg?fit=1024%2C765\" src=\"https:\/\/i0.wp.com\/www.tendm.net\/wp-content\/uploads\/2017\/10\/IMG_1118.jpg?w=375&#038;h=280\" srcset=\"https:\/\/i0.wp.com\/www.tendm.net\/wp-content\/uploads\/2017\/10\/IMG_1118.jpg?w=1296 1296w, https:\/\/i0.wp.com\/www.tendm.net\/wp-content\/uploads\/2017\/10\/IMG_1118.jpg?resize=300%2C224 300w, https:\/\/i0.wp.com\/www.tendm.net\/wp-content\/uploads\/2017\/10\/IMG_1118.jpg?resize=768%2C574 768w, https:\/\/i0.wp.com\/www.tendm.net\/wp-content\/uploads\/2017\/10\/IMG_1118.jpg?resize=1024%2C765 1024w\" width=\"375\" height=\"280\" loading=\"lazy\" data-original-width=\"375\" data-original-height=\"280\" itemprop=\"http:\/\/schema.org\/image\" title=\"IMG_1118\" alt=\"IMG_1118\" style=\"width: 375px; height: 280px;\" \/> <\/a> <\/div> <div class=\"tiled-gallery-item tiled-gallery-item-large\" itemprop=\"associatedMedia\" itemscope itemtype=\"http:\/\/schema.org\/ImageObject\"> <a href=\"http:\/\/www.tendm.net\/index.php\/les-desserts-volants\/table-mariage-traiteur-toulouse\/\" border=\"0\" itemprop=\"url\"> <meta itemprop=\"width\" content=\"375\"> <meta itemprop=\"height\" content=\"281\"> <img loading=\"lazy\" decoding=\"async\" class=\"\" data-attachment-id=\"6065\" data-orig-file=\"http:\/\/www.tendm.net\/wp-content\/uploads\/2018\/04\/table-mariage-traiteur-toulouse.jpg\" data-orig-size=\"480,360\" data-comments-opened=\"1\" data-image-meta=\"{&quot;aperture&quot;:&quot;0&quot;,&quot;credit&quot;:&quot;&quot;,&quot;camera&quot;:&quot;&quot;,&quot;caption&quot;:&quot;&quot;,&quot;created_timestamp&quot;:&quot;0&quot;,&quot;copyright&quot;:&quot;&quot;,&quot;focal_length&quot;:&quot;0&quot;,&quot;iso&quot;:&quot;0&quot;,&quot;shutter_speed&quot;:&quot;0&quot;,&quot;title&quot;:&quot;&quot;,&quot;orientation&quot;:&quot;1&quot;}\" data-image-title=\"table mariage traiteur toulouse\" data-image-description=\"\" data-medium-file=\"https:\/\/i0.wp.com\/www.tendm.net\/wp-content\/uploads\/2018\/04\/table-mariage-traiteur-toulouse.jpg?fit=300%2C225\" data-large-file=\"https:\/\/i0.wp.com\/www.tendm.net\/wp-content\/uploads\/2018\/04\/table-mariage-traiteur-toulouse.jpg?fit=480%2C360\" src=\"https:\/\/i0.wp.com\/www.tendm.net\/wp-content\/uploads\/2018\/04\/table-mariage-traiteur-toulouse.jpg?w=375&#038;h=281\" srcset=\"https:\/\/i0.wp.com\/www.tendm.net\/wp-content\/uploads\/2018\/04\/table-mariage-traiteur-toulouse.jpg?w=480 480w, https:\/\/i0.wp.com\/www.tendm.net\/wp-content\/uploads\/2018\/04\/table-mariage-traiteur-toulouse.jpg?resize=300%2C225 300w\" width=\"375\" height=\"281\" loading=\"lazy\" data-original-width=\"375\" data-original-height=\"281\" itemprop=\"http:\/\/schema.org\/image\" title=\"table mariage traiteur toulouse\" alt=\"table mariage traiteur toulouse\" style=\"width: 375px; height: 281px;\" \/> <\/a> <\/div> <\/div> <!-- close group --> <\/div> <!-- close row --> <div class=\"gallery-row\" style=\"width: 1140px; height: 719px;\" data-original-width=\"1140\" data-original-height=\"719\" > <div class=\"gallery-group images-2\" style=\"width: 480px; height: 719px;\" data-original-width=\"480\" data-original-height=\"719\" > <div class=\"tiled-gallery-item tiled-gallery-item-large\" itemprop=\"associatedMedia\" itemscope itemtype=\"http:\/\/schema.org\/ImageObject\"> <a href=\"http:\/\/www.tendm.net\/index.php\/les-desserts-volants\/img_1097\/\" border=\"0\" itemprop=\"url\"> <meta itemprop=\"width\" content=\"476\"> <meta itemprop=\"height\" content=\"356\"> <img loading=\"lazy\" decoding=\"async\" class=\"\" data-attachment-id=\"4552\" data-orig-file=\"http:\/\/www.tendm.net\/wp-content\/uploads\/2017\/10\/IMG_1097.jpg\" data-orig-size=\"1296,968\" data-comments-opened=\"1\" data-image-meta=\"{&quot;aperture&quot;:&quot;2.8&quot;,&quot;credit&quot;:&quot;&quot;,&quot;camera&quot;:&quot;iPhone 4&quot;,&quot;caption&quot;:&quot;&quot;,&quot;created_timestamp&quot;:&quot;1410688302&quot;,&quot;copyright&quot;:&quot;&quot;,&quot;focal_length&quot;:&quot;3.85&quot;,&quot;iso&quot;:&quot;100&quot;,&quot;shutter_speed&quot;:&quot;0.025&quot;,&quot;title&quot;:&quot;&quot;,&quot;orientation&quot;:&quot;1&quot;}\" data-image-title=\"IMG_1097\" data-image-description=\"\" data-medium-file=\"https:\/\/i0.wp.com\/www.tendm.net\/wp-content\/uploads\/2017\/10\/IMG_1097.jpg?fit=300%2C224\" data-large-file=\"https:\/\/i0.wp.com\/www.tendm.net\/wp-content\/uploads\/2017\/10\/IMG_1097.jpg?fit=1024%2C765\" src=\"https:\/\/i0.wp.com\/www.tendm.net\/wp-content\/uploads\/2017\/10\/IMG_1097.jpg?w=476&#038;h=356\" srcset=\"https:\/\/i0.wp.com\/www.tendm.net\/wp-content\/uploads\/2017\/10\/IMG_1097.jpg?w=1296 1296w, https:\/\/i0.wp.com\/www.tendm.net\/wp-content\/uploads\/2017\/10\/IMG_1097.jpg?resize=300%2C224 300w, https:\/\/i0.wp.com\/www.tendm.net\/wp-content\/uploads\/2017\/10\/IMG_1097.jpg?resize=768%2C574 768w, https:\/\/i0.wp.com\/www.tendm.net\/wp-content\/uploads\/2017\/10\/IMG_1097.jpg?resize=1024%2C765 1024w\" width=\"476\" height=\"356\" loading=\"lazy\" data-original-width=\"476\" data-original-height=\"356\" itemprop=\"http:\/\/schema.org\/image\" title=\"IMG_1097\" alt=\"IMG_1097\" style=\"width: 476px; height: 356px;\" \/> <\/a> <\/div> <div class=\"tiled-gallery-item tiled-gallery-item-large\" itemprop=\"associatedMedia\" itemscope itemtype=\"http:\/\/schema.org\/ImageObject\"> <a href=\"http:\/\/www.tendm.net\/index.php\/les-desserts-volants\/img_2718\/\" border=\"0\" itemprop=\"url\"> <meta itemprop=\"width\" content=\"476\"> <meta itemprop=\"height\" content=\"355\"> <img loading=\"lazy\" decoding=\"async\" class=\"\" data-attachment-id=\"4555\" data-orig-file=\"http:\/\/www.tendm.net\/wp-content\/uploads\/2017\/10\/IMG_2718.jpg\" data-orig-size=\"1296,968\" data-comments-opened=\"1\" data-image-meta=\"{&quot;aperture&quot;:&quot;2.8&quot;,&quot;credit&quot;:&quot;&quot;,&quot;camera&quot;:&quot;iPhone 4&quot;,&quot;caption&quot;:&quot;&quot;,&quot;created_timestamp&quot;:&quot;1467282355&quot;,&quot;copyright&quot;:&quot;&quot;,&quot;focal_length&quot;:&quot;3.85&quot;,&quot;iso&quot;:&quot;80&quot;,&quot;shutter_speed&quot;:&quot;0.0068493150684932&quot;,&quot;title&quot;:&quot;&quot;,&quot;orientation&quot;:&quot;6&quot;}\" data-image-title=\"IMG_2718\" data-image-description=\"\" data-medium-file=\"https:\/\/i0.wp.com\/www.tendm.net\/wp-content\/uploads\/2017\/10\/IMG_2718.jpg?fit=300%2C224\" data-large-file=\"https:\/\/i0.wp.com\/www.tendm.net\/wp-content\/uploads\/2017\/10\/IMG_2718.jpg?fit=1024%2C765\" src=\"https:\/\/i0.wp.com\/www.tendm.net\/wp-content\/uploads\/2017\/10\/IMG_2718.jpg?w=476&#038;h=355\" srcset=\"https:\/\/i0.wp.com\/www.tendm.net\/wp-content\/uploads\/2017\/10\/IMG_2718.jpg?w=1296 1296w, https:\/\/i0.wp.com\/www.tendm.net\/wp-content\/uploads\/2017\/10\/IMG_2718.jpg?resize=300%2C224 300w, https:\/\/i0.wp.com\/www.tendm.net\/wp-content\/uploads\/2017\/10\/IMG_2718.jpg?resize=768%2C574 768w, https:\/\/i0.wp.com\/www.tendm.net\/wp-content\/uploads\/2017\/10\/IMG_2718.jpg?resize=1024%2C765 1024w\" width=\"476\" height=\"355\" loading=\"lazy\" data-original-width=\"476\" data-original-height=\"355\" itemprop=\"http:\/\/schema.org\/image\" title=\"IMG_2718\" alt=\"IMG_2718\" style=\"width: 476px; height: 355px;\" \/> <\/a> <\/div> <\/div> <!-- close group --> <div class=\"gallery-group images-1\" style=\"width: 660px; height: 719px;\" data-original-width=\"660\" data-original-height=\"719\" > <div class=\"tiled-gallery-item tiled-gallery-item-large\" itemprop=\"associatedMedia\" itemscope itemtype=\"http:\/\/schema.org\/ImageObject\"> <a href=\"http:\/\/www.tendm.net\/index.php\/les-desserts-volants\/img_3102\/\" border=\"0\" itemprop=\"url\"> <meta itemprop=\"width\" content=\"656\"> <meta itemprop=\"height\" content=\"715\"> <img loading=\"lazy\" decoding=\"async\" class=\"\" data-attachment-id=\"4556\" data-orig-file=\"http:\/\/www.tendm.net\/wp-content\/uploads\/2017\/10\/IMG_3102.jpg\" data-orig-size=\"940,1024\" data-comments-opened=\"1\" data-image-meta=\"{&quot;aperture&quot;:&quot;0&quot;,&quot;credit&quot;:&quot;&quot;,&quot;camera&quot;:&quot;&quot;,&quot;caption&quot;:&quot;&quot;,&quot;created_timestamp&quot;:&quot;0&quot;,&quot;copyright&quot;:&quot;&quot;,&quot;focal_length&quot;:&quot;0&quot;,&quot;iso&quot;:&quot;0&quot;,&quot;shutter_speed&quot;:&quot;0&quot;,&quot;title&quot;:&quot;&quot;,&quot;orientation&quot;:&quot;1&quot;}\" data-image-title=\"IMG_3102\" data-image-description=\"\" data-medium-file=\"https:\/\/i0.wp.com\/www.tendm.net\/wp-content\/uploads\/2017\/10\/IMG_3102.jpg?fit=275%2C300\" data-large-file=\"https:\/\/i0.wp.com\/www.tendm.net\/wp-content\/uploads\/2017\/10\/IMG_3102.jpg?fit=940%2C1024\" src=\"https:\/\/i0.wp.com\/www.tendm.net\/wp-content\/uploads\/2017\/10\/IMG_3102.jpg?w=656&#038;h=715\" srcset=\"https:\/\/i0.wp.com\/www.tendm.net\/wp-content\/uploads\/2017\/10\/IMG_3102.jpg?w=940 940w, https:\/\/i0.wp.com\/www.tendm.net\/wp-content\/uploads\/2017\/10\/IMG_3102.jpg?resize=275%2C300 275w, https:\/\/i0.wp.com\/www.tendm.net\/wp-content\/uploads\/2017\/10\/IMG_3102.jpg?resize=768%2C837 768w\" width=\"656\" height=\"715\" loading=\"lazy\" data-original-width=\"656\" data-original-height=\"715\" itemprop=\"http:\/\/schema.org\/image\" title=\"IMG_3102\" alt=\"IMG_3102\" style=\"width: 656px; height: 715px;\" \/> <\/a> <\/div> <\/div> <!-- close group --> <\/div> <!-- close row --> <div class=\"gallery-row\" style=\"width: 1140px; height: 251px;\" data-original-width=\"1140\" data-original-height=\"251\" > <div class=\"gallery-group images-1\" style=\"width: 375px; height: 251px;\" data-original-width=\"375\" data-original-height=\"251\" > <div class=\"tiled-gallery-item tiled-gallery-item-large\" itemprop=\"associatedMedia\" itemscope itemtype=\"http:\/\/schema.org\/ImageObject\"> <a href=\"http:\/\/www.tendm.net\/index.php\/les-desserts-volants\/serveuse-plateau-light\/\" border=\"0\" itemprop=\"url\"> <meta itemprop=\"width\" content=\"371\"> <meta itemprop=\"height\" content=\"247\"> <img loading=\"lazy\" decoding=\"async\" class=\"\" data-attachment-id=\"4558\" data-orig-file=\"http:\/\/www.tendm.net\/wp-content\/uploads\/2017\/10\/serveuse-plateau-light.jpg\" data-orig-size=\"240,160\" data-comments-opened=\"1\" data-image-meta=\"{&quot;aperture&quot;:&quot;0&quot;,&quot;credit&quot;:&quot;@JPMONTAGNE&quot;,&quot;camera&quot;:&quot;&quot;,&quot;caption&quot;:&quot;&quot;,&quot;created_timestamp&quot;:&quot;0&quot;,&quot;copyright&quot;:&quot;@JPMONTAGNE&quot;,&quot;focal_length&quot;:&quot;0&quot;,&quot;iso&quot;:&quot;0&quot;,&quot;shutter_speed&quot;:&quot;0&quot;,&quot;title&quot;:&quot;&quot;,&quot;orientation&quot;:&quot;1&quot;}\" data-image-title=\"serveuse plateau light\" data-image-description=\"\" data-medium-file=\"https:\/\/i0.wp.com\/www.tendm.net\/wp-content\/uploads\/2017\/10\/serveuse-plateau-light.jpg?fit=240%2C160\" data-large-file=\"https:\/\/i0.wp.com\/www.tendm.net\/wp-content\/uploads\/2017\/10\/serveuse-plateau-light.jpg?fit=240%2C160\" src=\"https:\/\/i0.wp.com\/www.tendm.net\/wp-content\/uploads\/2017\/10\/serveuse-plateau-light.jpg?w=371&#038;h=247\" width=\"371\" height=\"247\" loading=\"lazy\" data-original-width=\"371\" data-original-height=\"247\" itemprop=\"http:\/\/schema.org\/image\" title=\"serveuse plateau light\" alt=\"serveuse plateau light\" style=\"width: 371px; height: 247px;\" \/> <\/a> <\/div> <\/div> <!-- close group --> <div class=\"gallery-group images-1\" style=\"width: 381px; height: 251px;\" data-original-width=\"381\" data-original-height=\"251\" > <div class=\"tiled-gallery-item tiled-gallery-item-large\" itemprop=\"associatedMedia\" itemscope itemtype=\"http:\/\/schema.org\/ImageObject\"> <a href=\"http:\/\/www.tendm.net\/index.php\/les-desserts-volants\/magret-repas-mariage\/\" border=\"0\" itemprop=\"url\"> <meta itemprop=\"width\" content=\"377\"> <meta itemprop=\"height\" content=\"247\"> <img loading=\"lazy\" decoding=\"async\" class=\"\" data-attachment-id=\"4557\" data-orig-file=\"http:\/\/www.tendm.net\/wp-content\/uploads\/2017\/10\/magret-repas-mariage.jpg\" data-orig-size=\"180,118\" data-comments-opened=\"1\" data-image-meta=\"{&quot;aperture&quot;:&quot;0&quot;,&quot;credit&quot;:&quot;&quot;,&quot;camera&quot;:&quot;&quot;,&quot;caption&quot;:&quot;&quot;,&quot;created_timestamp&quot;:&quot;0&quot;,&quot;copyright&quot;:&quot;&quot;,&quot;focal_length&quot;:&quot;0&quot;,&quot;iso&quot;:&quot;0&quot;,&quot;shutter_speed&quot;:&quot;0&quot;,&quot;title&quot;:&quot;&quot;,&quot;orientation&quot;:&quot;1&quot;}\" data-image-title=\"magret repas mariage\" data-image-description=\"\" data-medium-file=\"https:\/\/i0.wp.com\/www.tendm.net\/wp-content\/uploads\/2017\/10\/magret-repas-mariage.jpg?fit=180%2C118\" data-large-file=\"https:\/\/i0.wp.com\/www.tendm.net\/wp-content\/uploads\/2017\/10\/magret-repas-mariage.jpg?fit=180%2C118\" src=\"https:\/\/i0.wp.com\/www.tendm.net\/wp-content\/uploads\/2017\/10\/magret-repas-mariage.jpg?w=377&#038;h=247\" width=\"377\" height=\"247\" loading=\"lazy\" data-original-width=\"377\" data-original-height=\"247\" itemprop=\"http:\/\/schema.org\/image\" title=\"magret repas mariage\" alt=\"magret repas mariage\" style=\"width: 377px; height: 247px;\" \/> <\/a> <\/div> <\/div> <!-- close group --> <div class=\"gallery-group images-1\" style=\"width: 384px; height: 251px;\" data-original-width=\"384\" data-original-height=\"251\" > <div class=\"tiled-gallery-item tiled-gallery-item-large\" itemprop=\"associatedMedia\" itemscope itemtype=\"http:\/\/schema.org\/ImageObject\"> <a href=\"http:\/\/www.tendm.net\/index.php\/les-desserts-volants\/couvert-de-table-traiteur\/\" border=\"0\" itemprop=\"url\"> <meta itemprop=\"width\" content=\"380\"> <meta itemprop=\"height\" content=\"247\"> <img loading=\"lazy\" decoding=\"async\" class=\"\" data-attachment-id=\"4551\" data-orig-file=\"http:\/\/www.tendm.net\/wp-content\/uploads\/2017\/10\/couvert-de-table-traiteur.jpg\" data-orig-size=\"180,117\" data-comments-opened=\"1\" data-image-meta=\"{&quot;aperture&quot;:&quot;0&quot;,&quot;credit&quot;:&quot;&quot;,&quot;camera&quot;:&quot;&quot;,&quot;caption&quot;:&quot;&quot;,&quot;created_timestamp&quot;:&quot;0&quot;,&quot;copyright&quot;:&quot;&quot;,&quot;focal_length&quot;:&quot;0&quot;,&quot;iso&quot;:&quot;0&quot;,&quot;shutter_speed&quot;:&quot;0&quot;,&quot;title&quot;:&quot;&quot;,&quot;orientation&quot;:&quot;1&quot;}\" data-image-title=\"couvert de table traiteur\" data-image-description=\"\" data-medium-file=\"https:\/\/i0.wp.com\/www.tendm.net\/wp-content\/uploads\/2017\/10\/couvert-de-table-traiteur.jpg?fit=180%2C117\" data-large-file=\"https:\/\/i0.wp.com\/www.tendm.net\/wp-content\/uploads\/2017\/10\/couvert-de-table-traiteur.jpg?fit=180%2C117\" src=\"https:\/\/i0.wp.com\/www.tendm.net\/wp-content\/uploads\/2017\/10\/couvert-de-table-traiteur.jpg?w=380&#038;h=247\" width=\"380\" height=\"247\" loading=\"lazy\" data-original-width=\"380\" data-original-height=\"247\" itemprop=\"http:\/\/schema.org\/image\" title=\"couvert de table traiteur\" alt=\"couvert de table traiteur\" style=\"width: 380px; height: 247px;\" \/> <\/a> <\/div> <\/div> <!-- close group --> <\/div> <!-- close row --> <\/div>\n","protected":false},"excerpt":{"rendered":"<p>\u00ab\u00a0L&rsquo;artisan traiteur desserts volants \u00e0 votre service\u00a0\u00bb &nbsp; Qui sommes nous ? Traiteur pour tous types de r\u00e9ceptions, \u00e9v\u00e9nements professionnels (s\u00e9minaires, brunchs, cocktails, r\u00e9unions, petits d\u00e9jeuner, repas, d\u00eeners d\u2019entreprise) \u00e9v\u00e9nements particuliers (mariages, brunchs, cocktails, anniversaires, bar mitsvah, henn\u00e9\u2026). Services propos\u00e9s : Nous ne travaillons qu\u2019\u00e0 base de produits frais et de saison. Le cocktail est [&hellip;]<\/p>\n","protected":false},"author":1,"featured_media":4559,"parent":0,"menu_order":0,"comment_status":"closed","ping_status":"closed","template":"","meta":{"footnotes":""},"jetpack_sharing_enabled":true,"jetpack_shortlink":"https:\/\/wp.me\/P70bXT-1bo","jetpack-related-posts":[],"_links":{"self":[{"href":"http:\/\/www.tendm.net\/index.php\/wp-json\/wp\/v2\/pages\/4550"}],"collection":[{"href":"http:\/\/www.tendm.net\/index.php\/wp-json\/wp\/v2\/pages"}],"about":[{"href":"http:\/\/www.tendm.net\/index.php\/wp-json\/wp\/v2\/types\/page"}],"author":[{"embeddable":true,"href":"http:\/\/www.tendm.net\/index.php\/wp-json\/wp\/v2\/users\/1"}],"replies":[{"embeddable":true,"href":"http:\/\/www.tendm.net\/index.php\/wp-json\/wp\/v2\/comments?post=4550"}],"version-history":[{"count":7,"href":"http:\/\/www.tendm.net\/index.php\/wp-json\/wp\/v2\/pages\/4550\/revisions"}],"predecessor-version":[{"id":6066,"href":"http:\/\/www.tendm.net\/index.php\/wp-json\/wp\/v2\/pages\/4550\/revisions\/6066"}],"wp:featuredmedia":[{"embeddable":true,"href":"http:\/\/www.tendm.net\/index.php\/wp-json\/wp\/v2\/media\/4559"}],"wp:attachment":[{"href":"http:\/\/www.tendm.net\/index.php\/wp-json\/wp\/v2\/media?parent=4550"}],"curies":[{"name":"wp","href":"https:\/\/api.w.org\/{rel}","templated":true}]}}