{"id":4619,"date":"2017-10-19T12:58:56","date_gmt":"2017-10-19T11:58:56","guid":{"rendered":"http:\/\/www.tendm.net\/?page_id=4619"},"modified":"2018-04-04T15:03:25","modified_gmt":"2018-04-04T14:03:25","slug":"pierre-julie","status":"publish","type":"page","link":"http:\/\/www.tendm.net\/index.php\/pierre-julie\/","title":{"rendered":"Pierre &#038; julie"},"content":{"rendered":"<h1 style=\"text-align: center;\"><span style=\"color: #808080;\">\u00a0\u00ab\u00a0Un film pour votre mariage\u00a0\u00bb<\/span><\/h1>\n<p>&nbsp;<\/p>\n<p><strong>Qui sommes-nous ?<br \/>\n<\/strong><\/p>\n<p>Apr\u00e8s presque 10 ans \u00e0 travailler comme monteur pour des chaines de t\u00e9l\u00e9 en r\u00e9gion parisienne on a eu envie de faire nos propres films. Pas n\u2019importe lesquels\u2026des films sur les gens, o\u00f9 les \u00e9motions sont l\u00e0 toujours pr\u00e9sentes.<br \/>\nComme bagages ? Notre pass\u00e9 de monteur, notre amour des images et des voyages. Et voil\u00e0 Pierre&amp;Julie est n\u00e9\u00a0!<\/p>\n<p><strong>Services propos\u00e9s :<\/strong><\/p>\n<p>Nous r\u00e9alisons des films de mariage.<br \/>\nDiff\u00e9rentes formules sont propos\u00e9es, du clip (4mn) au film en version longue (20mn).<br \/>\nNous sommes mobile sur toute la France et l\u2019\u00e9tranger.<br \/>\nLa livraison des films est d\u2019environ 2mois et demi\/ 3 mois pour une formule compl\u00e8te (clip+version longue+discours des proches).<br \/>\nPour les formules nos tarifs d\u00e9butent \u00e0 2 500 euros et vont jusqu\u2019\u00e0 4000 euros hors frais de d\u00e9placements et de logement. Ensuite plusieurs options sont propos\u00e9es tels que save the date, trash the dress, s\u00e9ance d\u2019engagement \u2026<\/p>\n<p><strong>Autres informations :<\/strong><\/p>\n<p>Notre 1er atout : vous laisser le souvenir le plus vivant de votre mariage.<br \/>\nOui c\u2019est important de bien manger le jour J, oui c\u2019est essentiel d\u2019avoir des fleurs magnifiques\u2026 Mais le seul prestataire qui vous permettra de vous souvenir de tout \u00e7a pour toujours, c\u2019est nous. Le seul prestataire qui permettra \u00e0 vos petit-enfants de vous entendre vous dire oui et de voir vos rires ce jour l\u00e0, c\u2019est nous. Notre 2 \u00e8me atout : \u00eatre 2 !<br \/>\nOn peut r\u00e9aliser des images qu\u2019un vid\u00e9aste seul ne peut pas faire.<br \/>\nOn est pr\u00e9sent partout, tout le temps\u2026<\/p>\n<p>Venez visitez notre site et regardez nos films de mariage !<br \/>\n&#8212;&gt;\u00a0<a href=\"https:\/\/vimeo.com\/229816767\">Vid\u00e9o<\/a><\/p>\n<p style=\"text-align: center;\"><span style=\"color: #808080; font-size: 12pt;\"><strong>Contact :<br \/>\n<\/strong>Julie <strong>Labrouche<br \/>\n<\/strong>20 rue Touzet Gaillard 93400 Saint-Ouen<br \/>\n06 25 46 30 54<\/span><br \/>\n<span style=\"color: #808080;\"><a style=\"color: #808080;\" href=\"mailto:pierreetjulie.films@gmail.com\"><span style=\"font-size: 12pt;\"> pierreetjulie.films@gmail.com<\/span><\/a><\/span><br \/>\n<span style=\"color: #808080; font-size: 12pt;\"> <a style=\"color: #808080;\" href=\"https:\/\/www.pierre-et-julie.com\/\">www.pierre-et-julie.com<br \/>\n<\/a><a style=\"color: #808080;\" href=\"https:\/\/www.facebook.com\/pierreetjuliefilms\/\">Facebook<\/a><\/span><br \/>\n<span style=\"color: #808080; font-size: 12pt;\"> <a style=\"color: #808080;\" href=\"https:\/\/www.instagram.com\/pierreetjulie.films\/\">Instagram<br \/>\n<\/a><a style=\"color: #808080;\" href=\"https:\/\/vimeo.com\/pierreetjuliefilms\">Vimeo<\/a><\/span><\/p>\n<p>&nbsp;<\/p>\n<p class=\"jetpack-slideshow-noscript robots-nocontent\">Ce diaporama n\u00e9cessite JavaScript.<\/p><div id=\"gallery-4619-1-slideshow\" class=\"jetpack-slideshow-window jetpack-slideshow jetpack-slideshow-black\" data-trans=\"fade\" data-autostart=\"1\" data-gallery=\"[{&quot;src&quot;:&quot;https:\\\/\\\/i0.wp.com\\\/www.tendm.net\\\/wp-content\\\/uploads\\\/2017\\\/10\\\/co18-marie\\u0301es-fox.jpg?fit=1024%2C683&quot;,&quot;id&quot;:&quot;4620&quot;,&quot;title&quot;:&quot;co18 marie\\u0301es fox&quot;,&quot;alt&quot;:&quot;&quot;,&quot;caption&quot;:&quot;&quot;,&quot;itemprop&quot;:&quot;image&quot;},{&quot;src&quot;:&quot;https:\\\/\\\/i0.wp.com\\\/www.tendm.net\\\/wp-content\\\/uploads\\\/2017\\\/10\\\/EdSo_2.jpg?fit=1024%2C468&quot;,&quot;id&quot;:&quot;4621&quot;,&quot;title&quot;:&quot;Ed\\u0026#038;So_2&quot;,&quot;alt&quot;:&quot;&quot;,&quot;caption&quot;:&quot;&quot;,&quot;itemprop&quot;:&quot;image&quot;},{&quot;src&quot;:&quot;https:\\\/\\\/i0.wp.com\\\/www.tendm.net\\\/wp-content\\\/uploads\\\/2017\\\/10\\\/Epaule-Aurore.jpg?fit=1024%2C576&quot;,&quot;id&quot;:&quot;4622&quot;,&quot;title&quot;:&quot;Epaule Aurore&quot;,&quot;alt&quot;:&quot;&quot;,&quot;caption&quot;:&quot;&quot;,&quot;itemprop&quot;:&quot;image&quot;},{&quot;src&quot;:&quot;https:\\\/\\\/i0.wp.com\\\/www.tendm.net\\\/wp-content\\\/uploads\\\/2017\\\/10\\\/lavande.jpg?fit=1024%2C481&quot;,&quot;id&quot;:&quot;4623&quot;,&quot;title&quot;:&quot;lavande&quot;,&quot;alt&quot;:&quot;&quot;,&quot;caption&quot;:&quot;&quot;,&quot;itemprop&quot;:&quot;image&quot;},{&quot;src&quot;:&quot;https:\\\/\\\/i0.wp.com\\\/www.tendm.net\\\/wp-content\\\/uploads\\\/2017\\\/10\\\/maquillage.jpg?fit=1024%2C475&quot;,&quot;id&quot;:&quot;4624&quot;,&quot;title&quot;:&quot;maquillage&quot;,&quot;alt&quot;:&quot;&quot;,&quot;caption&quot;:&quot;&quot;,&quot;itemprop&quot;:&quot;image&quot;},{&quot;src&quot;:&quot;https:\\\/\\\/i0.wp.com\\\/www.tendm.net\\\/wp-content\\\/uploads\\\/2017\\\/10\\\/Portrait-pierrejulie.jpg?fit=803%2C1024&quot;,&quot;id&quot;:&quot;4625&quot;,&quot;title&quot;:&quot;Portrait pierre\\u0026#038;julie&quot;,&quot;alt&quot;:&quot;&quot;,&quot;caption&quot;:&quot;&quot;,&quot;itemprop&quot;:&quot;image&quot;},{&quot;src&quot;:&quot;https:\\\/\\\/i0.wp.com\\\/www.tendm.net\\\/wp-content\\\/uploads\\\/2017\\\/10\\\/RE-dos.jpg?fit=683%2C1024&quot;,&quot;id&quot;:&quot;4626&quot;,&quot;title&quot;:&quot;R\\u0026#038;E dos&quot;,&quot;alt&quot;:&quot;&quot;,&quot;caption&quot;:&quot;&quot;,&quot;itemprop&quot;:&quot;image&quot;},{&quot;src&quot;:&quot;https:\\\/\\\/i0.wp.com\\\/www.tendm.net\\\/wp-content\\\/uploads\\\/2017\\\/10\\\/RE-robe.jpg?fit=1024%2C683&quot;,&quot;id&quot;:&quot;4627&quot;,&quot;title&quot;:&quot;R\\u0026#038;E robe&quot;,&quot;alt&quot;:&quot;&quot;,&quot;caption&quot;:&quot;&quot;,&quot;itemprop&quot;:&quot;image&quot;},{&quot;src&quot;:&quot;https:\\\/\\\/i0.wp.com\\\/www.tendm.net\\\/wp-content\\\/uploads\\\/2017\\\/10\\\/RE-visage.jpg?fit=1024%2C683&quot;,&quot;id&quot;:&quot;4628&quot;,&quot;title&quot;:&quot;R\\u0026#038;E visage&quot;,&quot;alt&quot;:&quot;&quot;,&quot;caption&quot;:&quot;&quot;,&quot;itemprop&quot;:&quot;image&quot;},{&quot;src&quot;:&quot;https:\\\/\\\/i0.wp.com\\\/www.tendm.net\\\/wp-content\\\/uploads\\\/2017\\\/10\\\/Shooting-Loire-1.jpg?fit=1024%2C705&quot;,&quot;id&quot;:&quot;4629&quot;,&quot;title&quot;:&quot;Shooting Loire 1&quot;,&quot;alt&quot;:&quot;&quot;,&quot;caption&quot;:&quot;Vid\\u00e9os&quot;,&quot;itemprop&quot;:&quot;image&quot;},{&quot;src&quot;:&quot;https:\\\/\\\/i0.wp.com\\\/www.tendm.net\\\/wp-content\\\/uploads\\\/2017\\\/10\\\/Shooting-Loire-2.jpg?fit=1024%2C683&quot;,&quot;id&quot;:&quot;4630&quot;,&quot;title&quot;:&quot;Shooting Loire 2&quot;,&quot;alt&quot;:&quot;&quot;,&quot;caption&quot;:&quot;&quot;,&quot;itemprop&quot;:&quot;image&quot;},{&quot;src&quot;:&quot;https:\\\/\\\/i0.wp.com\\\/www.tendm.net\\\/wp-content\\\/uploads\\\/2017\\\/10\\\/Shooting-Loire-V-large-chateau-et-table.png?fit=1024%2C437&quot;,&quot;id&quot;:&quot;4631&quot;,&quot;title&quot;:&quot;Shooting Loire V large chateau et table&quot;,&quot;alt&quot;:&quot;&quot;,&quot;caption&quot;:&quot;&quot;,&quot;itemprop&quot;:&quot;image&quot;},{&quot;src&quot;:&quot;https:\\\/\\\/i0.wp.com\\\/www.tendm.net\\\/wp-content\\\/uploads\\\/2017\\\/10\\\/VaMa_5.jpg?fit=1024%2C468&quot;,&quot;id&quot;:&quot;4632&quot;,&quot;title&quot;:&quot;Va\\u0026#038;Ma_5&quot;,&quot;alt&quot;:&quot;&quot;,&quot;caption&quot;:&quot;Vid\\u00e9o&quot;,&quot;itemprop&quot;:&quot;image&quot;},{&quot;src&quot;:&quot;https:\\\/\\\/i0.wp.com\\\/www.tendm.net\\\/wp-content\\\/uploads\\\/2017\\\/10\\\/vaness.jpg?fit=1024%2C429&quot;,&quot;id&quot;:&quot;4633&quot;,&quot;title&quot;:&quot;vaness&quot;,&quot;alt&quot;:&quot;&quot;,&quot;caption&quot;:&quot;&quot;,&quot;itemprop&quot;:&quot;image&quot;}]\" itemscope itemtype=\"https:\/\/schema.org\/ImageGallery\"><\/div>\n","protected":false},"excerpt":{"rendered":"<p>\u00a0\u00ab\u00a0Un film pour votre mariage\u00a0\u00bb &nbsp; Qui sommes-nous ? Apr\u00e8s presque 10 ans \u00e0 travailler comme monteur pour des chaines de t\u00e9l\u00e9 en r\u00e9gion parisienne on a eu envie de faire nos propres films. Pas n\u2019importe lesquels\u2026des films sur les gens, o\u00f9 les \u00e9motions sont l\u00e0 toujours pr\u00e9sentes. Comme bagages ? Notre pass\u00e9 de monteur, [&hellip;]<\/p>\n","protected":false},"author":1,"featured_media":4621,"parent":0,"menu_order":0,"comment_status":"closed","ping_status":"closed","template":"","meta":{"footnotes":""},"jetpack_sharing_enabled":true,"jetpack_shortlink":"https:\/\/wp.me\/P70bXT-1cv","jetpack-related-posts":[],"_links":{"self":[{"href":"http:\/\/www.tendm.net\/index.php\/wp-json\/wp\/v2\/pages\/4619"}],"collection":[{"href":"http:\/\/www.tendm.net\/index.php\/wp-json\/wp\/v2\/pages"}],"about":[{"href":"http:\/\/www.tendm.net\/index.php\/wp-json\/wp\/v2\/types\/page"}],"author":[{"embeddable":true,"href":"http:\/\/www.tendm.net\/index.php\/wp-json\/wp\/v2\/users\/1"}],"replies":[{"embeddable":true,"href":"http:\/\/www.tendm.net\/index.php\/wp-json\/wp\/v2\/comments?post=4619"}],"version-history":[{"count":3,"href":"http:\/\/www.tendm.net\/index.php\/wp-json\/wp\/v2\/pages\/4619\/revisions"}],"predecessor-version":[{"id":5980,"href":"http:\/\/www.tendm.net\/index.php\/wp-json\/wp\/v2\/pages\/4619\/revisions\/5980"}],"wp:featuredmedia":[{"embeddable":true,"href":"http:\/\/www.tendm.net\/index.php\/wp-json\/wp\/v2\/media\/4621"}],"wp:attachment":[{"href":"http:\/\/www.tendm.net\/index.php\/wp-json\/wp\/v2\/media?parent=4619"}],"curies":[{"name":"wp","href":"https:\/\/api.w.org\/{rel}","templated":true}]}}