{"id":5124,"date":"2017-11-06T11:04:41","date_gmt":"2017-11-06T10:04:41","guid":{"rendered":"http:\/\/www.tendm.net\/?page_id=5124"},"modified":"2018-04-03T16:05:29","modified_gmt":"2018-04-03T15:05:29","slug":"buzoni","status":"publish","type":"page","link":"http:\/\/www.tendm.net\/index.php\/buzoni\/","title":{"rendered":"Buzoni"},"content":{"rendered":"<h1 class=\"p1\" style=\"text-align: center;\"><span class=\"s1\" style=\"color: #808080;\">\u00ab\u00a0Buzoni est la nouvelle marque Bordelaise de costumes et vestes sur mesure homme et femme\u00a0\u00bb<\/span><\/h1>\n<p style=\"text-align: justify;\"><span class=\"s1\">L<\/span>&lsquo;alliance d&rsquo;un savoir-faire encore traditionnel et l&rsquo;utilisation de tissus nobles offrant un excellent rapport qualit\u00e9\/prix est notre philosophie de travail.<br \/>\nBuzoni nait du nom de famille de l&rsquo;arri\u00e8re-grand-m\u00e8re de la cr\u00e9atrice de la marque, d&rsquo;origine italienne de la r\u00e9gion d&rsquo;Emilie-Romagne.<\/p>\n<p style=\"text-align: justify;\">Le concept est de travailler directement avec les ateliers du luxe exclusivement europ\u00e9ens et r\u00e9duire les interm\u00e9diaires afin de proposer un produit de grande qualit\u00e9 \u00e0 prix accessible. Rendre le luxe accessible \u00e0 tous, en garantissant une totale transparence sur la qualit\u00e9 des produits et leur confection.<\/p>\n<p style=\"text-align: justify;\">Notre ambiance se veut cosy, vous y trouverez un salon, un caf\u00e9\/th\u00e9 vous sera propos\u00e9 afin de prendre le temps de choisir chaque d\u00e9tail du v\u00eatement.<br \/>\nNous travaillons exclusivement avec des ateliers et des maisons europ\u00e9ennes, dont les artisans poss\u00e8dent un savoir-faire traditionnel de grande qualit\u00e9.<\/p>\n<ul style=\"text-align: justify;\">\n<li>Prise de mesure traditionnelle \u00e0 la main \u00e0 partir d&rsquo;une quinzaine de points de mesures accompagn\u00e9e d\u2019une nouvelle prise de mesure effectu\u00e9e \u00e0 l&rsquo;aide d&rsquo;un v\u00eatement t\u00e9moin afin de d\u00e9terminer la coupe souhait\u00e9e.<\/li>\n<li>Un tr\u00e8s large choix de tissus des plus grandes maisons europ\u00e9ennes (environ 5000 r\u00e9f\u00e9rences), vous est propos\u00e9 ainsi que de nombreuses doublures, et autres d\u00e9tails (boutons, boutonni\u00e8res milanaises, surpiq\u00fbre de couleurs&#8230;).<\/li>\n<li>Nous garantissons une offre personnalisable avec des produits 100% d&rsquo;origine naturelle. Nous travaillons uniquement des v\u00eatements semi-entoil\u00e9 et 100 % d\u2019origine naturelle.<\/li>\n<\/ul>\n<p style=\"text-align: justify;\"><strong>Services propos\u00e9s :<\/strong><\/p>\n<ul style=\"text-align: justify;\">\n<li>Costumes et vestes sur mesure (2 pi\u00e8ces \/ 3 pi\u00e8ces \/ smoking\u2026) fabriqu\u00e9s en Europe avec des tissus anglais et italiens (Loro Piana \/Scabal \/ VBC\/ Holland &amp; Sherry\/ Dormeuil \/ Caccioppoli \/ Ariston\u2026)<\/li>\n<li>Manteaux sur mesure fabriqu\u00e9s en Europe<\/li>\n<li>Chemise sur mesure fabriqu\u00e9e en France labellis\u00e9 Origine France Garantie<\/li>\n<li>N\u0153ud papillon sur mesure fabriqu\u00e9 in Bordeaux, pochette\/ ceintures \/cravates\u00a0\/ chaussettes fabriqu\u00e9s en Italie<\/li>\n<li>D\u00e9lais\u00a0: 1 mois, et une semaine pour les retouches<\/li>\n<li>Ouverture du Mardi au Samedi de 10h \u00e0 12h et de 13h30 \u00e0 19 h avec ou sans rendez-vous et Lundi sur rendez-vous uniquement<\/li>\n<li>Prix\u00a0: \u00e0 partir de 565 \u20ac le 2 pi\u00e8ces, \u00e0 partir de 745 \u20ac pour un trois pi\u00e8ces sur des produits 100 % laine de la maison Vitale Barberis Canonico<\/li>\n<li>\u00c0 partir de 130 \u20ac pour une chemise 100 % coton de la maison Albini<\/li>\n<\/ul>\n<p style=\"text-align: justify;\"><strong>Autres informations :\u00a0<\/strong><\/p>\n<p style=\"text-align: justify;\">Ventes \u00e9galement d\u2019accessoires tels que chaussettes (100% fil d\u2019Ecosse fabriqu\u00e9es en Italie), cravates fabriqu\u00e9es en Italie, ascots fabriqu\u00e9s en Italie, \u00e9charpe 100 % cachemire (fabriqu\u00e9es en Allemagne), n\u0153uds papillons en bois fabriqu\u00e9s en France.\u00a0V\u00eatements et accessoires 100 % confectionn\u00e9s en Europe et uniquement avec une origine 100% naturelle.<\/p>\n<p>&nbsp;<\/p>\n<p style=\"text-align: center;\"><span style=\"color: #808080;\"><strong>Contact :<br \/>\n<\/strong><span class=\"s1\"><strong>VIDEAU<\/strong> Lucile<br \/>\n<\/span><span class=\"s1\">25, rue Esprit des Lois 33000 BORDEAUX<br \/>\n<\/span><span class=\"s1\">06 02 15 24 06<br \/>\n<\/span><span class=\"s1\">info@buzoni.com<br \/>\n<\/span><strong><a style=\"color: #808080;\" href=\"http:\/\/www.buzoni.fr\"><span class=\"s1\">www.buzoni.fr<br \/>\n<\/span><\/a><\/strong><a style=\"color: #808080;\" href=\"https:\/\/www.facebook.com\/buzoni.officiel\/\"><span class=\"s1\">Facebook<br \/>\n<\/span><\/a><a style=\"color: #808080;\" href=\"https:\/\/twitter.com\/buzoni_officiel\">Twitter<br \/>\n<\/a><a style=\"color: #808080;\" href=\"https:\/\/www.instagram.com\/buzoni_officiel\/\">Instagram<\/a><\/span><\/p>\n<p><span class=\"s1\">\u00a0<\/span><\/p>\n<p><span class=\"s1\">\u00a0<\/span><\/p>\n<p class=\"jetpack-slideshow-noscript robots-nocontent\">Ce diaporama n\u00e9cessite JavaScript.<\/p><div id=\"gallery-5124-1-slideshow\" class=\"jetpack-slideshow-window jetpack-slideshow jetpack-slideshow-black\" data-trans=\"fade\" data-autostart=\"1\" data-gallery=\"[{&quot;src&quot;:&quot;https:\\\/\\\/i0.wp.com\\\/www.tendm.net\\\/wp-content\\\/uploads\\\/2017\\\/11\\\/set-design.jpg?fit=960%2C960&quot;,&quot;id&quot;:&quot;5133&quot;,&quot;title&quot;:&quot;set design&quot;,&quot;alt&quot;:&quot;&quot;,&quot;caption&quot;:&quot;&quot;,&quot;itemprop&quot;:&quot;image&quot;},{&quot;src&quot;:&quot;https:\\\/\\\/i0.wp.com\\\/www.tendm.net\\\/wp-content\\\/uploads\\\/2017\\\/11\\\/visuel-boutique.jpg?fit=1024%2C682&quot;,&quot;id&quot;:&quot;5134&quot;,&quot;title&quot;:&quot;visuel boutique&quot;,&quot;alt&quot;:&quot;&quot;,&quot;caption&quot;:&quot;Costume du mari\\u00e9&quot;,&quot;itemprop&quot;:&quot;image&quot;},{&quot;src&quot;:&quot;https:\\\/\\\/i0.wp.com\\\/www.tendm.net\\\/wp-content\\\/uploads\\\/2017\\\/11\\\/pub_21x15_OK.jpg?fit=1024%2C877&quot;,&quot;id&quot;:&quot;5136&quot;,&quot;title&quot;:&quot;pub_21x15_OK&quot;,&quot;alt&quot;:&quot;&quot;,&quot;caption&quot;:&quot;&quot;,&quot;itemprop&quot;:&quot;image&quot;}]\" itemscope itemtype=\"https:\/\/schema.org\/ImageGallery\"><\/div>\n<p><span class=\"s1\">\u00a0<\/span><\/p>\n<p><strong>\u00a0<\/strong><\/p>\n","protected":false},"excerpt":{"rendered":"<p>\u00ab\u00a0Buzoni est la nouvelle marque Bordelaise de costumes et vestes sur mesure homme et femme\u00a0\u00bb L&lsquo;alliance d&rsquo;un savoir-faire encore traditionnel et l&rsquo;utilisation de tissus nobles offrant un excellent rapport qualit\u00e9\/prix est notre philosophie de travail. Buzoni nait du nom de famille de l&rsquo;arri\u00e8re-grand-m\u00e8re de la cr\u00e9atrice de la marque, d&rsquo;origine italienne de la r\u00e9gion d&rsquo;Emilie-Romagne. [&hellip;]<\/p>\n","protected":false},"author":1,"featured_media":5134,"parent":0,"menu_order":0,"comment_status":"closed","ping_status":"closed","template":"","meta":{"footnotes":""},"jetpack_sharing_enabled":true,"jetpack_shortlink":"https:\/\/wp.me\/P70bXT-1kE","jetpack-related-posts":[],"_links":{"self":[{"href":"http:\/\/www.tendm.net\/index.php\/wp-json\/wp\/v2\/pages\/5124"}],"collection":[{"href":"http:\/\/www.tendm.net\/index.php\/wp-json\/wp\/v2\/pages"}],"about":[{"href":"http:\/\/www.tendm.net\/index.php\/wp-json\/wp\/v2\/types\/page"}],"author":[{"embeddable":true,"href":"http:\/\/www.tendm.net\/index.php\/wp-json\/wp\/v2\/users\/1"}],"replies":[{"embeddable":true,"href":"http:\/\/www.tendm.net\/index.php\/wp-json\/wp\/v2\/comments?post=5124"}],"version-history":[{"count":2,"href":"http:\/\/www.tendm.net\/index.php\/wp-json\/wp\/v2\/pages\/5124\/revisions"}],"predecessor-version":[{"id":5798,"href":"http:\/\/www.tendm.net\/index.php\/wp-json\/wp\/v2\/pages\/5124\/revisions\/5798"}],"wp:featuredmedia":[{"embeddable":true,"href":"http:\/\/www.tendm.net\/index.php\/wp-json\/wp\/v2\/media\/5134"}],"wp:attachment":[{"href":"http:\/\/www.tendm.net\/index.php\/wp-json\/wp\/v2\/media?parent=5124"}],"curies":[{"name":"wp","href":"https:\/\/api.w.org\/{rel}","templated":true}]}}