{"id":5178,"date":"2017-11-07T11:29:10","date_gmt":"2017-11-07T10:29:10","guid":{"rendered":"http:\/\/www.tendm.net\/?page_id=5178"},"modified":"2018-04-04T11:29:52","modified_gmt":"2018-04-04T10:29:52","slug":"by-monsieur","status":"publish","type":"page","link":"http:\/\/www.tendm.net\/index.php\/by-monsieur\/","title":{"rendered":"By Monsieur"},"content":{"rendered":"<h1 style=\"text-align: center;\"><span style=\"color: #808080;\">\u00ab\u00a0Un costume sur-mesure dans la tradition\u00a0\u00bb<\/span><\/h1>\n<p>&nbsp;<\/p>\n<p style=\"text-align: justify;\">Des costumes sur-mesure gr\u00e2ce \u00e0 nos tailleurs qui con\u00e7oivent des pi\u00e8ces \u00e0 partir de tissus 100% laine m\u00e9rinos. Un large choix de tissus, personnalisable selon vos envies afin de cr\u00e9er <strong>LE<\/strong> mod\u00e8le unique\u00a0<strong>qui vous ressemble<\/strong>.<\/p>\n<blockquote>\n<p style=\"text-align: justify;\">N&rsquo;attendez plus, prenez rendez-vous partout en France, 7\/7 j et cr\u00e9ez le costume qui vous rendra unique pour votre mariage !<\/p>\n<\/blockquote>\n<p>&nbsp;<\/p>\n<p style=\"text-align: center;\"><span style=\"color: #808080;\">Contact :<strong><br \/>\n<\/strong><span class=\"s1\"><strong>Hugo Lacoste<br \/>\n<\/strong><\/span><span class=\"s1\">27, Rue Girouix<br \/>\n92500 Rueil Malmaison<br \/>\n<\/span><span class=\"s1\">07 88 12 94 58<br \/>\n<\/span><span class=\"s1\">hugo.lacoste@bymonsieur.com<br \/>\n<\/span><strong><a style=\"color: #808080;\" href=\"http:\/\/www.bymonsieur.com\"><span class=\"s1\">www.bymonsieur.com<br \/>\n<\/span><\/a><\/strong><a style=\"color: #808080;\" href=\"https:\/\/twitter.com\/bymonsieur\">Twitter<br \/>\n<\/a><a style=\"color: #808080;\" href=\"https:\/\/www.instagram.com\/bymonsieur\/\">Instagram<\/a><\/span><\/p>\n<p>&nbsp;<\/p>\n<p class=\"jetpack-slideshow-noscript robots-nocontent\">Ce diaporama n\u00e9cessite JavaScript.<\/p><div id=\"gallery-5178-1-slideshow\" class=\"jetpack-slideshow-window jetpack-slideshow jetpack-slideshow-black\" data-trans=\"fade\" data-autostart=\"1\" data-gallery=\"[{&quot;src&quot;:&quot;https:\\\/\\\/i0.wp.com\\\/www.tendm.net\\\/wp-content\\\/uploads\\\/2017\\\/11\\\/By-Monsieur-3.jpg?fit=599%2C900&quot;,&quot;id&quot;:&quot;5180&quot;,&quot;title&quot;:&quot;By Monsieur 3&quot;,&quot;alt&quot;:&quot;&quot;,&quot;caption&quot;:&quot;&quot;,&quot;itemprop&quot;:&quot;image&quot;},{&quot;src&quot;:&quot;https:\\\/\\\/i0.wp.com\\\/www.tendm.net\\\/wp-content\\\/uploads\\\/2017\\\/11\\\/ByMe-Photo-Principale.jpg?fit=1024%2C682&quot;,&quot;id&quot;:&quot;5181&quot;,&quot;title&quot;:&quot;ByMe- Photo Principale&quot;,&quot;alt&quot;:&quot;&quot;,&quot;caption&quot;:&quot;&quot;,&quot;itemprop&quot;:&quot;image&quot;},{&quot;src&quot;:&quot;https:\\\/\\\/i0.wp.com\\\/www.tendm.net\\\/wp-content\\\/uploads\\\/2017\\\/11\\\/ByMonsieur_05.jpg?fit=900%2C600&quot;,&quot;id&quot;:&quot;5182&quot;,&quot;title&quot;:&quot;ByMonsieur_05&quot;,&quot;alt&quot;:&quot;&quot;,&quot;caption&quot;:&quot;&quot;,&quot;itemprop&quot;:&quot;image&quot;},{&quot;src&quot;:&quot;https:\\\/\\\/i0.wp.com\\\/www.tendm.net\\\/wp-content\\\/uploads\\\/2017\\\/11\\\/ByMonsieur_07.jpg?fit=900%2C600&quot;,&quot;id&quot;:&quot;5183&quot;,&quot;title&quot;:&quot;ByMonsieur_07&quot;,&quot;alt&quot;:&quot;&quot;,&quot;caption&quot;:&quot;&quot;,&quot;itemprop&quot;:&quot;image&quot;},{&quot;src&quot;:&quot;https:\\\/\\\/i0.wp.com\\\/www.tendm.net\\\/wp-content\\\/uploads\\\/2017\\\/11\\\/ByMonsieur_09.jpg?fit=900%2C600&quot;,&quot;id&quot;:&quot;5184&quot;,&quot;title&quot;:&quot;ByMonsieur_09&quot;,&quot;alt&quot;:&quot;&quot;,&quot;caption&quot;:&quot;&quot;,&quot;itemprop&quot;:&quot;image&quot;},{&quot;src&quot;:&quot;https:\\\/\\\/i0.wp.com\\\/www.tendm.net\\\/wp-content\\\/uploads\\\/2017\\\/11\\\/ByMonsieur_11.jpg?fit=600%2C900&quot;,&quot;id&quot;:&quot;5185&quot;,&quot;title&quot;:&quot;ByMonsieur_11&quot;,&quot;alt&quot;:&quot;&quot;,&quot;caption&quot;:&quot;Costume du mari\\u00e9&quot;,&quot;itemprop&quot;:&quot;image&quot;},{&quot;src&quot;:&quot;https:\\\/\\\/i0.wp.com\\\/www.tendm.net\\\/wp-content\\\/uploads\\\/2017\\\/11\\\/ByMonsieur-2.jpg?fit=1024%2C684&quot;,&quot;id&quot;:&quot;5186&quot;,&quot;title&quot;:&quot;ByMonsieur-2&quot;,&quot;alt&quot;:&quot;&quot;,&quot;caption&quot;:&quot;&quot;,&quot;itemprop&quot;:&quot;image&quot;}]\" itemscope itemtype=\"https:\/\/schema.org\/ImageGallery\"><\/div>\n","protected":false},"excerpt":{"rendered":"<p>\u00ab\u00a0Un costume sur-mesure dans la tradition\u00a0\u00bb &nbsp; Des costumes sur-mesure gr\u00e2ce \u00e0 nos tailleurs qui con\u00e7oivent des pi\u00e8ces \u00e0 partir de tissus 100% laine m\u00e9rinos. Un large choix de tissus, personnalisable selon vos envies afin de cr\u00e9er LE mod\u00e8le unique\u00a0qui vous ressemble. N&rsquo;attendez plus, prenez rendez-vous partout en France, 7\/7 j et cr\u00e9ez le costume [&hellip;]<\/p>\n","protected":false},"author":1,"featured_media":5181,"parent":0,"menu_order":0,"comment_status":"closed","ping_status":"closed","template":"","meta":{"footnotes":""},"jetpack_sharing_enabled":true,"jetpack_shortlink":"https:\/\/wp.me\/P70bXT-1lw","jetpack-related-posts":[],"_links":{"self":[{"href":"http:\/\/www.tendm.net\/index.php\/wp-json\/wp\/v2\/pages\/5178"}],"collection":[{"href":"http:\/\/www.tendm.net\/index.php\/wp-json\/wp\/v2\/pages"}],"about":[{"href":"http:\/\/www.tendm.net\/index.php\/wp-json\/wp\/v2\/types\/page"}],"author":[{"embeddable":true,"href":"http:\/\/www.tendm.net\/index.php\/wp-json\/wp\/v2\/users\/1"}],"replies":[{"embeddable":true,"href":"http:\/\/www.tendm.net\/index.php\/wp-json\/wp\/v2\/comments?post=5178"}],"version-history":[{"count":5,"href":"http:\/\/www.tendm.net\/index.php\/wp-json\/wp\/v2\/pages\/5178\/revisions"}],"predecessor-version":[{"id":5851,"href":"http:\/\/www.tendm.net\/index.php\/wp-json\/wp\/v2\/pages\/5178\/revisions\/5851"}],"wp:featuredmedia":[{"embeddable":true,"href":"http:\/\/www.tendm.net\/index.php\/wp-json\/wp\/v2\/media\/5181"}],"wp:attachment":[{"href":"http:\/\/www.tendm.net\/index.php\/wp-json\/wp\/v2\/media?parent=5178"}],"curies":[{"name":"wp","href":"https:\/\/api.w.org\/{rel}","templated":true}]}}