{"id":6300,"date":"2018-08-28T15:21:19","date_gmt":"2018-08-28T14:21:19","guid":{"rendered":"http:\/\/www.tendm.net\/?page_id=6300"},"modified":"2018-08-28T15:40:46","modified_gmt":"2018-08-28T14:40:46","slug":"ncvelles-couture","status":"publish","type":"page","link":"http:\/\/www.tendm.net\/index.php\/ncvelles-couture\/","title":{"rendered":"NCV&rsquo;Elles Couture"},"content":{"rendered":"<h1 class=\"Contenudecadre\" style=\"text-align: center;\"><span style=\"color: #808080;\">\u00ab\u00a0Nathalie, Cr\u00e9atrice de robes d\u2019exception depuis plus de 10 ans\u00a0\u00bb<\/span><\/h1>\n<p class=\"Contenudecadre\">Elle vous propose de venir d\u00e9couvrir ces Robes \u00ab\u00a0Collection Couture\u00a0\u00bb, cr\u00e9ations uniques personnalis\u00e9es et personnalisable ainsi qu\u2019une \u00ab\u00a0Collection Permanente\u00a0\u00bb ou des mod\u00e8les de pr\u00eats \u00e0 porter son cousus main dans son atelier et retouch\u00e9s pour \u00eatre adapt\u00e9s \u00e0 la morphologie de chacune. Elles saura aussi satisfaire les demoiselles d\u2019honneur en proposant une Collection Demoiselle d\u2019honneur adapt\u00e9 \u00e0 la morphologie de chacune.<\/p>\n<p class=\"Contenudecadre\">Elle saura aussi satisfaire vos demoiselles d\u2019honneur en vous proposant une Collection Demoiselle&#8230;<\/p>\n<p><strong>Services propos\u00e9s\u00a0: <\/strong><\/p>\n<ul>\n<li>Nathalie travaille sur rendez vous uniquement.<\/li>\n<li>Premier rendez vous premi\u00e8re prise de contact, r\u00e9alisation d\u2019un dessin avec la future mari\u00e9e apr\u00e8s quelques essayages de nos robes.la cliente repart avec le dessin de sa robe ainsi qu\u2019avec un prix approximatif<\/li>\n<li>Un devis de taill\u00e9 est envoyer par mail, la cliente r\u00e9pondra par mail ou par t\u00e9l\u00e9phone.<\/li>\n<li>Lors de la deuxi\u00e8me visite, nous validons le model\u00e9 choisi , les mati\u00e8res et les dentelles et nous prenons les mensurations pour d\u00e9buter la robe.<\/li>\n<li>Trois rendez vous sont ensuite n\u00e9cessaire pour la r\u00e9alisation de votre robe.<\/li>\n<li>La livraison de la robe se fait la derni\u00e8re semaine avant la date du mariage.<\/li>\n<\/ul>\n<p><strong>Autres informations\u00a0:<\/strong><\/p>\n<p class=\"Contenudecadre\" style=\"margin-bottom: .0001pt; text-align: justify;\">Nous r\u00e9alisons aussi des robes pour les futures maman donc le calendrier est adapt\u00e9 a la grossesse.<\/p>\n<p style=\"text-align: center;\"><span style=\"color: #808080;\">Contact :<strong><br \/>\n<span style=\"color: #808080;\">Nathalie Esteves<\/span><br \/>\n<\/strong>06 16 21 16 12<br \/>\n<a style=\"color: #808080;\" href=\"mailto:ncvelles.couture@neuf.fr\">ncvelles.couture@neuf.fr<\/a><\/span><br \/>\n<span style=\"color: #808080;\"><a style=\"color: #808080;\" href=\"http:\/\/www.ncv-maisondecouture.com\/\">www.ncvelles-couture.fr<\/a><br \/>\n<a style=\"color: #808080;\" href=\"https:\/\/www.facebook.com\/nathalie.esteves.71?fb_dtsg_ag=AdzFdH0ecdct9VULStSkIaUMIkknZZUGSeg_71soggHY1Q%3AAdwDEhDUYEOWSRhYvqTEMsybdJDAt1HBX7vweliCrAqWLQ\">Facebook<\/a><br \/>\n<a style=\"color: #808080;\" href=\"https:\/\/www.instagram.com\/maison_ncv_couture_\/?hl=fr\">Instagram<\/a><\/span><\/p>\n<p>&nbsp;<\/p>\n<div style=\"width: 1140px;\" class=\"wp-video\"><!--[if lt IE 9]><script>document.createElement('video');<\/script><![endif]-->\n<video class=\"wp-video-shortcode\" id=\"video-6300-1\" width=\"1140\" height=\"442\" preload=\"metadata\" controls=\"controls\"><source type=\"video\/mp4\" src=\"http:\/\/www.tendm.net\/wp-content\/uploads\/2018\/08\/Teaser-NCV-Robe2-V2-1.mp4?_=1\" \/><a href=\"http:\/\/www.tendm.net\/wp-content\/uploads\/2018\/08\/Teaser-NCV-Robe2-V2-1.mp4\">http:\/\/www.tendm.net\/wp-content\/uploads\/2018\/08\/Teaser-NCV-Robe2-V2-1.mp4<\/a><\/video><\/div>\n<div class=\"tiled-gallery type-rectangular tiled-gallery-unresized\" data-original-width=\"1140\" data-carousel-extra='{&quot;blog_id&quot;:1,&quot;permalink&quot;:&quot;http:\\\/\\\/www.tendm.net\\\/index.php\\\/ncvelles-couture\\\/&quot;,&quot;likes_blog_id&quot;:103480349}' itemscope itemtype=\"http:\/\/schema.org\/ImageGallery\" > <div class=\"gallery-row\" style=\"width: 1140px; height: 273px;\" data-original-width=\"1140\" data-original-height=\"273\" > <div class=\"gallery-group images-1\" style=\"width: 183px; height: 273px;\" data-original-width=\"183\" data-original-height=\"273\" > <div class=\"tiled-gallery-item tiled-gallery-item-small\" itemprop=\"associatedMedia\" itemscope itemtype=\"http:\/\/schema.org\/ImageObject\"> <a href=\"http:\/\/www.tendm.net\/index.php\/ncvelles-couture\/tendm1\/\" border=\"0\" itemprop=\"url\"> <meta itemprop=\"width\" content=\"179\"> <meta itemprop=\"height\" content=\"269\"> <img loading=\"lazy\" decoding=\"async\" class=\"\" data-attachment-id=\"6301\" data-orig-file=\"http:\/\/www.tendm.net\/wp-content\/uploads\/2018\/08\/tendm1.jpg\" data-orig-size=\"533,800\" data-comments-opened=\"1\" data-image-meta=\"{&quot;aperture&quot;:&quot;0&quot;,&quot;credit&quot;:&quot;&quot;,&quot;camera&quot;:&quot;&quot;,&quot;caption&quot;:&quot;&quot;,&quot;created_timestamp&quot;:&quot;0&quot;,&quot;copyright&quot;:&quot;&quot;,&quot;focal_length&quot;:&quot;0&quot;,&quot;iso&quot;:&quot;0&quot;,&quot;shutter_speed&quot;:&quot;0&quot;,&quot;title&quot;:&quot;&quot;,&quot;orientation&quot;:&quot;1&quot;}\" data-image-title=\"tend&amp;rsquo;m1\" data-image-description=\"\" data-medium-file=\"https:\/\/i0.wp.com\/www.tendm.net\/wp-content\/uploads\/2018\/08\/tendm1.jpg?fit=200%2C300\" data-large-file=\"https:\/\/i0.wp.com\/www.tendm.net\/wp-content\/uploads\/2018\/08\/tendm1.jpg?fit=533%2C800\" src=\"https:\/\/i0.wp.com\/www.tendm.net\/wp-content\/uploads\/2018\/08\/tendm1.jpg?w=179&#038;h=269\" srcset=\"https:\/\/i0.wp.com\/www.tendm.net\/wp-content\/uploads\/2018\/08\/tendm1.jpg?w=533 533w, https:\/\/i0.wp.com\/www.tendm.net\/wp-content\/uploads\/2018\/08\/tendm1.jpg?resize=200%2C300 200w\" width=\"179\" height=\"269\" loading=\"lazy\" data-original-width=\"179\" data-original-height=\"269\" itemprop=\"http:\/\/schema.org\/image\" title=\"tend&#039;m1\" alt=\"tend&#039;m1\" style=\"width: 179px; height: 269px;\" \/> <\/a> <\/div> <\/div> <!-- close group --> <div class=\"gallery-group images-1\" style=\"width: 407px; height: 273px;\" data-original-width=\"407\" data-original-height=\"273\" > <div class=\"tiled-gallery-item tiled-gallery-item-large\" itemprop=\"associatedMedia\" itemscope itemtype=\"http:\/\/schema.org\/ImageObject\"> <a href=\"http:\/\/www.tendm.net\/index.php\/ncvelles-couture\/tendm2\/\" border=\"0\" itemprop=\"url\"> <meta itemprop=\"width\" content=\"403\"> <meta itemprop=\"height\" content=\"269\"> <img loading=\"lazy\" decoding=\"async\" class=\"\" data-attachment-id=\"6302\" data-orig-file=\"http:\/\/www.tendm.net\/wp-content\/uploads\/2018\/08\/tendm2.jpg\" data-orig-size=\"800,534\" data-comments-opened=\"1\" data-image-meta=\"{&quot;aperture&quot;:&quot;0&quot;,&quot;credit&quot;:&quot;&quot;,&quot;camera&quot;:&quot;&quot;,&quot;caption&quot;:&quot;&quot;,&quot;created_timestamp&quot;:&quot;0&quot;,&quot;copyright&quot;:&quot;&quot;,&quot;focal_length&quot;:&quot;0&quot;,&quot;iso&quot;:&quot;0&quot;,&quot;shutter_speed&quot;:&quot;0&quot;,&quot;title&quot;:&quot;&quot;,&quot;orientation&quot;:&quot;1&quot;}\" data-image-title=\"tend&amp;rsquo;m2\" data-image-description=\"\" data-medium-file=\"https:\/\/i0.wp.com\/www.tendm.net\/wp-content\/uploads\/2018\/08\/tendm2.jpg?fit=300%2C200\" data-large-file=\"https:\/\/i0.wp.com\/www.tendm.net\/wp-content\/uploads\/2018\/08\/tendm2.jpg?fit=800%2C534\" src=\"https:\/\/i0.wp.com\/www.tendm.net\/wp-content\/uploads\/2018\/08\/tendm2.jpg?w=403&#038;h=269\" srcset=\"https:\/\/i0.wp.com\/www.tendm.net\/wp-content\/uploads\/2018\/08\/tendm2.jpg?w=800 800w, https:\/\/i0.wp.com\/www.tendm.net\/wp-content\/uploads\/2018\/08\/tendm2.jpg?resize=300%2C200 300w, https:\/\/i0.wp.com\/www.tendm.net\/wp-content\/uploads\/2018\/08\/tendm2.jpg?resize=768%2C513 768w\" width=\"403\" height=\"269\" loading=\"lazy\" data-original-width=\"403\" data-original-height=\"269\" itemprop=\"http:\/\/schema.org\/image\" title=\"tend&#039;m2\" alt=\"tend&#039;m2\" style=\"width: 403px; height: 269px;\" \/> <\/a> <\/div> <\/div> <!-- close group --> <div class=\"gallery-group images-1\" style=\"width: 184px; height: 273px;\" data-original-width=\"184\" data-original-height=\"273\" > <div class=\"tiled-gallery-item tiled-gallery-item-small\" itemprop=\"associatedMedia\" itemscope itemtype=\"http:\/\/schema.org\/ImageObject\"> <a href=\"http:\/\/www.tendm.net\/index.php\/ncvelles-couture\/tendm3\/\" border=\"0\" itemprop=\"url\"> <meta itemprop=\"width\" content=\"180\"> <meta itemprop=\"height\" content=\"269\"> <img loading=\"lazy\" decoding=\"async\" class=\"\" data-attachment-id=\"6303\" data-orig-file=\"http:\/\/www.tendm.net\/wp-content\/uploads\/2018\/08\/tendm3.jpg\" data-orig-size=\"534,800\" data-comments-opened=\"1\" data-image-meta=\"{&quot;aperture&quot;:&quot;0&quot;,&quot;credit&quot;:&quot;&quot;,&quot;camera&quot;:&quot;&quot;,&quot;caption&quot;:&quot;&quot;,&quot;created_timestamp&quot;:&quot;0&quot;,&quot;copyright&quot;:&quot;&quot;,&quot;focal_length&quot;:&quot;0&quot;,&quot;iso&quot;:&quot;0&quot;,&quot;shutter_speed&quot;:&quot;0&quot;,&quot;title&quot;:&quot;&quot;,&quot;orientation&quot;:&quot;1&quot;}\" data-image-title=\"tend&amp;rsquo;m3\" data-image-description=\"\" data-medium-file=\"https:\/\/i0.wp.com\/www.tendm.net\/wp-content\/uploads\/2018\/08\/tendm3.jpg?fit=200%2C300\" data-large-file=\"https:\/\/i0.wp.com\/www.tendm.net\/wp-content\/uploads\/2018\/08\/tendm3.jpg?fit=534%2C800\" src=\"https:\/\/i0.wp.com\/www.tendm.net\/wp-content\/uploads\/2018\/08\/tendm3.jpg?w=180&#038;h=269\" srcset=\"https:\/\/i0.wp.com\/www.tendm.net\/wp-content\/uploads\/2018\/08\/tendm3.jpg?w=534 534w, https:\/\/i0.wp.com\/www.tendm.net\/wp-content\/uploads\/2018\/08\/tendm3.jpg?resize=200%2C300 200w\" width=\"180\" height=\"269\" loading=\"lazy\" data-original-width=\"180\" data-original-height=\"269\" itemprop=\"http:\/\/schema.org\/image\" title=\"tend&#039;m3\" alt=\"tend&#039;m3\" style=\"width: 180px; height: 269px;\" \/> <\/a> <\/div> <\/div> <!-- close group --> <div class=\"gallery-group images-1\" style=\"width: 183px; height: 273px;\" data-original-width=\"183\" data-original-height=\"273\" > <div class=\"tiled-gallery-item tiled-gallery-item-small\" itemprop=\"associatedMedia\" itemscope itemtype=\"http:\/\/schema.org\/ImageObject\"> <a href=\"http:\/\/www.tendm.net\/index.php\/ncvelles-couture\/tendm4\/\" border=\"0\" itemprop=\"url\"> <meta itemprop=\"width\" content=\"179\"> <meta itemprop=\"height\" content=\"269\"> <img loading=\"lazy\" decoding=\"async\" class=\"\" data-attachment-id=\"6304\" data-orig-file=\"http:\/\/www.tendm.net\/wp-content\/uploads\/2018\/08\/tendm4.jpg\" data-orig-size=\"534,800\" data-comments-opened=\"1\" data-image-meta=\"{&quot;aperture&quot;:&quot;0&quot;,&quot;credit&quot;:&quot;&quot;,&quot;camera&quot;:&quot;&quot;,&quot;caption&quot;:&quot;&quot;,&quot;created_timestamp&quot;:&quot;0&quot;,&quot;copyright&quot;:&quot;&quot;,&quot;focal_length&quot;:&quot;0&quot;,&quot;iso&quot;:&quot;0&quot;,&quot;shutter_speed&quot;:&quot;0&quot;,&quot;title&quot;:&quot;&quot;,&quot;orientation&quot;:&quot;1&quot;}\" data-image-title=\"tend&amp;rsquo;m4\" data-image-description=\"\" data-medium-file=\"https:\/\/i0.wp.com\/www.tendm.net\/wp-content\/uploads\/2018\/08\/tendm4.jpg?fit=200%2C300\" data-large-file=\"https:\/\/i0.wp.com\/www.tendm.net\/wp-content\/uploads\/2018\/08\/tendm4.jpg?fit=534%2C800\" src=\"https:\/\/i0.wp.com\/www.tendm.net\/wp-content\/uploads\/2018\/08\/tendm4.jpg?w=179&#038;h=269\" srcset=\"https:\/\/i0.wp.com\/www.tendm.net\/wp-content\/uploads\/2018\/08\/tendm4.jpg?w=534 534w, https:\/\/i0.wp.com\/www.tendm.net\/wp-content\/uploads\/2018\/08\/tendm4.jpg?resize=200%2C300 200w\" width=\"179\" height=\"269\" loading=\"lazy\" data-original-width=\"179\" data-original-height=\"269\" itemprop=\"http:\/\/schema.org\/image\" title=\"tend&#039;m4\" alt=\"tend&#039;m4\" style=\"width: 179px; height: 269px;\" \/> <\/a> <\/div> <\/div> <!-- close group --> <div class=\"gallery-group images-1\" style=\"width: 183px; height: 273px;\" data-original-width=\"183\" data-original-height=\"273\" > <div class=\"tiled-gallery-item tiled-gallery-item-small\" itemprop=\"associatedMedia\" itemscope itemtype=\"http:\/\/schema.org\/ImageObject\"> <a href=\"http:\/\/www.tendm.net\/index.php\/ncvelles-couture\/tendm5-2\/\" border=\"0\" itemprop=\"url\"> <meta itemprop=\"width\" content=\"179\"> <meta itemprop=\"height\" content=\"269\"> <img loading=\"lazy\" decoding=\"async\" class=\"\" data-attachment-id=\"6305\" data-orig-file=\"http:\/\/www.tendm.net\/wp-content\/uploads\/2018\/08\/tendm5.jpg\" data-orig-size=\"534,800\" data-comments-opened=\"1\" data-image-meta=\"{&quot;aperture&quot;:&quot;0&quot;,&quot;credit&quot;:&quot;&quot;,&quot;camera&quot;:&quot;&quot;,&quot;caption&quot;:&quot;&quot;,&quot;created_timestamp&quot;:&quot;0&quot;,&quot;copyright&quot;:&quot;&quot;,&quot;focal_length&quot;:&quot;0&quot;,&quot;iso&quot;:&quot;0&quot;,&quot;shutter_speed&quot;:&quot;0&quot;,&quot;title&quot;:&quot;&quot;,&quot;orientation&quot;:&quot;1&quot;}\" data-image-title=\"tend&amp;rsquo;m5\" data-image-description=\"\" data-medium-file=\"https:\/\/i0.wp.com\/www.tendm.net\/wp-content\/uploads\/2018\/08\/tendm5.jpg?fit=200%2C300\" data-large-file=\"https:\/\/i0.wp.com\/www.tendm.net\/wp-content\/uploads\/2018\/08\/tendm5.jpg?fit=534%2C800\" src=\"https:\/\/i0.wp.com\/www.tendm.net\/wp-content\/uploads\/2018\/08\/tendm5.jpg?w=179&#038;h=269\" srcset=\"https:\/\/i0.wp.com\/www.tendm.net\/wp-content\/uploads\/2018\/08\/tendm5.jpg?w=534 534w, https:\/\/i0.wp.com\/www.tendm.net\/wp-content\/uploads\/2018\/08\/tendm5.jpg?resize=200%2C300 200w\" width=\"179\" height=\"269\" loading=\"lazy\" data-original-width=\"179\" data-original-height=\"269\" itemprop=\"http:\/\/schema.org\/image\" title=\"tend&#039;m5\" alt=\"tend&#039;m5\" style=\"width: 179px; height: 269px;\" \/> <\/a> <\/div> <\/div> <!-- close group --> <\/div> <!-- close row --> <div class=\"gallery-row\" style=\"width: 1140px; height: 363px;\" data-original-width=\"1140\" data-original-height=\"363\" > <div class=\"gallery-group images-1\" style=\"width: 244px; height: 363px;\" data-original-width=\"244\" data-original-height=\"363\" > <div class=\"tiled-gallery-item tiled-gallery-item-small\" itemprop=\"associatedMedia\" itemscope itemtype=\"http:\/\/schema.org\/ImageObject\"> <a href=\"http:\/\/www.tendm.net\/index.php\/ncvelles-couture\/tendm6-2\/\" border=\"0\" itemprop=\"url\"> <meta itemprop=\"width\" content=\"240\"> <meta itemprop=\"height\" content=\"359\"> <img loading=\"lazy\" decoding=\"async\" class=\"\" data-attachment-id=\"6306\" data-orig-file=\"http:\/\/www.tendm.net\/wp-content\/uploads\/2018\/08\/tendm6.jpg\" data-orig-size=\"534,800\" data-comments-opened=\"1\" data-image-meta=\"{&quot;aperture&quot;:&quot;0&quot;,&quot;credit&quot;:&quot;&quot;,&quot;camera&quot;:&quot;&quot;,&quot;caption&quot;:&quot;&quot;,&quot;created_timestamp&quot;:&quot;0&quot;,&quot;copyright&quot;:&quot;&quot;,&quot;focal_length&quot;:&quot;0&quot;,&quot;iso&quot;:&quot;0&quot;,&quot;shutter_speed&quot;:&quot;0&quot;,&quot;title&quot;:&quot;&quot;,&quot;orientation&quot;:&quot;1&quot;}\" data-image-title=\"tend&amp;rsquo;m6\" data-image-description=\"\" data-medium-file=\"https:\/\/i0.wp.com\/www.tendm.net\/wp-content\/uploads\/2018\/08\/tendm6.jpg?fit=200%2C300\" data-large-file=\"https:\/\/i0.wp.com\/www.tendm.net\/wp-content\/uploads\/2018\/08\/tendm6.jpg?fit=534%2C800\" src=\"https:\/\/i0.wp.com\/www.tendm.net\/wp-content\/uploads\/2018\/08\/tendm6.jpg?w=240&#038;h=359\" srcset=\"https:\/\/i0.wp.com\/www.tendm.net\/wp-content\/uploads\/2018\/08\/tendm6.jpg?w=534 534w, https:\/\/i0.wp.com\/www.tendm.net\/wp-content\/uploads\/2018\/08\/tendm6.jpg?resize=200%2C300 200w\" width=\"240\" height=\"359\" loading=\"lazy\" data-original-width=\"240\" data-original-height=\"359\" itemprop=\"http:\/\/schema.org\/image\" title=\"tend&#039;m6\" alt=\"tend&#039;m6\" style=\"width: 240px; height: 359px;\" \/> <\/a> <\/div> <\/div> <!-- close group --> <div class=\"gallery-group images-1\" style=\"width: 243px; height: 363px;\" data-original-width=\"243\" data-original-height=\"363\" > <div class=\"tiled-gallery-item tiled-gallery-item-small\" itemprop=\"associatedMedia\" itemscope itemtype=\"http:\/\/schema.org\/ImageObject\"> <a href=\"http:\/\/www.tendm.net\/index.php\/ncvelles-couture\/tendm7\/\" border=\"0\" itemprop=\"url\"> <meta itemprop=\"width\" content=\"239\"> <meta itemprop=\"height\" content=\"359\"> <img loading=\"lazy\" decoding=\"async\" class=\"\" data-attachment-id=\"6307\" data-orig-file=\"http:\/\/www.tendm.net\/wp-content\/uploads\/2018\/08\/tendm7.jpg\" data-orig-size=\"534,800\" data-comments-opened=\"1\" data-image-meta=\"{&quot;aperture&quot;:&quot;0&quot;,&quot;credit&quot;:&quot;&quot;,&quot;camera&quot;:&quot;&quot;,&quot;caption&quot;:&quot;&quot;,&quot;created_timestamp&quot;:&quot;0&quot;,&quot;copyright&quot;:&quot;&quot;,&quot;focal_length&quot;:&quot;0&quot;,&quot;iso&quot;:&quot;0&quot;,&quot;shutter_speed&quot;:&quot;0&quot;,&quot;title&quot;:&quot;&quot;,&quot;orientation&quot;:&quot;1&quot;}\" data-image-title=\"tend&amp;rsquo;m7\" data-image-description=\"&lt;p&gt;Maison de couture NCV &lt;\/p&gt; \" data-medium-file=\"https:\/\/i0.wp.com\/www.tendm.net\/wp-content\/uploads\/2018\/08\/tendm7.jpg?fit=200%2C300\" data-large-file=\"https:\/\/i0.wp.com\/www.tendm.net\/wp-content\/uploads\/2018\/08\/tendm7.jpg?fit=534%2C800\" src=\"https:\/\/i0.wp.com\/www.tendm.net\/wp-content\/uploads\/2018\/08\/tendm7.jpg?w=239&#038;h=359\" srcset=\"https:\/\/i0.wp.com\/www.tendm.net\/wp-content\/uploads\/2018\/08\/tendm7.jpg?w=534 534w, https:\/\/i0.wp.com\/www.tendm.net\/wp-content\/uploads\/2018\/08\/tendm7.jpg?resize=200%2C300 200w\" width=\"239\" height=\"359\" loading=\"lazy\" data-original-width=\"239\" data-original-height=\"359\" itemprop=\"http:\/\/schema.org\/image\" title=\"tend&#039;m7\" alt=\"Robe de Mari\u00e9e (cr\u00e9atrice)\" style=\"width: 239px; height: 359px;\" \/> <\/a> <div class=\"tiled-gallery-caption\" itemprop=\"caption description\"> Robe de Mari\u00e9e (cr\u00e9atrice) <\/div> <\/div> <\/div> <!-- close group --> <div class=\"gallery-group images-1\" style=\"width: 653px; height: 363px;\" data-original-width=\"653\" data-original-height=\"363\" > <div class=\"tiled-gallery-item tiled-gallery-item-large\" itemprop=\"associatedMedia\" itemscope itemtype=\"http:\/\/schema.org\/ImageObject\"> <a href=\"http:\/\/www.tendm.net\/index.php\/ncvelles-couture\/tendm8\/\" border=\"0\" itemprop=\"url\"> <meta itemprop=\"width\" content=\"649\"> <meta itemprop=\"height\" content=\"359\"> <img loading=\"lazy\" decoding=\"async\" class=\"\" data-attachment-id=\"6308\" data-orig-file=\"http:\/\/www.tendm.net\/wp-content\/uploads\/2018\/08\/tendm8.png\" data-orig-size=\"905,500\" data-comments-opened=\"1\" data-image-meta=\"{&quot;aperture&quot;:&quot;0&quot;,&quot;credit&quot;:&quot;&quot;,&quot;camera&quot;:&quot;&quot;,&quot;caption&quot;:&quot;&quot;,&quot;created_timestamp&quot;:&quot;0&quot;,&quot;copyright&quot;:&quot;&quot;,&quot;focal_length&quot;:&quot;0&quot;,&quot;iso&quot;:&quot;0&quot;,&quot;shutter_speed&quot;:&quot;0&quot;,&quot;title&quot;:&quot;&quot;,&quot;orientation&quot;:&quot;0&quot;}\" data-image-title=\"tend&amp;rsquo;m8\" data-image-description=\"\" data-medium-file=\"https:\/\/i0.wp.com\/www.tendm.net\/wp-content\/uploads\/2018\/08\/tendm8.png?fit=300%2C166\" data-large-file=\"https:\/\/i0.wp.com\/www.tendm.net\/wp-content\/uploads\/2018\/08\/tendm8.png?fit=905%2C500\" src=\"https:\/\/i0.wp.com\/www.tendm.net\/wp-content\/uploads\/2018\/08\/tendm8.png?w=649&#038;h=359\" srcset=\"https:\/\/i0.wp.com\/www.tendm.net\/wp-content\/uploads\/2018\/08\/tendm8.png?w=905 905w, https:\/\/i0.wp.com\/www.tendm.net\/wp-content\/uploads\/2018\/08\/tendm8.png?resize=300%2C166 300w, https:\/\/i0.wp.com\/www.tendm.net\/wp-content\/uploads\/2018\/08\/tendm8.png?resize=768%2C424 768w\" width=\"649\" height=\"359\" loading=\"lazy\" data-original-width=\"649\" data-original-height=\"359\" itemprop=\"http:\/\/schema.org\/image\" title=\"tend&#039;m8\" alt=\"tend&#039;m8\" style=\"width: 649px; height: 359px;\" \/> <\/a> <\/div> <\/div> <!-- close group --> <\/div> <!-- close row --> <\/div>\n","protected":false},"excerpt":{"rendered":"<p>\u00ab\u00a0Nathalie, Cr\u00e9atrice de robes d\u2019exception depuis plus de 10 ans\u00a0\u00bb Elle vous propose de venir d\u00e9couvrir ces Robes \u00ab\u00a0Collection Couture\u00a0\u00bb, cr\u00e9ations uniques personnalis\u00e9es et personnalisable ainsi qu\u2019une \u00ab\u00a0Collection Permanente\u00a0\u00bb ou des mod\u00e8les de pr\u00eats \u00e0 porter son cousus main dans son atelier et retouch\u00e9s pour \u00eatre adapt\u00e9s \u00e0 la morphologie de chacune. Elles saura aussi [&hellip;]<\/p>\n","protected":false},"author":1,"featured_media":6302,"parent":0,"menu_order":0,"comment_status":"closed","ping_status":"closed","template":"","meta":{"footnotes":""},"jetpack_sharing_enabled":true,"jetpack_shortlink":"https:\/\/wp.me\/P70bXT-1DC","jetpack-related-posts":[],"_links":{"self":[{"href":"http:\/\/www.tendm.net\/index.php\/wp-json\/wp\/v2\/pages\/6300"}],"collection":[{"href":"http:\/\/www.tendm.net\/index.php\/wp-json\/wp\/v2\/pages"}],"about":[{"href":"http:\/\/www.tendm.net\/index.php\/wp-json\/wp\/v2\/types\/page"}],"author":[{"embeddable":true,"href":"http:\/\/www.tendm.net\/index.php\/wp-json\/wp\/v2\/users\/1"}],"replies":[{"embeddable":true,"href":"http:\/\/www.tendm.net\/index.php\/wp-json\/wp\/v2\/comments?post=6300"}],"version-history":[{"count":6,"href":"http:\/\/www.tendm.net\/index.php\/wp-json\/wp\/v2\/pages\/6300\/revisions"}],"predecessor-version":[{"id":6315,"href":"http:\/\/www.tendm.net\/index.php\/wp-json\/wp\/v2\/pages\/6300\/revisions\/6315"}],"wp:featuredmedia":[{"embeddable":true,"href":"http:\/\/www.tendm.net\/index.php\/wp-json\/wp\/v2\/media\/6302"}],"wp:attachment":[{"href":"http:\/\/www.tendm.net\/index.php\/wp-json\/wp\/v2\/media?parent=6300"}],"curies":[{"name":"wp","href":"https:\/\/api.w.org\/{rel}","templated":true}]}}