{"id":6336,"date":"2018-08-30T11:07:06","date_gmt":"2018-08-30T10:07:06","guid":{"rendered":"http:\/\/www.tendm.net\/?page_id=6336"},"modified":"2019-06-25T15:02:30","modified_gmt":"2019-06-25T14:02:30","slug":"demandez-votre-invitation-bordeaux","status":"publish","type":"page","link":"http:\/\/www.tendm.net\/index.php\/demandez-votre-invitation-bordeaux\/","title":{"rendered":"Demandez votre invitation !"},"content":{"rendered":"<p style=\"text-align: center;\">Plus d&rsquo;informations \u00e0 venir !<\/p>\n<p style=\"text-align: center;\"><em>Tend\u2019M vous invite \u00e0 rencontrer, dans un lieu unique, festif et<br \/>\nsc\u00e9nographi\u00e9 pour l\u2019occasion, des professionnels du mariage reconnus pour leur cr\u00e9ativit\u00e9, leur ind\u00e9pendance et leur talent :<br \/>\nfleuristes, robes de mari\u00e9e, photographes, musiciens, tenues du mari\u00e9, coiffeurs, d\u00e9corateurs\u2026<\/em><\/p>\n<p><img fetchpriority=\"high\" decoding=\"async\" data-attachment-id=\"5961\" data-permalink=\"http:\/\/www.tendm.net\/index.php\/infos-pratiques-contact\/merci\/\" data-orig-file=\"https:\/\/i0.wp.com\/www.tendm.net\/wp-content\/uploads\/2018\/04\/merci.png?fit=3000%2C620\" data-orig-size=\"3000,620\" data-comments-opened=\"1\" data-image-meta=\"{&quot;aperture&quot;:&quot;0&quot;,&quot;credit&quot;:&quot;&quot;,&quot;camera&quot;:&quot;&quot;,&quot;caption&quot;:&quot;&quot;,&quot;created_timestamp&quot;:&quot;0&quot;,&quot;copyright&quot;:&quot;&quot;,&quot;focal_length&quot;:&quot;0&quot;,&quot;iso&quot;:&quot;0&quot;,&quot;shutter_speed&quot;:&quot;0&quot;,&quot;title&quot;:&quot;&quot;,&quot;orientation&quot;:&quot;0&quot;}\" data-image-title=\"merci\" data-image-description=\"\" data-image-caption=\"\" data-medium-file=\"https:\/\/i0.wp.com\/www.tendm.net\/wp-content\/uploads\/2018\/04\/merci.png?fit=300%2C62\" data-large-file=\"https:\/\/i0.wp.com\/www.tendm.net\/wp-content\/uploads\/2018\/04\/merci.png?fit=1024%2C212\" class=\"aligncenter wp-image-5961 size-large\" src=\"https:\/\/i0.wp.com\/www.tendm.net\/wp-content\/uploads\/2018\/04\/merci.png?resize=1024%2C212\" alt=\"\" width=\"1024\" height=\"212\" srcset=\"https:\/\/i0.wp.com\/www.tendm.net\/wp-content\/uploads\/2018\/04\/merci.png?resize=1024%2C212 1024w, https:\/\/i0.wp.com\/www.tendm.net\/wp-content\/uploads\/2018\/04\/merci.png?resize=300%2C62 300w, https:\/\/i0.wp.com\/www.tendm.net\/wp-content\/uploads\/2018\/04\/merci.png?resize=768%2C159 768w, https:\/\/i0.wp.com\/www.tendm.net\/wp-content\/uploads\/2018\/04\/merci.png?w=2280 2280w\" sizes=\"(max-width: 1024px) 100vw, 1024px\" data-recalc-dims=\"1\" \/><\/p>\n","protected":false},"excerpt":{"rendered":"<p>Plus d&rsquo;informations \u00e0 venir ! Tend\u2019M vous invite \u00e0 rencontrer, dans un lieu unique, festif et sc\u00e9nographi\u00e9 pour l\u2019occasion, des professionnels du mariage reconnus pour leur cr\u00e9ativit\u00e9, leur ind\u00e9pendance et leur talent : fleuristes, robes de mari\u00e9e, photographes, musiciens, tenues du mari\u00e9, coiffeurs, d\u00e9corateurs\u2026<\/p>\n","protected":false},"author":1,"featured_media":0,"parent":0,"menu_order":0,"comment_status":"closed","ping_status":"closed","template":"","meta":{"footnotes":""},"jetpack_sharing_enabled":true,"jetpack_shortlink":"https:\/\/wp.me\/P70bXT-1Ec","jetpack-related-posts":[],"_links":{"self":[{"href":"http:\/\/www.tendm.net\/index.php\/wp-json\/wp\/v2\/pages\/6336"}],"collection":[{"href":"http:\/\/www.tendm.net\/index.php\/wp-json\/wp\/v2\/pages"}],"about":[{"href":"http:\/\/www.tendm.net\/index.php\/wp-json\/wp\/v2\/types\/page"}],"author":[{"embeddable":true,"href":"http:\/\/www.tendm.net\/index.php\/wp-json\/wp\/v2\/users\/1"}],"replies":[{"embeddable":true,"href":"http:\/\/www.tendm.net\/index.php\/wp-json\/wp\/v2\/comments?post=6336"}],"version-history":[{"count":10,"href":"http:\/\/www.tendm.net\/index.php\/wp-json\/wp\/v2\/pages\/6336\/revisions"}],"predecessor-version":[{"id":7189,"href":"http:\/\/www.tendm.net\/index.php\/wp-json\/wp\/v2\/pages\/6336\/revisions\/7189"}],"wp:attachment":[{"href":"http:\/\/www.tendm.net\/index.php\/wp-json\/wp\/v2\/media?parent=6336"}],"curies":[{"name":"wp","href":"https:\/\/api.w.org\/{rel}","templated":true}]}}