{"id":6459,"date":"2018-09-28T11:16:45","date_gmt":"2018-09-28T10:16:45","guid":{"rendered":"http:\/\/www.tendm.net\/?page_id=6459"},"modified":"2018-10-03T10:52:40","modified_gmt":"2018-10-03T09:52:40","slug":"mary-mariees","status":"publish","type":"page","link":"http:\/\/www.tendm.net\/index.php\/mary-mariees\/","title":{"rendered":"Mary Mari\u00e9es"},"content":{"rendered":"<h1 class=\"Contenudecadre\" style=\"text-align: center;\"><span style=\"color: #808080;\">\u00ab\u00a0Boutique de robes de mari\u00e9es install\u00e9e depuis 15 ans dans le centre historique de Bordeaux\u00a0\u00bb<\/span><\/h1>\n<p>&nbsp;<\/p>\n<p>Au sein de Mary Mari\u00e9es nous travaillons exclusivement avec plusieurs cr\u00e9ateurs :<\/p>\n<p>&#8211; Atelier Emelia, cr\u00e9atrices fran\u00e7aises qui m\u00e9langent les dentelles de Calais et les mati\u00e8res nobles.<br \/>\n&#8211; Jesus Peiro, cr\u00e9ateur espagnol qui propose des lignes tr\u00e8s coutures et \u00e9pur\u00e9es.<br \/>\n&#8211; Pronovias, la c\u00e9l\u00e8bre marque espagnole et leader mondial du mariage.<br \/>\n&#8211; White One, ligne du\u00a0 Fashion Groupe Pronovias.<\/p>\n<p>Nous vous accompagnons tout au long de votre pr\u00e9paration au mariage.<br \/>\nDe l&rsquo;essayage, pour faire votre choix parmi un grand nombre de mod\u00e8les et de formes, jusqu&rsquo;\u00e0 la livraison de votre robe.<br \/>\nNous mettons \u00e0 votre disposition nos 15 ans d&rsquo;exp\u00e9rience et notre couturi\u00e8re aux doigts de f\u00e9e.<\/p>\n<p>Mary Mari\u00e9es travaille \u00e9galement avec de nombreux prestataires et nous saurons vous aiguiller dans vos choix : fleuristes, coiffeurs\/maquilleurs, photographes&#8230;<\/p>\n<p style=\"text-align: center;\"><strong>Contact :<\/strong><br \/>\nAlexis Baudon<br \/>\n39, rue de Cheverus<br \/>\n05 56 44 81 06<br \/>\n<a href=\"mailto:marymariees@gmail.com\">marymariees@gmail.com<\/a><br \/>\n<a href=\"http:\/\/www.marymariees.com\">www.marymariees.com<\/a><br \/>\n<a href=\"https:\/\/www.facebook.com\/Mary-Mari%C3%A9es-318732968001\/\">Facebook<br \/>\n<\/a><a href=\"https:\/\/www.instagram.com\/mary_mariees\/\">Instagram<\/a><\/p>\n<div class=\"tiled-gallery type-rectangular tiled-gallery-unresized\" data-original-width=\"1140\" data-carousel-extra='{&quot;blog_id&quot;:1,&quot;permalink&quot;:&quot;http:\\\/\\\/www.tendm.net\\\/index.php\\\/mary-mariees\\\/&quot;,&quot;likes_blog_id&quot;:103480349}' itemscope itemtype=\"http:\/\/schema.org\/ImageGallery\" > <div class=\"gallery-row\" style=\"width: 1140px; height: 321px;\" data-original-width=\"1140\" data-original-height=\"321\" > <div class=\"gallery-group images-1\" style=\"width: 228px; height: 321px;\" data-original-width=\"228\" data-original-height=\"321\" > <div class=\"tiled-gallery-item tiled-gallery-item-small\" itemprop=\"associatedMedia\" itemscope itemtype=\"http:\/\/schema.org\/ImageObject\"> <a href=\"http:\/\/www.tendm.net\/estampabjpg_5b196cfb11dab\/\" border=\"0\" itemprop=\"url\"> <meta itemprop=\"width\" content=\"224\"> <meta itemprop=\"height\" content=\"317\"> <img loading=\"lazy\" decoding=\"async\" class=\"\" data-attachment-id=\"6472\" data-orig-file=\"http:\/\/www.tendm.net\/wp-content\/uploads\/2018\/09\/ESTAMPABjpg_5b196cfb11dab.jpg\" data-orig-size=\"1413,2000\" data-comments-opened=\"1\" data-image-meta=\"{&quot;aperture&quot;:&quot;0&quot;,&quot;credit&quot;:&quot;&quot;,&quot;camera&quot;:&quot;&quot;,&quot;caption&quot;:&quot;&quot;,&quot;created_timestamp&quot;:&quot;0&quot;,&quot;copyright&quot;:&quot;&quot;,&quot;focal_length&quot;:&quot;0&quot;,&quot;iso&quot;:&quot;0&quot;,&quot;shutter_speed&quot;:&quot;0&quot;,&quot;title&quot;:&quot;&quot;,&quot;orientation&quot;:&quot;0&quot;}\" data-image-title=\"ESTAMPABjpg_5b196cfb11dab\" data-image-description=\"&lt;p&gt;Mary Mari\u00e9es&lt;\/p&gt; \" data-medium-file=\"https:\/\/i0.wp.com\/www.tendm.net\/wp-content\/uploads\/2018\/09\/ESTAMPABjpg_5b196cfb11dab.jpg?fit=212%2C300\" data-large-file=\"https:\/\/i0.wp.com\/www.tendm.net\/wp-content\/uploads\/2018\/09\/ESTAMPABjpg_5b196cfb11dab.jpg?fit=723%2C1024\" src=\"https:\/\/i0.wp.com\/www.tendm.net\/wp-content\/uploads\/2018\/09\/ESTAMPABjpg_5b196cfb11dab.jpg?w=224&#038;h=317\" srcset=\"https:\/\/i0.wp.com\/www.tendm.net\/wp-content\/uploads\/2018\/09\/ESTAMPABjpg_5b196cfb11dab.jpg?w=1413 1413w, https:\/\/i0.wp.com\/www.tendm.net\/wp-content\/uploads\/2018\/09\/ESTAMPABjpg_5b196cfb11dab.jpg?resize=212%2C300 212w, https:\/\/i0.wp.com\/www.tendm.net\/wp-content\/uploads\/2018\/09\/ESTAMPABjpg_5b196cfb11dab.jpg?resize=768%2C1087 768w, https:\/\/i0.wp.com\/www.tendm.net\/wp-content\/uploads\/2018\/09\/ESTAMPABjpg_5b196cfb11dab.jpg?resize=723%2C1024 723w\" width=\"224\" height=\"317\" loading=\"lazy\" data-original-width=\"224\" data-original-height=\"317\" itemprop=\"http:\/\/schema.org\/image\" title=\"ESTAMPABjpg_5b196cfb11dab\" alt=\"ESTAMPABjpg_5b196cfb11dab\" style=\"width: 224px; height: 317px;\" \/> <\/a> <\/div> <\/div> <!-- close group --> <div class=\"gallery-group images-1\" style=\"width: 228px; height: 321px;\" data-original-width=\"228\" data-original-height=\"321\" > <div class=\"tiled-gallery-item tiled-gallery-item-small\" itemprop=\"associatedMedia\" itemscope itemtype=\"http:\/\/schema.org\/ImageObject\"> <a href=\"http:\/\/www.tendm.net\/espigabjpg_5b196afe2d754\/\" border=\"0\" itemprop=\"url\"> <meta itemprop=\"width\" content=\"224\"> <meta itemprop=\"height\" content=\"317\"> <img loading=\"lazy\" decoding=\"async\" class=\"\" data-attachment-id=\"6471\" data-orig-file=\"http:\/\/www.tendm.net\/wp-content\/uploads\/2018\/09\/ESPIGABjpg_5b196afe2d754.jpg\" data-orig-size=\"1413,2000\" data-comments-opened=\"1\" data-image-meta=\"{&quot;aperture&quot;:&quot;0&quot;,&quot;credit&quot;:&quot;&quot;,&quot;camera&quot;:&quot;&quot;,&quot;caption&quot;:&quot;&quot;,&quot;created_timestamp&quot;:&quot;0&quot;,&quot;copyright&quot;:&quot;&quot;,&quot;focal_length&quot;:&quot;0&quot;,&quot;iso&quot;:&quot;0&quot;,&quot;shutter_speed&quot;:&quot;0&quot;,&quot;title&quot;:&quot;&quot;,&quot;orientation&quot;:&quot;0&quot;}\" data-image-title=\"ESPIGABjpg_5b196afe2d754\" data-image-description=\"&lt;p&gt;Mary Mari\u00e9es&lt;\/p&gt; \" data-medium-file=\"https:\/\/i0.wp.com\/www.tendm.net\/wp-content\/uploads\/2018\/09\/ESPIGABjpg_5b196afe2d754.jpg?fit=212%2C300\" data-large-file=\"https:\/\/i0.wp.com\/www.tendm.net\/wp-content\/uploads\/2018\/09\/ESPIGABjpg_5b196afe2d754.jpg?fit=723%2C1024\" src=\"https:\/\/i0.wp.com\/www.tendm.net\/wp-content\/uploads\/2018\/09\/ESPIGABjpg_5b196afe2d754.jpg?w=224&#038;h=317\" srcset=\"https:\/\/i0.wp.com\/www.tendm.net\/wp-content\/uploads\/2018\/09\/ESPIGABjpg_5b196afe2d754.jpg?w=1413 1413w, https:\/\/i0.wp.com\/www.tendm.net\/wp-content\/uploads\/2018\/09\/ESPIGABjpg_5b196afe2d754.jpg?resize=212%2C300 212w, https:\/\/i0.wp.com\/www.tendm.net\/wp-content\/uploads\/2018\/09\/ESPIGABjpg_5b196afe2d754.jpg?resize=768%2C1087 768w, https:\/\/i0.wp.com\/www.tendm.net\/wp-content\/uploads\/2018\/09\/ESPIGABjpg_5b196afe2d754.jpg?resize=723%2C1024 723w\" width=\"224\" height=\"317\" loading=\"lazy\" data-original-width=\"224\" data-original-height=\"317\" itemprop=\"http:\/\/schema.org\/image\" title=\"ESPIGABjpg_5b196afe2d754\" alt=\"ESPIGABjpg_5b196afe2d754\" style=\"width: 224px; height: 317px;\" \/> <\/a> <\/div> <\/div> <!-- close group --> <div class=\"gallery-group images-1\" style=\"width: 228px; height: 321px;\" data-original-width=\"228\" data-original-height=\"321\" > <div class=\"tiled-gallery-item tiled-gallery-item-small\" itemprop=\"associatedMedia\" itemscope itemtype=\"http:\/\/schema.org\/ImageObject\"> <a href=\"http:\/\/www.tendm.net\/especialbjpg_5b2d16c55c16a\/\" border=\"0\" itemprop=\"url\"> <meta itemprop=\"width\" content=\"224\"> <meta itemprop=\"height\" content=\"317\"> <img loading=\"lazy\" decoding=\"async\" class=\"\" data-attachment-id=\"6470\" data-orig-file=\"http:\/\/www.tendm.net\/wp-content\/uploads\/2018\/09\/ESPECIALBjpg_5b2d16c55c16a.jpg\" data-orig-size=\"1413,2000\" data-comments-opened=\"1\" data-image-meta=\"{&quot;aperture&quot;:&quot;0&quot;,&quot;credit&quot;:&quot;&quot;,&quot;camera&quot;:&quot;&quot;,&quot;caption&quot;:&quot;&quot;,&quot;created_timestamp&quot;:&quot;0&quot;,&quot;copyright&quot;:&quot;&quot;,&quot;focal_length&quot;:&quot;0&quot;,&quot;iso&quot;:&quot;0&quot;,&quot;shutter_speed&quot;:&quot;0&quot;,&quot;title&quot;:&quot;&quot;,&quot;orientation&quot;:&quot;0&quot;}\" data-image-title=\"ESPECIALBjpg_5b2d16c55c16a\" data-image-description=\"&lt;p&gt;Mary Mari\u00e9es&lt;\/p&gt; \" data-medium-file=\"https:\/\/i0.wp.com\/www.tendm.net\/wp-content\/uploads\/2018\/09\/ESPECIALBjpg_5b2d16c55c16a.jpg?fit=212%2C300\" data-large-file=\"https:\/\/i0.wp.com\/www.tendm.net\/wp-content\/uploads\/2018\/09\/ESPECIALBjpg_5b2d16c55c16a.jpg?fit=723%2C1024\" src=\"https:\/\/i0.wp.com\/www.tendm.net\/wp-content\/uploads\/2018\/09\/ESPECIALBjpg_5b2d16c55c16a.jpg?w=224&#038;h=317\" srcset=\"https:\/\/i0.wp.com\/www.tendm.net\/wp-content\/uploads\/2018\/09\/ESPECIALBjpg_5b2d16c55c16a.jpg?w=1413 1413w, https:\/\/i0.wp.com\/www.tendm.net\/wp-content\/uploads\/2018\/09\/ESPECIALBjpg_5b2d16c55c16a.jpg?resize=212%2C300 212w, https:\/\/i0.wp.com\/www.tendm.net\/wp-content\/uploads\/2018\/09\/ESPECIALBjpg_5b2d16c55c16a.jpg?resize=768%2C1087 768w, https:\/\/i0.wp.com\/www.tendm.net\/wp-content\/uploads\/2018\/09\/ESPECIALBjpg_5b2d16c55c16a.jpg?resize=723%2C1024 723w\" width=\"224\" height=\"317\" loading=\"lazy\" data-original-width=\"224\" data-original-height=\"317\" itemprop=\"http:\/\/schema.org\/image\" title=\"ESPECIALBjpg_5b2d16c55c16a\" alt=\"ESPECIALBjpg_5b2d16c55c16a\" style=\"width: 224px; height: 317px;\" \/> <\/a> <\/div> <\/div> <!-- close group --> <div class=\"gallery-group images-1\" style=\"width: 228px; height: 321px;\" data-original-width=\"228\" data-original-height=\"321\" > <div class=\"tiled-gallery-item tiled-gallery-item-small\" itemprop=\"associatedMedia\" itemscope itemtype=\"http:\/\/schema.org\/ImageObject\"> <a href=\"http:\/\/www.tendm.net\/efigiebjpg_5b195d4f1077e\/\" border=\"0\" itemprop=\"url\"> <meta itemprop=\"width\" content=\"224\"> <meta itemprop=\"height\" content=\"317\"> <img loading=\"lazy\" decoding=\"async\" class=\"\" data-attachment-id=\"6468\" data-orig-file=\"http:\/\/www.tendm.net\/wp-content\/uploads\/2018\/09\/EFIGIEBjpg_5b195d4f1077e.jpg\" data-orig-size=\"1413,2000\" data-comments-opened=\"1\" data-image-meta=\"{&quot;aperture&quot;:&quot;0&quot;,&quot;credit&quot;:&quot;&quot;,&quot;camera&quot;:&quot;&quot;,&quot;caption&quot;:&quot;&quot;,&quot;created_timestamp&quot;:&quot;0&quot;,&quot;copyright&quot;:&quot;&quot;,&quot;focal_length&quot;:&quot;0&quot;,&quot;iso&quot;:&quot;0&quot;,&quot;shutter_speed&quot;:&quot;0&quot;,&quot;title&quot;:&quot;&quot;,&quot;orientation&quot;:&quot;0&quot;}\" data-image-title=\"EFIGIEBjpg_5b195d4f1077e\" data-image-description=\"&lt;p&gt;Mary Mari\u00e9es&lt;\/p&gt; \" data-medium-file=\"https:\/\/i0.wp.com\/www.tendm.net\/wp-content\/uploads\/2018\/09\/EFIGIEBjpg_5b195d4f1077e.jpg?fit=212%2C300\" data-large-file=\"https:\/\/i0.wp.com\/www.tendm.net\/wp-content\/uploads\/2018\/09\/EFIGIEBjpg_5b195d4f1077e.jpg?fit=723%2C1024\" src=\"https:\/\/i0.wp.com\/www.tendm.net\/wp-content\/uploads\/2018\/09\/EFIGIEBjpg_5b195d4f1077e.jpg?w=224&#038;h=317\" srcset=\"https:\/\/i0.wp.com\/www.tendm.net\/wp-content\/uploads\/2018\/09\/EFIGIEBjpg_5b195d4f1077e.jpg?w=1413 1413w, https:\/\/i0.wp.com\/www.tendm.net\/wp-content\/uploads\/2018\/09\/EFIGIEBjpg_5b195d4f1077e.jpg?resize=212%2C300 212w, https:\/\/i0.wp.com\/www.tendm.net\/wp-content\/uploads\/2018\/09\/EFIGIEBjpg_5b195d4f1077e.jpg?resize=768%2C1087 768w, https:\/\/i0.wp.com\/www.tendm.net\/wp-content\/uploads\/2018\/09\/EFIGIEBjpg_5b195d4f1077e.jpg?resize=723%2C1024 723w\" width=\"224\" height=\"317\" loading=\"lazy\" data-original-width=\"224\" data-original-height=\"317\" itemprop=\"http:\/\/schema.org\/image\" title=\"EFIGIEBjpg_5b195d4f1077e\" alt=\"EFIGIEBjpg_5b195d4f1077e\" style=\"width: 224px; height: 317px;\" \/> <\/a> <\/div> <\/div> <!-- close group --> <div class=\"gallery-group images-1\" style=\"width: 228px; height: 321px;\" data-original-width=\"228\" data-original-height=\"321\" > <div class=\"tiled-gallery-item tiled-gallery-item-small\" itemprop=\"associatedMedia\" itemscope itemtype=\"http:\/\/schema.org\/ImageObject\"> <a href=\"http:\/\/www.tendm.net\/edernebjpg_5b1951bbe2e79\/\" border=\"0\" itemprop=\"url\"> <meta itemprop=\"width\" content=\"224\"> <meta itemprop=\"height\" content=\"317\"> <img loading=\"lazy\" decoding=\"async\" class=\"\" data-attachment-id=\"6467\" data-orig-file=\"http:\/\/www.tendm.net\/wp-content\/uploads\/2018\/09\/EDERNEBjpg_5b1951bbe2e79.jpg\" data-orig-size=\"1413,2000\" data-comments-opened=\"1\" data-image-meta=\"{&quot;aperture&quot;:&quot;0&quot;,&quot;credit&quot;:&quot;&quot;,&quot;camera&quot;:&quot;&quot;,&quot;caption&quot;:&quot;&quot;,&quot;created_timestamp&quot;:&quot;0&quot;,&quot;copyright&quot;:&quot;&quot;,&quot;focal_length&quot;:&quot;0&quot;,&quot;iso&quot;:&quot;0&quot;,&quot;shutter_speed&quot;:&quot;0&quot;,&quot;title&quot;:&quot;&quot;,&quot;orientation&quot;:&quot;0&quot;}\" data-image-title=\"EDERNEBjpg_5b1951bbe2e79\" data-image-description=\"&lt;p&gt;Mary Mari\u00e9es&lt;\/p&gt; \" data-medium-file=\"https:\/\/i0.wp.com\/www.tendm.net\/wp-content\/uploads\/2018\/09\/EDERNEBjpg_5b1951bbe2e79.jpg?fit=212%2C300\" data-large-file=\"https:\/\/i0.wp.com\/www.tendm.net\/wp-content\/uploads\/2018\/09\/EDERNEBjpg_5b1951bbe2e79.jpg?fit=723%2C1024\" src=\"https:\/\/i0.wp.com\/www.tendm.net\/wp-content\/uploads\/2018\/09\/EDERNEBjpg_5b1951bbe2e79.jpg?w=224&#038;h=317\" srcset=\"https:\/\/i0.wp.com\/www.tendm.net\/wp-content\/uploads\/2018\/09\/EDERNEBjpg_5b1951bbe2e79.jpg?w=1413 1413w, https:\/\/i0.wp.com\/www.tendm.net\/wp-content\/uploads\/2018\/09\/EDERNEBjpg_5b1951bbe2e79.jpg?resize=212%2C300 212w, https:\/\/i0.wp.com\/www.tendm.net\/wp-content\/uploads\/2018\/09\/EDERNEBjpg_5b1951bbe2e79.jpg?resize=768%2C1087 768w, https:\/\/i0.wp.com\/www.tendm.net\/wp-content\/uploads\/2018\/09\/EDERNEBjpg_5b1951bbe2e79.jpg?resize=723%2C1024 723w\" width=\"224\" height=\"317\" loading=\"lazy\" data-original-width=\"224\" data-original-height=\"317\" itemprop=\"http:\/\/schema.org\/image\" title=\"EDERNEBjpg_5b1951bbe2e79\" alt=\"EDERNEBjpg_5b1951bbe2e79\" style=\"width: 224px; height: 317px;\" \/> <\/a> <\/div> <\/div> <!-- close group --> <\/div> <!-- close row --> <div class=\"gallery-row\" style=\"width: 1140px; height: 805px;\" data-original-width=\"1140\" data-original-height=\"805\" > <div class=\"gallery-group images-1\" style=\"width: 570px; height: 805px;\" data-original-width=\"570\" data-original-height=\"805\" > <div class=\"tiled-gallery-item tiled-gallery-item-large\" itemprop=\"associatedMedia\" itemscope itemtype=\"http:\/\/schema.org\/ImageObject\"> <a href=\"http:\/\/www.tendm.net\/edelbjpg_5b1953bb57882\/\" border=\"0\" itemprop=\"url\"> <meta itemprop=\"width\" content=\"566\"> <meta itemprop=\"height\" content=\"801\"> <img loading=\"lazy\" decoding=\"async\" class=\"\" data-attachment-id=\"6466\" data-orig-file=\"http:\/\/www.tendm.net\/wp-content\/uploads\/2018\/09\/EDELBjpg_5b1953bb57882.jpg\" data-orig-size=\"1413,2000\" data-comments-opened=\"1\" data-image-meta=\"{&quot;aperture&quot;:&quot;0&quot;,&quot;credit&quot;:&quot;&quot;,&quot;camera&quot;:&quot;&quot;,&quot;caption&quot;:&quot;&quot;,&quot;created_timestamp&quot;:&quot;0&quot;,&quot;copyright&quot;:&quot;&quot;,&quot;focal_length&quot;:&quot;0&quot;,&quot;iso&quot;:&quot;0&quot;,&quot;shutter_speed&quot;:&quot;0&quot;,&quot;title&quot;:&quot;&quot;,&quot;orientation&quot;:&quot;0&quot;}\" data-image-title=\"1\" data-image-description=\"&lt;p&gt;Mary Mari\u00e9es&lt;\/p&gt; \" data-medium-file=\"https:\/\/i0.wp.com\/www.tendm.net\/wp-content\/uploads\/2018\/09\/EDELBjpg_5b1953bb57882.jpg?fit=212%2C300\" data-large-file=\"https:\/\/i0.wp.com\/www.tendm.net\/wp-content\/uploads\/2018\/09\/EDELBjpg_5b1953bb57882.jpg?fit=723%2C1024\" src=\"https:\/\/i0.wp.com\/www.tendm.net\/wp-content\/uploads\/2018\/09\/EDELBjpg_5b1953bb57882.jpg?w=566&#038;h=801\" srcset=\"https:\/\/i0.wp.com\/www.tendm.net\/wp-content\/uploads\/2018\/09\/EDELBjpg_5b1953bb57882.jpg?w=1413 1413w, https:\/\/i0.wp.com\/www.tendm.net\/wp-content\/uploads\/2018\/09\/EDELBjpg_5b1953bb57882.jpg?resize=212%2C300 212w, https:\/\/i0.wp.com\/www.tendm.net\/wp-content\/uploads\/2018\/09\/EDELBjpg_5b1953bb57882.jpg?resize=768%2C1087 768w, https:\/\/i0.wp.com\/www.tendm.net\/wp-content\/uploads\/2018\/09\/EDELBjpg_5b1953bb57882.jpg?resize=723%2C1024 723w\" width=\"566\" height=\"801\" loading=\"lazy\" data-original-width=\"566\" data-original-height=\"801\" itemprop=\"http:\/\/schema.org\/image\" title=\"1\" alt=\"Robe de Mari\u00e9e\" style=\"width: 566px; height: 801px;\" \/> <\/a> <div class=\"tiled-gallery-caption\" itemprop=\"caption description\"> Robe de Mari\u00e9e <\/div> <\/div> <\/div> <!-- close group --> <div class=\"gallery-group images-1\" style=\"width: 570px; height: 805px;\" data-original-width=\"570\" data-original-height=\"805\" > <div class=\"tiled-gallery-item tiled-gallery-item-large\" itemprop=\"associatedMedia\" itemscope itemtype=\"http:\/\/schema.org\/ImageObject\"> <a href=\"http:\/\/www.tendm.net\/ecobjpg_5b168ac6a7845\/\" border=\"0\" itemprop=\"url\"> <meta itemprop=\"width\" content=\"566\"> <meta itemprop=\"height\" content=\"801\"> <img loading=\"lazy\" decoding=\"async\" class=\"\" data-attachment-id=\"6465\" data-orig-file=\"http:\/\/www.tendm.net\/wp-content\/uploads\/2018\/09\/ECOBjpg_5b168ac6a7845.jpg\" data-orig-size=\"1413,2000\" data-comments-opened=\"1\" data-image-meta=\"{&quot;aperture&quot;:&quot;0&quot;,&quot;credit&quot;:&quot;&quot;,&quot;camera&quot;:&quot;&quot;,&quot;caption&quot;:&quot;&quot;,&quot;created_timestamp&quot;:&quot;0&quot;,&quot;copyright&quot;:&quot;&quot;,&quot;focal_length&quot;:&quot;0&quot;,&quot;iso&quot;:&quot;0&quot;,&quot;shutter_speed&quot;:&quot;0&quot;,&quot;title&quot;:&quot;&quot;,&quot;orientation&quot;:&quot;0&quot;}\" data-image-title=\"Mary Mari\u00e9es\" data-image-description=\"&lt;p&gt;Mary Mari\u00e9es&lt;\/p&gt; \" data-medium-file=\"https:\/\/i0.wp.com\/www.tendm.net\/wp-content\/uploads\/2018\/09\/ECOBjpg_5b168ac6a7845.jpg?fit=212%2C300\" data-large-file=\"https:\/\/i0.wp.com\/www.tendm.net\/wp-content\/uploads\/2018\/09\/ECOBjpg_5b168ac6a7845.jpg?fit=723%2C1024\" src=\"https:\/\/i0.wp.com\/www.tendm.net\/wp-content\/uploads\/2018\/09\/ECOBjpg_5b168ac6a7845.jpg?w=566&#038;h=801\" srcset=\"https:\/\/i0.wp.com\/www.tendm.net\/wp-content\/uploads\/2018\/09\/ECOBjpg_5b168ac6a7845.jpg?w=1413 1413w, https:\/\/i0.wp.com\/www.tendm.net\/wp-content\/uploads\/2018\/09\/ECOBjpg_5b168ac6a7845.jpg?resize=212%2C300 212w, https:\/\/i0.wp.com\/www.tendm.net\/wp-content\/uploads\/2018\/09\/ECOBjpg_5b168ac6a7845.jpg?resize=768%2C1087 768w, https:\/\/i0.wp.com\/www.tendm.net\/wp-content\/uploads\/2018\/09\/ECOBjpg_5b168ac6a7845.jpg?resize=723%2C1024 723w\" width=\"566\" height=\"801\" loading=\"lazy\" data-original-width=\"566\" data-original-height=\"801\" itemprop=\"http:\/\/schema.org\/image\" title=\"Mary Mari\u00e9es\" alt=\"Mary Mari\u00e9es\" style=\"width: 566px; height: 801px;\" \/> <\/a> <\/div> <\/div> <!-- close group --> <\/div> <!-- close row --> <\/div>\n","protected":false},"excerpt":{"rendered":"<p>\u00ab\u00a0Boutique de robes de mari\u00e9es install\u00e9e depuis 15 ans dans le centre historique de Bordeaux\u00a0\u00bb &nbsp; Au sein de Mary Mari\u00e9es nous travaillons exclusivement avec plusieurs cr\u00e9ateurs : &#8211; Atelier Emelia, cr\u00e9atrices fran\u00e7aises qui m\u00e9langent les dentelles de Calais et les mati\u00e8res nobles. &#8211; Jesus Peiro, cr\u00e9ateur espagnol qui propose des lignes tr\u00e8s coutures et [&hellip;]<\/p>\n","protected":false},"author":1,"featured_media":0,"parent":0,"menu_order":0,"comment_status":"closed","ping_status":"closed","template":"","meta":{"footnotes":""},"jetpack_sharing_enabled":true,"jetpack_shortlink":"https:\/\/wp.me\/P70bXT-1Gb","jetpack-related-posts":[],"_links":{"self":[{"href":"http:\/\/www.tendm.net\/index.php\/wp-json\/wp\/v2\/pages\/6459"}],"collection":[{"href":"http:\/\/www.tendm.net\/index.php\/wp-json\/wp\/v2\/pages"}],"about":[{"href":"http:\/\/www.tendm.net\/index.php\/wp-json\/wp\/v2\/types\/page"}],"author":[{"embeddable":true,"href":"http:\/\/www.tendm.net\/index.php\/wp-json\/wp\/v2\/users\/1"}],"replies":[{"embeddable":true,"href":"http:\/\/www.tendm.net\/index.php\/wp-json\/wp\/v2\/comments?post=6459"}],"version-history":[{"count":5,"href":"http:\/\/www.tendm.net\/index.php\/wp-json\/wp\/v2\/pages\/6459\/revisions"}],"predecessor-version":[{"id":6499,"href":"http:\/\/www.tendm.net\/index.php\/wp-json\/wp\/v2\/pages\/6459\/revisions\/6499"}],"wp:attachment":[{"href":"http:\/\/www.tendm.net\/index.php\/wp-json\/wp\/v2\/media?parent=6459"}],"curies":[{"name":"wp","href":"https:\/\/api.w.org\/{rel}","templated":true}]}}