{"id":6548,"date":"2018-10-03T15:38:49","date_gmt":"2018-10-03T14:38:49","guid":{"rendered":"http:\/\/www.tendm.net\/?page_id=6548"},"modified":"2018-10-03T16:02:17","modified_gmt":"2018-10-03T15:02:17","slug":"mille-et-une-listes","status":"publish","type":"page","link":"http:\/\/www.tendm.net\/index.php\/mille-et-une-listes\/","title":{"rendered":"Mille et une listes"},"content":{"rendered":"<h1 style=\"text-align: center;\"><span style=\"font-family: helvetica, arial, sans-serif; color: #808080;\">\u00ab\u00a0Mille et une listes vous accompagne pour cr\u00e9er la liste de mariage qui vous ressemble !\u00a0\u00bb<\/span><\/h1>\n<p>Voyage de noces, d\u00e9co, joaillerie, mode, accessoires ou art de la table&#8230; Composez la liste de vos envies parmi toute l&rsquo;offre des Galeries Lafayette et du BHV MARAIS : vos proches seront s\u00fbrs de vous faire plaisir !<\/p>\n<p>Ce service est simple et gratuit, et cerise sur le g\u00e2teau : de nombreux avantages ont \u00e9t\u00e9 sp\u00e9cialement n\u00e9goci\u00e9s pour vous\u2026<\/p>\n<p>&nbsp;<\/p>\n<p style=\"text-align: center;\"><strong>Contact :<br \/>\n<\/strong><\/p>\n<p style=\"text-align: center;\">Fradel Claudia<br \/>\n05 56 00 40 60<br \/>\n1001listes.bordeaux@galerieslafayette.com<br \/>\n<a href=\"https:\/\/www.1001listes.fr\/\"><span class=\"s1\">1001listes.fr<\/span><\/a><br \/>\n<a href=\"https:\/\/www.facebook.com\/1001listes\/\">Facebook<br \/>\n<\/a><a href=\"https:\/\/www.instagram.com\/milleetunelistes\/?hl=fr\">Instagram<\/a><\/p>\n<p>&nbsp;<\/p>\n<div class=\"tiled-gallery type-rectangular tiled-gallery-unresized\" data-original-width=\"1140\" data-carousel-extra='{&quot;blog_id&quot;:1,&quot;permalink&quot;:&quot;http:\\\/\\\/www.tendm.net\\\/index.php\\\/mille-et-une-listes\\\/&quot;,&quot;likes_blog_id&quot;:103480349}' itemscope itemtype=\"http:\/\/schema.org\/ImageGallery\" > <div class=\"gallery-row\" style=\"width: 1140px; height: 171px;\" data-original-width=\"1140\" data-original-height=\"171\" > <div class=\"gallery-group images-1\" style=\"width: 170px; height: 171px;\" data-original-width=\"170\" data-original-height=\"171\" > <div class=\"tiled-gallery-item tiled-gallery-item-small\" itemprop=\"associatedMedia\" itemscope itemtype=\"http:\/\/schema.org\/ImageObject\"> <a href=\"http:\/\/www.tendm.net\/index.php\/mille-et-une-listes\/1001listes-logo-01\/\" border=\"0\" itemprop=\"url\"> <meta itemprop=\"width\" content=\"166\"> <meta itemprop=\"height\" content=\"167\"> <img loading=\"lazy\" decoding=\"async\" class=\"\" data-attachment-id=\"6575\" data-orig-file=\"http:\/\/www.tendm.net\/wp-content\/uploads\/2018\/10\/1001listes-LOGO-01.png\" data-orig-size=\"2362,2362\" data-comments-opened=\"1\" data-image-meta=\"{&quot;aperture&quot;:&quot;0&quot;,&quot;credit&quot;:&quot;&quot;,&quot;camera&quot;:&quot;&quot;,&quot;caption&quot;:&quot;&quot;,&quot;created_timestamp&quot;:&quot;0&quot;,&quot;copyright&quot;:&quot;&quot;,&quot;focal_length&quot;:&quot;0&quot;,&quot;iso&quot;:&quot;0&quot;,&quot;shutter_speed&quot;:&quot;0&quot;,&quot;title&quot;:&quot;&quot;,&quot;orientation&quot;:&quot;0&quot;}\" data-image-title=\"1001listes-LOGO-01\" data-image-description=\"&lt;p&gt;Mille et une listes&lt;\/p&gt; \" data-medium-file=\"https:\/\/i0.wp.com\/www.tendm.net\/wp-content\/uploads\/2018\/10\/1001listes-LOGO-01.png?fit=300%2C300\" data-large-file=\"https:\/\/i0.wp.com\/www.tendm.net\/wp-content\/uploads\/2018\/10\/1001listes-LOGO-01.png?fit=1024%2C1024\" src=\"https:\/\/i0.wp.com\/www.tendm.net\/wp-content\/uploads\/2018\/10\/1001listes-LOGO-01.png?w=166&#038;h=167\" srcset=\"https:\/\/i0.wp.com\/www.tendm.net\/wp-content\/uploads\/2018\/10\/1001listes-LOGO-01.png?w=2362 2362w, https:\/\/i0.wp.com\/www.tendm.net\/wp-content\/uploads\/2018\/10\/1001listes-LOGO-01.png?resize=150%2C150 150w, https:\/\/i0.wp.com\/www.tendm.net\/wp-content\/uploads\/2018\/10\/1001listes-LOGO-01.png?resize=300%2C300 300w, https:\/\/i0.wp.com\/www.tendm.net\/wp-content\/uploads\/2018\/10\/1001listes-LOGO-01.png?resize=768%2C768 768w, https:\/\/i0.wp.com\/www.tendm.net\/wp-content\/uploads\/2018\/10\/1001listes-LOGO-01.png?resize=1024%2C1024 1024w, https:\/\/i0.wp.com\/www.tendm.net\/wp-content\/uploads\/2018\/10\/1001listes-LOGO-01.png?w=2280 2280w\" width=\"166\" height=\"167\" loading=\"lazy\" data-original-width=\"166\" data-original-height=\"167\" itemprop=\"http:\/\/schema.org\/image\" title=\"1001listes-LOGO-01\" alt=\"Liste de mariage\" style=\"width: 166px; height: 167px;\" \/> <\/a> <div class=\"tiled-gallery-caption\" itemprop=\"caption description\"> Liste de mariage <\/div> <\/div> <\/div> <!-- close group --> <div class=\"gallery-group images-1\" style=\"width: 485px; height: 171px;\" data-original-width=\"485\" data-original-height=\"171\" > <div class=\"tiled-gallery-item tiled-gallery-item-large\" itemprop=\"associatedMedia\" itemscope itemtype=\"http:\/\/schema.org\/ImageObject\"> <a href=\"http:\/\/www.tendm.net\/index.php\/mille-et-une-listes\/banniere_958x332_mariage\/\" border=\"0\" itemprop=\"url\"> <meta itemprop=\"width\" content=\"481\"> <meta itemprop=\"height\" content=\"167\"> <img loading=\"lazy\" decoding=\"async\" class=\"\" data-attachment-id=\"6577\" data-orig-file=\"http:\/\/www.tendm.net\/wp-content\/uploads\/2018\/10\/banniere_958x332_mariage.jpg\" data-orig-size=\"958,332\" data-comments-opened=\"1\" data-image-meta=\"{&quot;aperture&quot;:&quot;0&quot;,&quot;credit&quot;:&quot;&quot;,&quot;camera&quot;:&quot;&quot;,&quot;caption&quot;:&quot;&quot;,&quot;created_timestamp&quot;:&quot;0&quot;,&quot;copyright&quot;:&quot;&quot;,&quot;focal_length&quot;:&quot;0&quot;,&quot;iso&quot;:&quot;0&quot;,&quot;shutter_speed&quot;:&quot;0&quot;,&quot;title&quot;:&quot;&quot;,&quot;orientation&quot;:&quot;0&quot;}\" data-image-title=\"banniere_958x332_mariage\" data-image-description=\"\" data-medium-file=\"https:\/\/i0.wp.com\/www.tendm.net\/wp-content\/uploads\/2018\/10\/banniere_958x332_mariage.jpg?fit=300%2C104\" data-large-file=\"https:\/\/i0.wp.com\/www.tendm.net\/wp-content\/uploads\/2018\/10\/banniere_958x332_mariage.jpg?fit=958%2C332\" src=\"https:\/\/i0.wp.com\/www.tendm.net\/wp-content\/uploads\/2018\/10\/banniere_958x332_mariage.jpg?w=481&#038;h=167\" srcset=\"https:\/\/i0.wp.com\/www.tendm.net\/wp-content\/uploads\/2018\/10\/banniere_958x332_mariage.jpg?w=958 958w, https:\/\/i0.wp.com\/www.tendm.net\/wp-content\/uploads\/2018\/10\/banniere_958x332_mariage.jpg?resize=300%2C104 300w, https:\/\/i0.wp.com\/www.tendm.net\/wp-content\/uploads\/2018\/10\/banniere_958x332_mariage.jpg?resize=768%2C266 768w\" width=\"481\" height=\"167\" loading=\"lazy\" data-original-width=\"481\" data-original-height=\"167\" itemprop=\"http:\/\/schema.org\/image\" title=\"banniere_958x332_mariage\" alt=\"banniere_958x332_mariage\" style=\"width: 481px; height: 167px;\" \/> <\/a> <\/div> <\/div> <!-- close group --> <div class=\"gallery-group images-1\" style=\"width: 485px; height: 171px;\" data-original-width=\"485\" data-original-height=\"171\" > <div class=\"tiled-gallery-item tiled-gallery-item-large\" itemprop=\"associatedMedia\" itemscope itemtype=\"http:\/\/schema.org\/ImageObject\"> <a href=\"http:\/\/www.tendm.net\/index.php\/mille-et-une-listes\/banniere_958x332_voyage\/\" border=\"0\" itemprop=\"url\"> <meta itemprop=\"width\" content=\"481\"> <meta itemprop=\"height\" content=\"167\"> <img loading=\"lazy\" decoding=\"async\" class=\"\" data-attachment-id=\"6578\" data-orig-file=\"http:\/\/www.tendm.net\/wp-content\/uploads\/2018\/10\/banniere_958x332_voyage.jpg\" data-orig-size=\"958,332\" data-comments-opened=\"1\" data-image-meta=\"{&quot;aperture&quot;:&quot;0&quot;,&quot;credit&quot;:&quot;&quot;,&quot;camera&quot;:&quot;&quot;,&quot;caption&quot;:&quot;&quot;,&quot;created_timestamp&quot;:&quot;0&quot;,&quot;copyright&quot;:&quot;&quot;,&quot;focal_length&quot;:&quot;0&quot;,&quot;iso&quot;:&quot;0&quot;,&quot;shutter_speed&quot;:&quot;0&quot;,&quot;title&quot;:&quot;&quot;,&quot;orientation&quot;:&quot;0&quot;}\" data-image-title=\"banniere_958x332_voyage\" data-image-description=\"\" data-medium-file=\"https:\/\/i0.wp.com\/www.tendm.net\/wp-content\/uploads\/2018\/10\/banniere_958x332_voyage.jpg?fit=300%2C104\" data-large-file=\"https:\/\/i0.wp.com\/www.tendm.net\/wp-content\/uploads\/2018\/10\/banniere_958x332_voyage.jpg?fit=958%2C332\" src=\"https:\/\/i0.wp.com\/www.tendm.net\/wp-content\/uploads\/2018\/10\/banniere_958x332_voyage.jpg?w=481&#038;h=167\" srcset=\"https:\/\/i0.wp.com\/www.tendm.net\/wp-content\/uploads\/2018\/10\/banniere_958x332_voyage.jpg?w=958 958w, https:\/\/i0.wp.com\/www.tendm.net\/wp-content\/uploads\/2018\/10\/banniere_958x332_voyage.jpg?resize=300%2C104 300w, https:\/\/i0.wp.com\/www.tendm.net\/wp-content\/uploads\/2018\/10\/banniere_958x332_voyage.jpg?resize=768%2C266 768w\" width=\"481\" height=\"167\" loading=\"lazy\" data-original-width=\"481\" data-original-height=\"167\" itemprop=\"http:\/\/schema.org\/image\" title=\"banniere_958x332_voyage\" alt=\"banniere_958x332_voyage\" style=\"width: 481px; height: 167px;\" \/> <\/a> <\/div> <\/div> <!-- close group --> <\/div> <!-- close row --> <\/div>\n","protected":false},"excerpt":{"rendered":"<p>\u00ab\u00a0Mille et une listes vous accompagne pour cr\u00e9er la liste de mariage qui vous ressemble !\u00a0\u00bb Voyage de noces, d\u00e9co, joaillerie, mode, accessoires ou art de la table&#8230; Composez la liste de vos envies parmi toute l&rsquo;offre des Galeries Lafayette et du BHV MARAIS : vos proches seront s\u00fbrs de vous faire plaisir ! Ce [&hellip;]<\/p>\n","protected":false},"author":1,"featured_media":6577,"parent":0,"menu_order":0,"comment_status":"closed","ping_status":"closed","template":"","meta":{"footnotes":""},"jetpack_sharing_enabled":true,"jetpack_shortlink":"https:\/\/wp.me\/P70bXT-1HC","jetpack-related-posts":[],"_links":{"self":[{"href":"http:\/\/www.tendm.net\/index.php\/wp-json\/wp\/v2\/pages\/6548"}],"collection":[{"href":"http:\/\/www.tendm.net\/index.php\/wp-json\/wp\/v2\/pages"}],"about":[{"href":"http:\/\/www.tendm.net\/index.php\/wp-json\/wp\/v2\/types\/page"}],"author":[{"embeddable":true,"href":"http:\/\/www.tendm.net\/index.php\/wp-json\/wp\/v2\/users\/1"}],"replies":[{"embeddable":true,"href":"http:\/\/www.tendm.net\/index.php\/wp-json\/wp\/v2\/comments?post=6548"}],"version-history":[{"count":2,"href":"http:\/\/www.tendm.net\/index.php\/wp-json\/wp\/v2\/pages\/6548\/revisions"}],"predecessor-version":[{"id":6581,"href":"http:\/\/www.tendm.net\/index.php\/wp-json\/wp\/v2\/pages\/6548\/revisions\/6581"}],"wp:featuredmedia":[{"embeddable":true,"href":"http:\/\/www.tendm.net\/index.php\/wp-json\/wp\/v2\/media\/6577"}],"wp:attachment":[{"href":"http:\/\/www.tendm.net\/index.php\/wp-json\/wp\/v2\/media?parent=6548"}],"curies":[{"name":"wp","href":"https:\/\/api.w.org\/{rel}","templated":true}]}}