{"id":6582,"date":"2018-10-03T16:38:44","date_gmt":"2018-10-03T15:38:44","guid":{"rendered":"http:\/\/www.tendm.net\/?page_id=6582"},"modified":"2018-10-03T16:38:44","modified_gmt":"2018-10-03T15:38:44","slug":"chateau-pape-clement","status":"publish","type":"page","link":"http:\/\/www.tendm.net\/index.php\/chateau-pape-clement\/","title":{"rendered":"Ch\u00e2teau Pape Cl\u00e9ment"},"content":{"rendered":"<h1 style=\"text-align: center;\"><span style=\"color: #808080;\">\u00ab\u00a0Le Ch\u00e2teau Pape Cl\u00e9ment &#8211; Grand Cru Class\u00e9 de Graves, riche de sept si\u00e8cles d\u2019histoire\u00a0\u00bb<\/span><\/h1>\n<p>Il vous ouvre ses portes pour vos r\u00e9ceptions priv\u00e9es&#8230; \u00e0 seulement 10 min de l\u2019a\u00e9roport de Bordeaux-M\u00e9rignac et \u00e0 7 km du centre-ville de Bordeaux, le Ch\u00e2teau Pape Cl\u00e9ment vous offre un cadre naturel au c\u0153ur de la ville. Conjuguez business, culture, vin et gastronomie ! Vos invit\u00e9s seront charm\u00e9s par la s\u00e9r\u00e9nit\u00e9 et l\u2019harmonie qui pr\u00e9valent en ces lieux et conserveront de votre \u00e9v\u00e9nement un souvenir exceptionnel. 7 espaces de r\u00e9ception de caract\u00e8re pouvant accueillir de 2 \u00e0 200 convives.<\/p>\n<p style=\"text-align: center;\"><strong><span style=\"color: #808080;\">Contact :<br \/>\n<\/span><\/strong><strong><span style=\"color: #808080;\">Ch\u00e2teau Pape Cl\u00e9ment<\/span><\/strong><br \/>\n<span style=\"color: #808080;\">216 avenue Dr Nancel P\u00e9nard<br \/>\n<\/span><span style=\"color: #808080;\"> 33600 Pessac<br \/>\n<a href=\"tel:0557263838\" data-content=\"0557263838\" data-type=\"phone\">05 57 26 38 38<\/a><br \/>\n<\/span><a href=\"https:\/\/www.chateau-pape-clement.fr\/\"><span style=\"color: #333333;\">www.chateau-pape-clement.fr<\/span><\/a><br \/>\n<a href=\"mailto:contact@pape-clement.com\" target=\"_self\" data-content=\"contact@pape-clement.com\" data-type=\"mail\">contact@pape-clement.com<\/a><br \/>\n<span style=\"color: #808080;\"><a style=\"color: #808080;\" href=\"https:\/\/www.facebook.com\/ChateauPapeClement\/\">Facebook<\/a> <\/span><br \/>\n<span style=\"color: #808080;\"> <a style=\"color: #808080;\" href=\"https:\/\/www.instagram.com\/chateaupapeclement\/?hl=fr\"> Instagram<\/a><\/span><\/p>\n<div class=\"tiled-gallery type-rectangular tiled-gallery-unresized\" data-original-width=\"1140\" data-carousel-extra='{&quot;blog_id&quot;:1,&quot;permalink&quot;:&quot;http:\\\/\\\/www.tendm.net\\\/index.php\\\/chateau-pape-clement\\\/&quot;,&quot;likes_blog_id&quot;:103480349}' itemscope itemtype=\"http:\/\/schema.org\/ImageGallery\" > <div class=\"gallery-row\" style=\"width: 1140px; height: 600px;\" data-original-width=\"1140\" data-original-height=\"600\" > <div class=\"gallery-group images-1\" style=\"width: 690px; height: 600px;\" data-original-width=\"690\" data-original-height=\"600\" > <div class=\"tiled-gallery-item tiled-gallery-item-large\" itemprop=\"associatedMedia\" itemscope itemtype=\"http:\/\/schema.org\/ImageObject\"> <a href=\"http:\/\/www.tendm.net\/index.php\/chateau-pape-clement\/pc_pavillon_1light\/\" border=\"0\" itemprop=\"url\"> <meta itemprop=\"width\" content=\"686\"> <meta itemprop=\"height\" content=\"596\"> <img loading=\"lazy\" decoding=\"async\" class=\"\" data-attachment-id=\"6606\" data-orig-file=\"http:\/\/www.tendm.net\/wp-content\/uploads\/2018\/10\/PC_pavillon_1light.jpg\" data-orig-size=\"1000,869\" data-comments-opened=\"1\" data-image-meta=\"{&quot;aperture&quot;:&quot;11&quot;,&quot;credit&quot;:&quot;Jean-Emmanuel HAY Photography&quot;,&quot;camera&quot;:&quot;NIKON D3&quot;,&quot;caption&quot;:&quot;&quot;,&quot;created_timestamp&quot;:&quot;1372402840&quot;,&quot;copyright&quot;:&quot;&quot;,&quot;focal_length&quot;:&quot;24&quot;,&quot;iso&quot;:&quot;1600&quot;,&quot;shutter_speed&quot;:&quot;0.003125&quot;,&quot;title&quot;:&quot;&quot;,&quot;orientation&quot;:&quot;1&quot;}\" data-image-title=\"PC_pavillon_1light\" data-image-description=\"\" data-medium-file=\"https:\/\/i0.wp.com\/www.tendm.net\/wp-content\/uploads\/2018\/10\/PC_pavillon_1light.jpg?fit=300%2C261\" data-large-file=\"https:\/\/i0.wp.com\/www.tendm.net\/wp-content\/uploads\/2018\/10\/PC_pavillon_1light.jpg?fit=1000%2C869\" src=\"https:\/\/i0.wp.com\/www.tendm.net\/wp-content\/uploads\/2018\/10\/PC_pavillon_1light.jpg?w=686&#038;h=596\" srcset=\"https:\/\/i0.wp.com\/www.tendm.net\/wp-content\/uploads\/2018\/10\/PC_pavillon_1light.jpg?w=1000 1000w, https:\/\/i0.wp.com\/www.tendm.net\/wp-content\/uploads\/2018\/10\/PC_pavillon_1light.jpg?resize=300%2C261 300w, https:\/\/i0.wp.com\/www.tendm.net\/wp-content\/uploads\/2018\/10\/PC_pavillon_1light.jpg?resize=768%2C667 768w\" width=\"686\" height=\"596\" loading=\"lazy\" data-original-width=\"686\" data-original-height=\"596\" itemprop=\"http:\/\/schema.org\/image\" title=\"PC_pavillon_1light\" alt=\"PC_pavillon_1light\" style=\"width: 686px; height: 596px;\" \/> <\/a> <\/div> <\/div> <!-- close group --> <div class=\"gallery-group images-2\" style=\"width: 450px; height: 600px;\" data-original-width=\"450\" data-original-height=\"600\" > <div class=\"tiled-gallery-item tiled-gallery-item-large\" itemprop=\"associatedMedia\" itemscope itemtype=\"http:\/\/schema.org\/ImageObject\"> <a href=\"http:\/\/www.tendm.net\/index.php\/chateau-pape-clement\/web-pc_boiserie\/\" border=\"0\" itemprop=\"url\"> <meta itemprop=\"width\" content=\"446\"> <meta itemprop=\"height\" content=\"298\"> <img loading=\"lazy\" decoding=\"async\" class=\"\" data-attachment-id=\"6607\" data-orig-file=\"http:\/\/www.tendm.net\/wp-content\/uploads\/2018\/10\/WEB-PC_boiserie.jpg\" data-orig-size=\"1024,683\" data-comments-opened=\"1\" data-image-meta=\"{&quot;aperture&quot;:&quot;8&quot;,&quot;credit&quot;:&quot;www.deepix.com&quot;,&quot;camera&quot;:&quot;Canon EOS 5D Mark III&quot;,&quot;caption&quot;:&quot;&quot;,&quot;created_timestamp&quot;:&quot;1441794239&quot;,&quot;copyright&quot;:&quot;&quot;,&quot;focal_length&quot;:&quot;17&quot;,&quot;iso&quot;:&quot;200&quot;,&quot;shutter_speed&quot;:&quot;0.066666666666667&quot;,&quot;title&quot;:&quot;&quot;,&quot;orientation&quot;:&quot;1&quot;}\" data-image-title=\"WEB PC_boiserie\" data-image-description=\"\" data-medium-file=\"https:\/\/i0.wp.com\/www.tendm.net\/wp-content\/uploads\/2018\/10\/WEB-PC_boiserie.jpg?fit=300%2C200\" data-large-file=\"https:\/\/i0.wp.com\/www.tendm.net\/wp-content\/uploads\/2018\/10\/WEB-PC_boiserie.jpg?fit=1024%2C683\" src=\"https:\/\/i0.wp.com\/www.tendm.net\/wp-content\/uploads\/2018\/10\/WEB-PC_boiserie.jpg?w=446&#038;h=298\" srcset=\"https:\/\/i0.wp.com\/www.tendm.net\/wp-content\/uploads\/2018\/10\/WEB-PC_boiserie.jpg?w=1024 1024w, https:\/\/i0.wp.com\/www.tendm.net\/wp-content\/uploads\/2018\/10\/WEB-PC_boiserie.jpg?resize=300%2C200 300w, https:\/\/i0.wp.com\/www.tendm.net\/wp-content\/uploads\/2018\/10\/WEB-PC_boiserie.jpg?resize=768%2C512 768w\" width=\"446\" height=\"298\" loading=\"lazy\" data-original-width=\"446\" data-original-height=\"298\" itemprop=\"http:\/\/schema.org\/image\" title=\"WEB PC_boiserie\" alt=\"WEB PC_boiserie\" style=\"width: 446px; height: 298px;\" \/> <\/a> <\/div> <div class=\"tiled-gallery-item tiled-gallery-item-large\" itemprop=\"associatedMedia\" itemscope itemtype=\"http:\/\/schema.org\/ImageObject\"> <a href=\"http:\/\/www.tendm.net\/index.php\/chateau-pape-clement\/mgz_pc_080710_008-web\/\" border=\"0\" itemprop=\"url\"> <meta itemprop=\"width\" content=\"446\"> <meta itemprop=\"height\" content=\"294\"> <img loading=\"lazy\" decoding=\"async\" class=\"\" data-attachment-id=\"6608\" data-orig-file=\"http:\/\/www.tendm.net\/wp-content\/uploads\/2018\/10\/MGZ_PC_080710_008-web.jpg\" data-orig-size=\"1024,674\" data-comments-opened=\"1\" data-image-meta=\"{&quot;aperture&quot;:&quot;8&quot;,&quot;credit&quot;:&quot;&quot;,&quot;camera&quot;:&quot;Canon EOS-1Ds Mark II&quot;,&quot;caption&quot;:&quot;&quot;,&quot;created_timestamp&quot;:&quot;1215707132&quot;,&quot;copyright&quot;:&quot;&quot;,&quot;focal_length&quot;:&quot;24&quot;,&quot;iso&quot;:&quot;100&quot;,&quot;shutter_speed&quot;:&quot;0.0025&quot;,&quot;title&quot;:&quot;&quot;,&quot;orientation&quot;:&quot;1&quot;}\" data-image-title=\"MGZ_PC_080710_008 web\" data-image-description=\"&lt;p&gt;Ch\u00e2teau Pape Cl\u00e9ment&lt;\/p&gt; \" data-medium-file=\"https:\/\/i0.wp.com\/www.tendm.net\/wp-content\/uploads\/2018\/10\/MGZ_PC_080710_008-web.jpg?fit=300%2C197\" data-large-file=\"https:\/\/i0.wp.com\/www.tendm.net\/wp-content\/uploads\/2018\/10\/MGZ_PC_080710_008-web.jpg?fit=1024%2C674\" src=\"https:\/\/i0.wp.com\/www.tendm.net\/wp-content\/uploads\/2018\/10\/MGZ_PC_080710_008-web.jpg?w=446&#038;h=294\" srcset=\"https:\/\/i0.wp.com\/www.tendm.net\/wp-content\/uploads\/2018\/10\/MGZ_PC_080710_008-web.jpg?w=1024 1024w, https:\/\/i0.wp.com\/www.tendm.net\/wp-content\/uploads\/2018\/10\/MGZ_PC_080710_008-web.jpg?resize=300%2C197 300w, https:\/\/i0.wp.com\/www.tendm.net\/wp-content\/uploads\/2018\/10\/MGZ_PC_080710_008-web.jpg?resize=768%2C506 768w\" width=\"446\" height=\"294\" loading=\"lazy\" data-original-width=\"446\" data-original-height=\"294\" itemprop=\"http:\/\/schema.org\/image\" title=\"MGZ_PC_080710_008 web\" alt=\"Lieu de r\u00e9ception\" style=\"width: 446px; height: 294px;\" \/> <\/a> <div class=\"tiled-gallery-caption\" itemprop=\"caption description\"> Lieu de r\u00e9ception <\/div> <\/div> <\/div> <!-- close group --> <\/div> <!-- close row --> <div class=\"gallery-row\" style=\"width: 1140px; height: 381px;\" data-original-width=\"1140\" data-original-height=\"381\" > <div class=\"gallery-group images-1\" style=\"width: 570px; height: 381px;\" data-original-width=\"570\" data-original-height=\"381\" > <div class=\"tiled-gallery-item tiled-gallery-item-large\" itemprop=\"associatedMedia\" itemscope itemtype=\"http:\/\/schema.org\/ImageObject\"> <a href=\"http:\/\/www.tendm.net\/index.php\/chateau-pape-clement\/pc_chateau_3light\/\" border=\"0\" itemprop=\"url\"> <meta itemprop=\"width\" content=\"566\"> <meta itemprop=\"height\" content=\"377\"> <img loading=\"lazy\" decoding=\"async\" class=\"\" data-attachment-id=\"6609\" data-orig-file=\"http:\/\/www.tendm.net\/wp-content\/uploads\/2018\/10\/PC_chateau_3light.jpg\" data-orig-size=\"1000,665\" data-comments-opened=\"1\" data-image-meta=\"{&quot;aperture&quot;:&quot;1.8&quot;,&quot;credit&quot;:&quot;Mathieu Mamontoff - ARTISTE ASSOCIE&quot;,&quot;camera&quot;:&quot;NIKON D4S&quot;,&quot;caption&quot;:&quot;&quot;,&quot;created_timestamp&quot;:&quot;1401993164&quot;,&quot;copyright&quot;:&quot;&quot;,&quot;focal_length&quot;:&quot;85&quot;,&quot;iso&quot;:&quot;160&quot;,&quot;shutter_speed&quot;:&quot;0.000125&quot;,&quot;title&quot;:&quot;&quot;,&quot;orientation&quot;:&quot;1&quot;}\" data-image-title=\"PC_chateau_3light\" data-image-description=\"\" data-medium-file=\"https:\/\/i0.wp.com\/www.tendm.net\/wp-content\/uploads\/2018\/10\/PC_chateau_3light.jpg?fit=300%2C200\" data-large-file=\"https:\/\/i0.wp.com\/www.tendm.net\/wp-content\/uploads\/2018\/10\/PC_chateau_3light.jpg?fit=1000%2C665\" src=\"https:\/\/i0.wp.com\/www.tendm.net\/wp-content\/uploads\/2018\/10\/PC_chateau_3light.jpg?w=566&#038;h=377\" srcset=\"https:\/\/i0.wp.com\/www.tendm.net\/wp-content\/uploads\/2018\/10\/PC_chateau_3light.jpg?w=1000 1000w, https:\/\/i0.wp.com\/www.tendm.net\/wp-content\/uploads\/2018\/10\/PC_chateau_3light.jpg?resize=300%2C200 300w, https:\/\/i0.wp.com\/www.tendm.net\/wp-content\/uploads\/2018\/10\/PC_chateau_3light.jpg?resize=768%2C511 768w\" width=\"566\" height=\"377\" loading=\"lazy\" data-original-width=\"566\" data-original-height=\"377\" itemprop=\"http:\/\/schema.org\/image\" title=\"PC_chateau_3light\" alt=\"PC_chateau_3light\" style=\"width: 566px; height: 377px;\" \/> <\/a> <\/div> <\/div> <!-- close group --> <div class=\"gallery-group images-1\" style=\"width: 570px; height: 381px;\" data-original-width=\"570\" data-original-height=\"381\" > <div class=\"tiled-gallery-item tiled-gallery-item-large\" itemprop=\"associatedMedia\" itemscope itemtype=\"http:\/\/schema.org\/ImageObject\"> <a href=\"http:\/\/www.tendm.net\/index.php\/chateau-pape-clement\/pc_chateau_illuminelight\/\" border=\"0\" itemprop=\"url\"> <meta itemprop=\"width\" content=\"566\"> <meta itemprop=\"height\" content=\"377\"> <img loading=\"lazy\" decoding=\"async\" class=\"\" data-attachment-id=\"6610\" data-orig-file=\"http:\/\/www.tendm.net\/wp-content\/uploads\/2018\/10\/PC_chateau_illuminelight.jpg\" data-orig-size=\"1000,666\" data-comments-opened=\"1\" data-image-meta=\"{&quot;aperture&quot;:&quot;1.4&quot;,&quot;credit&quot;:&quot;Mathieu Mamontoff - ARTISTE ASSOCIE&quot;,&quot;camera&quot;:&quot;NIKON D4S&quot;,&quot;caption&quot;:&quot;&quot;,&quot;created_timestamp&quot;:&quot;1402006646&quot;,&quot;copyright&quot;:&quot;&quot;,&quot;focal_length&quot;:&quot;35&quot;,&quot;iso&quot;:&quot;2000&quot;,&quot;shutter_speed&quot;:&quot;0.00625&quot;,&quot;title&quot;:&quot;&quot;,&quot;orientation&quot;:&quot;1&quot;}\" data-image-title=\"PC_chateau_illuminelight\" data-image-description=\"\" data-medium-file=\"https:\/\/i0.wp.com\/www.tendm.net\/wp-content\/uploads\/2018\/10\/PC_chateau_illuminelight.jpg?fit=300%2C200\" data-large-file=\"https:\/\/i0.wp.com\/www.tendm.net\/wp-content\/uploads\/2018\/10\/PC_chateau_illuminelight.jpg?fit=1000%2C666\" src=\"https:\/\/i0.wp.com\/www.tendm.net\/wp-content\/uploads\/2018\/10\/PC_chateau_illuminelight.jpg?w=566&#038;h=377\" srcset=\"https:\/\/i0.wp.com\/www.tendm.net\/wp-content\/uploads\/2018\/10\/PC_chateau_illuminelight.jpg?w=1000 1000w, https:\/\/i0.wp.com\/www.tendm.net\/wp-content\/uploads\/2018\/10\/PC_chateau_illuminelight.jpg?resize=300%2C200 300w, https:\/\/i0.wp.com\/www.tendm.net\/wp-content\/uploads\/2018\/10\/PC_chateau_illuminelight.jpg?resize=768%2C511 768w\" width=\"566\" height=\"377\" loading=\"lazy\" data-original-width=\"566\" data-original-height=\"377\" itemprop=\"http:\/\/schema.org\/image\" title=\"PC_chateau_illuminelight\" alt=\"PC_chateau_illuminelight\" style=\"width: 566px; height: 377px;\" \/> <\/a> <\/div> <\/div> <!-- close group --> <\/div> <!-- close row --> <\/div>\n<p>&nbsp;<\/p>\n","protected":false},"excerpt":{"rendered":"<p>\u00ab\u00a0Le Ch\u00e2teau Pape Cl\u00e9ment &#8211; Grand Cru Class\u00e9 de Graves, riche de sept si\u00e8cles d\u2019histoire\u00a0\u00bb Il vous ouvre ses portes pour vos r\u00e9ceptions priv\u00e9es&#8230; \u00e0 seulement 10 min de l\u2019a\u00e9roport de Bordeaux-M\u00e9rignac et \u00e0 7 km du centre-ville de Bordeaux, le Ch\u00e2teau Pape Cl\u00e9ment vous offre un cadre naturel au c\u0153ur de la ville. Conjuguez [&hellip;]<\/p>\n","protected":false},"author":1,"featured_media":6610,"parent":0,"menu_order":0,"comment_status":"closed","ping_status":"closed","template":"","meta":{"footnotes":""},"jetpack_sharing_enabled":true,"jetpack_shortlink":"https:\/\/wp.me\/P70bXT-1Ia","jetpack-related-posts":[],"_links":{"self":[{"href":"http:\/\/www.tendm.net\/index.php\/wp-json\/wp\/v2\/pages\/6582"}],"collection":[{"href":"http:\/\/www.tendm.net\/index.php\/wp-json\/wp\/v2\/pages"}],"about":[{"href":"http:\/\/www.tendm.net\/index.php\/wp-json\/wp\/v2\/types\/page"}],"author":[{"embeddable":true,"href":"http:\/\/www.tendm.net\/index.php\/wp-json\/wp\/v2\/users\/1"}],"replies":[{"embeddable":true,"href":"http:\/\/www.tendm.net\/index.php\/wp-json\/wp\/v2\/comments?post=6582"}],"version-history":[{"count":1,"href":"http:\/\/www.tendm.net\/index.php\/wp-json\/wp\/v2\/pages\/6582\/revisions"}],"predecessor-version":[{"id":6611,"href":"http:\/\/www.tendm.net\/index.php\/wp-json\/wp\/v2\/pages\/6582\/revisions\/6611"}],"wp:featuredmedia":[{"embeddable":true,"href":"http:\/\/www.tendm.net\/index.php\/wp-json\/wp\/v2\/media\/6610"}],"wp:attachment":[{"href":"http:\/\/www.tendm.net\/index.php\/wp-json\/wp\/v2\/media?parent=6582"}],"curies":[{"name":"wp","href":"https:\/\/api.w.org\/{rel}","templated":true}]}}