{"id":6666,"date":"2018-10-03T18:01:46","date_gmt":"2018-10-03T17:01:46","guid":{"rendered":"http:\/\/www.tendm.net\/?page_id=6666"},"modified":"2018-10-03T18:01:46","modified_gmt":"2018-10-03T17:01:46","slug":"granny-smith-by-sarah-william","status":"publish","type":"page","link":"http:\/\/www.tendm.net\/index.php\/granny-smith-by-sarah-william\/","title":{"rendered":"Granny Smith by Sarah &#038; William"},"content":{"rendered":"<h1><span style=\"color: #808080;\">\u00ab\u00a0Pour votre c\u00e9r\u00e9monie, Sarah et William forme un duo Piano voix et\/ou Guitare voix et accompagne chaque moment cl\u00e9, avec un r\u00e9pertoire enti\u00e8rement sur mesure.\u00a0\u00bb<\/span><\/h1>\n<p>Pour votre cocktail,\u00a0en Duo, Trio ou Quartet , Sarah et William vous propose un r\u00e9pertoire aux couleurs Pop-Folk. Leur objectif est simple, faire en sorte que toutes les g\u00e9n\u00e9rations\u00a0puissent appr\u00e9cier leur\u00a0r\u00e9pertoire, et ainsi passer un bon\u00a0moment \u00e0 l\u2019\u00e9coute de\u00a0reprises personnalis\u00e9es.<\/p>\n<p>Formation <strong>Duo<\/strong> : Guitare \/ Voix<\/p>\n<p><strong>Trio <\/strong>\u00a0: Guitare \/ Voix \/ Batterie acoustique<\/p>\n<p><strong>Quartet <\/strong>: \u00a0Guitare \/ Voix \/ Batterie acoustique \/ Piano<\/p>\n<p>&nbsp;<\/p>\n<p><strong>Type de musique <\/strong>: Folk, Swing, Pop, Soul, Funk, Jazz, Rock\u2019n roll\u2026<\/p>\n<p><strong>L\u2019\u00e9quipe en quelques mots <\/strong>: De 2 \u00e0 4 musiciens, Sarah et William vous propose un r\u00e9pertoire multi-g\u00e9n\u00e9rationnel de reprises revisit\u00e9s<\/p>\n<p><strong>Choix des Chansons <\/strong>: C\u00e9r\u00e9monie : R\u00e9pertoire enti\u00e8rement sur mesure<\/p>\n<p><strong>Cocktail<\/strong> : Possibilit\u00e9 d\u2019ajouter quelques chansons qui vous ressemble.<\/p>\n<p style=\"text-align: center;\"><strong><span style=\"color: #808080;\">Contact :<br \/>\n<\/span><\/strong><span style=\"color: #808080;\"><strong>Granny Smith<br \/>\n<\/strong>06.95.93.97.57 ou 06.68.57.10.52<\/span><br \/>\n<a href=\"http:\/\/www.sarahetwilliam.com\">www.sarahetwilliam.com<\/a><br \/>\n<span style=\"color: #808080;\"><a style=\"color: #808080;\" href=\"sarahetwilliam@gmail.com\" target=\"_self\" data-content=\"contact@pape-clement.com\" data-type=\"mail\">sarahetwilliam@gmail.com<\/a><\/span><br \/>\n<span style=\"color: #808080;\"><a style=\"color: #808080;\" href=\"https:\/\/www.facebook.com\/sarah.etwilliam\">Facebook<\/a> <\/span><br \/>\n<span style=\"color: #808080;\"> <a style=\"color: #808080;\" href=\"https:\/\/www.instagram.com\/sarahetwilliam\/?hl=fr\"> Instagram<\/a><\/span><\/p>\n<div class=\"tiled-gallery type-rectangular tiled-gallery-unresized\" data-original-width=\"1140\" data-carousel-extra='{&quot;blog_id&quot;:1,&quot;permalink&quot;:&quot;http:\\\/\\\/www.tendm.net\\\/index.php\\\/granny-smith-by-sarah-william\\\/&quot;,&quot;likes_blog_id&quot;:103480349}' itemscope itemtype=\"http:\/\/schema.org\/ImageGallery\" > <div class=\"gallery-row\" style=\"width: 1140px; height: 500px;\" data-original-width=\"1140\" data-original-height=\"500\" > <div class=\"gallery-group images-1\" style=\"width: 766px; height: 500px;\" data-original-width=\"766\" data-original-height=\"500\" > <div class=\"tiled-gallery-item tiled-gallery-item-large\" itemprop=\"associatedMedia\" itemscope itemtype=\"http:\/\/schema.org\/ImageObject\"> <a href=\"http:\/\/www.tendm.net\/index.php\/granny-smith-by-sarah-william\/02-2\/\" border=\"0\" itemprop=\"url\"> <meta itemprop=\"width\" content=\"762\"> <meta itemprop=\"height\" content=\"496\"> <img loading=\"lazy\" decoding=\"async\" class=\"\" data-attachment-id=\"6667\" data-orig-file=\"http:\/\/www.tendm.net\/wp-content\/uploads\/2018\/10\/02.jpg\" data-orig-size=\"1170,762\" data-comments-opened=\"1\" data-image-meta=\"{&quot;aperture&quot;:&quot;0&quot;,&quot;credit&quot;:&quot;&quot;,&quot;camera&quot;:&quot;&quot;,&quot;caption&quot;:&quot;&quot;,&quot;created_timestamp&quot;:&quot;0&quot;,&quot;copyright&quot;:&quot;&quot;,&quot;focal_length&quot;:&quot;0&quot;,&quot;iso&quot;:&quot;0&quot;,&quot;shutter_speed&quot;:&quot;0&quot;,&quot;title&quot;:&quot;&quot;,&quot;orientation&quot;:&quot;0&quot;}\" data-image-title=\"02\" data-image-description=\"&lt;p&gt;Granny Smith By Sarah et William&lt;\/p&gt; \" data-medium-file=\"https:\/\/i0.wp.com\/www.tendm.net\/wp-content\/uploads\/2018\/10\/02.jpg?fit=300%2C195\" data-large-file=\"https:\/\/i0.wp.com\/www.tendm.net\/wp-content\/uploads\/2018\/10\/02.jpg?fit=1024%2C667\" src=\"https:\/\/i0.wp.com\/www.tendm.net\/wp-content\/uploads\/2018\/10\/02.jpg?w=762&#038;h=496\" srcset=\"https:\/\/i0.wp.com\/www.tendm.net\/wp-content\/uploads\/2018\/10\/02.jpg?w=1170 1170w, https:\/\/i0.wp.com\/www.tendm.net\/wp-content\/uploads\/2018\/10\/02.jpg?resize=300%2C195 300w, https:\/\/i0.wp.com\/www.tendm.net\/wp-content\/uploads\/2018\/10\/02.jpg?resize=768%2C500 768w, https:\/\/i0.wp.com\/www.tendm.net\/wp-content\/uploads\/2018\/10\/02.jpg?resize=1024%2C667 1024w, https:\/\/i0.wp.com\/www.tendm.net\/wp-content\/uploads\/2018\/10\/02.jpg?resize=262%2C170 262w\" width=\"762\" height=\"496\" loading=\"lazy\" data-original-width=\"762\" data-original-height=\"496\" itemprop=\"http:\/\/schema.org\/image\" title=\"02\" alt=\"Orchestre\" style=\"width: 762px; height: 496px;\" \/> <\/a> <div class=\"tiled-gallery-caption\" itemprop=\"caption description\"> Orchestre <\/div> <\/div> <\/div> <!-- close group --> <div class=\"gallery-group images-2\" style=\"width: 374px; height: 500px;\" data-original-width=\"374\" data-original-height=\"500\" > <div class=\"tiled-gallery-item tiled-gallery-item-large\" itemprop=\"associatedMedia\" itemscope itemtype=\"http:\/\/schema.org\/ImageObject\"> <a href=\"http:\/\/www.tendm.net\/index.php\/granny-smith-by-sarah-william\/sjf-642\/\" border=\"0\" itemprop=\"url\"> <meta itemprop=\"width\" content=\"370\"> <meta itemprop=\"height\" content=\"246\"> <img loading=\"lazy\" decoding=\"async\" class=\"\" data-attachment-id=\"6668\" data-orig-file=\"http:\/\/www.tendm.net\/wp-content\/uploads\/2018\/10\/SJF-642.jpg\" data-orig-size=\"4256,2832\" data-comments-opened=\"1\" data-image-meta=\"{&quot;aperture&quot;:&quot;3.5&quot;,&quot;credit&quot;:&quot;&quot;,&quot;camera&quot;:&quot;NIKON D700&quot;,&quot;caption&quot;:&quot;&quot;,&quot;created_timestamp&quot;:&quot;1371926608&quot;,&quot;copyright&quot;:&quot;&quot;,&quot;focal_length&quot;:&quot;24&quot;,&quot;iso&quot;:&quot;250&quot;,&quot;shutter_speed&quot;:&quot;0.0008&quot;,&quot;title&quot;:&quot;&quot;,&quot;orientation&quot;:&quot;1&quot;}\" data-image-title=\"SJF-642\" data-image-description=\"\" data-medium-file=\"https:\/\/i0.wp.com\/www.tendm.net\/wp-content\/uploads\/2018\/10\/SJF-642.jpg?fit=300%2C200\" data-large-file=\"https:\/\/i0.wp.com\/www.tendm.net\/wp-content\/uploads\/2018\/10\/SJF-642.jpg?fit=1024%2C681\" src=\"https:\/\/i0.wp.com\/www.tendm.net\/wp-content\/uploads\/2018\/10\/SJF-642.jpg?w=370&#038;h=246\" srcset=\"https:\/\/i0.wp.com\/www.tendm.net\/wp-content\/uploads\/2018\/10\/SJF-642.jpg?w=4256 4256w, https:\/\/i0.wp.com\/www.tendm.net\/wp-content\/uploads\/2018\/10\/SJF-642.jpg?resize=300%2C200 300w, https:\/\/i0.wp.com\/www.tendm.net\/wp-content\/uploads\/2018\/10\/SJF-642.jpg?resize=768%2C511 768w, https:\/\/i0.wp.com\/www.tendm.net\/wp-content\/uploads\/2018\/10\/SJF-642.jpg?resize=1024%2C681 1024w, https:\/\/i0.wp.com\/www.tendm.net\/wp-content\/uploads\/2018\/10\/SJF-642.jpg?w=2280 2280w, https:\/\/i0.wp.com\/www.tendm.net\/wp-content\/uploads\/2018\/10\/SJF-642.jpg?w=3420 3420w\" width=\"370\" height=\"246\" loading=\"lazy\" data-original-width=\"370\" data-original-height=\"246\" itemprop=\"http:\/\/schema.org\/image\" title=\"SJF-642\" alt=\"SJF-642\" style=\"width: 370px; height: 246px;\" \/> <\/a> <\/div> <div class=\"tiled-gallery-item tiled-gallery-item-large\" itemprop=\"associatedMedia\" itemscope itemtype=\"http:\/\/schema.org\/ImageObject\"> <a href=\"http:\/\/www.tendm.net\/index.php\/granny-smith-by-sarah-william\/sw-marie%c2%a6us-1\/\" border=\"0\" itemprop=\"url\"> <meta itemprop=\"width\" content=\"370\"> <meta itemprop=\"height\" content=\"246\"> <img loading=\"lazy\" decoding=\"async\" class=\"\" data-attachment-id=\"6669\" data-orig-file=\"http:\/\/www.tendm.net\/wp-content\/uploads\/2018\/10\/SW-marie\u00a6\u00fcs-1.jpg\" data-orig-size=\"3983,2655\" data-comments-opened=\"1\" data-image-meta=\"{&quot;aperture&quot;:&quot;4.5&quot;,&quot;credit&quot;:&quot;Jenny Triscos&quot;,&quot;camera&quot;:&quot;Canon EOS 6D&quot;,&quot;caption&quot;:&quot;&quot;,&quot;created_timestamp&quot;:&quot;1443898497&quot;,&quot;copyright&quot;:&quot;Droits r\\u00e9serv\\u00e9s \\u00e0 Jenny Triscos&quot;,&quot;focal_length&quot;:&quot;24&quot;,&quot;iso&quot;:&quot;640&quot;,&quot;shutter_speed&quot;:&quot;0.0025&quot;,&quot;title&quot;:&quot;&quot;,&quot;orientation&quot;:&quot;1&quot;}\" data-image-title=\"SW + marie\u00a6\u00fcs 1\" data-image-description=\"\" data-medium-file=\"https:\/\/i0.wp.com\/www.tendm.net\/wp-content\/uploads\/2018\/10\/SW-marie\u00a6\u00fcs-1.jpg?fit=300%2C200\" data-large-file=\"https:\/\/i0.wp.com\/www.tendm.net\/wp-content\/uploads\/2018\/10\/SW-marie\u00a6\u00fcs-1.jpg?fit=1024%2C683\" src=\"https:\/\/i0.wp.com\/www.tendm.net\/wp-content\/uploads\/2018\/10\/SW-marie\u00a6\u00fcs-1.jpg?w=370&#038;h=246\" srcset=\"https:\/\/i0.wp.com\/www.tendm.net\/wp-content\/uploads\/2018\/10\/SW-marie\u00a6\u00fcs-1.jpg?w=3983 3983w, https:\/\/i0.wp.com\/www.tendm.net\/wp-content\/uploads\/2018\/10\/SW-marie\u00a6\u00fcs-1.jpg?resize=300%2C200 300w, https:\/\/i0.wp.com\/www.tendm.net\/wp-content\/uploads\/2018\/10\/SW-marie\u00a6\u00fcs-1.jpg?resize=768%2C512 768w, https:\/\/i0.wp.com\/www.tendm.net\/wp-content\/uploads\/2018\/10\/SW-marie\u00a6\u00fcs-1.jpg?resize=1024%2C683 1024w, https:\/\/i0.wp.com\/www.tendm.net\/wp-content\/uploads\/2018\/10\/SW-marie\u00a6\u00fcs-1.jpg?w=2280 2280w, https:\/\/i0.wp.com\/www.tendm.net\/wp-content\/uploads\/2018\/10\/SW-marie\u00a6\u00fcs-1.jpg?w=3420 3420w\" width=\"370\" height=\"246\" loading=\"lazy\" data-original-width=\"370\" data-original-height=\"246\" itemprop=\"http:\/\/schema.org\/image\" title=\"SW + marie\u00a6\u00fcs 1\" alt=\"SW + marie\u00a6\u00fcs 1\" style=\"width: 370px; height: 246px;\" \/> <\/a> <\/div> <\/div> <!-- close group --> <\/div> <!-- close row --> <div class=\"gallery-row\" style=\"width: 1140px; height: 325px;\" data-original-width=\"1140\" data-original-height=\"325\" > <div class=\"gallery-group images-1\" style=\"width: 485px; height: 325px;\" data-original-width=\"485\" data-original-height=\"325\" > <div class=\"tiled-gallery-item tiled-gallery-item-large\" itemprop=\"associatedMedia\" itemscope itemtype=\"http:\/\/schema.org\/ImageObject\"> <a href=\"http:\/\/www.tendm.net\/index.php\/granny-smith-by-sarah-william\/trio-cocktail-2\/\" border=\"0\" itemprop=\"url\"> <meta itemprop=\"width\" content=\"481\"> <meta itemprop=\"height\" content=\"321\"> <img loading=\"lazy\" decoding=\"async\" class=\"\" data-attachment-id=\"6670\" data-orig-file=\"http:\/\/www.tendm.net\/wp-content\/uploads\/2018\/10\/TRIO-COCKTAIL-2-.jpg\" data-orig-size=\"2600,1733\" data-comments-opened=\"1\" data-image-meta=\"{&quot;aperture&quot;:&quot;1.8&quot;,&quot;credit&quot;:&quot;&quot;,&quot;camera&quot;:&quot;Canon EOS 5D Mark II&quot;,&quot;caption&quot;:&quot;&quot;,&quot;created_timestamp&quot;:&quot;1440881409&quot;,&quot;copyright&quot;:&quot;&quot;,&quot;focal_length&quot;:&quot;85&quot;,&quot;iso&quot;:&quot;400&quot;,&quot;shutter_speed&quot;:&quot;0.0125&quot;,&quot;title&quot;:&quot;&quot;,&quot;orientation&quot;:&quot;1&quot;}\" data-image-title=\"TRIO COCKTAIL 2\" data-image-description=\"\" data-medium-file=\"https:\/\/i0.wp.com\/www.tendm.net\/wp-content\/uploads\/2018\/10\/TRIO-COCKTAIL-2-.jpg?fit=300%2C200\" data-large-file=\"https:\/\/i0.wp.com\/www.tendm.net\/wp-content\/uploads\/2018\/10\/TRIO-COCKTAIL-2-.jpg?fit=1024%2C683\" src=\"https:\/\/i0.wp.com\/www.tendm.net\/wp-content\/uploads\/2018\/10\/TRIO-COCKTAIL-2-.jpg?w=481&#038;h=321\" srcset=\"https:\/\/i0.wp.com\/www.tendm.net\/wp-content\/uploads\/2018\/10\/TRIO-COCKTAIL-2-.jpg?w=2600 2600w, https:\/\/i0.wp.com\/www.tendm.net\/wp-content\/uploads\/2018\/10\/TRIO-COCKTAIL-2-.jpg?resize=300%2C200 300w, https:\/\/i0.wp.com\/www.tendm.net\/wp-content\/uploads\/2018\/10\/TRIO-COCKTAIL-2-.jpg?resize=768%2C512 768w, https:\/\/i0.wp.com\/www.tendm.net\/wp-content\/uploads\/2018\/10\/TRIO-COCKTAIL-2-.jpg?resize=1024%2C683 1024w, https:\/\/i0.wp.com\/www.tendm.net\/wp-content\/uploads\/2018\/10\/TRIO-COCKTAIL-2-.jpg?w=2280 2280w\" width=\"481\" height=\"321\" loading=\"lazy\" data-original-width=\"481\" data-original-height=\"321\" itemprop=\"http:\/\/schema.org\/image\" title=\"TRIO COCKTAIL 2\" alt=\"TRIO COCKTAIL 2\" style=\"width: 481px; height: 321px;\" \/> <\/a> <\/div> <\/div> <!-- close group --> <div class=\"gallery-group images-1\" style=\"width: 655px; height: 325px;\" data-original-width=\"655\" data-original-height=\"325\" > <div class=\"tiled-gallery-item tiled-gallery-item-large\" itemprop=\"associatedMedia\" itemscope itemtype=\"http:\/\/schema.org\/ImageObject\"> <a href=\"http:\/\/www.tendm.net\/index.php\/granny-smith-by-sarah-william\/trio-cocktail\/\" border=\"0\" itemprop=\"url\"> <meta itemprop=\"width\" content=\"651\"> <meta itemprop=\"height\" content=\"321\"> <img loading=\"lazy\" decoding=\"async\" class=\"\" data-attachment-id=\"6671\" data-orig-file=\"http:\/\/www.tendm.net\/wp-content\/uploads\/2018\/10\/TRIO-COCKTAIL.jpg\" data-orig-size=\"2700,1329\" data-comments-opened=\"1\" data-image-meta=\"{&quot;aperture&quot;:&quot;2.5&quot;,&quot;credit&quot;:&quot;&quot;,&quot;camera&quot;:&quot;Canon EOS 5D Mark II&quot;,&quot;caption&quot;:&quot;&quot;,&quot;created_timestamp&quot;:&quot;1440881551&quot;,&quot;copyright&quot;:&quot;&quot;,&quot;focal_length&quot;:&quot;85&quot;,&quot;iso&quot;:&quot;800&quot;,&quot;shutter_speed&quot;:&quot;0.016666666666667&quot;,&quot;title&quot;:&quot;&quot;,&quot;orientation&quot;:&quot;0&quot;}\" data-image-title=\"TRIO COCKTAIL\" data-image-description=\"\" data-medium-file=\"https:\/\/i0.wp.com\/www.tendm.net\/wp-content\/uploads\/2018\/10\/TRIO-COCKTAIL.jpg?fit=300%2C148\" data-large-file=\"https:\/\/i0.wp.com\/www.tendm.net\/wp-content\/uploads\/2018\/10\/TRIO-COCKTAIL.jpg?fit=1024%2C504\" src=\"https:\/\/i0.wp.com\/www.tendm.net\/wp-content\/uploads\/2018\/10\/TRIO-COCKTAIL.jpg?w=651&#038;h=321\" srcset=\"https:\/\/i0.wp.com\/www.tendm.net\/wp-content\/uploads\/2018\/10\/TRIO-COCKTAIL.jpg?w=2700 2700w, https:\/\/i0.wp.com\/www.tendm.net\/wp-content\/uploads\/2018\/10\/TRIO-COCKTAIL.jpg?resize=300%2C148 300w, https:\/\/i0.wp.com\/www.tendm.net\/wp-content\/uploads\/2018\/10\/TRIO-COCKTAIL.jpg?resize=768%2C378 768w, https:\/\/i0.wp.com\/www.tendm.net\/wp-content\/uploads\/2018\/10\/TRIO-COCKTAIL.jpg?resize=1024%2C504 1024w, https:\/\/i0.wp.com\/www.tendm.net\/wp-content\/uploads\/2018\/10\/TRIO-COCKTAIL.jpg?w=2280 2280w\" width=\"651\" height=\"321\" loading=\"lazy\" data-original-width=\"651\" data-original-height=\"321\" itemprop=\"http:\/\/schema.org\/image\" title=\"TRIO COCKTAIL\" alt=\"TRIO COCKTAIL\" style=\"width: 651px; height: 321px;\" \/> <\/a> <\/div> <\/div> <!-- close group --> <\/div> <!-- close row --> <\/div>\n","protected":false},"excerpt":{"rendered":"<p>\u00ab\u00a0Pour votre c\u00e9r\u00e9monie, Sarah et William forme un duo Piano voix et\/ou Guitare voix et accompagne chaque moment cl\u00e9, avec un r\u00e9pertoire enti\u00e8rement sur mesure.\u00a0\u00bb Pour votre cocktail,\u00a0en Duo, Trio ou Quartet , Sarah et William vous propose un r\u00e9pertoire aux couleurs Pop-Folk. Leur objectif est simple, faire en sorte que toutes les g\u00e9n\u00e9rations\u00a0puissent appr\u00e9cier [&hellip;]<\/p>\n","protected":false},"author":1,"featured_media":6667,"parent":0,"menu_order":0,"comment_status":"closed","ping_status":"closed","template":"","meta":{"footnotes":""},"jetpack_sharing_enabled":true,"jetpack_shortlink":"https:\/\/wp.me\/P70bXT-1Jw","jetpack-related-posts":[],"_links":{"self":[{"href":"http:\/\/www.tendm.net\/index.php\/wp-json\/wp\/v2\/pages\/6666"}],"collection":[{"href":"http:\/\/www.tendm.net\/index.php\/wp-json\/wp\/v2\/pages"}],"about":[{"href":"http:\/\/www.tendm.net\/index.php\/wp-json\/wp\/v2\/types\/page"}],"author":[{"embeddable":true,"href":"http:\/\/www.tendm.net\/index.php\/wp-json\/wp\/v2\/users\/1"}],"replies":[{"embeddable":true,"href":"http:\/\/www.tendm.net\/index.php\/wp-json\/wp\/v2\/comments?post=6666"}],"version-history":[{"count":1,"href":"http:\/\/www.tendm.net\/index.php\/wp-json\/wp\/v2\/pages\/6666\/revisions"}],"predecessor-version":[{"id":6672,"href":"http:\/\/www.tendm.net\/index.php\/wp-json\/wp\/v2\/pages\/6666\/revisions\/6672"}],"wp:featuredmedia":[{"embeddable":true,"href":"http:\/\/www.tendm.net\/index.php\/wp-json\/wp\/v2\/media\/6667"}],"wp:attachment":[{"href":"http:\/\/www.tendm.net\/index.php\/wp-json\/wp\/v2\/media?parent=6666"}],"curies":[{"name":"wp","href":"https:\/\/api.w.org\/{rel}","templated":true}]}}