{"id":6685,"date":"2018-10-05T16:11:47","date_gmt":"2018-10-05T15:11:47","guid":{"rendered":"http:\/\/www.tendm.net\/?page_id=6685"},"modified":"2018-10-05T16:11:47","modified_gmt":"2018-10-05T15:11:47","slug":"les-ateliers-dalienor","status":"publish","type":"page","link":"http:\/\/www.tendm.net\/index.php\/les-ateliers-dalienor\/","title":{"rendered":"Les Ateliers d&rsquo;Ali\u00e9nor"},"content":{"rendered":"<h1 style=\"text-align: center;\"><span style=\"color: #808080;\">\u00ab\u00a0Ateliers de cr\u00e9ation et fabrication de bijoux.\u00a0\u00bb<\/span><\/h1>\n<p>Le but est de donner un sens et de la valeur aux bijoux en proposant aux clients de venir recycler, cr\u00e9er et fabriquer leurs propres bijoux. Les rendant uniques et pr\u00e9cieux.<\/p>\n<p>Je suis artisan bijouti\u00e8re joailli\u00e8re, passionn\u00e9e par mon m\u00e9tier. L\u2019id\u00e9e est de transmettre mon savoir faire. \u00catre \u00e0 l\u2019\u00e9coute de mes clients, les accompagner et les initier \u00e0 mon m\u00e9tier.<\/p>\n<p>Par exemple\u00a0: Proposer aux futurs mari\u00e9s de fabriquer eux m\u00eame leurs alliances. Chacun fa\u00e7onne l\u2019alliance de l\u2019autre. Pour rendre cet anneau unique et avec une valeur sentimentale forte (accentu\u00e9e si on refond des bijoux de famille).<\/p>\n<p>Le bijou est en aucun cas n\u00e9cessaire. Fabriquer sois m\u00eame permet aussi de ne pas culpabiliser de se faire plaisir\u00a0! Et de porter fi\u00e8rement sa cr\u00e9ation comme un gri gri porte bonheur<\/p>\n<p>C\u2019est pour voir ces sourires et regards fiers que je fais ce m\u00e9tier. Toutes les mati\u00e8res sont utilisables, du papier au formica en passant par l\u2019argent ou l\u2019or.<\/p>\n<p style=\"text-align: center;\"><span style=\"color: #808080;\"><strong>Contact :<br \/>\nLes Ateliers d&rsquo;Ali\u00e9nor<\/strong><\/span><br \/>\n<span style=\"color: #808080;\">2 cours Evrard de Fayolle <\/span><br \/>\n<span style=\"color: #808080;\">33000 Bordeaux<\/span><br \/>\n<span style=\"color: #808080;\">06 66 91 35 40<\/span><br \/>\n<span style=\"color: #808080;\"><a style=\"color: #808080;\" href=\"https:\/\/www.lesateliersdalienor.com\/\">www.lesateliersdalienor.com<br \/>\n<\/a><a style=\"color: #808080;\" href=\"mailto:Lesateliersdalienor.bordeaux@gmail.com\">Lesateliersdalienor.bordeaux@gmail.com<\/a><\/span><br \/>\n<span style=\"color: #808080;\"><a style=\"color: #808080;\" href=\"https:\/\/www.facebook.com\/Atelier2B\/\">Facebook<br \/>\n<\/a><a style=\"color: #808080;\" href=\"https:\/\/twitter.com\/Atelier2_B\">Twitter<br \/>\n<\/a><a style=\"color: #808080;\" href=\"https:\/\/www.instagram.com\/atelier2b\/\">Instagram<br \/>\n<\/a><a style=\"color: #808080;\" href=\"https:\/\/fr.pinterest.com\/atelier2btls\/\">Pinterest<\/a><\/span><\/p>\n<p>&nbsp;<\/p>\n","protected":false},"excerpt":{"rendered":"<p>\u00ab\u00a0Ateliers de cr\u00e9ation et fabrication de bijoux.\u00a0\u00bb Le but est de donner un sens et de la valeur aux bijoux en proposant aux clients de venir recycler, cr\u00e9er et fabriquer leurs propres bijoux. Les rendant uniques et pr\u00e9cieux. Je suis artisan bijouti\u00e8re joailli\u00e8re, passionn\u00e9e par mon m\u00e9tier. L\u2019id\u00e9e est de transmettre mon savoir faire. \u00catre [&hellip;]<\/p>\n","protected":false},"author":1,"featured_media":0,"parent":0,"menu_order":0,"comment_status":"closed","ping_status":"closed","template":"","meta":{"footnotes":""},"jetpack_sharing_enabled":true,"jetpack_shortlink":"https:\/\/wp.me\/P70bXT-1JP","jetpack-related-posts":[],"_links":{"self":[{"href":"http:\/\/www.tendm.net\/index.php\/wp-json\/wp\/v2\/pages\/6685"}],"collection":[{"href":"http:\/\/www.tendm.net\/index.php\/wp-json\/wp\/v2\/pages"}],"about":[{"href":"http:\/\/www.tendm.net\/index.php\/wp-json\/wp\/v2\/types\/page"}],"author":[{"embeddable":true,"href":"http:\/\/www.tendm.net\/index.php\/wp-json\/wp\/v2\/users\/1"}],"replies":[{"embeddable":true,"href":"http:\/\/www.tendm.net\/index.php\/wp-json\/wp\/v2\/comments?post=6685"}],"version-history":[{"count":1,"href":"http:\/\/www.tendm.net\/index.php\/wp-json\/wp\/v2\/pages\/6685\/revisions"}],"predecessor-version":[{"id":6688,"href":"http:\/\/www.tendm.net\/index.php\/wp-json\/wp\/v2\/pages\/6685\/revisions\/6688"}],"wp:attachment":[{"href":"http:\/\/www.tendm.net\/index.php\/wp-json\/wp\/v2\/media?parent=6685"}],"curies":[{"name":"wp","href":"https:\/\/api.w.org\/{rel}","templated":true}]}}