{"id":6746,"date":"2018-10-15T14:06:06","date_gmt":"2018-10-15T13:06:06","guid":{"rendered":"http:\/\/www.tendm.net\/?page_id=6746"},"modified":"2018-10-15T14:15:54","modified_gmt":"2018-10-15T13:15:54","slug":"vos-supports-de-communication-2","status":"publish","type":"page","link":"http:\/\/www.tendm.net\/index.php\/vos-supports-de-communication-2\/","title":{"rendered":"Vos supports de communication"},"content":{"rendered":"<p>&nbsp;<\/p>\n\n<!-- G\u00e9n\u00e9ration r\u00e9alis\u00e9e avec Document Gallery. Obtenez votre version ici :http:\/\/wordpress.org\/extend\/plugins\/document-gallery -->\n<div id=\"document-gallery-1\" class=\"document-gallery\" data-shortcode='{\"id\":6746,\"include\":\"6747,6748,6750\",\"exclude\":\"\",\"attachment_pg\":false,\"columns\":4,\"descriptions\":false,\"fancy\":true,\"limit\":0,\"mime_types\":\"application,video,text,audio,image\",\"new_window\":false,\"order\":\"ASC\",\"orderby\":\"post__in\",\"paginate\":true,\"post_status\":\"any\",\"post_type\":\"attachment\",\"relation\":\"AND\",\"skip\":0}' data-icon-width='24'>\n<div class='document-icon-row'>\n   <div class=\"document-icon\">\n      <a href=\"https:\/\/i0.wp.com\/www.tendm.net\/wp-content\/uploads\/2018\/10\/COUV-FB19.jpg\" target=\"_self\">\n         <img decoding=\"async\" src=\"https:\/\/i0.wp.com\/www.tendm.net\/wp-content\/uploads\/2018\/10\/COUV-FB19.jpg?fit=200%2C78\" title=\"COUV FB19\" alt=\"COUV FB19\" data-ext=\"jpg\"\/>\n         <span class=\"title\">COUV FB19<\/span>\n      <\/a>\n   <\/div>\n   <div class=\"document-icon\">\n      <a href=\"https:\/\/i0.wp.com\/www.tendm.net\/wp-content\/uploads\/2018\/10\/FB-EVENT-19.jpg\" target=\"_self\">\n         <img decoding=\"async\" src=\"https:\/\/i0.wp.com\/www.tendm.net\/wp-content\/uploads\/2018\/10\/FB-EVENT-19.jpg?fit=200%2C114\" title=\"FB EVENT 19\" alt=\"FB EVENT 19\" data-ext=\"jpg\"\/>\n         <span class=\"title\">FB EVENT 19<\/span>\n      <\/a>\n   <\/div>\n   <div class=\"document-icon\">\n      <a href=\"https:\/\/i0.wp.com\/www.tendm.net\/wp-content\/uploads\/2018\/10\/TENDM-TOULOUSE.jpg\" target=\"_self\">\n         <img decoding=\"async\" src=\"https:\/\/i0.wp.com\/www.tendm.net\/wp-content\/uploads\/2018\/10\/TENDM-TOULOUSE.jpg?fit=200%2C200\" title=\"TENDM TOULOUSE\" alt=\"TENDM TOULOUSE\" data-ext=\"jpg\"\/>\n         <span class=\"title\">TENDM TOULOUSE<\/span>\n      <\/a>\n   <\/div>\n\n<\/div>\n<\/div>\n","protected":false},"excerpt":{"rendered":"<p>&nbsp;<\/p>\n","protected":false},"author":1,"featured_media":0,"parent":0,"menu_order":0,"comment_status":"closed","ping_status":"closed","template":"","meta":{"footnotes":""},"jetpack_sharing_enabled":true,"jetpack_shortlink":"https:\/\/wp.me\/P70bXT-1KO","jetpack-related-posts":[],"_links":{"self":[{"href":"http:\/\/www.tendm.net\/index.php\/wp-json\/wp\/v2\/pages\/6746"}],"collection":[{"href":"http:\/\/www.tendm.net\/index.php\/wp-json\/wp\/v2\/pages"}],"about":[{"href":"http:\/\/www.tendm.net\/index.php\/wp-json\/wp\/v2\/types\/page"}],"author":[{"embeddable":true,"href":"http:\/\/www.tendm.net\/index.php\/wp-json\/wp\/v2\/users\/1"}],"replies":[{"embeddable":true,"href":"http:\/\/www.tendm.net\/index.php\/wp-json\/wp\/v2\/comments?post=6746"}],"version-history":[{"count":1,"href":"http:\/\/www.tendm.net\/index.php\/wp-json\/wp\/v2\/pages\/6746\/revisions"}],"predecessor-version":[{"id":6751,"href":"http:\/\/www.tendm.net\/index.php\/wp-json\/wp\/v2\/pages\/6746\/revisions\/6751"}],"wp:attachment":[{"href":"http:\/\/www.tendm.net\/index.php\/wp-json\/wp\/v2\/media?parent=6746"}],"curies":[{"name":"wp","href":"https:\/\/api.w.org\/{rel}","templated":true}]}}