{"id":6765,"date":"2018-10-19T13:27:45","date_gmt":"2018-10-19T12:27:45","guid":{"rendered":"http:\/\/www.tendm.net\/?page_id=6765"},"modified":"2018-10-19T13:36:21","modified_gmt":"2018-10-19T12:36:21","slug":"douro-delices","status":"publish","type":"page","link":"http:\/\/www.tendm.net\/index.php\/douro-delices\/","title":{"rendered":"Douro D\u00e9lices"},"content":{"rendered":"<h2 class=\"Contenudecadre\" style=\"text-align: center;\"><span style=\"color: #808080;\">\u00ab\u00a0Douro d\u00e9lices est avant tout l\u2019histoire de deux s\u0153urs qui veulent faire partager l\u2019huile d\u2019olive de leur enfance.\u00a0\u00bb<\/span><\/h2>\n<p class=\"Contenudecadre\"><span style=\"color: black;\">Une huile d\u2019olive authentique aux saveurs uniques, issue du Portugal, de la vall\u00e9e du Douro inscrite au patrimoine mondial de l\u2019Unesco.<\/span><\/p>\n<p class=\"Contenudecadre\"><span style=\"color: black;\">Les mini bouteilles Douro d\u00e9lices inviteront vos convives<\/span><\/p>\n<p class=\"Contenudecadre\"><span style=\"color: black;\">au voyage et \u00e0 la gourmandise. <\/span><\/p>\n<p class=\"Contenudecadre\"><span style=\"color: black;\">Une attention empreinte de symbole qui magnifiera vos tables de f\u00eates et laissera un souvenir pr\u00e9cieux. Les mini bouteilles Douro d\u00e9lices s\u2019adapteront parfaitement \u00e0 vos th\u00e8mes , elles sont enti\u00e8rement personnalisables *<\/span><\/p>\n<p class=\"Contenudecadre\"><span style=\"color: black;\">*choix des textes (pr\u00e9noms, date), typographie, mod\u00e8le \u00e9tiquette, couleur du lien, type de bouteille&#8230;<\/span><\/p>\n<p class=\"Contenudecadre\"><span style=\"color: black;\">Nos valeurs\u00a0: l\u2019authenticit\u00e9, la gourmandise et le partage<\/span><\/p>\n<p><strong>Services propos\u00e9s\u00a0: <\/strong><\/p>\n<p>&#8211; un cadeau unique, sain et personnalis\u00e9, pr\u00eat \u00e0 \u00eatre dress\u00e9 sur vos tables de f\u00eate,<\/p>\n<p>&#8211; de l\u2019huile d\u2019olive extra vierge made in Portugal,<\/p>\n<p>&#8211; des mini bouteilles en verre de qualit\u00e9 made in France,<\/p>\n<p>&#8211; la possibilit\u00e9 d\u2019associer cette huile d\u2019olive \u00e0 l\u2019un de vos mets,<\/p>\n<p>&#8211; devis personnalis\u00e9 gratuit<\/p>\n<p>Douro d\u00e9lices, une saveur intemporelle pour des \u00e9v\u00e9nements \u00e0 votre image,<\/p>\n<p>L\u2019esprit de famille \u00e0 votre service<\/p>\n<p style=\"text-align: center;\"><strong>Douro D\u00e9lices<\/strong><br \/>\nLa Balatie<br \/>\n46100 FIGEAC<br \/>\n06 85 76 28 64<br \/>\n<strong><a href=\"http:\/\/www.dourodelices.com\">www.dourodelices.com<\/a><br \/>\n<\/strong><strong><a href=\"mailto:contact@dourodelices.com\">contact@dourodelices.com<\/a>\u00a0<\/strong><br \/>\n<strong><a href=\"https:\/\/www.facebook.com\/douro.delices.1\">Facebook<\/a><br \/>\n<\/strong><strong><a href=\"https:\/\/www.instagram.com\/douro_delices\/?hl=fr\">Instagram<\/a>\u00a0<\/strong><\/p>\n<div class=\"tiled-gallery type-rectangular tiled-gallery-unresized\" data-original-width=\"1140\" data-carousel-extra='{&quot;blog_id&quot;:1,&quot;permalink&quot;:&quot;http:\\\/\\\/www.tendm.net\\\/index.php\\\/douro-delices\\\/&quot;,&quot;likes_blog_id&quot;:103480349}' itemscope itemtype=\"http:\/\/schema.org\/ImageGallery\" > <div class=\"gallery-row\" style=\"width: 1140px; height: 918px;\" data-original-width=\"1140\" data-original-height=\"918\" > <div class=\"gallery-group images-1\" style=\"width: 690px; height: 918px;\" data-original-width=\"690\" data-original-height=\"918\" > <div class=\"tiled-gallery-item tiled-gallery-item-large\" itemprop=\"associatedMedia\" itemscope itemtype=\"http:\/\/schema.org\/ImageObject\"> <a href=\"http:\/\/www.tendm.net\/index.php\/douro-delices\/photo-1-min\/\" border=\"0\" itemprop=\"url\"> <meta itemprop=\"width\" content=\"686\"> <meta itemprop=\"height\" content=\"914\"> <img loading=\"lazy\" decoding=\"async\" class=\"\" data-attachment-id=\"6768\" data-orig-file=\"http:\/\/www.tendm.net\/wp-content\/uploads\/2018\/10\/photo-1-min.jpg\" data-orig-size=\"880,1173\" data-comments-opened=\"1\" data-image-meta=\"{&quot;aperture&quot;:&quot;0&quot;,&quot;credit&quot;:&quot;&quot;,&quot;camera&quot;:&quot;&quot;,&quot;caption&quot;:&quot;&quot;,&quot;created_timestamp&quot;:&quot;0&quot;,&quot;copyright&quot;:&quot;&quot;,&quot;focal_length&quot;:&quot;0&quot;,&quot;iso&quot;:&quot;0&quot;,&quot;shutter_speed&quot;:&quot;0&quot;,&quot;title&quot;:&quot;&quot;,&quot;orientation&quot;:&quot;0&quot;}\" data-image-title=\"photo 1-min\" data-image-description=\"\" data-medium-file=\"https:\/\/i0.wp.com\/www.tendm.net\/wp-content\/uploads\/2018\/10\/photo-1-min.jpg?fit=225%2C300\" data-large-file=\"https:\/\/i0.wp.com\/www.tendm.net\/wp-content\/uploads\/2018\/10\/photo-1-min.jpg?fit=768%2C1024\" src=\"https:\/\/i0.wp.com\/www.tendm.net\/wp-content\/uploads\/2018\/10\/photo-1-min.jpg?w=686&#038;h=914\" srcset=\"https:\/\/i0.wp.com\/www.tendm.net\/wp-content\/uploads\/2018\/10\/photo-1-min.jpg?w=880 880w, https:\/\/i0.wp.com\/www.tendm.net\/wp-content\/uploads\/2018\/10\/photo-1-min.jpg?resize=225%2C300 225w, https:\/\/i0.wp.com\/www.tendm.net\/wp-content\/uploads\/2018\/10\/photo-1-min.jpg?resize=768%2C1024 768w\" width=\"686\" height=\"914\" loading=\"lazy\" data-original-width=\"686\" data-original-height=\"914\" itemprop=\"http:\/\/schema.org\/image\" title=\"photo 1-min\" alt=\"photo 1-min\" style=\"width: 686px; height: 914px;\" \/> <\/a> <\/div> <\/div> <!-- close group --> <div class=\"gallery-group images-3\" style=\"width: 450px; height: 918px;\" data-original-width=\"450\" data-original-height=\"918\" > <div class=\"tiled-gallery-item tiled-gallery-item-large\" itemprop=\"associatedMedia\" itemscope itemtype=\"http:\/\/schema.org\/ImageObject\"> <a href=\"http:\/\/www.tendm.net\/index.php\/douro-delices\/photo-2-copie-jpg-2\/\" border=\"0\" itemprop=\"url\"> <meta itemprop=\"width\" content=\"446\"> <meta itemprop=\"height\" content=\"297\"> <img loading=\"lazy\" decoding=\"async\" class=\"\" data-attachment-id=\"6769\" data-orig-file=\"http:\/\/www.tendm.net\/wp-content\/uploads\/2018\/10\/photo-2-Copie.jpg-2.jpg\" data-orig-size=\"1732,1154\" data-comments-opened=\"1\" data-image-meta=\"{&quot;aperture&quot;:&quot;0&quot;,&quot;credit&quot;:&quot;&quot;,&quot;camera&quot;:&quot;&quot;,&quot;caption&quot;:&quot;&quot;,&quot;created_timestamp&quot;:&quot;1526335724&quot;,&quot;copyright&quot;:&quot;&quot;,&quot;focal_length&quot;:&quot;0&quot;,&quot;iso&quot;:&quot;0&quot;,&quot;shutter_speed&quot;:&quot;0&quot;,&quot;title&quot;:&quot;&quot;,&quot;orientation&quot;:&quot;1&quot;}\" data-image-title=\"photo 2 &#8211; Copie.jpg 2\" data-image-description=\"\" data-medium-file=\"https:\/\/i0.wp.com\/www.tendm.net\/wp-content\/uploads\/2018\/10\/photo-2-Copie.jpg-2.jpg?fit=300%2C200\" data-large-file=\"https:\/\/i0.wp.com\/www.tendm.net\/wp-content\/uploads\/2018\/10\/photo-2-Copie.jpg-2.jpg?fit=1024%2C682\" src=\"https:\/\/i0.wp.com\/www.tendm.net\/wp-content\/uploads\/2018\/10\/photo-2-Copie.jpg-2.jpg?w=446&#038;h=297\" srcset=\"https:\/\/i0.wp.com\/www.tendm.net\/wp-content\/uploads\/2018\/10\/photo-2-Copie.jpg-2.jpg?w=1732 1732w, https:\/\/i0.wp.com\/www.tendm.net\/wp-content\/uploads\/2018\/10\/photo-2-Copie.jpg-2.jpg?resize=300%2C200 300w, https:\/\/i0.wp.com\/www.tendm.net\/wp-content\/uploads\/2018\/10\/photo-2-Copie.jpg-2.jpg?resize=768%2C512 768w, https:\/\/i0.wp.com\/www.tendm.net\/wp-content\/uploads\/2018\/10\/photo-2-Copie.jpg-2.jpg?resize=1024%2C682 1024w\" width=\"446\" height=\"297\" loading=\"lazy\" data-original-width=\"446\" data-original-height=\"297\" itemprop=\"http:\/\/schema.org\/image\" title=\"photo 2 - Copie.jpg 2\" alt=\"photo 2 - Copie.jpg 2\" style=\"width: 446px; height: 297px;\" \/> <\/a> <\/div> <div class=\"tiled-gallery-item tiled-gallery-item-large\" itemprop=\"associatedMedia\" itemscope itemtype=\"http:\/\/schema.org\/ImageObject\"> <a href=\"http:\/\/www.tendm.net\/index.php\/douro-delices\/photo-3-copie-jpg3\/\" border=\"0\" itemprop=\"url\"> <meta itemprop=\"width\" content=\"446\"> <meta itemprop=\"height\" content=\"297\"> <img loading=\"lazy\" decoding=\"async\" class=\"\" data-attachment-id=\"6770\" data-orig-file=\"http:\/\/www.tendm.net\/wp-content\/uploads\/2018\/10\/photo-3-Copie.jpg3_.jpg\" data-orig-size=\"1732,1154\" data-comments-opened=\"1\" data-image-meta=\"{&quot;aperture&quot;:&quot;0&quot;,&quot;credit&quot;:&quot;&quot;,&quot;camera&quot;:&quot;&quot;,&quot;caption&quot;:&quot;&quot;,&quot;created_timestamp&quot;:&quot;1525806130&quot;,&quot;copyright&quot;:&quot;&quot;,&quot;focal_length&quot;:&quot;0&quot;,&quot;iso&quot;:&quot;0&quot;,&quot;shutter_speed&quot;:&quot;0&quot;,&quot;title&quot;:&quot;&quot;,&quot;orientation&quot;:&quot;1&quot;}\" data-image-title=\"photo 3 &#8211; Copie.jpg3\" data-image-description=\"\" data-medium-file=\"https:\/\/i0.wp.com\/www.tendm.net\/wp-content\/uploads\/2018\/10\/photo-3-Copie.jpg3_.jpg?fit=300%2C200\" data-large-file=\"https:\/\/i0.wp.com\/www.tendm.net\/wp-content\/uploads\/2018\/10\/photo-3-Copie.jpg3_.jpg?fit=1024%2C682\" src=\"https:\/\/i0.wp.com\/www.tendm.net\/wp-content\/uploads\/2018\/10\/photo-3-Copie.jpg3_.jpg?w=446&#038;h=297\" srcset=\"https:\/\/i0.wp.com\/www.tendm.net\/wp-content\/uploads\/2018\/10\/photo-3-Copie.jpg3_.jpg?w=1732 1732w, https:\/\/i0.wp.com\/www.tendm.net\/wp-content\/uploads\/2018\/10\/photo-3-Copie.jpg3_.jpg?resize=300%2C200 300w, https:\/\/i0.wp.com\/www.tendm.net\/wp-content\/uploads\/2018\/10\/photo-3-Copie.jpg3_.jpg?resize=768%2C512 768w, https:\/\/i0.wp.com\/www.tendm.net\/wp-content\/uploads\/2018\/10\/photo-3-Copie.jpg3_.jpg?resize=1024%2C682 1024w\" width=\"446\" height=\"297\" loading=\"lazy\" data-original-width=\"446\" data-original-height=\"297\" itemprop=\"http:\/\/schema.org\/image\" title=\"photo 3 - Copie.jpg3\" alt=\"photo 3 - Copie.jpg3\" style=\"width: 446px; height: 297px;\" \/> <\/a> <\/div> <div class=\"tiled-gallery-item tiled-gallery-item-large\" itemprop=\"associatedMedia\" itemscope itemtype=\"http:\/\/schema.org\/ImageObject\"> <a href=\"http:\/\/www.tendm.net\/index.php\/douro-delices\/photo-4-png4\/\" border=\"0\" itemprop=\"url\"> <meta itemprop=\"width\" content=\"446\"> <meta itemprop=\"height\" content=\"312\"> <img loading=\"lazy\" decoding=\"async\" class=\"\" data-attachment-id=\"6771\" data-orig-file=\"http:\/\/www.tendm.net\/wp-content\/uploads\/2018\/10\/photo-4.png4_.jpg\" data-orig-size=\"1692,1181\" data-comments-opened=\"1\" data-image-meta=\"{&quot;aperture&quot;:&quot;0&quot;,&quot;credit&quot;:&quot;&quot;,&quot;camera&quot;:&quot;&quot;,&quot;caption&quot;:&quot;&quot;,&quot;created_timestamp&quot;:&quot;&quot;,&quot;copyright&quot;:&quot;&quot;,&quot;focal_length&quot;:&quot;0&quot;,&quot;iso&quot;:&quot;0&quot;,&quot;shutter_speed&quot;:&quot;0&quot;,&quot;title&quot;:&quot;&quot;,&quot;orientation&quot;:&quot;0&quot;}\" data-image-title=\"photo 4.png4\" data-image-description=\"\" data-medium-file=\"https:\/\/i0.wp.com\/www.tendm.net\/wp-content\/uploads\/2018\/10\/photo-4.png4_.jpg?fit=300%2C209\" data-large-file=\"https:\/\/i0.wp.com\/www.tendm.net\/wp-content\/uploads\/2018\/10\/photo-4.png4_.jpg?fit=1024%2C715\" src=\"https:\/\/i0.wp.com\/www.tendm.net\/wp-content\/uploads\/2018\/10\/photo-4.png4_.jpg?w=446&#038;h=312\" srcset=\"https:\/\/i0.wp.com\/www.tendm.net\/wp-content\/uploads\/2018\/10\/photo-4.png4_.jpg?w=1692 1692w, https:\/\/i0.wp.com\/www.tendm.net\/wp-content\/uploads\/2018\/10\/photo-4.png4_.jpg?resize=300%2C209 300w, https:\/\/i0.wp.com\/www.tendm.net\/wp-content\/uploads\/2018\/10\/photo-4.png4_.jpg?resize=768%2C536 768w, https:\/\/i0.wp.com\/www.tendm.net\/wp-content\/uploads\/2018\/10\/photo-4.png4_.jpg?resize=1024%2C715 1024w\" width=\"446\" height=\"312\" loading=\"lazy\" data-original-width=\"446\" data-original-height=\"312\" itemprop=\"http:\/\/schema.org\/image\" title=\"photo 4.png4\" alt=\"photo 4.png4\" style=\"width: 446px; height: 312px;\" \/> <\/a> <\/div> <\/div> <!-- close group --> <\/div> <!-- close row --> <div class=\"gallery-row\" style=\"width: 1140px; height: 267px;\" data-original-width=\"1140\" data-original-height=\"267\" > <div class=\"gallery-group images-1\" style=\"width: 562px; height: 267px;\" data-original-width=\"562\" data-original-height=\"267\" > <div class=\"tiled-gallery-item tiled-gallery-item-large\" itemprop=\"associatedMedia\" itemscope itemtype=\"http:\/\/schema.org\/ImageObject\"> <a href=\"http:\/\/www.tendm.net\/index.php\/douro-delices\/photo-5-3\/\" border=\"0\" itemprop=\"url\"> <meta itemprop=\"width\" content=\"558\"> <meta itemprop=\"height\" content=\"263\"> <img loading=\"lazy\" decoding=\"async\" class=\"\" data-attachment-id=\"6772\" data-orig-file=\"http:\/\/www.tendm.net\/wp-content\/uploads\/2018\/10\/photo-5-1.jpg\" data-orig-size=\"2000,942\" data-comments-opened=\"1\" data-image-meta=\"{&quot;aperture&quot;:&quot;0&quot;,&quot;credit&quot;:&quot;Chris-Spike&quot;,&quot;camera&quot;:&quot;&quot;,&quot;caption&quot;:&quot;&quot;,&quot;created_timestamp&quot;:&quot;0&quot;,&quot;copyright&quot;:&quot;&quot;,&quot;focal_length&quot;:&quot;0&quot;,&quot;iso&quot;:&quot;0&quot;,&quot;shutter_speed&quot;:&quot;0&quot;,&quot;title&quot;:&quot;&quot;,&quot;orientation&quot;:&quot;1&quot;}\" data-image-title=\"photo 5\" data-image-description=\"\" data-medium-file=\"https:\/\/i0.wp.com\/www.tendm.net\/wp-content\/uploads\/2018\/10\/photo-5-1.jpg?fit=300%2C141\" data-large-file=\"https:\/\/i0.wp.com\/www.tendm.net\/wp-content\/uploads\/2018\/10\/photo-5-1.jpg?fit=1024%2C482\" src=\"https:\/\/i0.wp.com\/www.tendm.net\/wp-content\/uploads\/2018\/10\/photo-5-1.jpg?w=558&#038;h=263\" srcset=\"https:\/\/i0.wp.com\/www.tendm.net\/wp-content\/uploads\/2018\/10\/photo-5-1.jpg?w=2000 2000w, https:\/\/i0.wp.com\/www.tendm.net\/wp-content\/uploads\/2018\/10\/photo-5-1.jpg?resize=300%2C141 300w, https:\/\/i0.wp.com\/www.tendm.net\/wp-content\/uploads\/2018\/10\/photo-5-1.jpg?resize=768%2C362 768w, https:\/\/i0.wp.com\/www.tendm.net\/wp-content\/uploads\/2018\/10\/photo-5-1.jpg?resize=1024%2C482 1024w\" width=\"558\" height=\"263\" loading=\"lazy\" data-original-width=\"558\" data-original-height=\"263\" itemprop=\"http:\/\/schema.org\/image\" title=\"photo 5\" alt=\"photo 5\" style=\"width: 558px; height: 263px;\" \/> <\/a> <\/div> <\/div> <!-- close group --> <div class=\"gallery-group images-1\" style=\"width: 399px; height: 267px;\" data-original-width=\"399\" data-original-height=\"267\" > <div class=\"tiled-gallery-item tiled-gallery-item-large\" itemprop=\"associatedMedia\" itemscope itemtype=\"http:\/\/schema.org\/ImageObject\"> <a href=\"http:\/\/www.tendm.net\/index.php\/douro-delices\/photo-6-jpg6\/\" border=\"0\" itemprop=\"url\"> <meta itemprop=\"width\" content=\"395\"> <meta itemprop=\"height\" content=\"263\"> <img loading=\"lazy\" decoding=\"async\" class=\"\" data-attachment-id=\"6773\" data-orig-file=\"http:\/\/www.tendm.net\/wp-content\/uploads\/2018\/10\/photo-6.jpg6_.jpg\" data-orig-size=\"1732,1154\" data-comments-opened=\"1\" data-image-meta=\"{&quot;aperture&quot;:&quot;0&quot;,&quot;credit&quot;:&quot;&quot;,&quot;camera&quot;:&quot;&quot;,&quot;caption&quot;:&quot;&quot;,&quot;created_timestamp&quot;:&quot;1526580495&quot;,&quot;copyright&quot;:&quot;&quot;,&quot;focal_length&quot;:&quot;0&quot;,&quot;iso&quot;:&quot;0&quot;,&quot;shutter_speed&quot;:&quot;0&quot;,&quot;title&quot;:&quot;&quot;,&quot;orientation&quot;:&quot;1&quot;}\" data-image-title=\"photo 6.jpg6\" data-image-description=\"\" data-medium-file=\"https:\/\/i0.wp.com\/www.tendm.net\/wp-content\/uploads\/2018\/10\/photo-6.jpg6_.jpg?fit=300%2C200\" data-large-file=\"https:\/\/i0.wp.com\/www.tendm.net\/wp-content\/uploads\/2018\/10\/photo-6.jpg6_.jpg?fit=1024%2C682\" src=\"https:\/\/i0.wp.com\/www.tendm.net\/wp-content\/uploads\/2018\/10\/photo-6.jpg6_.jpg?w=395&#038;h=263\" srcset=\"https:\/\/i0.wp.com\/www.tendm.net\/wp-content\/uploads\/2018\/10\/photo-6.jpg6_.jpg?w=1732 1732w, https:\/\/i0.wp.com\/www.tendm.net\/wp-content\/uploads\/2018\/10\/photo-6.jpg6_.jpg?resize=300%2C200 300w, https:\/\/i0.wp.com\/www.tendm.net\/wp-content\/uploads\/2018\/10\/photo-6.jpg6_.jpg?resize=768%2C512 768w, https:\/\/i0.wp.com\/www.tendm.net\/wp-content\/uploads\/2018\/10\/photo-6.jpg6_.jpg?resize=1024%2C682 1024w\" width=\"395\" height=\"263\" loading=\"lazy\" data-original-width=\"395\" data-original-height=\"263\" itemprop=\"http:\/\/schema.org\/image\" title=\"photo 6.jpg6\" alt=\"photo 6.jpg6\" style=\"width: 395px; height: 263px;\" \/> <\/a> <\/div> <\/div> <!-- close group --> <div class=\"gallery-group images-1\" style=\"width: 179px; height: 267px;\" data-original-width=\"179\" data-original-height=\"267\" > <div class=\"tiled-gallery-item tiled-gallery-item-small\" itemprop=\"associatedMedia\" itemscope itemtype=\"http:\/\/schema.org\/ImageObject\"> <a href=\"http:\/\/www.tendm.net\/index.php\/douro-delices\/photominibbapteme-jpg-1\/\" border=\"0\" itemprop=\"url\"> <meta itemprop=\"width\" content=\"175\"> <meta itemprop=\"height\" content=\"263\"> <img loading=\"lazy\" decoding=\"async\" class=\"\" data-attachment-id=\"6774\" data-orig-file=\"http:\/\/www.tendm.net\/wp-content\/uploads\/2018\/10\/photominibbapteme.JPG-1.jpg\" data-orig-size=\"1154,1732\" data-comments-opened=\"1\" data-image-meta=\"{&quot;aperture&quot;:&quot;0&quot;,&quot;credit&quot;:&quot;&quot;,&quot;camera&quot;:&quot;&quot;,&quot;caption&quot;:&quot;&quot;,&quot;created_timestamp&quot;:&quot;1537390402&quot;,&quot;copyright&quot;:&quot;&quot;,&quot;focal_length&quot;:&quot;0&quot;,&quot;iso&quot;:&quot;0&quot;,&quot;shutter_speed&quot;:&quot;0&quot;,&quot;title&quot;:&quot;&quot;,&quot;orientation&quot;:&quot;1&quot;}\" data-image-title=\"photominibbapteme.JPG 1\" data-image-description=\"\" data-medium-file=\"https:\/\/i0.wp.com\/www.tendm.net\/wp-content\/uploads\/2018\/10\/photominibbapteme.JPG-1.jpg?fit=200%2C300\" data-large-file=\"https:\/\/i0.wp.com\/www.tendm.net\/wp-content\/uploads\/2018\/10\/photominibbapteme.JPG-1.jpg?fit=682%2C1024\" src=\"https:\/\/i0.wp.com\/www.tendm.net\/wp-content\/uploads\/2018\/10\/photominibbapteme.JPG-1.jpg?w=175&#038;h=263\" srcset=\"https:\/\/i0.wp.com\/www.tendm.net\/wp-content\/uploads\/2018\/10\/photominibbapteme.JPG-1.jpg?w=1154 1154w, https:\/\/i0.wp.com\/www.tendm.net\/wp-content\/uploads\/2018\/10\/photominibbapteme.JPG-1.jpg?resize=200%2C300 200w, https:\/\/i0.wp.com\/www.tendm.net\/wp-content\/uploads\/2018\/10\/photominibbapteme.JPG-1.jpg?resize=768%2C1153 768w, https:\/\/i0.wp.com\/www.tendm.net\/wp-content\/uploads\/2018\/10\/photominibbapteme.JPG-1.jpg?resize=682%2C1024 682w\" width=\"175\" height=\"263\" loading=\"lazy\" data-original-width=\"175\" data-original-height=\"263\" itemprop=\"http:\/\/schema.org\/image\" title=\"photominibbapteme.JPG 1\" alt=\"photominibbapteme.JPG 1\" style=\"width: 175px; height: 263px;\" \/> <\/a> <\/div> <\/div> <!-- close group --> <\/div> <!-- close row --> <\/div>\n<p style=\"text-align: center;\"><strong>\u00a0<\/strong><\/p>\n","protected":false},"excerpt":{"rendered":"<p>\u00ab\u00a0Douro d\u00e9lices est avant tout l\u2019histoire de deux s\u0153urs qui veulent faire partager l\u2019huile d\u2019olive de leur enfance.\u00a0\u00bb Une huile d\u2019olive authentique aux saveurs uniques, issue du Portugal, de la vall\u00e9e du Douro inscrite au patrimoine mondial de l\u2019Unesco. Les mini bouteilles Douro d\u00e9lices inviteront vos convives au voyage et \u00e0 la gourmandise. Une attention [&hellip;]<\/p>\n","protected":false},"author":1,"featured_media":6766,"parent":0,"menu_order":0,"comment_status":"closed","ping_status":"closed","template":"","meta":{"footnotes":""},"jetpack_sharing_enabled":true,"jetpack_shortlink":"https:\/\/wp.me\/P70bXT-1L7","jetpack-related-posts":[],"_links":{"self":[{"href":"http:\/\/www.tendm.net\/index.php\/wp-json\/wp\/v2\/pages\/6765"}],"collection":[{"href":"http:\/\/www.tendm.net\/index.php\/wp-json\/wp\/v2\/pages"}],"about":[{"href":"http:\/\/www.tendm.net\/index.php\/wp-json\/wp\/v2\/types\/page"}],"author":[{"embeddable":true,"href":"http:\/\/www.tendm.net\/index.php\/wp-json\/wp\/v2\/users\/1"}],"replies":[{"embeddable":true,"href":"http:\/\/www.tendm.net\/index.php\/wp-json\/wp\/v2\/comments?post=6765"}],"version-history":[{"count":3,"href":"http:\/\/www.tendm.net\/index.php\/wp-json\/wp\/v2\/pages\/6765\/revisions"}],"predecessor-version":[{"id":6776,"href":"http:\/\/www.tendm.net\/index.php\/wp-json\/wp\/v2\/pages\/6765\/revisions\/6776"}],"wp:featuredmedia":[{"embeddable":true,"href":"http:\/\/www.tendm.net\/index.php\/wp-json\/wp\/v2\/media\/6766"}],"wp:attachment":[{"href":"http:\/\/www.tendm.net\/index.php\/wp-json\/wp\/v2\/media?parent=6765"}],"curies":[{"name":"wp","href":"https:\/\/api.w.org\/{rel}","templated":true}]}}