{"id":6858,"date":"2018-10-30T14:36:56","date_gmt":"2018-10-30T13:36:56","guid":{"rendered":"http:\/\/www.tendm.net\/?page_id=6858"},"modified":"2018-10-30T14:36:56","modified_gmt":"2018-10-30T13:36:56","slug":"eric-leturgie-coiffure","status":"publish","type":"page","link":"http:\/\/www.tendm.net\/index.php\/eric-leturgie-coiffure\/","title":{"rendered":"Eric Leturgie Coiffure"},"content":{"rendered":"<h2 style=\"text-align: center;\"><span style=\"color: #808080;\">\u00ab\u00a0Notre salon est con\u00e7u sur le mod\u00e8le \u00e9motion concept partenaire de L\u2019Or\u00e9al professionnel.\u00a0\u00bb<\/span><\/h2>\n<p>Il s\u2019agit donc d\u2019open space, homme barber, cabine conseil diagnostic mariages, zone accueil shopping, color bar et d\u00e9tente pour un moment privil\u00e9gi\u00e9 pour notre client\u00e8le historiquement nous sommes le plus ancien salon de notre quartier, berceau de l\u2019aviation, la cr\u00e9ation de l\u2019entreprise remonte en 1960, notre salon fait partie du groupe L\u00e9turgie avec l\u2019enseigne (premium).<\/p>\n<p><strong>Services propos\u00e9s\u00a0: <\/strong><\/p>\n<p><em>Coiffure Mari\u00e9e<\/em><\/p>\n<p><em>Coiffage des invit\u00e9es<\/em><\/p>\n<p><em>Coiffure des Mari\u00e9s<\/em><\/p>\n<p><em>Rasage\u00a0\u00a0 <\/em><\/p>\n<p><em>Maquillage Mari\u00e9e<\/em><\/p>\n<p><em>Maquillage invit\u00e9es<\/em><\/p>\n<p style=\"text-align: center;\"><span style=\"color: #808080;\"><strong>Contact :<br \/>\n<\/strong><strong>\u00a0<\/strong>Juline Richer<\/span><br \/>\n<span style=\"color: #808080;\">282 Avenue Saint Exup\u00e9ry<\/span><br \/>\n<span style=\"color: #808080;\">31400 Toulouse<\/span><br \/>\n<span style=\"color: #808080;\">Tel : 05 61 20 05 37<\/span><br \/>\n<span style=\"color: #00000a;\"><span style=\"color: #808080;\"><a style=\"color: #808080;\" href=\"mailto:ericleturgiecoiffure31@orange.fr\">ericleturgiecoiffure31@orange.fr<\/a><\/span><br \/>\n<span style=\"color: #808080;\"><a style=\"color: #808080;\" href=\"https:\/\/www.ericleturgie.com\/\">www.ericleturgie.com<\/a><\/span><br \/>\n<span style=\"color: #808080;\"><a style=\"color: #808080;\" href=\"https:\/\/www.facebook.com\/ericleturgietoulouse\/?ref=bookmarks\">Facebook<\/a><\/span><br \/>\n<span style=\"color: #808080;\"><a style=\"color: #808080;\" href=\"https:\/\/www.instagram.com\/explore\/locations\/1025611854\/eric-leturgie-\">Instagram<\/a><\/span><\/p>\n<p><\/span><\/p>\n<div class=\"tiled-gallery type-rectangular tiled-gallery-unresized\" data-original-width=\"1140\" data-carousel-extra='{&quot;blog_id&quot;:1,&quot;permalink&quot;:&quot;http:\\\/\\\/www.tendm.net\\\/index.php\\\/eric-leturgie-coiffure\\\/&quot;,&quot;likes_blog_id&quot;:103480349}' itemscope itemtype=\"http:\/\/schema.org\/ImageGallery\" > <div class=\"gallery-row\" style=\"width: 1140px; height: 328px;\" data-original-width=\"1140\" data-original-height=\"328\" > <div class=\"gallery-group images-1\" style=\"width: 328px; height: 328px;\" data-original-width=\"328\" data-original-height=\"328\" > <div class=\"tiled-gallery-item tiled-gallery-item-large\" itemprop=\"associatedMedia\" itemscope itemtype=\"http:\/\/schema.org\/ImageObject\"> <a href=\"http:\/\/www.tendm.net\/index.php\/eric-leturgie-coiffure\/img_20180731_002250_702\/\" border=\"0\" itemprop=\"url\"> <meta itemprop=\"width\" content=\"324\"> <meta itemprop=\"height\" content=\"324\"> <img loading=\"lazy\" decoding=\"async\" class=\"\" data-attachment-id=\"6865\" data-orig-file=\"http:\/\/www.tendm.net\/wp-content\/uploads\/2018\/10\/IMG_20180731_002250_702.jpg\" data-orig-size=\"1080,1080\" data-comments-opened=\"1\" data-image-meta=\"{&quot;aperture&quot;:&quot;0&quot;,&quot;credit&quot;:&quot;&quot;,&quot;camera&quot;:&quot;&quot;,&quot;caption&quot;:&quot;&quot;,&quot;created_timestamp&quot;:&quot;0&quot;,&quot;copyright&quot;:&quot;&quot;,&quot;focal_length&quot;:&quot;0&quot;,&quot;iso&quot;:&quot;0&quot;,&quot;shutter_speed&quot;:&quot;0&quot;,&quot;title&quot;:&quot;&quot;,&quot;orientation&quot;:&quot;0&quot;}\" data-image-title=\"IMG_20180731_002250_702\" data-image-description=\"\" data-medium-file=\"https:\/\/i0.wp.com\/www.tendm.net\/wp-content\/uploads\/2018\/10\/IMG_20180731_002250_702.jpg?fit=300%2C300\" data-large-file=\"https:\/\/i0.wp.com\/www.tendm.net\/wp-content\/uploads\/2018\/10\/IMG_20180731_002250_702.jpg?fit=1024%2C1024\" src=\"https:\/\/i0.wp.com\/www.tendm.net\/wp-content\/uploads\/2018\/10\/IMG_20180731_002250_702.jpg?w=324&#038;h=324&#038;crop=1\" srcset=\"https:\/\/i0.wp.com\/www.tendm.net\/wp-content\/uploads\/2018\/10\/IMG_20180731_002250_702.jpg?w=1080 1080w, https:\/\/i0.wp.com\/www.tendm.net\/wp-content\/uploads\/2018\/10\/IMG_20180731_002250_702.jpg?resize=150%2C150 150w, https:\/\/i0.wp.com\/www.tendm.net\/wp-content\/uploads\/2018\/10\/IMG_20180731_002250_702.jpg?resize=300%2C300 300w, https:\/\/i0.wp.com\/www.tendm.net\/wp-content\/uploads\/2018\/10\/IMG_20180731_002250_702.jpg?resize=768%2C768 768w, https:\/\/i0.wp.com\/www.tendm.net\/wp-content\/uploads\/2018\/10\/IMG_20180731_002250_702.jpg?resize=1024%2C1024 1024w\" width=\"324\" height=\"324\" loading=\"lazy\" data-original-width=\"324\" data-original-height=\"324\" itemprop=\"http:\/\/schema.org\/image\" title=\"IMG_20180731_002250_702\" alt=\"IMG_20180731_002250_702\" style=\"width: 324px; height: 324px;\" \/> <\/a> <\/div> <\/div> <!-- close group --> <div class=\"gallery-group images-1\" style=\"width: 328px; height: 328px;\" data-original-width=\"328\" data-original-height=\"328\" > <div class=\"tiled-gallery-item tiled-gallery-item-large\" itemprop=\"associatedMedia\" itemscope itemtype=\"http:\/\/schema.org\/ImageObject\"> <a href=\"http:\/\/www.tendm.net\/index.php\/eric-leturgie-coiffure\/img_20180420_180810_059\/\" border=\"0\" itemprop=\"url\"> <meta itemprop=\"width\" content=\"324\"> <meta itemprop=\"height\" content=\"324\"> <img loading=\"lazy\" decoding=\"async\" class=\"\" data-attachment-id=\"6863\" data-orig-file=\"http:\/\/www.tendm.net\/wp-content\/uploads\/2018\/10\/IMG_20180420_180810_059.jpg\" data-orig-size=\"960,960\" data-comments-opened=\"1\" data-image-meta=\"{&quot;aperture&quot;:&quot;0&quot;,&quot;credit&quot;:&quot;&quot;,&quot;camera&quot;:&quot;&quot;,&quot;caption&quot;:&quot;&quot;,&quot;created_timestamp&quot;:&quot;0&quot;,&quot;copyright&quot;:&quot;&quot;,&quot;focal_length&quot;:&quot;0&quot;,&quot;iso&quot;:&quot;0&quot;,&quot;shutter_speed&quot;:&quot;0&quot;,&quot;title&quot;:&quot;&quot;,&quot;orientation&quot;:&quot;0&quot;}\" data-image-title=\"IMG_20180420_180810_059\" data-image-description=\"\" data-medium-file=\"https:\/\/i0.wp.com\/www.tendm.net\/wp-content\/uploads\/2018\/10\/IMG_20180420_180810_059.jpg?fit=300%2C300\" data-large-file=\"https:\/\/i0.wp.com\/www.tendm.net\/wp-content\/uploads\/2018\/10\/IMG_20180420_180810_059.jpg?fit=960%2C960\" src=\"https:\/\/i0.wp.com\/www.tendm.net\/wp-content\/uploads\/2018\/10\/IMG_20180420_180810_059.jpg?w=324&#038;h=324&#038;crop=1\" srcset=\"https:\/\/i0.wp.com\/www.tendm.net\/wp-content\/uploads\/2018\/10\/IMG_20180420_180810_059.jpg?w=960 960w, https:\/\/i0.wp.com\/www.tendm.net\/wp-content\/uploads\/2018\/10\/IMG_20180420_180810_059.jpg?resize=150%2C150 150w, https:\/\/i0.wp.com\/www.tendm.net\/wp-content\/uploads\/2018\/10\/IMG_20180420_180810_059.jpg?resize=300%2C300 300w, https:\/\/i0.wp.com\/www.tendm.net\/wp-content\/uploads\/2018\/10\/IMG_20180420_180810_059.jpg?resize=768%2C768 768w\" width=\"324\" height=\"324\" loading=\"lazy\" data-original-width=\"324\" data-original-height=\"324\" itemprop=\"http:\/\/schema.org\/image\" title=\"IMG_20180420_180810_059\" alt=\"IMG_20180420_180810_059\" style=\"width: 324px; height: 324px;\" \/> <\/a> <\/div> <\/div> <!-- close group --> <div class=\"gallery-group images-1\" style=\"width: 264px; height: 328px;\" data-original-width=\"264\" data-original-height=\"328\" > <div class=\"tiled-gallery-item tiled-gallery-item-large\" itemprop=\"associatedMedia\" itemscope itemtype=\"http:\/\/schema.org\/ImageObject\"> <a href=\"http:\/\/www.tendm.net\/index.php\/eric-leturgie-coiffure\/img_20180420_111527_883\/\" border=\"0\" itemprop=\"url\"> <meta itemprop=\"width\" content=\"260\"> <meta itemprop=\"height\" content=\"324\"> <img loading=\"lazy\" decoding=\"async\" class=\"\" data-attachment-id=\"6862\" data-orig-file=\"http:\/\/www.tendm.net\/wp-content\/uploads\/2018\/10\/IMG_20180420_111527_883.jpg\" data-orig-size=\"3840,4800\" data-comments-opened=\"1\" data-image-meta=\"{&quot;aperture&quot;:&quot;0&quot;,&quot;credit&quot;:&quot;&quot;,&quot;camera&quot;:&quot;&quot;,&quot;caption&quot;:&quot;&quot;,&quot;created_timestamp&quot;:&quot;0&quot;,&quot;copyright&quot;:&quot;&quot;,&quot;focal_length&quot;:&quot;0&quot;,&quot;iso&quot;:&quot;0&quot;,&quot;shutter_speed&quot;:&quot;0&quot;,&quot;title&quot;:&quot;&quot;,&quot;orientation&quot;:&quot;0&quot;}\" data-image-title=\"IMG_20180420_111527_883\" data-image-description=\"\" data-medium-file=\"https:\/\/i0.wp.com\/www.tendm.net\/wp-content\/uploads\/2018\/10\/IMG_20180420_111527_883.jpg?fit=240%2C300\" data-large-file=\"https:\/\/i0.wp.com\/www.tendm.net\/wp-content\/uploads\/2018\/10\/IMG_20180420_111527_883.jpg?fit=819%2C1024\" src=\"https:\/\/i0.wp.com\/www.tendm.net\/wp-content\/uploads\/2018\/10\/IMG_20180420_111527_883.jpg?w=260&#038;h=324\" srcset=\"https:\/\/i0.wp.com\/www.tendm.net\/wp-content\/uploads\/2018\/10\/IMG_20180420_111527_883.jpg?w=3840 3840w, https:\/\/i0.wp.com\/www.tendm.net\/wp-content\/uploads\/2018\/10\/IMG_20180420_111527_883.jpg?resize=240%2C300 240w, https:\/\/i0.wp.com\/www.tendm.net\/wp-content\/uploads\/2018\/10\/IMG_20180420_111527_883.jpg?resize=768%2C960 768w, https:\/\/i0.wp.com\/www.tendm.net\/wp-content\/uploads\/2018\/10\/IMG_20180420_111527_883.jpg?resize=819%2C1024 819w, https:\/\/i0.wp.com\/www.tendm.net\/wp-content\/uploads\/2018\/10\/IMG_20180420_111527_883.jpg?w=2280 2280w, https:\/\/i0.wp.com\/www.tendm.net\/wp-content\/uploads\/2018\/10\/IMG_20180420_111527_883.jpg?w=3420 3420w\" width=\"260\" height=\"324\" loading=\"lazy\" data-original-width=\"260\" data-original-height=\"324\" itemprop=\"http:\/\/schema.org\/image\" title=\"IMG_20180420_111527_883\" alt=\"IMG_20180420_111527_883\" style=\"width: 260px; height: 324px;\" \/> <\/a> <\/div> <\/div> <!-- close group --> <div class=\"gallery-group images-1\" style=\"width: 220px; height: 328px;\" data-original-width=\"220\" data-original-height=\"328\" > <div class=\"tiled-gallery-item tiled-gallery-item-small\" itemprop=\"associatedMedia\" itemscope itemtype=\"http:\/\/schema.org\/ImageObject\"> <a href=\"http:\/\/www.tendm.net\/index.php\/eric-leturgie-coiffure\/hair-styliste-jackie-pourroy-photographe-eric-leturgie-02\/\" border=\"0\" itemprop=\"url\"> <meta itemprop=\"width\" content=\"216\"> <meta itemprop=\"height\" content=\"324\"> <img loading=\"lazy\" decoding=\"async\" class=\"\" data-attachment-id=\"6861\" data-orig-file=\"http:\/\/www.tendm.net\/wp-content\/uploads\/2018\/10\/hair-styliste-Jackie-Pourroy-photographe-Eric-L\u00e9turgie-02.jpg\" data-orig-size=\"1824,2736\" data-comments-opened=\"1\" data-image-meta=\"{&quot;aperture&quot;:&quot;4&quot;,&quot;credit&quot;:&quot;&quot;,&quot;camera&quot;:&quot;Canon EOS 6D&quot;,&quot;caption&quot;:&quot;&quot;,&quot;created_timestamp&quot;:&quot;1499083105&quot;,&quot;copyright&quot;:&quot;&quot;,&quot;focal_length&quot;:&quot;50&quot;,&quot;iso&quot;:&quot;100&quot;,&quot;shutter_speed&quot;:&quot;0.0055555555555556&quot;,&quot;title&quot;:&quot;&quot;,&quot;orientation&quot;:&quot;1&quot;}\" data-image-title=\"hair styliste Jackie Pourroy photographe Eric L\u00e9turgie 02\" data-image-description=\"\" data-medium-file=\"https:\/\/i0.wp.com\/www.tendm.net\/wp-content\/uploads\/2018\/10\/hair-styliste-Jackie-Pourroy-photographe-Eric-L\u00e9turgie-02.jpg?fit=200%2C300\" data-large-file=\"https:\/\/i0.wp.com\/www.tendm.net\/wp-content\/uploads\/2018\/10\/hair-styliste-Jackie-Pourroy-photographe-Eric-L\u00e9turgie-02.jpg?fit=683%2C1024\" src=\"https:\/\/i0.wp.com\/www.tendm.net\/wp-content\/uploads\/2018\/10\/hair-styliste-Jackie-Pourroy-photographe-Eric-L\u00e9turgie-02.jpg?w=216&#038;h=324\" srcset=\"https:\/\/i0.wp.com\/www.tendm.net\/wp-content\/uploads\/2018\/10\/hair-styliste-Jackie-Pourroy-photographe-Eric-L\u00e9turgie-02.jpg?w=1824 1824w, https:\/\/i0.wp.com\/www.tendm.net\/wp-content\/uploads\/2018\/10\/hair-styliste-Jackie-Pourroy-photographe-Eric-L\u00e9turgie-02.jpg?resize=200%2C300 200w, https:\/\/i0.wp.com\/www.tendm.net\/wp-content\/uploads\/2018\/10\/hair-styliste-Jackie-Pourroy-photographe-Eric-L\u00e9turgie-02.jpg?resize=768%2C1152 768w, https:\/\/i0.wp.com\/www.tendm.net\/wp-content\/uploads\/2018\/10\/hair-styliste-Jackie-Pourroy-photographe-Eric-L\u00e9turgie-02.jpg?resize=683%2C1024 683w\" width=\"216\" height=\"324\" loading=\"lazy\" data-original-width=\"216\" data-original-height=\"324\" itemprop=\"http:\/\/schema.org\/image\" title=\"hair styliste Jackie Pourroy photographe Eric L\u00e9turgie 02\" alt=\"hair styliste Jackie Pourroy photographe Eric L\u00e9turgie 02\" style=\"width: 216px; height: 324px;\" \/> <\/a> <\/div> <\/div> <!-- close group --> <\/div> <!-- close row --> <div class=\"gallery-row\" style=\"width: 1140px; height: 655px;\" data-original-width=\"1140\" data-original-height=\"655\" > <div class=\"gallery-group images-1\" style=\"width: 438px; height: 655px;\" data-original-width=\"438\" data-original-height=\"655\" > <div class=\"tiled-gallery-item tiled-gallery-item-large\" itemprop=\"associatedMedia\" itemscope itemtype=\"http:\/\/schema.org\/ImageObject\"> <a href=\"http:\/\/www.tendm.net\/index.php\/eric-leturgie-coiffure\/fb_img_1536172859370\/\" border=\"0\" itemprop=\"url\"> <meta itemprop=\"width\" content=\"434\"> <meta itemprop=\"height\" content=\"651\"> <img loading=\"lazy\" decoding=\"async\" class=\"\" data-attachment-id=\"6860\" data-orig-file=\"http:\/\/www.tendm.net\/wp-content\/uploads\/2018\/10\/FB_IMG_1536172859370.jpg\" data-orig-size=\"720,1080\" data-comments-opened=\"1\" data-image-meta=\"{&quot;aperture&quot;:&quot;0&quot;,&quot;credit&quot;:&quot;&quot;,&quot;camera&quot;:&quot;&quot;,&quot;caption&quot;:&quot;&quot;,&quot;created_timestamp&quot;:&quot;0&quot;,&quot;copyright&quot;:&quot;Cynthia Cappe&quot;,&quot;focal_length&quot;:&quot;0&quot;,&quot;iso&quot;:&quot;0&quot;,&quot;shutter_speed&quot;:&quot;0&quot;,&quot;title&quot;:&quot;&quot;,&quot;orientation&quot;:&quot;0&quot;}\" data-image-title=\"FB_IMG_1536172859370\" data-image-description=\"\" data-medium-file=\"https:\/\/i0.wp.com\/www.tendm.net\/wp-content\/uploads\/2018\/10\/FB_IMG_1536172859370.jpg?fit=200%2C300\" data-large-file=\"https:\/\/i0.wp.com\/www.tendm.net\/wp-content\/uploads\/2018\/10\/FB_IMG_1536172859370.jpg?fit=683%2C1024\" src=\"https:\/\/i0.wp.com\/www.tendm.net\/wp-content\/uploads\/2018\/10\/FB_IMG_1536172859370.jpg?w=434&#038;h=651\" srcset=\"https:\/\/i0.wp.com\/www.tendm.net\/wp-content\/uploads\/2018\/10\/FB_IMG_1536172859370.jpg?w=720 720w, https:\/\/i0.wp.com\/www.tendm.net\/wp-content\/uploads\/2018\/10\/FB_IMG_1536172859370.jpg?resize=200%2C300 200w, https:\/\/i0.wp.com\/www.tendm.net\/wp-content\/uploads\/2018\/10\/FB_IMG_1536172859370.jpg?resize=683%2C1024 683w\" width=\"434\" height=\"651\" loading=\"lazy\" data-original-width=\"434\" data-original-height=\"651\" itemprop=\"http:\/\/schema.org\/image\" title=\"FB_IMG_1536172859370\" alt=\"FB_IMG_1536172859370\" style=\"width: 434px; height: 651px;\" \/> <\/a> <\/div> <\/div> <!-- close group --> <div class=\"gallery-group images-1\" style=\"width: 702px; height: 655px;\" data-original-width=\"702\" data-original-height=\"655\" > <div class=\"tiled-gallery-item tiled-gallery-item-large\" itemprop=\"associatedMedia\" itemscope itemtype=\"http:\/\/schema.org\/ImageObject\"> <a href=\"http:\/\/www.tendm.net\/index.php\/eric-leturgie-coiffure\/_sz_6792\/\" border=\"0\" itemprop=\"url\"> <meta itemprop=\"width\" content=\"698\"> <meta itemprop=\"height\" content=\"651\"> <img loading=\"lazy\" decoding=\"async\" class=\"\" data-attachment-id=\"6859\" data-orig-file=\"http:\/\/www.tendm.net\/wp-content\/uploads\/2018\/10\/SZ_6792.jpg\" data-orig-size=\"3809,3552\" data-comments-opened=\"1\" data-image-meta=\"{&quot;aperture&quot;:&quot;0&quot;,&quot;credit&quot;:&quot;&quot;,&quot;camera&quot;:&quot;&quot;,&quot;caption&quot;:&quot;&quot;,&quot;created_timestamp&quot;:&quot;0&quot;,&quot;copyright&quot;:&quot;CARGO&quot;,&quot;focal_length&quot;:&quot;0&quot;,&quot;iso&quot;:&quot;0&quot;,&quot;shutter_speed&quot;:&quot;0&quot;,&quot;title&quot;:&quot;&quot;,&quot;orientation&quot;:&quot;1&quot;}\" data-image-title=\"_SZ_6792\" data-image-description=\"\" data-medium-file=\"https:\/\/i0.wp.com\/www.tendm.net\/wp-content\/uploads\/2018\/10\/SZ_6792.jpg?fit=300%2C280\" data-large-file=\"https:\/\/i0.wp.com\/www.tendm.net\/wp-content\/uploads\/2018\/10\/SZ_6792.jpg?fit=1024%2C955\" src=\"https:\/\/i0.wp.com\/www.tendm.net\/wp-content\/uploads\/2018\/10\/SZ_6792.jpg?w=698&#038;h=651\" srcset=\"https:\/\/i0.wp.com\/www.tendm.net\/wp-content\/uploads\/2018\/10\/SZ_6792.jpg?w=3809 3809w, https:\/\/i0.wp.com\/www.tendm.net\/wp-content\/uploads\/2018\/10\/SZ_6792.jpg?resize=300%2C280 300w, https:\/\/i0.wp.com\/www.tendm.net\/wp-content\/uploads\/2018\/10\/SZ_6792.jpg?resize=768%2C716 768w, https:\/\/i0.wp.com\/www.tendm.net\/wp-content\/uploads\/2018\/10\/SZ_6792.jpg?resize=1024%2C955 1024w, https:\/\/i0.wp.com\/www.tendm.net\/wp-content\/uploads\/2018\/10\/SZ_6792.jpg?w=2280 2280w, https:\/\/i0.wp.com\/www.tendm.net\/wp-content\/uploads\/2018\/10\/SZ_6792.jpg?w=3420 3420w\" width=\"698\" height=\"651\" loading=\"lazy\" data-original-width=\"698\" data-original-height=\"651\" itemprop=\"http:\/\/schema.org\/image\" title=\"_SZ_6792\" alt=\"_SZ_6792\" style=\"width: 698px; height: 651px;\" \/> <\/a> <\/div> <\/div> <!-- close group --> <\/div> <!-- close row --> <\/div>\n","protected":false},"excerpt":{"rendered":"<p>\u00ab\u00a0Notre salon est con\u00e7u sur le mod\u00e8le \u00e9motion concept partenaire de L\u2019Or\u00e9al professionnel.\u00a0\u00bb Il s\u2019agit donc d\u2019open space, homme barber, cabine conseil diagnostic mariages, zone accueil shopping, color bar et d\u00e9tente pour un moment privil\u00e9gi\u00e9 pour notre client\u00e8le historiquement nous sommes le plus ancien salon de notre quartier, berceau de l\u2019aviation, la cr\u00e9ation de l\u2019entreprise [&hellip;]<\/p>\n","protected":false},"author":1,"featured_media":6864,"parent":0,"menu_order":0,"comment_status":"closed","ping_status":"closed","template":"","meta":{"footnotes":""},"jetpack_sharing_enabled":true,"jetpack_shortlink":"https:\/\/wp.me\/P70bXT-1MC","jetpack-related-posts":[],"_links":{"self":[{"href":"http:\/\/www.tendm.net\/index.php\/wp-json\/wp\/v2\/pages\/6858"}],"collection":[{"href":"http:\/\/www.tendm.net\/index.php\/wp-json\/wp\/v2\/pages"}],"about":[{"href":"http:\/\/www.tendm.net\/index.php\/wp-json\/wp\/v2\/types\/page"}],"author":[{"embeddable":true,"href":"http:\/\/www.tendm.net\/index.php\/wp-json\/wp\/v2\/users\/1"}],"replies":[{"embeddable":true,"href":"http:\/\/www.tendm.net\/index.php\/wp-json\/wp\/v2\/comments?post=6858"}],"version-history":[{"count":1,"href":"http:\/\/www.tendm.net\/index.php\/wp-json\/wp\/v2\/pages\/6858\/revisions"}],"predecessor-version":[{"id":6866,"href":"http:\/\/www.tendm.net\/index.php\/wp-json\/wp\/v2\/pages\/6858\/revisions\/6866"}],"wp:featuredmedia":[{"embeddable":true,"href":"http:\/\/www.tendm.net\/index.php\/wp-json\/wp\/v2\/media\/6864"}],"wp:attachment":[{"href":"http:\/\/www.tendm.net\/index.php\/wp-json\/wp\/v2\/media?parent=6858"}],"curies":[{"name":"wp","href":"https:\/\/api.w.org\/{rel}","templated":true}]}}