{"id":6936,"date":"2018-11-06T13:56:45","date_gmt":"2018-11-06T12:56:45","guid":{"rendered":"http:\/\/www.tendm.net\/?page_id=6936"},"modified":"2018-11-06T13:56:45","modified_gmt":"2018-11-06T12:56:45","slug":"mas-des-canelles","status":"publish","type":"page","link":"http:\/\/www.tendm.net\/index.php\/mas-des-canelles\/","title":{"rendered":"Mas des Canelles"},"content":{"rendered":"<h2 style=\"text-align: center;\"><span style=\"color: #808080;\">\u00ab\u00a0Le Mas des Canelles un lieu exceptionnel pour vos \u00e9v\u00e9nements priv\u00e9s, aux portes de Toulouse.\u00a0\u00bb<\/span><\/h2>\n<p>Dans ce cadre unique, cette demeure chaleureuse du d\u00e9but du 19\u00e8me si\u00e8cle, riche d\u2019\u00e9l\u00e9gance et de modernit\u00e9\u00a0\u00e0 l\u2019image de la ville rose, transforme ses espaces au gr\u00e9 de vos envies. Dot\u00e9 de 2 grandes salles (155 m\u00b2 et 140 m\u00b2) mais \u00e9galement de salons plus cosys et de terrasses situ\u00e9es dans un \u00e9crin de verdure, Le Mas des Canelles accueille toutes vos r\u00e9ceptions.<\/p>\n<p>Surprenez vos convives en choisissant une arriv\u00e9e en p\u00e9niche par le Canal du Midi. Class\u00e9 au patrimoine mondial de l\u2019UNESCO, cette balade offre \u00e0 vos invit\u00e9s, un voyage dans le temps dans une nature verdoyante.<\/p>\n<p><strong>Services propos\u00e9s\u00a0: <\/strong><\/p>\n<p><em>Types d\u2019\u00e9v\u00e9nements\u00a0: Mariage \/ Bapt\u00eame \/ Bar mitzvah \/ Bat mitzvah \/ R\u00e9ceptions priv\u00e9es<\/em><\/p>\n<p><em>Offices traiteurs <\/em><\/p>\n<p><em>Mobilier<\/em><\/p>\n<p><em>Wi-fi tr\u00e8s haut d\u00e9bit (jusqu&rsquo;\u00e0 100mbps)<\/em><\/p>\n<p><em>Possibilit\u00e9 d\u2019arriver en p\u00e9niche sur le site<\/em><\/p>\n<p><em>Vid\u00e9o projecteur et son<\/em><\/p>\n<p><em>Pas de droit de bouchon <\/em><\/p>\n<p><em>Espace enfant<\/em><\/p>\n<p><em>Parking privatif<\/em><\/p>\n<p><em>Service\u00a0: gardiennage et nettoyage<\/em><\/p>\n<p>Le Mas des Canelles est ouvert toute l\u2019ann\u00e9e<\/p>\n<p>Jusqu&rsquo;\u00e0 150 personnes en repas assis pour les mariages<\/p>\n<p>A seulement 20 mn du centre ville de Toulouse<\/p>\n<p style=\"text-align: center;\"><strong>Contact :<br \/>\n<\/strong>Claire Bordenave<br \/>\nChemin des canelles<br \/>\n31320 Castanet-Tolosan<br \/>\nTel : 05 61 83 88 49<br \/>\n<span style=\"color: #808080;\"><a style=\"color: #808080;\" href=\"http:\/\/www.lemasdescanelles.fr\">www.lemasdescanelles.fr<\/a><\/span><br \/>\n<a href=\"mailto:contact@lemasdescanelles.fr\"><span style=\"color: #808080;\">contact@lemasdescanelles.fr<\/span><\/a><br \/>\n<span style=\"color: #808080;\"><a style=\"color: #808080;\" href=\"https:\/\/www.facebook.com\/mas.canelles\">Facebook<\/a><\/span><br \/>\n<span style=\"color: #808080;\"><a style=\"color: #808080;\" href=\"https:\/\/www.instagram.com\/mas.canelles\/?hl=fr\">Instagram<\/a><\/span><\/p>\n<div class=\"tiled-gallery type-rectangular tiled-gallery-unresized\" data-original-width=\"1140\" data-carousel-extra='{&quot;blog_id&quot;:1,&quot;permalink&quot;:&quot;http:\\\/\\\/www.tendm.net\\\/index.php\\\/mas-des-canelles\\\/&quot;,&quot;likes_blog_id&quot;:103480349}' itemscope itemtype=\"http:\/\/schema.org\/ImageGallery\" > <div class=\"gallery-row\" style=\"width: 1140px; height: 305px;\" data-original-width=\"1140\" data-original-height=\"305\" > <div class=\"gallery-group images-1\" style=\"width: 455px; height: 305px;\" data-original-width=\"455\" data-original-height=\"305\" > <div class=\"tiled-gallery-item tiled-gallery-item-large\" itemprop=\"associatedMedia\" itemscope itemtype=\"http:\/\/schema.org\/ImageObject\"> <a href=\"http:\/\/www.tendm.net\/index.php\/mas-des-canelles\/accueil-tolosan-1light\/\" border=\"0\" itemprop=\"url\"> <meta itemprop=\"width\" content=\"451\"> <meta itemprop=\"height\" content=\"301\"> <img loading=\"lazy\" decoding=\"async\" class=\"\" data-attachment-id=\"6938\" data-orig-file=\"http:\/\/www.tendm.net\/wp-content\/uploads\/2018\/11\/Accueil-Tolosan-1LIGHT.jpg\" data-orig-size=\"1000,666\" data-comments-opened=\"1\" data-image-meta=\"{&quot;aperture&quot;:&quot;4&quot;,&quot;credit&quot;:&quot;Gilles Vidal&quot;,&quot;camera&quot;:&quot;Canon EOS 5D Mark III&quot;,&quot;caption&quot;:&quot;&quot;,&quot;created_timestamp&quot;:&quot;1474642503&quot;,&quot;copyright&quot;:&quot;&quot;,&quot;focal_length&quot;:&quot;16&quot;,&quot;iso&quot;:&quot;400&quot;,&quot;shutter_speed&quot;:&quot;0.005&quot;,&quot;title&quot;:&quot;&quot;,&quot;orientation&quot;:&quot;1&quot;}\" data-image-title=\"Accueil Tolosan (1)LIGHT\" data-image-description=\"\" data-medium-file=\"https:\/\/i0.wp.com\/www.tendm.net\/wp-content\/uploads\/2018\/11\/Accueil-Tolosan-1LIGHT.jpg?fit=300%2C200\" data-large-file=\"https:\/\/i0.wp.com\/www.tendm.net\/wp-content\/uploads\/2018\/11\/Accueil-Tolosan-1LIGHT.jpg?fit=1000%2C666\" src=\"https:\/\/i0.wp.com\/www.tendm.net\/wp-content\/uploads\/2018\/11\/Accueil-Tolosan-1LIGHT.jpg?w=451&#038;h=301\" srcset=\"https:\/\/i0.wp.com\/www.tendm.net\/wp-content\/uploads\/2018\/11\/Accueil-Tolosan-1LIGHT.jpg?w=1000 1000w, https:\/\/i0.wp.com\/www.tendm.net\/wp-content\/uploads\/2018\/11\/Accueil-Tolosan-1LIGHT.jpg?resize=300%2C200 300w, https:\/\/i0.wp.com\/www.tendm.net\/wp-content\/uploads\/2018\/11\/Accueil-Tolosan-1LIGHT.jpg?resize=768%2C511 768w\" width=\"451\" height=\"301\" loading=\"lazy\" data-original-width=\"451\" data-original-height=\"301\" itemprop=\"http:\/\/schema.org\/image\" title=\"Accueil Tolosan (1)LIGHT\" alt=\"Accueil Tolosan (1)LIGHT\" style=\"width: 451px; height: 301px;\" \/> <\/a> <\/div> <\/div> <!-- close group --> <div class=\"gallery-group images-1\" style=\"width: 455px; height: 305px;\" data-original-width=\"455\" data-original-height=\"305\" > <div class=\"tiled-gallery-item tiled-gallery-item-large\" itemprop=\"associatedMedia\" itemscope itemtype=\"http:\/\/schema.org\/ImageObject\"> <a href=\"http:\/\/www.tendm.net\/index.php\/mas-des-canelles\/petit-salon-2light\/\" border=\"0\" itemprop=\"url\"> <meta itemprop=\"width\" content=\"451\"> <meta itemprop=\"height\" content=\"301\"> <img loading=\"lazy\" decoding=\"async\" class=\"\" data-attachment-id=\"6939\" data-orig-file=\"http:\/\/www.tendm.net\/wp-content\/uploads\/2018\/11\/Petit-Salon-2LIGHT.jpg\" data-orig-size=\"1000,666\" data-comments-opened=\"1\" data-image-meta=\"{&quot;aperture&quot;:&quot;4&quot;,&quot;credit&quot;:&quot;Gilles Vidal&quot;,&quot;camera&quot;:&quot;Canon EOS 5D Mark III&quot;,&quot;caption&quot;:&quot;&quot;,&quot;created_timestamp&quot;:&quot;1474642079&quot;,&quot;copyright&quot;:&quot;&quot;,&quot;focal_length&quot;:&quot;16&quot;,&quot;iso&quot;:&quot;200&quot;,&quot;shutter_speed&quot;:&quot;0.033333333333333&quot;,&quot;title&quot;:&quot;&quot;,&quot;orientation&quot;:&quot;1&quot;}\" data-image-title=\"Petit Salon (2)LIGHT\" data-image-description=\"\" data-medium-file=\"https:\/\/i0.wp.com\/www.tendm.net\/wp-content\/uploads\/2018\/11\/Petit-Salon-2LIGHT.jpg?fit=300%2C200\" data-large-file=\"https:\/\/i0.wp.com\/www.tendm.net\/wp-content\/uploads\/2018\/11\/Petit-Salon-2LIGHT.jpg?fit=1000%2C666\" src=\"https:\/\/i0.wp.com\/www.tendm.net\/wp-content\/uploads\/2018\/11\/Petit-Salon-2LIGHT.jpg?w=451&#038;h=301\" srcset=\"https:\/\/i0.wp.com\/www.tendm.net\/wp-content\/uploads\/2018\/11\/Petit-Salon-2LIGHT.jpg?w=1000 1000w, https:\/\/i0.wp.com\/www.tendm.net\/wp-content\/uploads\/2018\/11\/Petit-Salon-2LIGHT.jpg?resize=300%2C200 300w, https:\/\/i0.wp.com\/www.tendm.net\/wp-content\/uploads\/2018\/11\/Petit-Salon-2LIGHT.jpg?resize=768%2C511 768w\" width=\"451\" height=\"301\" loading=\"lazy\" data-original-width=\"451\" data-original-height=\"301\" itemprop=\"http:\/\/schema.org\/image\" title=\"Petit Salon (2)LIGHT\" alt=\"Petit Salon (2)LIGHT\" style=\"width: 451px; height: 301px;\" \/> <\/a> <\/div> <\/div> <!-- close group --> <div class=\"gallery-group images-1\" style=\"width: 230px; height: 305px;\" data-original-width=\"230\" data-original-height=\"305\" > <div class=\"tiled-gallery-item tiled-gallery-item-small\" itemprop=\"associatedMedia\" itemscope itemtype=\"http:\/\/schema.org\/ImageObject\"> <a href=\"http:\/\/www.tendm.net\/index.php\/mas-des-canelles\/salle-tolosan-1light\/\" border=\"0\" itemprop=\"url\"> <meta itemprop=\"width\" content=\"226\"> <meta itemprop=\"height\" content=\"301\"> <img loading=\"lazy\" decoding=\"async\" class=\"\" data-attachment-id=\"6940\" data-orig-file=\"http:\/\/www.tendm.net\/wp-content\/uploads\/2018\/11\/Salle-Tolosan-1LIGHT.jpg\" data-orig-size=\"1000,1333\" data-comments-opened=\"1\" data-image-meta=\"{&quot;aperture&quot;:&quot;2.2&quot;,&quot;credit&quot;:&quot;&quot;,&quot;camera&quot;:&quot;iPhone 6s&quot;,&quot;caption&quot;:&quot;&quot;,&quot;created_timestamp&quot;:&quot;1498929696&quot;,&quot;copyright&quot;:&quot;&quot;,&quot;focal_length&quot;:&quot;4.15&quot;,&quot;iso&quot;:&quot;200&quot;,&quot;shutter_speed&quot;:&quot;0.058823529411765&quot;,&quot;title&quot;:&quot;&quot;,&quot;orientation&quot;:&quot;1&quot;}\" data-image-title=\"Salle Tolosan (1)LIGHT\" data-image-description=\"\" data-medium-file=\"https:\/\/i0.wp.com\/www.tendm.net\/wp-content\/uploads\/2018\/11\/Salle-Tolosan-1LIGHT.jpg?fit=225%2C300\" data-large-file=\"https:\/\/i0.wp.com\/www.tendm.net\/wp-content\/uploads\/2018\/11\/Salle-Tolosan-1LIGHT.jpg?fit=768%2C1024\" src=\"https:\/\/i0.wp.com\/www.tendm.net\/wp-content\/uploads\/2018\/11\/Salle-Tolosan-1LIGHT.jpg?w=226&#038;h=301\" srcset=\"https:\/\/i0.wp.com\/www.tendm.net\/wp-content\/uploads\/2018\/11\/Salle-Tolosan-1LIGHT.jpg?w=1000 1000w, https:\/\/i0.wp.com\/www.tendm.net\/wp-content\/uploads\/2018\/11\/Salle-Tolosan-1LIGHT.jpg?resize=225%2C300 225w, https:\/\/i0.wp.com\/www.tendm.net\/wp-content\/uploads\/2018\/11\/Salle-Tolosan-1LIGHT.jpg?resize=768%2C1024 768w\" width=\"226\" height=\"301\" loading=\"lazy\" data-original-width=\"226\" data-original-height=\"301\" itemprop=\"http:\/\/schema.org\/image\" title=\"Salle Tolosan (1)LIGHT\" alt=\"Salle Tolosan (1)LIGHT\" style=\"width: 226px; height: 301px;\" \/> <\/a> <\/div> <\/div> <!-- close group --> <\/div> <!-- close row --> <div class=\"gallery-row\" style=\"width: 1140px; height: 508px;\" data-original-width=\"1140\" data-original-height=\"508\" > <div class=\"gallery-group images-1\" style=\"width: 761px; height: 508px;\" data-original-width=\"761\" data-original-height=\"508\" > <div class=\"tiled-gallery-item tiled-gallery-item-large\" itemprop=\"associatedMedia\" itemscope itemtype=\"http:\/\/schema.org\/ImageObject\"> <a href=\"http:\/\/www.tendm.net\/index.php\/mas-des-canelles\/salle-tolosan-diner-6light\/\" border=\"0\" itemprop=\"url\"> <meta itemprop=\"width\" content=\"757\"> <meta itemprop=\"height\" content=\"504\"> <img loading=\"lazy\" decoding=\"async\" class=\"\" data-attachment-id=\"6941\" data-orig-file=\"http:\/\/www.tendm.net\/wp-content\/uploads\/2018\/11\/Salle-Tolosan-D\u00eener-6LIGHT.jpg\" data-orig-size=\"1000,666\" data-comments-opened=\"1\" data-image-meta=\"{&quot;aperture&quot;:&quot;4&quot;,&quot;credit&quot;:&quot;Gilles Vidal&quot;,&quot;camera&quot;:&quot;Canon EOS 5D Mark III&quot;,&quot;caption&quot;:&quot;&quot;,&quot;created_timestamp&quot;:&quot;1474642620&quot;,&quot;copyright&quot;:&quot;&quot;,&quot;focal_length&quot;:&quot;16&quot;,&quot;iso&quot;:&quot;640&quot;,&quot;shutter_speed&quot;:&quot;0.01&quot;,&quot;title&quot;:&quot;&quot;,&quot;orientation&quot;:&quot;1&quot;}\" data-image-title=\"Salle Tolosan D\u00eener (6)LIGHT\" data-image-description=\"\" data-medium-file=\"https:\/\/i0.wp.com\/www.tendm.net\/wp-content\/uploads\/2018\/11\/Salle-Tolosan-D\u00eener-6LIGHT.jpg?fit=300%2C200\" data-large-file=\"https:\/\/i0.wp.com\/www.tendm.net\/wp-content\/uploads\/2018\/11\/Salle-Tolosan-D\u00eener-6LIGHT.jpg?fit=1000%2C666\" src=\"https:\/\/i0.wp.com\/www.tendm.net\/wp-content\/uploads\/2018\/11\/Salle-Tolosan-D\u00eener-6LIGHT.jpg?w=757&#038;h=504\" srcset=\"https:\/\/i0.wp.com\/www.tendm.net\/wp-content\/uploads\/2018\/11\/Salle-Tolosan-D\u00eener-6LIGHT.jpg?w=1000 1000w, https:\/\/i0.wp.com\/www.tendm.net\/wp-content\/uploads\/2018\/11\/Salle-Tolosan-D\u00eener-6LIGHT.jpg?resize=300%2C200 300w, https:\/\/i0.wp.com\/www.tendm.net\/wp-content\/uploads\/2018\/11\/Salle-Tolosan-D\u00eener-6LIGHT.jpg?resize=768%2C511 768w\" width=\"757\" height=\"504\" loading=\"lazy\" data-original-width=\"757\" data-original-height=\"504\" itemprop=\"http:\/\/schema.org\/image\" title=\"Salle Tolosan D\u00eener (6)LIGHT\" alt=\"Salle Tolosan D\u00eener (6)LIGHT\" style=\"width: 757px; height: 504px;\" \/> <\/a> <\/div> <\/div> <!-- close group --> <div class=\"gallery-group images-2\" style=\"width: 379px; height: 508px;\" data-original-width=\"379\" data-original-height=\"508\" > <div class=\"tiled-gallery-item tiled-gallery-item-large\" itemprop=\"associatedMedia\" itemscope itemtype=\"http:\/\/schema.org\/ImageObject\"> <a href=\"http:\/\/www.tendm.net\/index.php\/mas-des-canelles\/terrasse-canal-1light\/\" border=\"0\" itemprop=\"url\"> <meta itemprop=\"width\" content=\"375\"> <meta itemprop=\"height\" content=\"250\"> <img loading=\"lazy\" decoding=\"async\" class=\"\" data-attachment-id=\"6942\" data-orig-file=\"http:\/\/www.tendm.net\/wp-content\/uploads\/2018\/11\/Terrasse-Canal-1LIGHT.jpg\" data-orig-size=\"1000,667\" data-comments-opened=\"1\" data-image-meta=\"{&quot;aperture&quot;:&quot;8&quot;,&quot;credit&quot;:&quot;David Nakache&quot;,&quot;camera&quot;:&quot;NIKON D800&quot;,&quot;caption&quot;:&quot;&quot;,&quot;created_timestamp&quot;:&quot;1410861527&quot;,&quot;copyright&quot;:&quot;DAVID NAKACHE&quot;,&quot;focal_length&quot;:&quot;85&quot;,&quot;iso&quot;:&quot;200&quot;,&quot;shutter_speed&quot;:&quot;0.004&quot;,&quot;title&quot;:&quot;&quot;,&quot;orientation&quot;:&quot;1&quot;}\" data-image-title=\"Terrasse Canal (1)LIGHT\" data-image-description=\"\" data-medium-file=\"https:\/\/i0.wp.com\/www.tendm.net\/wp-content\/uploads\/2018\/11\/Terrasse-Canal-1LIGHT.jpg?fit=300%2C200\" data-large-file=\"https:\/\/i0.wp.com\/www.tendm.net\/wp-content\/uploads\/2018\/11\/Terrasse-Canal-1LIGHT.jpg?fit=1000%2C667\" src=\"https:\/\/i0.wp.com\/www.tendm.net\/wp-content\/uploads\/2018\/11\/Terrasse-Canal-1LIGHT.jpg?w=375&#038;h=250\" srcset=\"https:\/\/i0.wp.com\/www.tendm.net\/wp-content\/uploads\/2018\/11\/Terrasse-Canal-1LIGHT.jpg?w=1000 1000w, https:\/\/i0.wp.com\/www.tendm.net\/wp-content\/uploads\/2018\/11\/Terrasse-Canal-1LIGHT.jpg?resize=300%2C200 300w, https:\/\/i0.wp.com\/www.tendm.net\/wp-content\/uploads\/2018\/11\/Terrasse-Canal-1LIGHT.jpg?resize=768%2C512 768w\" width=\"375\" height=\"250\" loading=\"lazy\" data-original-width=\"375\" data-original-height=\"250\" itemprop=\"http:\/\/schema.org\/image\" title=\"Terrasse Canal (1)LIGHT\" alt=\"Terrasse Canal (1)LIGHT\" style=\"width: 375px; height: 250px;\" \/> <\/a> <\/div> <div class=\"tiled-gallery-item tiled-gallery-item-large\" itemprop=\"associatedMedia\" itemscope itemtype=\"http:\/\/schema.org\/ImageObject\"> <a href=\"http:\/\/www.tendm.net\/index.php\/mas-des-canelles\/terrasse-canallight\/\" border=\"0\" itemprop=\"url\"> <meta itemprop=\"width\" content=\"375\"> <meta itemprop=\"height\" content=\"250\"> <img loading=\"lazy\" decoding=\"async\" class=\"\" data-attachment-id=\"6944\" data-orig-file=\"http:\/\/www.tendm.net\/wp-content\/uploads\/2018\/11\/Terrasse-CanalLIGHT.jpg\" data-orig-size=\"1000,667\" data-comments-opened=\"1\" data-image-meta=\"{&quot;aperture&quot;:&quot;8&quot;,&quot;credit&quot;:&quot;David Nakache&quot;,&quot;camera&quot;:&quot;NIKON D800&quot;,&quot;caption&quot;:&quot;&quot;,&quot;created_timestamp&quot;:&quot;1410871252&quot;,&quot;copyright&quot;:&quot;DAVID NAKACHE&quot;,&quot;focal_length&quot;:&quot;32&quot;,&quot;iso&quot;:&quot;200&quot;,&quot;shutter_speed&quot;:&quot;0.004&quot;,&quot;title&quot;:&quot;&quot;,&quot;orientation&quot;:&quot;1&quot;}\" data-image-title=\"Terrasse CanalLIGHT\" data-image-description=\"\" data-medium-file=\"https:\/\/i0.wp.com\/www.tendm.net\/wp-content\/uploads\/2018\/11\/Terrasse-CanalLIGHT.jpg?fit=300%2C200\" data-large-file=\"https:\/\/i0.wp.com\/www.tendm.net\/wp-content\/uploads\/2018\/11\/Terrasse-CanalLIGHT.jpg?fit=1000%2C667\" src=\"https:\/\/i0.wp.com\/www.tendm.net\/wp-content\/uploads\/2018\/11\/Terrasse-CanalLIGHT.jpg?w=375&#038;h=250\" srcset=\"https:\/\/i0.wp.com\/www.tendm.net\/wp-content\/uploads\/2018\/11\/Terrasse-CanalLIGHT.jpg?w=1000 1000w, https:\/\/i0.wp.com\/www.tendm.net\/wp-content\/uploads\/2018\/11\/Terrasse-CanalLIGHT.jpg?resize=300%2C200 300w, https:\/\/i0.wp.com\/www.tendm.net\/wp-content\/uploads\/2018\/11\/Terrasse-CanalLIGHT.jpg?resize=768%2C512 768w\" width=\"375\" height=\"250\" loading=\"lazy\" data-original-width=\"375\" data-original-height=\"250\" itemprop=\"http:\/\/schema.org\/image\" title=\"Terrasse CanalLIGHT\" alt=\"Terrasse CanalLIGHT\" style=\"width: 375px; height: 250px;\" \/> <\/a> <\/div> <\/div> <!-- close group --> <\/div> <!-- close row --> <div class=\"gallery-row\" style=\"width: 1140px; height: 761px;\" data-original-width=\"1140\" data-original-height=\"761\" > <div class=\"gallery-group images-1\" style=\"width: 1140px; height: 761px;\" data-original-width=\"1140\" data-original-height=\"761\" > <div class=\"tiled-gallery-item tiled-gallery-item-large\" itemprop=\"associatedMedia\" itemscope itemtype=\"http:\/\/schema.org\/ImageObject\"> <a href=\"http:\/\/www.tendm.net\/index.php\/mas-des-canelles\/vin-d_honneur-terrasse-canal\/\" border=\"0\" itemprop=\"url\"> <meta itemprop=\"width\" content=\"1136\"> <meta itemprop=\"height\" content=\"757\"> <img loading=\"lazy\" decoding=\"async\" class=\"\" data-attachment-id=\"6945\" data-orig-file=\"http:\/\/www.tendm.net\/wp-content\/uploads\/2018\/11\/Vin-d_Honneur-Terrasse-Canal.jpg\" data-orig-size=\"1000,666\" data-comments-opened=\"1\" data-image-meta=\"{&quot;aperture&quot;:&quot;5.6&quot;,&quot;credit&quot;:&quot;Caroline Bordenave&quot;,&quot;camera&quot;:&quot;Canon EOS 5D Mark III&quot;,&quot;caption&quot;:&quot;&quot;,&quot;created_timestamp&quot;:&quot;1433607999&quot;,&quot;copyright&quot;:&quot;Caroline Bordenave&quot;,&quot;focal_length&quot;:&quot;50&quot;,&quot;iso&quot;:&quot;250&quot;,&quot;shutter_speed&quot;:&quot;0.008&quot;,&quot;title&quot;:&quot;&quot;,&quot;orientation&quot;:&quot;0&quot;}\" data-image-title=\"Vin d_Honneur &#8211; Terrasse Canal\" data-image-description=\"\" data-medium-file=\"https:\/\/i0.wp.com\/www.tendm.net\/wp-content\/uploads\/2018\/11\/Vin-d_Honneur-Terrasse-Canal.jpg?fit=300%2C200\" data-large-file=\"https:\/\/i0.wp.com\/www.tendm.net\/wp-content\/uploads\/2018\/11\/Vin-d_Honneur-Terrasse-Canal.jpg?fit=1000%2C666\" src=\"https:\/\/i0.wp.com\/www.tendm.net\/wp-content\/uploads\/2018\/11\/Vin-d_Honneur-Terrasse-Canal.jpg?w=1136&#038;h=757\" srcset=\"https:\/\/i0.wp.com\/www.tendm.net\/wp-content\/uploads\/2018\/11\/Vin-d_Honneur-Terrasse-Canal.jpg?w=1000 1000w, https:\/\/i0.wp.com\/www.tendm.net\/wp-content\/uploads\/2018\/11\/Vin-d_Honneur-Terrasse-Canal.jpg?resize=300%2C200 300w, https:\/\/i0.wp.com\/www.tendm.net\/wp-content\/uploads\/2018\/11\/Vin-d_Honneur-Terrasse-Canal.jpg?resize=768%2C511 768w\" width=\"1136\" height=\"757\" loading=\"lazy\" data-original-width=\"1136\" data-original-height=\"757\" itemprop=\"http:\/\/schema.org\/image\" title=\"Vin d_Honneur - Terrasse Canal\" alt=\"Vin d_Honneur - Terrasse Canal\" style=\"width: 1136px; height: 757px;\" \/> <\/a> <\/div> <\/div> <!-- close group --> <\/div> <!-- close row --> <\/div>\n","protected":false},"excerpt":{"rendered":"<p>\u00ab\u00a0Le Mas des Canelles un lieu exceptionnel pour vos \u00e9v\u00e9nements priv\u00e9s, aux portes de Toulouse.\u00a0\u00bb Dans ce cadre unique, cette demeure chaleureuse du d\u00e9but du 19\u00e8me si\u00e8cle, riche d\u2019\u00e9l\u00e9gance et de modernit\u00e9\u00a0\u00e0 l\u2019image de la ville rose, transforme ses espaces au gr\u00e9 de vos envies. Dot\u00e9 de 2 grandes salles (155 m\u00b2 et 140 m\u00b2) [&hellip;]<\/p>\n","protected":false},"author":1,"featured_media":6937,"parent":0,"menu_order":0,"comment_status":"closed","ping_status":"closed","template":"","meta":{"footnotes":""},"jetpack_sharing_enabled":true,"jetpack_shortlink":"https:\/\/wp.me\/P70bXT-1NS","jetpack-related-posts":[],"_links":{"self":[{"href":"http:\/\/www.tendm.net\/index.php\/wp-json\/wp\/v2\/pages\/6936"}],"collection":[{"href":"http:\/\/www.tendm.net\/index.php\/wp-json\/wp\/v2\/pages"}],"about":[{"href":"http:\/\/www.tendm.net\/index.php\/wp-json\/wp\/v2\/types\/page"}],"author":[{"embeddable":true,"href":"http:\/\/www.tendm.net\/index.php\/wp-json\/wp\/v2\/users\/1"}],"replies":[{"embeddable":true,"href":"http:\/\/www.tendm.net\/index.php\/wp-json\/wp\/v2\/comments?post=6936"}],"version-history":[{"count":1,"href":"http:\/\/www.tendm.net\/index.php\/wp-json\/wp\/v2\/pages\/6936\/revisions"}],"predecessor-version":[{"id":6946,"href":"http:\/\/www.tendm.net\/index.php\/wp-json\/wp\/v2\/pages\/6936\/revisions\/6946"}],"wp:featuredmedia":[{"embeddable":true,"href":"http:\/\/www.tendm.net\/index.php\/wp-json\/wp\/v2\/media\/6937"}],"wp:attachment":[{"href":"http:\/\/www.tendm.net\/index.php\/wp-json\/wp\/v2\/media?parent=6936"}],"curies":[{"name":"wp","href":"https:\/\/api.w.org\/{rel}","templated":true}]}}