{"id":7082,"date":"2018-11-14T14:53:03","date_gmt":"2018-11-14T13:53:03","guid":{"rendered":"http:\/\/www.tendm.net\/?page_id=7082"},"modified":"2018-11-14T15:15:14","modified_gmt":"2018-11-14T14:15:14","slug":"aina-esthetique-bien-etre","status":"publish","type":"page","link":"http:\/\/www.tendm.net\/index.php\/aina-esthetique-bien-etre\/","title":{"rendered":"Aina esth\u00e9tique &#038; bien \u00eatre"},"content":{"rendered":"<h2 style=\"text-align: center;\"><span style=\"color: #808080;\">\u00ab\u00a0Esth\u00e9ticienne depuis 13 ans, je voue une r\u00e9elle passion pour le soin \u00e0 l&rsquo;autre\u00a0\u00bb<\/span><\/h2>\n<p>Le maquillage est LA discipline qui m&rsquo;a fait d\u00e9couvrir l\u2019esth\u00e9tique. Une vocation que je souhaite transmettre aux autres passionn\u00e9s au travers de formation en maquillage mari\u00e9es. Outre le maquillage et l&rsquo;esth\u00e9tique traditionnelle je propose diverses prestations telles que :<\/p>\n<ul>\n<li>le rehaussement des cils<\/li>\n<li>l&rsquo;extension de cils<\/li>\n<li>la proth\u00e9sie ongulaire etc&#8230;<\/li>\n<\/ul>\n<p>Des soins que vous retrouverez dans mes forfaits \u00ab\u00a0mariage\u00a0\u00bb.<\/p>\n<p><strong>Services propos\u00e9s :<\/strong><\/p>\n<p>Maquillage et forfait mariage. Je me d\u00e9place pour le jour J.<br \/>\nPlanifier le premier rendez-vous environ 1 an en avance.<br \/>\nFourchette de prix entre 75\u00a0 et 190\u20ac, r\u00e8glement en ch\u00e8ques ou esp\u00e8ces.<br \/>\nPossibilit\u00e9 de maquiller les proches.<\/p>\n<p><strong>Autres information :<\/strong><\/p>\n<p>Compl\u00e8tement autre chose&#8230; Je chante pour les c\u00e9r\u00e9monies la\u00efques, \u00e9glise, vin d&rsquo;honneur. Gospel, vari\u00e9t\u00e9, jazzy etc&#8230;<\/p>\n<p style=\"text-align: center;\"><span style=\"color: #808080;\"><strong>Contact :<br \/>\n<\/strong> <\/span><span style=\"color: #333333;\">Aina esth\u00e9tique et bien \u00eatre<br \/>\n<\/span>06 85 67 08 59<br \/>\n<a href=\"http:\/\/aina-esthetique.fr\/\"><span style=\"color: #808080;\">aina-esthetique.fr<\/span><\/a><br \/>\n<span style=\"color: #808080;\"><a style=\"color: #808080;\" href=\"mailto:ainaesthetiqueetbienetre@gmail.com\">ainaesthetiqueetbienetre@gmail.com<\/a><br \/>\n<a href=\"https:\/\/www.facebook.com\/A.esthetiqueetbienetre\/\"><span style=\"color: #808080;\">Facebook<\/span><\/a><\/span><\/p>\n<p>&nbsp;<\/p>\n<div class=\"tiled-gallery type-rectangular tiled-gallery-unresized\" data-original-width=\"1140\" data-carousel-extra='{&quot;blog_id&quot;:1,&quot;permalink&quot;:&quot;http:\\\/\\\/www.tendm.net\\\/index.php\\\/aina-esthetique-bien-etre\\\/&quot;,&quot;likes_blog_id&quot;:103480349}' itemscope itemtype=\"http:\/\/schema.org\/ImageGallery\" > <div class=\"gallery-row\" style=\"width: 1140px; height: 595px;\" data-original-width=\"1140\" data-original-height=\"595\" > <div class=\"gallery-group images-1\" style=\"width: 793px; height: 595px;\" data-original-width=\"793\" data-original-height=\"595\" > <div class=\"tiled-gallery-item tiled-gallery-item-large\" itemprop=\"associatedMedia\" itemscope itemtype=\"http:\/\/schema.org\/ImageObject\"> <a href=\"http:\/\/www.tendm.net\/index.php\/aina-esthetique-bien-etre\/16681516_572475139621792_1082633676329779655_n\/\" border=\"0\" itemprop=\"url\"> <meta itemprop=\"width\" content=\"789\"> <meta itemprop=\"height\" content=\"591\"> <img loading=\"lazy\" decoding=\"async\" class=\"\" data-attachment-id=\"7084\" data-orig-file=\"http:\/\/www.tendm.net\/wp-content\/uploads\/2018\/11\/16681516_572475139621792_1082633676329779655_n.jpg\" data-orig-size=\"960,719\" data-comments-opened=\"1\" data-image-meta=\"{&quot;aperture&quot;:&quot;0&quot;,&quot;credit&quot;:&quot;&quot;,&quot;camera&quot;:&quot;&quot;,&quot;caption&quot;:&quot;&quot;,&quot;created_timestamp&quot;:&quot;0&quot;,&quot;copyright&quot;:&quot;&quot;,&quot;focal_length&quot;:&quot;0&quot;,&quot;iso&quot;:&quot;0&quot;,&quot;shutter_speed&quot;:&quot;0&quot;,&quot;title&quot;:&quot;&quot;,&quot;orientation&quot;:&quot;0&quot;}\" data-image-title=\"16681516_572475139621792_1082633676329779655_n\" data-image-description=\"\" data-medium-file=\"https:\/\/i0.wp.com\/www.tendm.net\/wp-content\/uploads\/2018\/11\/16681516_572475139621792_1082633676329779655_n.jpg?fit=300%2C225\" data-large-file=\"https:\/\/i0.wp.com\/www.tendm.net\/wp-content\/uploads\/2018\/11\/16681516_572475139621792_1082633676329779655_n.jpg?fit=960%2C719\" src=\"https:\/\/i0.wp.com\/www.tendm.net\/wp-content\/uploads\/2018\/11\/16681516_572475139621792_1082633676329779655_n.jpg?w=789&#038;h=591\" srcset=\"https:\/\/i0.wp.com\/www.tendm.net\/wp-content\/uploads\/2018\/11\/16681516_572475139621792_1082633676329779655_n.jpg?w=960 960w, https:\/\/i0.wp.com\/www.tendm.net\/wp-content\/uploads\/2018\/11\/16681516_572475139621792_1082633676329779655_n.jpg?resize=300%2C225 300w, https:\/\/i0.wp.com\/www.tendm.net\/wp-content\/uploads\/2018\/11\/16681516_572475139621792_1082633676329779655_n.jpg?resize=768%2C575 768w\" width=\"789\" height=\"591\" loading=\"lazy\" data-original-width=\"789\" data-original-height=\"591\" itemprop=\"http:\/\/schema.org\/image\" title=\"16681516_572475139621792_1082633676329779655_n\" alt=\"16681516_572475139621792_1082633676329779655_n\" style=\"width: 789px; height: 591px;\" \/> <\/a> <\/div> <\/div> <!-- close group --> <div class=\"gallery-group images-2\" style=\"width: 347px; height: 595px;\" data-original-width=\"347\" data-original-height=\"595\" > <div class=\"tiled-gallery-item tiled-gallery-item-large\" itemprop=\"associatedMedia\" itemscope itemtype=\"http:\/\/schema.org\/ImageObject\"> <a href=\"http:\/\/www.tendm.net\/index.php\/aina-esthetique-bien-etre\/21191919_656689967866975_5930677522097174765_n\/\" border=\"0\" itemprop=\"url\"> <meta itemprop=\"width\" content=\"343\"> <meta itemprop=\"height\" content=\"358\"> <img loading=\"lazy\" decoding=\"async\" class=\"\" data-attachment-id=\"7085\" data-orig-file=\"http:\/\/www.tendm.net\/wp-content\/uploads\/2018\/11\/21191919_656689967866975_5930677522097174765_n.jpg\" data-orig-size=\"613,641\" data-comments-opened=\"1\" data-image-meta=\"{&quot;aperture&quot;:&quot;0&quot;,&quot;credit&quot;:&quot;&quot;,&quot;camera&quot;:&quot;&quot;,&quot;caption&quot;:&quot;&quot;,&quot;created_timestamp&quot;:&quot;0&quot;,&quot;copyright&quot;:&quot;&quot;,&quot;focal_length&quot;:&quot;0&quot;,&quot;iso&quot;:&quot;0&quot;,&quot;shutter_speed&quot;:&quot;0&quot;,&quot;title&quot;:&quot;&quot;,&quot;orientation&quot;:&quot;0&quot;}\" data-image-title=\"21191919_656689967866975_5930677522097174765_n\" data-image-description=\"\" data-medium-file=\"https:\/\/i0.wp.com\/www.tendm.net\/wp-content\/uploads\/2018\/11\/21191919_656689967866975_5930677522097174765_n.jpg?fit=287%2C300\" data-large-file=\"https:\/\/i0.wp.com\/www.tendm.net\/wp-content\/uploads\/2018\/11\/21191919_656689967866975_5930677522097174765_n.jpg?fit=613%2C641\" src=\"https:\/\/i0.wp.com\/www.tendm.net\/wp-content\/uploads\/2018\/11\/21191919_656689967866975_5930677522097174765_n.jpg?w=343&#038;h=358\" srcset=\"https:\/\/i0.wp.com\/www.tendm.net\/wp-content\/uploads\/2018\/11\/21191919_656689967866975_5930677522097174765_n.jpg?w=613 613w, https:\/\/i0.wp.com\/www.tendm.net\/wp-content\/uploads\/2018\/11\/21191919_656689967866975_5930677522097174765_n.jpg?resize=287%2C300 287w\" width=\"343\" height=\"358\" loading=\"lazy\" data-original-width=\"343\" data-original-height=\"358\" itemprop=\"http:\/\/schema.org\/image\" title=\"21191919_656689967866975_5930677522097174765_n\" alt=\"21191919_656689967866975_5930677522097174765_n\" style=\"width: 343px; height: 358px;\" \/> <\/a> <\/div> <div class=\"tiled-gallery-item tiled-gallery-item-large\" itemprop=\"associatedMedia\" itemscope itemtype=\"http:\/\/schema.org\/ImageObject\"> <a href=\"http:\/\/www.tendm.net\/index.php\/aina-esthetique-bien-etre\/23559778_685842004951771_7503120157899135628_n\/\" border=\"0\" itemprop=\"url\"> <meta itemprop=\"width\" content=\"343\"> <meta itemprop=\"height\" content=\"229\"> <img loading=\"lazy\" decoding=\"async\" class=\"\" data-attachment-id=\"7086\" data-orig-file=\"http:\/\/www.tendm.net\/wp-content\/uploads\/2018\/11\/23559778_685842004951771_7503120157899135628_n.jpg\" data-orig-size=\"960,640\" data-comments-opened=\"1\" data-image-meta=\"{&quot;aperture&quot;:&quot;0&quot;,&quot;credit&quot;:&quot;&quot;,&quot;camera&quot;:&quot;&quot;,&quot;caption&quot;:&quot;&quot;,&quot;created_timestamp&quot;:&quot;0&quot;,&quot;copyright&quot;:&quot;&quot;,&quot;focal_length&quot;:&quot;0&quot;,&quot;iso&quot;:&quot;0&quot;,&quot;shutter_speed&quot;:&quot;0&quot;,&quot;title&quot;:&quot;&quot;,&quot;orientation&quot;:&quot;0&quot;}\" data-image-title=\"23559778_685842004951771_7503120157899135628_n\" data-image-description=\"\" data-medium-file=\"https:\/\/i0.wp.com\/www.tendm.net\/wp-content\/uploads\/2018\/11\/23559778_685842004951771_7503120157899135628_n.jpg?fit=300%2C200\" data-large-file=\"https:\/\/i0.wp.com\/www.tendm.net\/wp-content\/uploads\/2018\/11\/23559778_685842004951771_7503120157899135628_n.jpg?fit=960%2C640\" src=\"https:\/\/i0.wp.com\/www.tendm.net\/wp-content\/uploads\/2018\/11\/23559778_685842004951771_7503120157899135628_n.jpg?w=343&#038;h=229\" srcset=\"https:\/\/i0.wp.com\/www.tendm.net\/wp-content\/uploads\/2018\/11\/23559778_685842004951771_7503120157899135628_n.jpg?w=960 960w, https:\/\/i0.wp.com\/www.tendm.net\/wp-content\/uploads\/2018\/11\/23559778_685842004951771_7503120157899135628_n.jpg?resize=300%2C200 300w, https:\/\/i0.wp.com\/www.tendm.net\/wp-content\/uploads\/2018\/11\/23559778_685842004951771_7503120157899135628_n.jpg?resize=768%2C512 768w\" width=\"343\" height=\"229\" loading=\"lazy\" data-original-width=\"343\" data-original-height=\"229\" itemprop=\"http:\/\/schema.org\/image\" title=\"23559778_685842004951771_7503120157899135628_n\" alt=\"23559778_685842004951771_7503120157899135628_n\" style=\"width: 343px; height: 229px;\" \/> <\/a> <\/div> <\/div> <!-- close group --> <\/div> <!-- close row --> <div class=\"gallery-row\" style=\"width: 1140px; height: 402px;\" data-original-width=\"1140\" data-original-height=\"402\" > <div class=\"gallery-group images-1\" style=\"width: 270px; height: 402px;\" data-original-width=\"270\" data-original-height=\"402\" > <div class=\"tiled-gallery-item tiled-gallery-item-large\" itemprop=\"associatedMedia\" itemscope itemtype=\"http:\/\/schema.org\/ImageObject\"> <a href=\"http:\/\/www.tendm.net\/index.php\/aina-esthetique-bien-etre\/badra22\/\" border=\"0\" itemprop=\"url\"> <meta itemprop=\"width\" content=\"266\"> <meta itemprop=\"height\" content=\"398\"> <img loading=\"lazy\" decoding=\"async\" class=\"\" data-attachment-id=\"7087\" data-orig-file=\"http:\/\/www.tendm.net\/wp-content\/uploads\/2018\/11\/Badra22.jpg\" data-orig-size=\"667,1000\" data-comments-opened=\"1\" data-image-meta=\"{&quot;aperture&quot;:&quot;0&quot;,&quot;credit&quot;:&quot;&quot;,&quot;camera&quot;:&quot;&quot;,&quot;caption&quot;:&quot;&quot;,&quot;created_timestamp&quot;:&quot;0&quot;,&quot;copyright&quot;:&quot;&quot;,&quot;focal_length&quot;:&quot;0&quot;,&quot;iso&quot;:&quot;0&quot;,&quot;shutter_speed&quot;:&quot;0&quot;,&quot;title&quot;:&quot;&quot;,&quot;orientation&quot;:&quot;1&quot;}\" data-image-title=\"Badra22\" data-image-description=\"&lt;p&gt;Aina esth\u00e9tique et bien \u00eatre&lt;\/p&gt; \" data-medium-file=\"https:\/\/i0.wp.com\/www.tendm.net\/wp-content\/uploads\/2018\/11\/Badra22.jpg?fit=200%2C300\" data-large-file=\"https:\/\/i0.wp.com\/www.tendm.net\/wp-content\/uploads\/2018\/11\/Badra22.jpg?fit=667%2C1000\" src=\"https:\/\/i0.wp.com\/www.tendm.net\/wp-content\/uploads\/2018\/11\/Badra22.jpg?w=266&#038;h=398\" srcset=\"https:\/\/i0.wp.com\/www.tendm.net\/wp-content\/uploads\/2018\/11\/Badra22.jpg?w=667 667w, https:\/\/i0.wp.com\/www.tendm.net\/wp-content\/uploads\/2018\/11\/Badra22.jpg?resize=200%2C300 200w\" width=\"266\" height=\"398\" loading=\"lazy\" data-original-width=\"266\" data-original-height=\"398\" itemprop=\"http:\/\/schema.org\/image\" title=\"Badra22\" alt=\"Beaut\u00e9\" style=\"width: 266px; height: 398px;\" \/> <\/a> <div class=\"tiled-gallery-caption\" itemprop=\"caption description\"> Beaut\u00e9 <\/div> <\/div> <\/div> <!-- close group --> <div class=\"gallery-group images-1\" style=\"width: 269px; height: 402px;\" data-original-width=\"269\" data-original-height=\"402\" > <div class=\"tiled-gallery-item tiled-gallery-item-large\" itemprop=\"associatedMedia\" itemscope itemtype=\"http:\/\/schema.org\/ImageObject\"> <a href=\"http:\/\/www.tendm.net\/index.php\/aina-esthetique-bien-etre\/cha20\/\" border=\"0\" itemprop=\"url\"> <meta itemprop=\"width\" content=\"265\"> <meta itemprop=\"height\" content=\"398\"> <img loading=\"lazy\" decoding=\"async\" class=\"\" data-attachment-id=\"7088\" data-orig-file=\"http:\/\/www.tendm.net\/wp-content\/uploads\/2018\/11\/Cha20.jpg\" data-orig-size=\"667,1000\" data-comments-opened=\"1\" data-image-meta=\"{&quot;aperture&quot;:&quot;5.6&quot;,&quot;credit&quot;:&quot;&quot;,&quot;camera&quot;:&quot;Canon EOS 5D Mark II&quot;,&quot;caption&quot;:&quot;&quot;,&quot;created_timestamp&quot;:&quot;1456077874&quot;,&quot;copyright&quot;:&quot;&quot;,&quot;focal_length&quot;:&quot;85&quot;,&quot;iso&quot;:&quot;100&quot;,&quot;shutter_speed&quot;:&quot;0.008&quot;,&quot;title&quot;:&quot;&quot;,&quot;orientation&quot;:&quot;1&quot;}\" data-image-title=\"Cha20\" data-image-description=\"\" data-medium-file=\"https:\/\/i0.wp.com\/www.tendm.net\/wp-content\/uploads\/2018\/11\/Cha20.jpg?fit=200%2C300\" data-large-file=\"https:\/\/i0.wp.com\/www.tendm.net\/wp-content\/uploads\/2018\/11\/Cha20.jpg?fit=667%2C1000\" src=\"https:\/\/i0.wp.com\/www.tendm.net\/wp-content\/uploads\/2018\/11\/Cha20.jpg?w=265&#038;h=398\" srcset=\"https:\/\/i0.wp.com\/www.tendm.net\/wp-content\/uploads\/2018\/11\/Cha20.jpg?w=667 667w, https:\/\/i0.wp.com\/www.tendm.net\/wp-content\/uploads\/2018\/11\/Cha20.jpg?resize=200%2C300 200w\" width=\"265\" height=\"398\" loading=\"lazy\" data-original-width=\"265\" data-original-height=\"398\" itemprop=\"http:\/\/schema.org\/image\" title=\"Cha20\" alt=\"Cha20\" style=\"width: 265px; height: 398px;\" \/> <\/a> <\/div> <\/div> <!-- close group --> <div class=\"gallery-group images-1\" style=\"width: 601px; height: 402px;\" data-original-width=\"601\" data-original-height=\"402\" > <div class=\"tiled-gallery-item tiled-gallery-item-large\" itemprop=\"associatedMedia\" itemscope itemtype=\"http:\/\/schema.org\/ImageObject\"> <a href=\"http:\/\/www.tendm.net\/index.php\/aina-esthetique-bien-etre\/img_4821-2\/\" border=\"0\" itemprop=\"url\"> <meta itemprop=\"width\" content=\"597\"> <meta itemprop=\"height\" content=\"398\"> <img loading=\"lazy\" decoding=\"async\" class=\"\" data-attachment-id=\"7089\" data-orig-file=\"http:\/\/www.tendm.net\/wp-content\/uploads\/2018\/11\/IMG_4821-1.jpg\" data-orig-size=\"2784,1856\" data-comments-opened=\"1\" data-image-meta=\"{&quot;aperture&quot;:&quot;9&quot;,&quot;credit&quot;:&quot;&quot;,&quot;camera&quot;:&quot;Canon EOS 5D Mark II&quot;,&quot;caption&quot;:&quot;&quot;,&quot;created_timestamp&quot;:&quot;1456079288&quot;,&quot;copyright&quot;:&quot;&quot;,&quot;focal_length&quot;:&quot;180&quot;,&quot;iso&quot;:&quot;100&quot;,&quot;shutter_speed&quot;:&quot;0.008&quot;,&quot;title&quot;:&quot;&quot;,&quot;orientation&quot;:&quot;1&quot;}\" data-image-title=\"IMG_4821\" data-image-description=\"\" data-medium-file=\"https:\/\/i0.wp.com\/www.tendm.net\/wp-content\/uploads\/2018\/11\/IMG_4821-1.jpg?fit=300%2C200\" data-large-file=\"https:\/\/i0.wp.com\/www.tendm.net\/wp-content\/uploads\/2018\/11\/IMG_4821-1.jpg?fit=1024%2C683\" src=\"https:\/\/i0.wp.com\/www.tendm.net\/wp-content\/uploads\/2018\/11\/IMG_4821-1.jpg?w=597&#038;h=398\" srcset=\"https:\/\/i0.wp.com\/www.tendm.net\/wp-content\/uploads\/2018\/11\/IMG_4821-1.jpg?w=2784 2784w, https:\/\/i0.wp.com\/www.tendm.net\/wp-content\/uploads\/2018\/11\/IMG_4821-1.jpg?resize=300%2C200 300w, https:\/\/i0.wp.com\/www.tendm.net\/wp-content\/uploads\/2018\/11\/IMG_4821-1.jpg?resize=768%2C512 768w, https:\/\/i0.wp.com\/www.tendm.net\/wp-content\/uploads\/2018\/11\/IMG_4821-1.jpg?resize=1024%2C683 1024w, https:\/\/i0.wp.com\/www.tendm.net\/wp-content\/uploads\/2018\/11\/IMG_4821-1.jpg?w=2280 2280w\" width=\"597\" height=\"398\" loading=\"lazy\" data-original-width=\"597\" data-original-height=\"398\" itemprop=\"http:\/\/schema.org\/image\" title=\"IMG_4821\" alt=\"IMG_4821\" style=\"width: 597px; height: 398px;\" \/> <\/a> <\/div> <\/div> <!-- close group --> <\/div> <!-- close row --> <\/div>\n","protected":false},"excerpt":{"rendered":"<p>\u00ab\u00a0Esth\u00e9ticienne depuis 13 ans, je voue une r\u00e9elle passion pour le soin \u00e0 l&rsquo;autre\u00a0\u00bb Le maquillage est LA discipline qui m&rsquo;a fait d\u00e9couvrir l\u2019esth\u00e9tique. Une vocation que je souhaite transmettre aux autres passionn\u00e9s au travers de formation en maquillage mari\u00e9es. Outre le maquillage et l&rsquo;esth\u00e9tique traditionnelle je propose diverses prestations telles que : le rehaussement [&hellip;]<\/p>\n","protected":false},"author":1,"featured_media":7083,"parent":0,"menu_order":0,"comment_status":"closed","ping_status":"closed","template":"","meta":{"footnotes":""},"jetpack_sharing_enabled":true,"jetpack_shortlink":"https:\/\/wp.me\/P70bXT-1Qe","jetpack-related-posts":[],"_links":{"self":[{"href":"http:\/\/www.tendm.net\/index.php\/wp-json\/wp\/v2\/pages\/7082"}],"collection":[{"href":"http:\/\/www.tendm.net\/index.php\/wp-json\/wp\/v2\/pages"}],"about":[{"href":"http:\/\/www.tendm.net\/index.php\/wp-json\/wp\/v2\/types\/page"}],"author":[{"embeddable":true,"href":"http:\/\/www.tendm.net\/index.php\/wp-json\/wp\/v2\/users\/1"}],"replies":[{"embeddable":true,"href":"http:\/\/www.tendm.net\/index.php\/wp-json\/wp\/v2\/comments?post=7082"}],"version-history":[{"count":3,"href":"http:\/\/www.tendm.net\/index.php\/wp-json\/wp\/v2\/pages\/7082\/revisions"}],"predecessor-version":[{"id":7093,"href":"http:\/\/www.tendm.net\/index.php\/wp-json\/wp\/v2\/pages\/7082\/revisions\/7093"}],"wp:featuredmedia":[{"embeddable":true,"href":"http:\/\/www.tendm.net\/index.php\/wp-json\/wp\/v2\/media\/7083"}],"wp:attachment":[{"href":"http:\/\/www.tendm.net\/index.php\/wp-json\/wp\/v2\/media?parent=7082"}],"curies":[{"name":"wp","href":"https:\/\/api.w.org\/{rel}","templated":true}]}}