{"id":7105,"date":"2018-11-14T15:49:44","date_gmt":"2018-11-14T14:49:44","guid":{"rendered":"http:\/\/www.tendm.net\/?page_id=7105"},"modified":"2018-11-14T15:49:44","modified_gmt":"2018-11-14T14:49:44","slug":"sugar-lemon","status":"publish","type":"page","link":"http:\/\/www.tendm.net\/index.php\/sugar-lemon\/","title":{"rendered":"Sugar &#038; Lemon"},"content":{"rendered":"<h2 style=\"text-align: center;\"><span style=\"color: #808080;\">\u00ab\u00a0Animez vos moments et divertissez vos invit\u00e9s gr\u00e2ce \u00e0 notre \u00e9quipe de professionnels !\u00a0\u00bb<\/span><\/h2>\n<p>Cr\u00e9\u00e9 en 2011 par deux passionn\u00e9s du bar et des cocktails, Sugar &amp; Lemon Cocktail Lab. est le sp\u00e9cialiste du bar \u00e0 cocktail mobile en \u00e9v\u00e9nementiel. Surprenez et enchantez vos convives gr\u00e2ce \u00e0 des cocktails savoureux et une animation des plus originales, \u00e0 la hauteur de votre mariage ! Animez vos moments et divertissez vos invit\u00e9s gr\u00e2ce \u00e0 notre \u00e9quipe de professionnels ! Notre exp\u00e9rience internationale dans les meilleurs bars a fait de nous des bartenders m\u00e9langeant expertise, savoir-faire et audace, offrant un service de tr\u00e8s grande qualit\u00e9.<\/p>\n<p><span style=\"color: #333333;\"><strong>Services propos\u00e9s :<\/p>\n<p><\/strong>Cocktails<br \/>\n&#8211; R\u00e9alisation de cocktails minutes et punchs<br \/>\n&#8211; Cr\u00e9ation de recettes \u00e0 votre image et cocktails sans alcool<br \/>\n&#8211; Location de bars mobiles, verrerie, avec mise \u00e0 disposition de personnel<br \/>\n&#8211; Ateliers cocktails \u00e0 domicile et EVJF\/EVG<br \/>\n&#8211; Flair bartending<br \/>\nMobilit\u00e9 sur toute la France<strong><br \/>\n<\/strong><\/span><\/p>\n<p><strong>Autres informations :<\/strong><\/p>\n<p>Sugar &amp; Lemon saura \u00e9merveiller vos invit\u00e9s par son savoir-faire : jonglage de bouteilles,<br \/>\ncr\u00e9ation de boissons, etc&#8230; Ces deux amis sauront aussi ravir petits et grands en offrant des<br \/>\nboissons non-alcoolis\u00e9es gr\u00e2ce \u00e0 notre bar \u00e0 smoothie. D\u00e9monstrations publiques,<br \/>\nr\u00e9ceptions priv\u00e9es, cocktails sur mesure, ateliers cr\u00e9ation, etc., les sp\u00e9cialistes mettent<br \/>\ntoute leur expertise et leur cr\u00e9ativit\u00e9 au service de vos envies, m\u00eame les plus originales !<\/p>\n<p style=\"text-align: center;\"><span style=\"color: #808080;\"><strong>Contact :<br \/>\n<\/strong> <\/span><span style=\"color: #333333;\">Sugar &amp; Lemon<br \/>\nGermain CANTO<br \/>\n<\/span>2 Rue de la Fontaine<br \/>\n16100 COGNAC<br \/>\n06 43 21 43 19<br \/>\n<span style=\"color: #808080;\"><a style=\"color: #808080;\" href=\"http:\/\/www.sugarlemon.fr\">www.sugarlemon.fr<\/a><\/span><br \/>\n<span style=\"color: #808080;\"><a style=\"color: #808080;\" href=\"mailto:contact@sugarlemon.fr\">contact@sugarlemon.fr<\/a><\/span><br \/>\n<span style=\"color: #808080;\"><a style=\"color: #808080;\" href=\"http:\/\/www.facebook.com\/SLcocktail\/\">Facebook<\/a><\/span><br \/>\n<a href=\"http:\/\/www.instagram.com\/sugar__lemon\/\"><span style=\"color: #808080;\">Instagram<\/span><\/a><\/p>\n<div class=\"tiled-gallery type-rectangular tiled-gallery-unresized\" data-original-width=\"1140\" data-carousel-extra='{&quot;blog_id&quot;:1,&quot;permalink&quot;:&quot;http:\\\/\\\/www.tendm.net\\\/index.php\\\/sugar-lemon\\\/&quot;,&quot;likes_blog_id&quot;:103480349}' itemscope itemtype=\"http:\/\/schema.org\/ImageGallery\" > <div class=\"gallery-row\" style=\"width: 1140px; height: 877px;\" data-original-width=\"1140\" data-original-height=\"877\" > <div class=\"gallery-group images-3\" style=\"width: 437px; height: 877px;\" data-original-width=\"437\" data-original-height=\"877\" > <div class=\"tiled-gallery-item tiled-gallery-item-large\" itemprop=\"associatedMedia\" itemscope itemtype=\"http:\/\/schema.org\/ImageObject\"> <a href=\"http:\/\/www.tendm.net\/index.php\/sugar-lemon\/sebastien_chebassier_sl-16light\/\" border=\"0\" itemprop=\"url\"> <meta itemprop=\"width\" content=\"433\"> <meta itemprop=\"height\" content=\"289\"> <img loading=\"lazy\" decoding=\"async\" class=\"\" data-attachment-id=\"7112\" data-orig-file=\"http:\/\/www.tendm.net\/wp-content\/uploads\/2018\/11\/SEBASTIEN_CHEBASSIER_SL-16light.jpg\" data-orig-size=\"1000,666\" data-comments-opened=\"1\" data-image-meta=\"{&quot;aperture&quot;:&quot;0&quot;,&quot;credit&quot;:&quot;&quot;,&quot;camera&quot;:&quot;&quot;,&quot;caption&quot;:&quot;&quot;,&quot;created_timestamp&quot;:&quot;0&quot;,&quot;copyright&quot;:&quot;&quot;,&quot;focal_length&quot;:&quot;0&quot;,&quot;iso&quot;:&quot;0&quot;,&quot;shutter_speed&quot;:&quot;0&quot;,&quot;title&quot;:&quot;&quot;,&quot;orientation&quot;:&quot;0&quot;}\" data-image-title=\"SEBASTIEN_CHEBASSIER_S&#038;L-16light\" data-image-description=\"\" data-medium-file=\"https:\/\/i0.wp.com\/www.tendm.net\/wp-content\/uploads\/2018\/11\/SEBASTIEN_CHEBASSIER_SL-16light.jpg?fit=300%2C200\" data-large-file=\"https:\/\/i0.wp.com\/www.tendm.net\/wp-content\/uploads\/2018\/11\/SEBASTIEN_CHEBASSIER_SL-16light.jpg?fit=1000%2C666\" src=\"https:\/\/i0.wp.com\/www.tendm.net\/wp-content\/uploads\/2018\/11\/SEBASTIEN_CHEBASSIER_SL-16light.jpg?w=433&#038;h=289\" srcset=\"https:\/\/i0.wp.com\/www.tendm.net\/wp-content\/uploads\/2018\/11\/SEBASTIEN_CHEBASSIER_SL-16light.jpg?w=1000 1000w, https:\/\/i0.wp.com\/www.tendm.net\/wp-content\/uploads\/2018\/11\/SEBASTIEN_CHEBASSIER_SL-16light.jpg?resize=300%2C200 300w, https:\/\/i0.wp.com\/www.tendm.net\/wp-content\/uploads\/2018\/11\/SEBASTIEN_CHEBASSIER_SL-16light.jpg?resize=768%2C511 768w\" width=\"433\" height=\"289\" loading=\"lazy\" data-original-width=\"433\" data-original-height=\"289\" itemprop=\"http:\/\/schema.org\/image\" title=\"SEBASTIEN_CHEBASSIER_S&amp;L-16light\" alt=\"SEBASTIEN_CHEBASSIER_S&amp;L-16light\" style=\"width: 433px; height: 289px;\" \/> <\/a> <\/div> <div class=\"tiled-gallery-item tiled-gallery-item-large\" itemprop=\"associatedMedia\" itemscope itemtype=\"http:\/\/schema.org\/ImageObject\"> <a href=\"http:\/\/www.tendm.net\/index.php\/sugar-lemon\/sebastien_chebassier_sl-14light\/\" border=\"0\" itemprop=\"url\"> <meta itemprop=\"width\" content=\"433\"> <meta itemprop=\"height\" content=\"288\"> <img loading=\"lazy\" decoding=\"async\" class=\"\" data-attachment-id=\"7111\" data-orig-file=\"http:\/\/www.tendm.net\/wp-content\/uploads\/2018\/11\/SEBASTIEN_CHEBASSIER_SL-14light.jpg\" data-orig-size=\"1000,666\" data-comments-opened=\"1\" data-image-meta=\"{&quot;aperture&quot;:&quot;0&quot;,&quot;credit&quot;:&quot;&quot;,&quot;camera&quot;:&quot;&quot;,&quot;caption&quot;:&quot;&quot;,&quot;created_timestamp&quot;:&quot;0&quot;,&quot;copyright&quot;:&quot;&quot;,&quot;focal_length&quot;:&quot;0&quot;,&quot;iso&quot;:&quot;0&quot;,&quot;shutter_speed&quot;:&quot;0&quot;,&quot;title&quot;:&quot;&quot;,&quot;orientation&quot;:&quot;0&quot;}\" data-image-title=\"SEBASTIEN_CHEBASSIER_S&#038;L-14light\" data-image-description=\"\" data-medium-file=\"https:\/\/i0.wp.com\/www.tendm.net\/wp-content\/uploads\/2018\/11\/SEBASTIEN_CHEBASSIER_SL-14light.jpg?fit=300%2C200\" data-large-file=\"https:\/\/i0.wp.com\/www.tendm.net\/wp-content\/uploads\/2018\/11\/SEBASTIEN_CHEBASSIER_SL-14light.jpg?fit=1000%2C666\" src=\"https:\/\/i0.wp.com\/www.tendm.net\/wp-content\/uploads\/2018\/11\/SEBASTIEN_CHEBASSIER_SL-14light.jpg?w=433&#038;h=288\" srcset=\"https:\/\/i0.wp.com\/www.tendm.net\/wp-content\/uploads\/2018\/11\/SEBASTIEN_CHEBASSIER_SL-14light.jpg?w=1000 1000w, https:\/\/i0.wp.com\/www.tendm.net\/wp-content\/uploads\/2018\/11\/SEBASTIEN_CHEBASSIER_SL-14light.jpg?resize=300%2C200 300w, https:\/\/i0.wp.com\/www.tendm.net\/wp-content\/uploads\/2018\/11\/SEBASTIEN_CHEBASSIER_SL-14light.jpg?resize=768%2C511 768w\" width=\"433\" height=\"288\" loading=\"lazy\" data-original-width=\"433\" data-original-height=\"288\" itemprop=\"http:\/\/schema.org\/image\" title=\"SEBASTIEN_CHEBASSIER_S&amp;L-14light\" alt=\"SEBASTIEN_CHEBASSIER_S&amp;L-14light\" style=\"width: 433px; height: 288px;\" \/> <\/a> <\/div> <div class=\"tiled-gallery-item tiled-gallery-item-large\" itemprop=\"associatedMedia\" itemscope itemtype=\"http:\/\/schema.org\/ImageObject\"> <a href=\"http:\/\/www.tendm.net\/index.php\/sugar-lemon\/sebastien_chebassier_sl-5light\/\" border=\"0\" itemprop=\"url\"> <meta itemprop=\"width\" content=\"433\"> <meta itemprop=\"height\" content=\"288\"> <img loading=\"lazy\" decoding=\"async\" class=\"\" data-attachment-id=\"7110\" data-orig-file=\"http:\/\/www.tendm.net\/wp-content\/uploads\/2018\/11\/SEBASTIEN_CHEBASSIER_SL-5light.jpg\" data-orig-size=\"1000,666\" data-comments-opened=\"1\" data-image-meta=\"{&quot;aperture&quot;:&quot;0&quot;,&quot;credit&quot;:&quot;&quot;,&quot;camera&quot;:&quot;&quot;,&quot;caption&quot;:&quot;&quot;,&quot;created_timestamp&quot;:&quot;0&quot;,&quot;copyright&quot;:&quot;&quot;,&quot;focal_length&quot;:&quot;0&quot;,&quot;iso&quot;:&quot;0&quot;,&quot;shutter_speed&quot;:&quot;0&quot;,&quot;title&quot;:&quot;&quot;,&quot;orientation&quot;:&quot;0&quot;}\" data-image-title=\"SEBASTIEN_CHEBASSIER_S&#038;L-5light\" data-image-description=\"\" data-medium-file=\"https:\/\/i0.wp.com\/www.tendm.net\/wp-content\/uploads\/2018\/11\/SEBASTIEN_CHEBASSIER_SL-5light.jpg?fit=300%2C200\" data-large-file=\"https:\/\/i0.wp.com\/www.tendm.net\/wp-content\/uploads\/2018\/11\/SEBASTIEN_CHEBASSIER_SL-5light.jpg?fit=1000%2C666\" src=\"https:\/\/i0.wp.com\/www.tendm.net\/wp-content\/uploads\/2018\/11\/SEBASTIEN_CHEBASSIER_SL-5light.jpg?w=433&#038;h=288\" srcset=\"https:\/\/i0.wp.com\/www.tendm.net\/wp-content\/uploads\/2018\/11\/SEBASTIEN_CHEBASSIER_SL-5light.jpg?w=1000 1000w, https:\/\/i0.wp.com\/www.tendm.net\/wp-content\/uploads\/2018\/11\/SEBASTIEN_CHEBASSIER_SL-5light.jpg?resize=300%2C200 300w, https:\/\/i0.wp.com\/www.tendm.net\/wp-content\/uploads\/2018\/11\/SEBASTIEN_CHEBASSIER_SL-5light.jpg?resize=768%2C511 768w\" width=\"433\" height=\"288\" loading=\"lazy\" data-original-width=\"433\" data-original-height=\"288\" itemprop=\"http:\/\/schema.org\/image\" title=\"SEBASTIEN_CHEBASSIER_S&amp;L-5light\" alt=\"SEBASTIEN_CHEBASSIER_S&amp;L-5light\" style=\"width: 433px; height: 288px;\" \/> <\/a> <\/div> <\/div> <!-- close group --> <div class=\"gallery-group images-1\" style=\"width: 703px; height: 877px;\" data-original-width=\"703\" data-original-height=\"877\" > <div class=\"tiled-gallery-item tiled-gallery-item-large\" itemprop=\"associatedMedia\" itemscope itemtype=\"http:\/\/schema.org\/ImageObject\"> <a href=\"http:\/\/www.tendm.net\/index.php\/sugar-lemon\/eventspecialistlight\/\" border=\"0\" itemprop=\"url\"> <meta itemprop=\"width\" content=\"699\"> <meta itemprop=\"height\" content=\"873\"> <img loading=\"lazy\" decoding=\"async\" class=\"\" data-attachment-id=\"7109\" data-orig-file=\"http:\/\/www.tendm.net\/wp-content\/uploads\/2018\/11\/EVENTSPECIALISTlight.jpg\" data-orig-size=\"1000,1249\" data-comments-opened=\"1\" data-image-meta=\"{&quot;aperture&quot;:&quot;0&quot;,&quot;credit&quot;:&quot;&quot;,&quot;camera&quot;:&quot;&quot;,&quot;caption&quot;:&quot;&quot;,&quot;created_timestamp&quot;:&quot;0&quot;,&quot;copyright&quot;:&quot;&quot;,&quot;focal_length&quot;:&quot;0&quot;,&quot;iso&quot;:&quot;0&quot;,&quot;shutter_speed&quot;:&quot;0&quot;,&quot;title&quot;:&quot;&quot;,&quot;orientation&quot;:&quot;0&quot;}\" data-image-title=\"EVENTSPECIALISTlight\" data-image-description=\"\" data-medium-file=\"https:\/\/i0.wp.com\/www.tendm.net\/wp-content\/uploads\/2018\/11\/EVENTSPECIALISTlight.jpg?fit=240%2C300\" data-large-file=\"https:\/\/i0.wp.com\/www.tendm.net\/wp-content\/uploads\/2018\/11\/EVENTSPECIALISTlight.jpg?fit=820%2C1024\" src=\"https:\/\/i0.wp.com\/www.tendm.net\/wp-content\/uploads\/2018\/11\/EVENTSPECIALISTlight.jpg?w=699&#038;h=873\" srcset=\"https:\/\/i0.wp.com\/www.tendm.net\/wp-content\/uploads\/2018\/11\/EVENTSPECIALISTlight.jpg?w=1000 1000w, https:\/\/i0.wp.com\/www.tendm.net\/wp-content\/uploads\/2018\/11\/EVENTSPECIALISTlight.jpg?resize=240%2C300 240w, https:\/\/i0.wp.com\/www.tendm.net\/wp-content\/uploads\/2018\/11\/EVENTSPECIALISTlight.jpg?resize=768%2C959 768w, https:\/\/i0.wp.com\/www.tendm.net\/wp-content\/uploads\/2018\/11\/EVENTSPECIALISTlight.jpg?resize=820%2C1024 820w\" width=\"699\" height=\"873\" loading=\"lazy\" data-original-width=\"699\" data-original-height=\"873\" itemprop=\"http:\/\/schema.org\/image\" title=\"EVENTSPECIALISTlight\" alt=\"EVENTSPECIALISTlight\" style=\"width: 699px; height: 873px;\" \/> <\/a> <\/div> <\/div> <!-- close group --> <\/div> <!-- close row --> <div class=\"gallery-row\" style=\"width: 1140px; height: 279px;\" data-original-width=\"1140\" data-original-height=\"279\" > <div class=\"gallery-group images-1\" style=\"width: 450px; height: 279px;\" data-original-width=\"450\" data-original-height=\"279\" > <div class=\"tiled-gallery-item tiled-gallery-item-large\" itemprop=\"associatedMedia\" itemscope itemtype=\"http:\/\/schema.org\/ImageObject\"> <a href=\"http:\/\/www.tendm.net\/index.php\/sugar-lemon\/bartenderspecialstlight\/\" border=\"0\" itemprop=\"url\"> <meta itemprop=\"width\" content=\"446\"> <meta itemprop=\"height\" content=\"275\"> <img loading=\"lazy\" decoding=\"async\" class=\"\" data-attachment-id=\"7108\" data-orig-file=\"http:\/\/www.tendm.net\/wp-content\/uploads\/2018\/11\/BARTENDERSPECIALSTlight.jpg\" data-orig-size=\"1000,618\" data-comments-opened=\"1\" data-image-meta=\"{&quot;aperture&quot;:&quot;0&quot;,&quot;credit&quot;:&quot;&quot;,&quot;camera&quot;:&quot;&quot;,&quot;caption&quot;:&quot;&quot;,&quot;created_timestamp&quot;:&quot;0&quot;,&quot;copyright&quot;:&quot;&quot;,&quot;focal_length&quot;:&quot;0&quot;,&quot;iso&quot;:&quot;0&quot;,&quot;shutter_speed&quot;:&quot;0&quot;,&quot;title&quot;:&quot;&quot;,&quot;orientation&quot;:&quot;1&quot;}\" data-image-title=\"BARTENDERSPECIALSTlight\" data-image-description=\"\" data-medium-file=\"https:\/\/i0.wp.com\/www.tendm.net\/wp-content\/uploads\/2018\/11\/BARTENDERSPECIALSTlight.jpg?fit=300%2C185\" data-large-file=\"https:\/\/i0.wp.com\/www.tendm.net\/wp-content\/uploads\/2018\/11\/BARTENDERSPECIALSTlight.jpg?fit=1000%2C618\" src=\"https:\/\/i0.wp.com\/www.tendm.net\/wp-content\/uploads\/2018\/11\/BARTENDERSPECIALSTlight.jpg?w=446&#038;h=275\" srcset=\"https:\/\/i0.wp.com\/www.tendm.net\/wp-content\/uploads\/2018\/11\/BARTENDERSPECIALSTlight.jpg?w=1000 1000w, https:\/\/i0.wp.com\/www.tendm.net\/wp-content\/uploads\/2018\/11\/BARTENDERSPECIALSTlight.jpg?resize=300%2C185 300w, https:\/\/i0.wp.com\/www.tendm.net\/wp-content\/uploads\/2018\/11\/BARTENDERSPECIALSTlight.jpg?resize=768%2C475 768w\" width=\"446\" height=\"275\" loading=\"lazy\" data-original-width=\"446\" data-original-height=\"275\" itemprop=\"http:\/\/schema.org\/image\" title=\"BARTENDERSPECIALSTlight\" alt=\"BARTENDERSPECIALSTlight\" style=\"width: 446px; height: 275px;\" \/> <\/a> <\/div> <\/div> <!-- close group --> <div class=\"gallery-group images-1\" style=\"width: 417px; height: 279px;\" data-original-width=\"417\" data-original-height=\"279\" > <div class=\"tiled-gallery-item tiled-gallery-item-large\" itemprop=\"associatedMedia\" itemscope itemtype=\"http:\/\/schema.org\/ImageObject\"> <a href=\"http:\/\/www.tendm.net\/index.php\/sugar-lemon\/726a2290light\/\" border=\"0\" itemprop=\"url\"> <meta itemprop=\"width\" content=\"413\"> <meta itemprop=\"height\" content=\"275\"> <img loading=\"lazy\" decoding=\"async\" class=\"\" data-attachment-id=\"7107\" data-orig-file=\"http:\/\/www.tendm.net\/wp-content\/uploads\/2018\/11\/726A2290light.jpg\" data-orig-size=\"1000,666\" data-comments-opened=\"1\" data-image-meta=\"{&quot;aperture&quot;:&quot;0&quot;,&quot;credit&quot;:&quot;&quot;,&quot;camera&quot;:&quot;&quot;,&quot;caption&quot;:&quot;&quot;,&quot;created_timestamp&quot;:&quot;0&quot;,&quot;copyright&quot;:&quot;&quot;,&quot;focal_length&quot;:&quot;0&quot;,&quot;iso&quot;:&quot;0&quot;,&quot;shutter_speed&quot;:&quot;0&quot;,&quot;title&quot;:&quot;&quot;,&quot;orientation&quot;:&quot;0&quot;}\" data-image-title=\"726A2290light\" data-image-description=\"\" data-medium-file=\"https:\/\/i0.wp.com\/www.tendm.net\/wp-content\/uploads\/2018\/11\/726A2290light.jpg?fit=300%2C200\" data-large-file=\"https:\/\/i0.wp.com\/www.tendm.net\/wp-content\/uploads\/2018\/11\/726A2290light.jpg?fit=1000%2C666\" src=\"https:\/\/i0.wp.com\/www.tendm.net\/wp-content\/uploads\/2018\/11\/726A2290light.jpg?w=413&#038;h=275\" srcset=\"https:\/\/i0.wp.com\/www.tendm.net\/wp-content\/uploads\/2018\/11\/726A2290light.jpg?w=1000 1000w, https:\/\/i0.wp.com\/www.tendm.net\/wp-content\/uploads\/2018\/11\/726A2290light.jpg?resize=300%2C200 300w, https:\/\/i0.wp.com\/www.tendm.net\/wp-content\/uploads\/2018\/11\/726A2290light.jpg?resize=768%2C511 768w\" width=\"413\" height=\"275\" loading=\"lazy\" data-original-width=\"413\" data-original-height=\"275\" itemprop=\"http:\/\/schema.org\/image\" title=\"726A2290light\" alt=\"726A2290light\" style=\"width: 413px; height: 275px;\" \/> <\/a> <\/div> <\/div> <!-- close group --> <div class=\"gallery-group images-1\" style=\"width: 273px; height: 279px;\" data-original-width=\"273\" data-original-height=\"279\" > <div class=\"tiled-gallery-item tiled-gallery-item-large\" itemprop=\"associatedMedia\" itemscope itemtype=\"http:\/\/schema.org\/ImageObject\"> <a href=\"http:\/\/www.tendm.net\/index.php\/sugar-lemon\/726a2054light\/\" border=\"0\" itemprop=\"url\"> <meta itemprop=\"width\" content=\"269\"> <meta itemprop=\"height\" content=\"275\"> <img loading=\"lazy\" decoding=\"async\" class=\"\" data-attachment-id=\"7106\" data-orig-file=\"http:\/\/www.tendm.net\/wp-content\/uploads\/2018\/11\/726A2054light.jpg\" data-orig-size=\"1000,1022\" data-comments-opened=\"1\" data-image-meta=\"{&quot;aperture&quot;:&quot;0&quot;,&quot;credit&quot;:&quot;&quot;,&quot;camera&quot;:&quot;&quot;,&quot;caption&quot;:&quot;&quot;,&quot;created_timestamp&quot;:&quot;0&quot;,&quot;copyright&quot;:&quot;&quot;,&quot;focal_length&quot;:&quot;0&quot;,&quot;iso&quot;:&quot;0&quot;,&quot;shutter_speed&quot;:&quot;0&quot;,&quot;title&quot;:&quot;&quot;,&quot;orientation&quot;:&quot;0&quot;}\" data-image-title=\"726A2054light\" data-image-description=\"\" data-medium-file=\"https:\/\/i0.wp.com\/www.tendm.net\/wp-content\/uploads\/2018\/11\/726A2054light.jpg?fit=294%2C300\" data-large-file=\"https:\/\/i0.wp.com\/www.tendm.net\/wp-content\/uploads\/2018\/11\/726A2054light.jpg?fit=1000%2C1022\" src=\"https:\/\/i0.wp.com\/www.tendm.net\/wp-content\/uploads\/2018\/11\/726A2054light.jpg?w=269&#038;h=275\" srcset=\"https:\/\/i0.wp.com\/www.tendm.net\/wp-content\/uploads\/2018\/11\/726A2054light.jpg?w=1000 1000w, https:\/\/i0.wp.com\/www.tendm.net\/wp-content\/uploads\/2018\/11\/726A2054light.jpg?resize=294%2C300 294w, https:\/\/i0.wp.com\/www.tendm.net\/wp-content\/uploads\/2018\/11\/726A2054light.jpg?resize=768%2C785 768w\" width=\"269\" height=\"275\" loading=\"lazy\" data-original-width=\"269\" data-original-height=\"275\" itemprop=\"http:\/\/schema.org\/image\" title=\"726A2054light\" alt=\"726A2054light\" style=\"width: 269px; height: 275px;\" \/> <\/a> <\/div> <\/div> <!-- close group --> <\/div> <!-- close row --> <\/div>\n","protected":false},"excerpt":{"rendered":"<p>\u00ab\u00a0Animez vos moments et divertissez vos invit\u00e9s gr\u00e2ce \u00e0 notre \u00e9quipe de professionnels !\u00a0\u00bb Cr\u00e9\u00e9 en 2011 par deux passionn\u00e9s du bar et des cocktails, Sugar &amp; Lemon Cocktail Lab. est le sp\u00e9cialiste du bar \u00e0 cocktail mobile en \u00e9v\u00e9nementiel. Surprenez et enchantez vos convives gr\u00e2ce \u00e0 des cocktails savoureux et une animation des plus [&hellip;]<\/p>\n","protected":false},"author":1,"featured_media":7108,"parent":0,"menu_order":0,"comment_status":"closed","ping_status":"closed","template":"","meta":{"footnotes":""},"jetpack_sharing_enabled":true,"jetpack_shortlink":"https:\/\/wp.me\/P70bXT-1QB","jetpack-related-posts":[],"_links":{"self":[{"href":"http:\/\/www.tendm.net\/index.php\/wp-json\/wp\/v2\/pages\/7105"}],"collection":[{"href":"http:\/\/www.tendm.net\/index.php\/wp-json\/wp\/v2\/pages"}],"about":[{"href":"http:\/\/www.tendm.net\/index.php\/wp-json\/wp\/v2\/types\/page"}],"author":[{"embeddable":true,"href":"http:\/\/www.tendm.net\/index.php\/wp-json\/wp\/v2\/users\/1"}],"replies":[{"embeddable":true,"href":"http:\/\/www.tendm.net\/index.php\/wp-json\/wp\/v2\/comments?post=7105"}],"version-history":[{"count":1,"href":"http:\/\/www.tendm.net\/index.php\/wp-json\/wp\/v2\/pages\/7105\/revisions"}],"predecessor-version":[{"id":7113,"href":"http:\/\/www.tendm.net\/index.php\/wp-json\/wp\/v2\/pages\/7105\/revisions\/7113"}],"wp:featuredmedia":[{"embeddable":true,"href":"http:\/\/www.tendm.net\/index.php\/wp-json\/wp\/v2\/media\/7108"}],"wp:attachment":[{"href":"http:\/\/www.tendm.net\/index.php\/wp-json\/wp\/v2\/media?parent=7105"}],"curies":[{"name":"wp","href":"https:\/\/api.w.org\/{rel}","templated":true}]}}