{"id":130,"date":"2015-11-13T12:49:16","date_gmt":"2015-11-13T11:49:16","guid":{"rendered":"http:\/\/www.tendm.net\/?page_id=130"},"modified":"2018-10-26T17:15:53","modified_gmt":"2018-10-26T16:15:53","slug":"infos-pratiques-contact","status":"publish","type":"page","link":"https:\/\/www.tendm.net\/index.php\/infos-pratiques-contact\/","title":{"rendered":"Contactez-nous !"},"content":{"rendered":"<p style=\"text-align: center;\">Posez nous toutes vos questions gr\u00e2ce aux formulaires ci-dessous et nous vous r\u00e9pondrons dans les meilleurs d\u00e9lais !<\/p>\n<p style=\"text-align: center;\">A tr\u00e8s vite,<\/p>\n<p style=\"text-align: center;\">L&rsquo;Equipe Tend&rsquo;M<\/p>\n<p style=\"text-align: center;\"><b>\u25bc<\/b><\/p>\n<div data-test='contact-form' id='contact-form-130' class='wp-block-jetpack-contact-form-container '>\n<form action='https:\/\/www.tendm.net\/index.php\/infos-pratiques-contact\/#contact-form-130' method='post' class='contact-form commentsblock' aria-label=\"Contactez-nous !\" novalidate>\n\n<div style=\"\" class='grunion-field-name-wrap grunion-field-wrap'  >\n<label\n\t\t\t\tfor='g130-nometprnom'\n\t\t\t\tclass='grunion-field-label name'>Nom et Pr\u00e9nom<span class=\"grunion-label-required\" aria-hidden=\"true\">(obligatoire)<\/span><\/label>\n<input\n\t\t\t\t\ttype='text'\n\t\t\t\t\tname='g130-nometprnom'\n\t\t\t\t\tid='g130-nometprnom'\n\t\t\t\t\tvalue=''\n\t\t\t\t\tclass='name  grunion-field' \n\t\t\t\t\trequired aria-required='true' \/>\n\t<\/div>\n\n<div style=\"\" class='grunion-field-text-wrap grunion-field-wrap'  >\n<label\n\t\t\t\tfor='g130-nomdelasocit'\n\t\t\t\tclass='grunion-field-label text'>Nom de la soci\u00e9t\u00e9<span class=\"grunion-label-required\" aria-hidden=\"true\">(obligatoire)<\/span><\/label>\n<input\n\t\t\t\t\ttype='text'\n\t\t\t\t\tname='g130-nomdelasocit'\n\t\t\t\t\tid='g130-nomdelasocit'\n\t\t\t\t\tvalue=''\n\t\t\t\t\tclass='text  grunion-field' \n\t\t\t\t\trequired aria-required='true' \/>\n\t<\/div>\n\n<div style=\"\" class='grunion-field-email-wrap grunion-field-wrap'  >\n<label\n\t\t\t\tfor='g130-adresseemail'\n\t\t\t\tclass='grunion-field-label email'>Adresse e-mail<span class=\"grunion-label-required\" aria-hidden=\"true\">(obligatoire)<\/span><\/label>\n<input\n\t\t\t\t\ttype='email'\n\t\t\t\t\tname='g130-adresseemail'\n\t\t\t\t\tid='g130-adresseemail'\n\t\t\t\t\tvalue=''\n\t\t\t\t\tclass='email  grunion-field' \n\t\t\t\t\trequired aria-required='true' \/>\n\t<\/div>\n\n<div style=\"\" class='grunion-field-text-wrap grunion-field-wrap'  >\n<label\n\t\t\t\tfor='g130-numrodetlphone'\n\t\t\t\tclass='grunion-field-label text'>Num\u00e9ro de t\u00e9l\u00e9phone<span class=\"grunion-label-required\" aria-hidden=\"true\">(obligatoire)<\/span><\/label>\n<input\n\t\t\t\t\ttype='text'\n\t\t\t\t\tname='g130-numrodetlphone'\n\t\t\t\t\tid='g130-numrodetlphone'\n\t\t\t\t\tvalue=''\n\t\t\t\t\tclass='text  grunion-field' \n\t\t\t\t\trequired aria-required='true' \/>\n\t<\/div>\n\n<div style=\"\" class='grunion-field-checkbox-multiple-wrap grunion-field-wrap'  >\n<fieldset id=\"g130-voustes-label\" class=\"grunion-checkbox-multiple-options\"data-required><legend\n\t\t\t\tclass='grunion-field-label'>Vous \u00eates :<span class=\"grunion-label-required\">(obligatoire)<\/span><\/legend>\n<p class='contact-form-field'><input\n\t\t\t\t\t\t\t\t\tid='g130-voustes-\u00e0 Toulouse &amp; ses environs...'\n\t\t\t\t\t\t\t\t\ttype='checkbox'\n\t\t\t\t\t\t\t\t\tname='g130-voustes[]'\n\t\t\t\t\t\t\t\t\tvalue='\u00e0 Toulouse &amp; ses environs...' class='checkbox-multiple  grunion-field'  \/> <label for='g130-voustes-\u00e0 Toulouse &amp; ses environs...' style=\"\" class='grunion-checkbox-multiple-label checkbox-multiple '><span class='grunion-field-text'>\u00e0 Toulouse &amp; ses environs...<\/span><\/label>\n<\/p><p class='contact-form-field'><input\n\t\t\t\t\t\t\t\t\tid='g130-voustes-\u00e0 Bordeaux &amp; ses alentours...'\n\t\t\t\t\t\t\t\t\ttype='checkbox'\n\t\t\t\t\t\t\t\t\tname='g130-voustes[]'\n\t\t\t\t\t\t\t\t\tvalue='\u00e0 Bordeaux &amp; ses alentours...' class='checkbox-multiple  grunion-field'  \/> <label for='g130-voustes-\u00e0 Bordeaux &amp; ses alentours...' style=\"\" class='grunion-checkbox-multiple-label checkbox-multiple '><span class='grunion-field-text'>\u00e0 Bordeaux &amp; ses alentours...<\/span><\/label>\n<\/p><\/fieldset>\t<\/div>\n\n<div style=\"\" class='grunion-field-checkbox-multiple-wrap grunion-field-wrap'  >\n<fieldset id=\"g130-ditesnousenunpeuplus-label\" class=\"grunion-checkbox-multiple-options\"data-required><legend\n\t\t\t\tclass='grunion-field-label'>Dites-nous en un peu plus...<span class=\"grunion-label-required\">(obligatoire)<\/span><\/legend>\n<p class='contact-form-field'><input\n\t\t\t\t\t\t\t\t\tid='g130-ditesnousenunpeuplus-Je suis un(e) futur(e) mari\u00e9(e) et je veux des informations sur la prochaine \u00e9dition'\n\t\t\t\t\t\t\t\t\ttype='checkbox'\n\t\t\t\t\t\t\t\t\tname='g130-ditesnousenunpeuplus[]'\n\t\t\t\t\t\t\t\t\tvalue='Je suis un(e) futur(e) mari\u00e9(e) et je veux des informations sur la prochaine \u00e9dition' class='checkbox-multiple  grunion-field'  \/> <label for='g130-ditesnousenunpeuplus-Je suis un(e) futur(e) mari\u00e9(e) et je veux des informations sur la prochaine \u00e9dition' style=\"\" class='grunion-checkbox-multiple-label checkbox-multiple '><span class='grunion-field-text'>Je suis un(e) futur(e) mari\u00e9(e) et je veux des informations sur la prochaine \u00e9dition<\/span><\/label>\n<\/p><p class='contact-form-field'><input\n\t\t\t\t\t\t\t\t\tid='g130-ditesnousenunpeuplus-Je suis un prestataire ou un cr\u00e9ateur et je veux faire partie de l&#039;aventure Tend&#039;M'\n\t\t\t\t\t\t\t\t\ttype='checkbox'\n\t\t\t\t\t\t\t\t\tname='g130-ditesnousenunpeuplus[]'\n\t\t\t\t\t\t\t\t\tvalue='Je suis un prestataire ou un cr\u00e9ateur et je veux faire partie de l&#039;aventure Tend&#039;M' class='checkbox-multiple  grunion-field'  \/> <label for='g130-ditesnousenunpeuplus-Je suis un prestataire ou un cr\u00e9ateur et je veux faire partie de l&#039;aventure Tend&#039;M' style=\"\" class='grunion-checkbox-multiple-label checkbox-multiple '><span class='grunion-field-text'>Je suis un prestataire ou un cr\u00e9ateur et je veux faire partie de l&#039;aventure Tend&#039;M<\/span><\/label>\n<\/p><\/fieldset>\t<\/div>\n\n<div style=\"\" class='grunion-field-textarea-wrap grunion-field-wrap'  >\n<label\n\t\t\t\tfor='contact-form-comment-g130-onvouscoute'\n\t\t\t\tclass='grunion-field-label textarea'>On vous \u00e9coute !<span class=\"grunion-label-required\" aria-hidden=\"true\">(obligatoire)<\/span><\/label>\n<textarea\n\t\t                style=''\n\t\t                name='g130-onvouscoute'\n\t\t                id='contact-form-comment-g130-onvouscoute'\n\t\t                rows='20' class='textarea  grunion-field'  required aria-required='true'><\/textarea>\n\t<\/div>\n\t<p class='contact-submit'>\n\t\t<button type='submit' class='pushbutton-wide'>Envoyer<\/button>\t\t<input type='hidden' name='contact-form-id' value='130' \/>\n\t\t<input type='hidden' name='action' value='grunion-contact-form' \/>\n\t\t<input type='hidden' name='contact-form-hash' value='ed8db174f53cbc84b4089788228a12aba9db2521' \/>\n\t<\/p>\n<p style=\"display: none !important;\" class=\"akismet-fields-container\" data-prefix=\"ak_\"><label>&#916;<textarea name=\"ak_hp_textarea\" cols=\"45\" rows=\"8\" maxlength=\"100\"><\/textarea><\/label><input type=\"hidden\" id=\"ak_js_1\" name=\"ak_js\" value=\"108\"\/><script>document.getElementById( \"ak_js_1\" ).setAttribute( \"value\", ( new Date() ).getTime() );<\/script><\/p><\/form>\n<\/div>\n<p><img fetchpriority=\"high\" decoding=\"async\" data-attachment-id=\"5961\" data-permalink=\"https:\/\/www.tendm.net\/index.php\/infos-pratiques-contact\/merci\/\" data-orig-file=\"https:\/\/i0.wp.com\/www.tendm.net\/wp-content\/uploads\/2018\/04\/merci.png?fit=3000%2C620&amp;ssl=1\" data-orig-size=\"3000,620\" data-comments-opened=\"1\" data-image-meta=\"{&quot;aperture&quot;:&quot;0&quot;,&quot;credit&quot;:&quot;&quot;,&quot;camera&quot;:&quot;&quot;,&quot;caption&quot;:&quot;&quot;,&quot;created_timestamp&quot;:&quot;0&quot;,&quot;copyright&quot;:&quot;&quot;,&quot;focal_length&quot;:&quot;0&quot;,&quot;iso&quot;:&quot;0&quot;,&quot;shutter_speed&quot;:&quot;0&quot;,&quot;title&quot;:&quot;&quot;,&quot;orientation&quot;:&quot;0&quot;}\" data-image-title=\"merci\" data-image-description=\"\" data-image-caption=\"\" data-medium-file=\"https:\/\/i0.wp.com\/www.tendm.net\/wp-content\/uploads\/2018\/04\/merci.png?fit=300%2C62&amp;ssl=1\" data-large-file=\"https:\/\/i0.wp.com\/www.tendm.net\/wp-content\/uploads\/2018\/04\/merci.png?fit=1024%2C212&amp;ssl=1\" class=\"aligncenter size-full wp-image-5961\" src=\"https:\/\/i0.wp.com\/www.tendm.net\/wp-content\/uploads\/2018\/04\/merci.png?resize=1140%2C236\" alt=\"\" width=\"1140\" height=\"236\" srcset=\"https:\/\/i0.wp.com\/www.tendm.net\/wp-content\/uploads\/2018\/04\/merci.png?w=3000&amp;ssl=1 3000w, https:\/\/i0.wp.com\/www.tendm.net\/wp-content\/uploads\/2018\/04\/merci.png?resize=300%2C62&amp;ssl=1 300w, https:\/\/i0.wp.com\/www.tendm.net\/wp-content\/uploads\/2018\/04\/merci.png?resize=768%2C159&amp;ssl=1 768w, https:\/\/i0.wp.com\/www.tendm.net\/wp-content\/uploads\/2018\/04\/merci.png?resize=1024%2C212&amp;ssl=1 1024w, https:\/\/i0.wp.com\/www.tendm.net\/wp-content\/uploads\/2018\/04\/merci.png?w=2280 2280w\" sizes=\"(max-width: 1140px) 100vw, 1140px\" data-recalc-dims=\"1\" \/><\/p>\n","protected":false},"excerpt":{"rendered":"<p>Posez nous toutes vos questions gr\u00e2ce aux formulaires ci-dessous et nous vous r\u00e9pondrons dans les meilleurs d\u00e9lais ! A tr\u00e8s vite, L&rsquo;Equipe Tend&rsquo;M \u25bc<\/p>\n","protected":false},"author":1,"featured_media":5929,"parent":0,"menu_order":0,"comment_status":"closed","ping_status":"closed","template":"","meta":{"footnotes":""},"jetpack_sharing_enabled":false,"jetpack_shortlink":"https:\/\/wp.me\/P70bXT-26","jetpack-related-posts":[],"_links":{"self":[{"href":"https:\/\/www.tendm.net\/index.php\/wp-json\/wp\/v2\/pages\/130"}],"collection":[{"href":"https:\/\/www.tendm.net\/index.php\/wp-json\/wp\/v2\/pages"}],"about":[{"href":"https:\/\/www.tendm.net\/index.php\/wp-json\/wp\/v2\/types\/page"}],"author":[{"embeddable":true,"href":"https:\/\/www.tendm.net\/index.php\/wp-json\/wp\/v2\/users\/1"}],"replies":[{"embeddable":true,"href":"https:\/\/www.tendm.net\/index.php\/wp-json\/wp\/v2\/comments?post=130"}],"version-history":[{"count":38,"href":"https:\/\/www.tendm.net\/index.php\/wp-json\/wp\/v2\/pages\/130\/revisions"}],"predecessor-version":[{"id":6808,"href":"https:\/\/www.tendm.net\/index.php\/wp-json\/wp\/v2\/pages\/130\/revisions\/6808"}],"wp:featuredmedia":[{"embeddable":true,"href":"https:\/\/www.tendm.net\/index.php\/wp-json\/wp\/v2\/media\/5929"}],"wp:attachment":[{"href":"https:\/\/www.tendm.net\/index.php\/wp-json\/wp\/v2\/media?parent=130"}],"curies":[{"name":"wp","href":"https:\/\/api.w.org\/{rel}","templated":true}]}}