{"id":4929,"date":"2017-10-23T13:55:12","date_gmt":"2017-10-23T12:55:12","guid":{"rendered":"http:\/\/www.tendm.net\/?page_id=4929"},"modified":"2018-04-04T12:30:38","modified_gmt":"2018-04-04T11:30:38","slug":"la-plaque-tournante","status":"publish","type":"page","link":"https:\/\/www.tendm.net\/index.php\/la-plaque-tournante\/","title":{"rendered":"La Plaque Tournante"},"content":{"rendered":"<p>&nbsp;<\/p>\n<h1 style=\"text-align: center;\"><span style=\"color: #808080;\">\u00ab\u00a0La Plaque Tournante, Une cr\u00eaperie-traiteur\u00a0\u00bb<\/span><\/h1>\n<p class=\"p1\"><span class=\"s1\">La Plaque Tournante est une cr\u00eaperie-traiteur de la r\u00e9gion toulousaine qui travaille uniquement de bons produits\u00a0: bios, locaux et fait-maison. C\u2019est aussi l\u2019association de deux amis et coll\u00e8gues\u00a0: Arthur &amp; Laetitia.<\/span><\/p>\n<p class=\"p1\"><span class=\"s1\">Arthur a \u00e9t\u00e9 form\u00e9 par une cr\u00eapi\u00e8re bretonne puis a exerc\u00e9 son savoir-faire dans plusieurs cr\u00eaperies du Sud-ouest (Cap Breton, Montpellier et Toulouse) avant de se lancer \u00e0 son compte. Laetitia travaillait dans un tout autre domaine lorsque l\u2019envie de d\u00e9velopper un projet culinaire valorisant de bons produits est apparue. C\u2019est ainsi que La Plaque Tournent est n\u00e9e, faisant passer Arthur et Laetitia d\u2019amis \u00e0 coll\u00e8gues.<\/span><\/p>\n<p class=\"p1\"><span class=\"s1\">Sp\u00e9cialis\u00e9e dans les \u00e9v\u00e9nements priv\u00e9s &#8211; et notamment, dans le mariage \u2013 nous vous proposons une prestation personnalis\u00e9e, adapt\u00e9e \u00e0 vos envies pour ce grand jour\u00a0: un repas de lendemain de mariage, un brunch ou un atelier cr\u00eapes au moment o\u00f9 vous le souhaitez.<\/span><\/p>\n<p class=\"p1\"><span class=\"s1\">En r\u00e9sum\u00e9, La Plaque Tournante c\u2019est une offre culinaire simple et de qualit\u00e9, dans un esprit cool et convivial\u00a0!<\/span><\/p>\n<p><strong>Services propos\u00e9s :<br \/>\n<\/strong><span class=\"s1\">Pour un moment chaleureux et original, la Plaque Tournante vous propose un d\u00e9jeuner \u00e0 base de galettes sal\u00e9es et cr\u00eapes sucr\u00e9es d\u00e9finies ensemble en amont et r\u00e9alis\u00e9es devant vos invit\u00e9-e-s.<br \/>\n<\/span><span class=\"s1\">Il nous est \u00e9galement possible de vous proposer une formule Brunch, avec boissons chaudes, jus de fruits frais, pancakes, plateaux de charcuterie, fromages fermiers, galettes et cr\u00eapes.<\/span><\/p>\n<p class=\"p3\"><span class=\"s1\">Notre offre traiteur se compose de bouch\u00e9es sal\u00e9es et sucr\u00e9es, de salades, de plateaux de charcuterie et de fromage de qualit\u00e9. Quelques exemples\u00a0:<br \/>\n<\/span><span class=\"s1\">&#8211; mini burger de sarrasin, saucisse de Toulouse et confits d\u2019oignons<br \/>\n<\/span><span class=\"s1\">&#8211; mini blinis, cr\u00e8me de ricotta aux herbes et truite fum\u00e9e des Pyr\u00e9nn\u00e9es<br \/>\n<\/span><span class=\"s1\">&#8211; cannel\u00e9s aux l\u00e9gumes grill\u00e9s, quinoa et parmesan<br \/>\n<\/span><span class=\"s1\">&#8211; falafels de papate douce et s\u00e9same, sauce au yaourt \u00e0 la menthe verte<br \/>\n<\/span><span class=\"s1\">&#8211; gaspacho concombre et f\u00e9ta<\/span><\/p>\n<p class=\"p3\"><span class=\"s1\">&#8211; Mini pancakes au chocolat et cr\u00e8me de speculoos<br \/>\n<\/span><span class=\"s1\">&#8211; cr\u00eapes de lemon curd et meringue<br \/>\n<\/span><span class=\"s1\">&#8211; Samossas banane, noisette et chocolat<\/span><\/p>\n<p class=\"p6\"><span class=\"s1\">Nous proposons des options compl\u00e9mentaires\u00a0: salade verte et vinaigrette, chantilly maison, cidre, jus de fruits, vaisselle, etc\u2026<br \/>\n<\/span><span class=\"s1\">Nous avons \u00e9galement<span class=\"Apple-converted-space\">\u00a0 <\/span>\u00e0 c\u0153ur de proposer des variantes v\u00e9g\u00e9tariennes, vegan, sans lactose et sans gluten .<\/span><\/p>\n<p class=\"p6\"><strong><span class=\"s1\">Comment nous fonctionnons\u00a0?<br \/>\n<\/span><\/strong><span class=\"s1\">Apr\u00e8s une discussion avec les futurs mari\u00e9s (lors d\u2019un RDV physique, t\u00e9l\u00e9phonique ou Skype) autour de votre grand Jour, de vos envies et de votre budget, nous vous proposons un devis adapt\u00e9. Par la suite, nous pouvons organiser une d\u00e9gustation \u00e0 notre labo de cuisine (\u00e0 10 km de Toulouse) afin de valider ou d\u2019ajuster vos choix.<\/span><\/p>\n<p>&nbsp;<\/p>\n<p style=\"text-align: center;\"><span style=\"color: #808080;\">Contact :<\/span><br \/>\n<span style=\"color: #808080;\"> <span class=\"s1\"><strong>Laetitia Mellott\u00e9e<\/strong><br \/>\n<\/span><span class=\"s1\">14, route de la place 31320 REBIGUE<br \/>\n<\/span><span class=\"s1\">07 62 65 09 33<br \/>\n<\/span><span class=\"s1\"><a style=\"color: #808080;\" href=\"mailto:Creperie.laplaquetournante@gmail.com\">creperie.laplaquetournante@gmail.com<br \/>\n<\/a><a style=\"color: #808080;\" href=\"http:\/\/www.crepes-galettes-toulouse.com\">www.<\/a><\/span><a style=\"color: #808080;\" href=\"http:\/\/www.crepes-galettes-toulouse.com\"><span class=\"s1\">crepes-galettes-toulouse.com<\/span><\/a><span class=\"s1\"><br \/>\n<\/span><a style=\"color: #808080;\" href=\"https:\/\/www.facebook.com\/creperie.laplaquetournante.toulouse\/\">Facebook<br \/>\n<\/a><a style=\"color: #808080;\" href=\"https:\/\/www.instagram.com\/laplaquetournante\/\">Instagram<\/a><\/span><\/p>\n<p>&nbsp;<\/p>\n<p>&nbsp;<\/p>\n<p class=\"jetpack-slideshow-noscript robots-nocontent\">Ce diaporama n\u00e9cessite JavaScript.<\/p><div id=\"gallery-4929-1-slideshow\" class=\"jetpack-slideshow-window jetpack-slideshow jetpack-slideshow-black\" data-trans=\"fade\" data-autostart=\"1\" data-gallery=\"[{&quot;src&quot;:&quot;https:\\\/\\\/i0.wp.com\\\/www.tendm.net\\\/wp-content\\\/uploads\\\/2017\\\/10\\\/banane-choco.jpg?fit=1024%2C681\\u0026ssl=1&quot;,&quot;id&quot;:&quot;4931&quot;,&quot;title&quot;:&quot;SONY DSC&quot;,&quot;alt&quot;:&quot;&quot;,&quot;caption&quot;:&quot;&quot;,&quot;itemprop&quot;:&quot;image&quot;},{&quot;src&quot;:&quot;https:\\\/\\\/i0.wp.com\\\/www.tendm.net\\\/wp-content\\\/uploads\\\/2017\\\/10\\\/bannie\\u0300re-traiteur-sucre\\u0301.jpg?fit=907%2C283\\u0026ssl=1&quot;,&quot;id&quot;:&quot;4932&quot;,&quot;title&quot;:&quot;bannie\\u0300re traiteur sucre\\u0301&quot;,&quot;alt&quot;:&quot;&quot;,&quot;caption&quot;:&quot;&quot;,&quot;itemprop&quot;:&quot;image&quot;},{&quot;src&quot;:&quot;https:\\\/\\\/i0.wp.com\\\/www.tendm.net\\\/wp-content\\\/uploads\\\/2017\\\/10\\\/bannie\\u0300re-traiteur.jpg?fit=907%2C283\\u0026ssl=1&quot;,&quot;id&quot;:&quot;4933&quot;,&quot;title&quot;:&quot;bannie\\u0300re traiteur&quot;,&quot;alt&quot;:&quot;&quot;,&quot;caption&quot;:&quot;&quot;,&quot;itemprop&quot;:&quot;image&quot;},{&quot;src&quot;:&quot;https:\\\/\\\/i0.wp.com\\\/www.tendm.net\\\/wp-content\\\/uploads\\\/2017\\\/10\\\/bouche\\u0301e-che\\u0300vre.jpg?fit=1024%2C684\\u0026ssl=1&quot;,&quot;id&quot;:&quot;4934&quot;,&quot;title&quot;:&quot;bouche\\u0301e che\\u0300vre&quot;,&quot;alt&quot;:&quot;&quot;,&quot;caption&quot;:&quot;&quot;,&quot;itemprop&quot;:&quot;image&quot;},{&quot;src&quot;:&quot;https:\\\/\\\/i0.wp.com\\\/www.tendm.net\\\/wp-content\\\/uploads\\\/2017\\\/10\\\/bouche\\u0301e-citron.jpg?fit=1024%2C585\\u0026ssl=1&quot;,&quot;id&quot;:&quot;4935&quot;,&quot;title&quot;:&quot;bouche\\u0301e citron&quot;,&quot;alt&quot;:&quot;&quot;,&quot;caption&quot;:&quot;&quot;,&quot;itemprop&quot;:&quot;image&quot;},{&quot;src&quot;:&quot;https:\\\/\\\/i0.wp.com\\\/www.tendm.net\\\/wp-content\\\/uploads\\\/2017\\\/10\\\/bouche\\u0301e-truite-fume\\u0301e.jpg?fit=1024%2C390\\u0026ssl=1&quot;,&quot;id&quot;:&quot;4936&quot;,&quot;title&quot;:&quot;bouche\\u0301e truite fume\\u0301e&quot;,&quot;alt&quot;:&quot;&quot;,&quot;caption&quot;:&quot;&quot;,&quot;itemprop&quot;:&quot;image&quot;},{&quot;src&quot;:&quot;https:\\\/\\\/i0.wp.com\\\/www.tendm.net\\\/wp-content\\\/uploads\\\/2017\\\/10\\\/cre\\u0302pe-choco.jpg?fit=1024%2C663\\u0026ssl=1&quot;,&quot;id&quot;:&quot;4937&quot;,&quot;title&quot;:&quot;SONY DSC&quot;,&quot;alt&quot;:&quot;&quot;,&quot;caption&quot;:&quot;SONY DSC&quot;,&quot;itemprop&quot;:&quot;image&quot;},{&quot;src&quot;:&quot;https:\\\/\\\/i0.wp.com\\\/www.tendm.net\\\/wp-content\\\/uploads\\\/2017\\\/10\\\/crepe-confitures.jpg?fit=1024%2C681\\u0026ssl=1&quot;,&quot;id&quot;:&quot;4938&quot;,&quot;title&quot;:&quot;SONY DSC&quot;,&quot;alt&quot;:&quot;&quot;,&quot;caption&quot;:&quot;&quot;,&quot;itemprop&quot;:&quot;image&quot;},{&quot;src&quot;:&quot;https:\\\/\\\/i0.wp.com\\\/www.tendm.net\\\/wp-content\\\/uploads\\\/2017\\\/10\\\/gros-plan-oeuf.jpg?fit=1024%2C681\\u0026ssl=1&quot;,&quot;id&quot;:&quot;4939&quot;,&quot;title&quot;:&quot;SONY DSC&quot;,&quot;alt&quot;:&quot;&quot;,&quot;caption&quot;:&quot;&quot;,&quot;itemprop&quot;:&quot;image&quot;},{&quot;src&quot;:&quot;https:\\\/\\\/i0.wp.com\\\/www.tendm.net\\\/wp-content\\\/uploads\\\/2017\\\/10\\\/IMG_20170903_103228.jpg?fit=1024%2C576\\u0026ssl=1&quot;,&quot;id&quot;:&quot;4940&quot;,&quot;title&quot;:&quot;IMG_20170903_103228&quot;,&quot;alt&quot;:&quot;&quot;,&quot;caption&quot;:&quot;&quot;,&quot;itemprop&quot;:&quot;image&quot;},{&quot;src&quot;:&quot;https:\\\/\\\/i0.wp.com\\\/www.tendm.net\\\/wp-content\\\/uploads\\\/2017\\\/10\\\/IMG_20170903_121741.jpg?fit=1024%2C576\\u0026ssl=1&quot;,&quot;id&quot;:&quot;4941&quot;,&quot;title&quot;:&quot;IMG_20170903_121741&quot;,&quot;alt&quot;:&quot;&quot;,&quot;caption&quot;:&quot;&quot;,&quot;itemprop&quot;:&quot;image&quot;},{&quot;src&quot;:&quot;https:\\\/\\\/i0.wp.com\\\/www.tendm.net\\\/wp-content\\\/uploads\\\/2017\\\/10\\\/IMG_20170903_175556_909.jpg?fit=756%2C756\\u0026ssl=1&quot;,&quot;id&quot;:&quot;4942&quot;,&quot;title&quot;:&quot;IMG_20170903_175556_909&quot;,&quot;alt&quot;:&quot;&quot;,&quot;caption&quot;:&quot;&quot;,&quot;itemprop&quot;:&quot;image&quot;},{&quot;src&quot;:&quot;https:\\\/\\\/i0.wp.com\\\/www.tendm.net\\\/wp-content\\\/uploads\\\/2017\\\/10\\\/IMG_20170903_175556_910.jpg?fit=701%2C700\\u0026ssl=1&quot;,&quot;id&quot;:&quot;4943&quot;,&quot;title&quot;:&quot;IMG_20170903_175556_910&quot;,&quot;alt&quot;:&quot;&quot;,&quot;caption&quot;:&quot;&quot;,&quot;itemprop&quot;:&quot;image&quot;},{&quot;src&quot;:&quot;https:\\\/\\\/i0.wp.com\\\/www.tendm.net\\\/wp-content\\\/uploads\\\/2017\\\/10\\\/IMG_20170904_183721_270.jpg?fit=1024%2C705\\u0026ssl=1&quot;,&quot;id&quot;:&quot;4944&quot;,&quot;title&quot;:&quot;IMG_20170904_183721_270&quot;,&quot;alt&quot;:&quot;&quot;,&quot;caption&quot;:&quot;&quot;,&quot;itemprop&quot;:&quot;image&quot;},{&quot;src&quot;:&quot;https:\\\/\\\/i0.wp.com\\\/www.tendm.net\\\/wp-content\\\/uploads\\\/2017\\\/10\\\/IMG_20170925_112520_829.jpg?fit=750%2C750\\u0026ssl=1&quot;,&quot;id&quot;:&quot;4945&quot;,&quot;title&quot;:&quot;IMG_20170925_112520_829&quot;,&quot;alt&quot;:&quot;&quot;,&quot;caption&quot;:&quot;&quot;,&quot;itemprop&quot;:&quot;image&quot;},{&quot;src&quot;:&quot;https:\\\/\\\/i0.wp.com\\\/www.tendm.net\\\/wp-content\\\/uploads\\\/2017\\\/10\\\/MENU-BOUCHEES-SALEES.png?fit=724%2C1024\\u0026ssl=1&quot;,&quot;id&quot;:&quot;4946&quot;,&quot;title&quot;:&quot;MENU-BOUCHEES-SALEES&quot;,&quot;alt&quot;:&quot;&quot;,&quot;caption&quot;:&quot;&quot;,&quot;itemprop&quot;:&quot;image&quot;},{&quot;src&quot;:&quot;https:\\\/\\\/i0.wp.com\\\/www.tendm.net\\\/wp-content\\\/uploads\\\/2017\\\/10\\\/MENU-BOUCHEES-SUCREES.png?fit=724%2C1024\\u0026ssl=1&quot;,&quot;id&quot;:&quot;4947&quot;,&quot;title&quot;:&quot;MENU-BOUCHEES-SUCREES&quot;,&quot;alt&quot;:&quot;&quot;,&quot;caption&quot;:&quot;&quot;,&quot;itemprop&quot;:&quot;image&quot;},{&quot;src&quot;:&quot;https:\\\/\\\/i0.wp.com\\\/www.tendm.net\\\/wp-content\\\/uploads\\\/2017\\\/10\\\/MENU-CREPES.png?fit=724%2C1024\\u0026ssl=1&quot;,&quot;id&quot;:&quot;4948&quot;,&quot;title&quot;:&quot;MENU-CREPES&quot;,&quot;alt&quot;:&quot;&quot;,&quot;caption&quot;:&quot;&quot;,&quot;itemprop&quot;:&quot;image&quot;},{&quot;src&quot;:&quot;https:\\\/\\\/i0.wp.com\\\/www.tendm.net\\\/wp-content\\\/uploads\\\/2017\\\/10\\\/MENU-GALETTES.png?fit=724%2C1024\\u0026ssl=1&quot;,&quot;id&quot;:&quot;4949&quot;,&quot;title&quot;:&quot;MENU-GALETTES&quot;,&quot;alt&quot;:&quot;&quot;,&quot;caption&quot;:&quot;&quot;,&quot;itemprop&quot;:&quot;image&quot;},{&quot;src&quot;:&quot;https:\\\/\\\/i0.wp.com\\\/www.tendm.net\\\/wp-content\\\/uploads\\\/2017\\\/10\\\/photo.jpg?fit=683%2C1024\\u0026ssl=1&quot;,&quot;id&quot;:&quot;4950&quot;,&quot;title&quot;:&quot;photo&quot;,&quot;alt&quot;:&quot;&quot;,&quot;caption&quot;:&quot;&quot;,&quot;itemprop&quot;:&quot;image&quot;},{&quot;src&quot;:&quot;https:\\\/\\\/i0.wp.com\\\/www.tendm.net\\\/wp-content\\\/uploads\\\/2017\\\/10\\\/photo1.jpg?fit=1024%2C683\\u0026ssl=1&quot;,&quot;id&quot;:&quot;4951&quot;,&quot;title&quot;:&quot;photo(1)&quot;,&quot;alt&quot;:&quot;&quot;,&quot;caption&quot;:&quot;Traiteur-Cr\\u00eaperie&quot;,&quot;itemprop&quot;:&quot;image&quot;},{&quot;src&quot;:&quot;https:\\\/\\\/i0.wp.com\\\/www.tendm.net\\\/wp-content\\\/uploads\\\/2017\\\/10\\\/photo2.jpg?fit=1024%2C683\\u0026ssl=1&quot;,&quot;id&quot;:&quot;4952&quot;,&quot;title&quot;:&quot;photo(2)&quot;,&quot;alt&quot;:&quot;&quot;,&quot;caption&quot;:&quot;&quot;,&quot;itemprop&quot;:&quot;image&quot;},{&quot;src&quot;:&quot;https:\\\/\\\/i0.wp.com\\\/www.tendm.net\\\/wp-content\\\/uploads\\\/2017\\\/10\\\/photo3.jpg?fit=1024%2C683\\u0026ssl=1&quot;,&quot;id&quot;:&quot;4953&quot;,&quot;title&quot;:&quot;photo(3)&quot;,&quot;alt&quot;:&quot;&quot;,&quot;caption&quot;:&quot;&quot;,&quot;itemprop&quot;:&quot;image&quot;},{&quot;src&quot;:&quot;https:\\\/\\\/i0.wp.com\\\/www.tendm.net\\\/wp-content\\\/uploads\\\/2017\\\/10\\\/tas-de-crepes.jpg?fit=1024%2C607\\u0026ssl=1&quot;,&quot;id&quot;:&quot;4954&quot;,&quot;title&quot;:&quot;SONY DSC&quot;,&quot;alt&quot;:&quot;&quot;,&quot;caption&quot;:&quot;&quot;,&quot;itemprop&quot;:&quot;image&quot;}]\" itemscope itemtype=\"https:\/\/schema.org\/ImageGallery\"><\/div>\n","protected":false},"excerpt":{"rendered":"<p>&nbsp; \u00ab\u00a0La Plaque Tournante, Une cr\u00eaperie-traiteur\u00a0\u00bb La Plaque Tournante est une cr\u00eaperie-traiteur de la r\u00e9gion toulousaine qui travaille uniquement de bons produits\u00a0: bios, locaux et fait-maison. C\u2019est aussi l\u2019association de deux amis et coll\u00e8gues\u00a0: Arthur &amp; Laetitia. Arthur a \u00e9t\u00e9 form\u00e9 par une cr\u00eapi\u00e8re bretonne puis a exerc\u00e9 son savoir-faire dans plusieurs cr\u00eaperies du Sud-ouest [&hellip;]<\/p>\n","protected":false},"author":1,"featured_media":4939,"parent":0,"menu_order":0,"comment_status":"closed","ping_status":"closed","template":"","meta":{"footnotes":""},"jetpack_sharing_enabled":true,"jetpack_shortlink":"https:\/\/wp.me\/P70bXT-1hv","jetpack-related-posts":[],"_links":{"self":[{"href":"https:\/\/www.tendm.net\/index.php\/wp-json\/wp\/v2\/pages\/4929"}],"collection":[{"href":"https:\/\/www.tendm.net\/index.php\/wp-json\/wp\/v2\/pages"}],"about":[{"href":"https:\/\/www.tendm.net\/index.php\/wp-json\/wp\/v2\/types\/page"}],"author":[{"embeddable":true,"href":"https:\/\/www.tendm.net\/index.php\/wp-json\/wp\/v2\/users\/1"}],"replies":[{"embeddable":true,"href":"https:\/\/www.tendm.net\/index.php\/wp-json\/wp\/v2\/comments?post=4929"}],"version-history":[{"count":6,"href":"https:\/\/www.tendm.net\/index.php\/wp-json\/wp\/v2\/pages\/4929\/revisions"}],"predecessor-version":[{"id":5914,"href":"https:\/\/www.tendm.net\/index.php\/wp-json\/wp\/v2\/pages\/4929\/revisions\/5914"}],"wp:featuredmedia":[{"embeddable":true,"href":"https:\/\/www.tendm.net\/index.php\/wp-json\/wp\/v2\/media\/4939"}],"wp:attachment":[{"href":"https:\/\/www.tendm.net\/index.php\/wp-json\/wp\/v2\/media?parent=4929"}],"curies":[{"name":"wp","href":"https:\/\/api.w.org\/{rel}","templated":true}]}}