{"id":5520,"date":"2018-03-30T16:58:03","date_gmt":"2018-03-30T15:58:03","guid":{"rendered":"http:\/\/www.tendm.net\/?page_id=5520"},"modified":"2019-08-29T17:15:31","modified_gmt":"2019-08-29T16:15:31","slug":"tendm-festival-mariage-createurs","status":"publish","type":"page","link":"https:\/\/www.tendm.net\/","title":{"rendered":""},"content":{"rendered":"\n<h3 style=\"text-align: center;\"><span style=\"color: #808080;\">Retrouvez les prestataires Tend&rsquo;M sur les Salons du Mariage du Sud Ouest !\u00a0<\/span><\/h3>\n<p>&nbsp;<\/p>\n<h3 style=\"text-align: center;\"><span style=\"color: #808080;\"><strong>Pour plus d&rsquo;infos<span style=\"color: #e3a8a8;\"><a style=\"color: #e3a8a8;\" href=\"http:\/\/www.maisondumariage.com\/salons\">\u00a0cliquez ici\u00a0<\/a><\/span><\/strong><\/span><\/h3>\n<p>&nbsp;<\/p>\n<p style=\"text-align: center;\"><span style=\"font-size: 12pt;\"><b><span style=\"font-family: Arial;\">\u25bc<\/span><\/b><\/span><\/p>\n<h2 style=\"text-align: center;\"><img fetchpriority=\"high\" decoding=\"async\" data-attachment-id=\"5956\" data-permalink=\"https:\/\/www.tendm.net\/index.php\/tendm-festival-mariage-createurs\/mariageimage\/\" data-orig-file=\"https:\/\/i0.wp.com\/www.tendm.net\/wp-content\/uploads\/2018\/04\/mariageimage.png?fit=3000%2C620&amp;ssl=1\" data-orig-size=\"3000,620\" data-comments-opened=\"1\" data-image-meta=\"{&quot;aperture&quot;:&quot;0&quot;,&quot;credit&quot;:&quot;&quot;,&quot;camera&quot;:&quot;&quot;,&quot;caption&quot;:&quot;&quot;,&quot;created_timestamp&quot;:&quot;0&quot;,&quot;copyright&quot;:&quot;&quot;,&quot;focal_length&quot;:&quot;0&quot;,&quot;iso&quot;:&quot;0&quot;,&quot;shutter_speed&quot;:&quot;0&quot;,&quot;title&quot;:&quot;&quot;,&quot;orientation&quot;:&quot;0&quot;}\" data-image-title=\"mariageimage\" data-image-description=\"\" data-image-caption=\"\" data-medium-file=\"https:\/\/i0.wp.com\/www.tendm.net\/wp-content\/uploads\/2018\/04\/mariageimage.png?fit=300%2C62&amp;ssl=1\" data-large-file=\"https:\/\/i0.wp.com\/www.tendm.net\/wp-content\/uploads\/2018\/04\/mariageimage.png?fit=1024%2C212&amp;ssl=1\" class=\"aligncenter wp-image-5956 size-full\" src=\"https:\/\/i0.wp.com\/www.tendm.net\/wp-content\/uploads\/2018\/04\/mariageimage.png?resize=1140%2C236\" alt=\"\" width=\"1140\" height=\"236\" srcset=\"https:\/\/i0.wp.com\/www.tendm.net\/wp-content\/uploads\/2018\/04\/mariageimage.png?w=3000&amp;ssl=1 3000w, https:\/\/i0.wp.com\/www.tendm.net\/wp-content\/uploads\/2018\/04\/mariageimage.png?resize=300%2C62&amp;ssl=1 300w, https:\/\/i0.wp.com\/www.tendm.net\/wp-content\/uploads\/2018\/04\/mariageimage.png?resize=768%2C159&amp;ssl=1 768w, https:\/\/i0.wp.com\/www.tendm.net\/wp-content\/uploads\/2018\/04\/mariageimage.png?resize=1024%2C212&amp;ssl=1 1024w, https:\/\/i0.wp.com\/www.tendm.net\/wp-content\/uploads\/2018\/04\/mariageimage.png?w=2280 2280w\" sizes=\"(max-width: 1140px) 100vw, 1140px\" data-recalc-dims=\"1\" \/><\/h2>\n<p style=\"text-align: justify;\">Festival de couleurs, d\u2019ambiances, d\u2019animations, de saveurs et de d\u00e9couvertes\u2026. !<\/p>\n<p style=\"text-align: justify;\">Tend&rsquo;M est une <span style=\"color: #808080;\"><strong>journ\u00e9e incroyable<\/strong><\/span> au milieu de prestataires du mariage plus inventifs les uns que les autres : l\u2019occasion de d\u00e9couvrir leurs secrets et vous immerger dans un grand bain d\u2019id\u00e9es pour les pr\u00e9paratifs de votre mariage. Un concept in\u00e9dit au c\u0153ur des \u00e9changes et de l&rsquo;originalit\u00e9&#8230; un bouillon d&rsquo;id\u00e9es et de bonne humeur !<\/p>\n<p style=\"text-align: justify;\">Paul &amp; M\u00e9lanie, fondateurs de Tend&rsquo;M, ont cr\u00e9\u00e9 un \u00e9v\u00e9nement mariage qui se veut <strong><span style=\"color: #808080;\">atypique et insolite<\/span><\/strong> pour des moments privil\u00e9gi\u00e9s et d\u00e9cal\u00e9s. Cet \u00e9v\u00e9nement sort du cadre habituel des Salons du Mariage pour laisser place \u00e0 un festival design, fun et original.<br \/>\n<span style=\"color: #808080;\"><strong>Notre ambition :<\/strong> <\/span>R\u00e9unir des prestataires parmi les plus talentueux de Bordeaux et Toulouse dans un lieu convivial et hors du commun pour favoriser les \u00e9changes, le tout dans une ambiance festive\u2026<\/p>\n<p style=\"text-align: justify;\"><span style=\"color: #808080;\"><strong>Faire la f\u00eate, d\u00e9couvrir, s&rsquo;amuser, r\u00eaver&#8230; tout en pr\u00e9parant le mariage de vos r\u00eaves qui ne ressemble qu&rsquo;\u00e0 vous !<\/strong><\/span><\/p>\n<p style=\"text-align: center;\"><span style=\"font-size: 12pt;\"><b><span style=\"font-family: Arial;\">\u25bc<\/span><\/b><\/span><\/p>\n<h2 style=\"text-align: center;\"><img decoding=\"async\" data-attachment-id=\"5957\" data-permalink=\"https:\/\/www.tendm.net\/index.php\/tendm-festival-mariage-createurs\/atypiques\/\" data-orig-file=\"https:\/\/i0.wp.com\/www.tendm.net\/wp-content\/uploads\/2018\/04\/atypiques.png?fit=3000%2C620&amp;ssl=1\" data-orig-size=\"3000,620\" data-comments-opened=\"1\" data-image-meta=\"{&quot;aperture&quot;:&quot;0&quot;,&quot;credit&quot;:&quot;&quot;,&quot;camera&quot;:&quot;&quot;,&quot;caption&quot;:&quot;&quot;,&quot;created_timestamp&quot;:&quot;0&quot;,&quot;copyright&quot;:&quot;&quot;,&quot;focal_length&quot;:&quot;0&quot;,&quot;iso&quot;:&quot;0&quot;,&quot;shutter_speed&quot;:&quot;0&quot;,&quot;title&quot;:&quot;&quot;,&quot;orientation&quot;:&quot;0&quot;}\" data-image-title=\"atypiques\" data-image-description=\"\" data-image-caption=\"\" data-medium-file=\"https:\/\/i0.wp.com\/www.tendm.net\/wp-content\/uploads\/2018\/04\/atypiques.png?fit=300%2C62&amp;ssl=1\" data-large-file=\"https:\/\/i0.wp.com\/www.tendm.net\/wp-content\/uploads\/2018\/04\/atypiques.png?fit=1024%2C212&amp;ssl=1\" class=\"aligncenter wp-image-5957 size-full\" src=\"https:\/\/i0.wp.com\/www.tendm.net\/wp-content\/uploads\/2018\/04\/atypiques.png?resize=1140%2C236\" alt=\"\" width=\"1140\" height=\"236\" srcset=\"https:\/\/i0.wp.com\/www.tendm.net\/wp-content\/uploads\/2018\/04\/atypiques.png?w=3000&amp;ssl=1 3000w, https:\/\/i0.wp.com\/www.tendm.net\/wp-content\/uploads\/2018\/04\/atypiques.png?resize=300%2C62&amp;ssl=1 300w, https:\/\/i0.wp.com\/www.tendm.net\/wp-content\/uploads\/2018\/04\/atypiques.png?resize=768%2C159&amp;ssl=1 768w, https:\/\/i0.wp.com\/www.tendm.net\/wp-content\/uploads\/2018\/04\/atypiques.png?resize=1024%2C212&amp;ssl=1 1024w, https:\/\/i0.wp.com\/www.tendm.net\/wp-content\/uploads\/2018\/04\/atypiques.png?w=2280 2280w\" sizes=\"(max-width: 1140px) 100vw, 1140px\" data-recalc-dims=\"1\" \/><\/h2>\n<p style=\"text-align: justify;\">&#8230;Pour des \u00e9v\u00e9nements uniques ! Tend&rsquo;M a lieu, depuis 8 ans \u00e0 Toulouse et depuis 5 ans \u00e0 Bordeaux, dans des lieux atypiques en centre-ville et pr\u00e9sente chaque ann\u00e9e l&rsquo;ensemble des grandes tendances et des grands th\u00e8mes de la saison \u00ab\u00a0mariage\u00a0\u00bb gr\u00e2ce \u00e0 une sc\u00e9nographie color\u00e9e, vivante, d\u00e9licate mais surtout \u2026 FUN !<\/p>\n<p style=\"text-align: center;\"><span style=\"font-size: 12pt;\"><b><span style=\"font-family: Arial;\">\u25bc<\/span><\/b><\/span><\/p>\n<h2 style=\"text-align: center;\"><img decoding=\"async\" data-attachment-id=\"5958\" data-permalink=\"https:\/\/www.tendm.net\/index.php\/tendm-festival-mariage-createurs\/createurs\/\" data-orig-file=\"https:\/\/i0.wp.com\/www.tendm.net\/wp-content\/uploads\/2018\/04\/createurs.png?fit=3000%2C620&amp;ssl=1\" data-orig-size=\"3000,620\" data-comments-opened=\"1\" data-image-meta=\"{&quot;aperture&quot;:&quot;0&quot;,&quot;credit&quot;:&quot;&quot;,&quot;camera&quot;:&quot;&quot;,&quot;caption&quot;:&quot;&quot;,&quot;created_timestamp&quot;:&quot;0&quot;,&quot;copyright&quot;:&quot;&quot;,&quot;focal_length&quot;:&quot;0&quot;,&quot;iso&quot;:&quot;0&quot;,&quot;shutter_speed&quot;:&quot;0&quot;,&quot;title&quot;:&quot;&quot;,&quot;orientation&quot;:&quot;0&quot;}\" data-image-title=\"createurs\" data-image-description=\"\" data-image-caption=\"\" data-medium-file=\"https:\/\/i0.wp.com\/www.tendm.net\/wp-content\/uploads\/2018\/04\/createurs.png?fit=300%2C62&amp;ssl=1\" data-large-file=\"https:\/\/i0.wp.com\/www.tendm.net\/wp-content\/uploads\/2018\/04\/createurs.png?fit=1024%2C212&amp;ssl=1\" class=\"aligncenter size-full wp-image-5958\" src=\"https:\/\/i0.wp.com\/www.tendm.net\/wp-content\/uploads\/2018\/04\/createurs.png?resize=1140%2C236\" alt=\"\" width=\"1140\" height=\"236\" srcset=\"https:\/\/i0.wp.com\/www.tendm.net\/wp-content\/uploads\/2018\/04\/createurs.png?w=3000&amp;ssl=1 3000w, https:\/\/i0.wp.com\/www.tendm.net\/wp-content\/uploads\/2018\/04\/createurs.png?resize=300%2C62&amp;ssl=1 300w, https:\/\/i0.wp.com\/www.tendm.net\/wp-content\/uploads\/2018\/04\/createurs.png?resize=768%2C159&amp;ssl=1 768w, https:\/\/i0.wp.com\/www.tendm.net\/wp-content\/uploads\/2018\/04\/createurs.png?resize=1024%2C212&amp;ssl=1 1024w, https:\/\/i0.wp.com\/www.tendm.net\/wp-content\/uploads\/2018\/04\/createurs.png?w=2280 2280w\" sizes=\"(max-width: 1140px) 100vw, 1140px\" data-recalc-dims=\"1\" \/><\/h2>\n<p style=\"text-align: justify;\">&#8230;Et pas que ! Tout au long de l&rsquo;ann\u00e9e, Paul &amp; M\u00e9lanie s\u00e9lectionnent soigneusement pour Tend&rsquo;M, un \u00e9ventail de prestataires ou artisans du mariage qui vous feront voyager dans leur univers \u00e0 la fois <span style=\"color: #808080;\"><strong>atypique, unique et surtout PRO<\/strong><\/span> !<br \/>\nSi eux sont fans de ce concept festif, ils en profitent \u00e9galement pour proposer toutes leurs id\u00e9es les plus cr\u00e9atives, d\u00e9cal\u00e9es, fun, et folles et ce quelle que soit l\u2019ambiance de votre futur mariage. Attendez-vous \u00e0 adorer ce concept \u00e9tonnant!<br \/>\nDes animations, des ateliers cr\u00e9atifs, des d\u00e9gustations surprenantes, des d\u00e9couvertes, des rencontres, des photos originales, des d\u00e9fil\u00e9s d\u00e9cal\u00e9s\u2026<\/p>\n<p style=\"text-align: center;\"><span style=\"color: #000000;\"><b><span style=\"font-family: Arial; font-size: x-large;\">&#x2665;<\/span><\/b>\u00a0<strong>Tout sera l\u00e0 pour pr\u00e9parer votre mariage dans la bonne humeur<\/strong>\u00a0 <b><span style=\"font-family: Arial; font-size: x-large;\">&#x2665;<\/span><\/b><\/span><\/p>\n","protected":false},"excerpt":{"rendered":"<p>Retrouvez les prestataires Tend&rsquo;M sur les Salons du Mariage du Sud Ouest !\u00a0 &nbsp; Pour plus d&rsquo;infos\u00a0cliquez ici\u00a0 &nbsp; \u25bc Festival de couleurs, d\u2019ambiances, d\u2019animations, de saveurs et de d\u00e9couvertes\u2026. ! Tend&rsquo;M est une journ\u00e9e incroyable au milieu de prestataires du mariage plus inventifs les uns que les autres : l\u2019occasion de d\u00e9couvrir leurs secrets [&hellip;]<\/p>\n","protected":false},"author":1,"featured_media":0,"parent":0,"menu_order":0,"comment_status":"closed","ping_status":"closed","template":"page-fullwidth.php","meta":{"footnotes":""},"jetpack_sharing_enabled":true,"jetpack_shortlink":"https:\/\/wp.me\/P70bXT-1r2","jetpack-related-posts":[],"_links":{"self":[{"href":"https:\/\/www.tendm.net\/index.php\/wp-json\/wp\/v2\/pages\/5520"}],"collection":[{"href":"https:\/\/www.tendm.net\/index.php\/wp-json\/wp\/v2\/pages"}],"about":[{"href":"https:\/\/www.tendm.net\/index.php\/wp-json\/wp\/v2\/types\/page"}],"author":[{"embeddable":true,"href":"https:\/\/www.tendm.net\/index.php\/wp-json\/wp\/v2\/users\/1"}],"replies":[{"embeddable":true,"href":"https:\/\/www.tendm.net\/index.php\/wp-json\/wp\/v2\/comments?post=5520"}],"version-history":[{"count":21,"href":"https:\/\/www.tendm.net\/index.php\/wp-json\/wp\/v2\/pages\/5520\/revisions"}],"predecessor-version":[{"id":7204,"href":"https:\/\/www.tendm.net\/index.php\/wp-json\/wp\/v2\/pages\/5520\/revisions\/7204"}],"wp:attachment":[{"href":"https:\/\/www.tendm.net\/index.php\/wp-json\/wp\/v2\/media?parent=5520"}],"curies":[{"name":"wp","href":"https:\/\/api.w.org\/{rel}","templated":true}]}}